{"id":4474,"date":"2026-03-10T10:27:24","date_gmt":"2026-03-10T09:27:24","guid":{"rendered":"https:\/\/onaaph.dz\/?post_type=product&#038;p=4474"},"modified":"2026-03-10T10:27:26","modified_gmt":"2026-03-10T09:27:26","slug":"completely-in-canal_cic","status":"publish","type":"product","link":"https:\/\/onaaph.dz\/fr_fr\/produit\/completely-in-canal_cic\/","title":{"rendered":"Completely In Canal_CIC"},"content":{"rendered":"<p><strong>Completely In Canal_CIC\u00a0:<\/strong><\/p>\n<p>Discret, se place enti\u00e8rement dans le canal auditif, offrant une amplification efficace pour les surdit\u00e9s l\u00e9g\u00e8res \u00e0 s\u00e9v\u00e8res tout en \u00e9tant peu visible.<\/p>\n","protected":false},"excerpt":{"rendered":"<p>Completely In Canal_CIC\u00a0: Discret, se place enti\u00e8rement dans le canal auditif, offrant une amplification efficace pour les surdit\u00e9s l\u00e9g\u00e8res \u00e0 s\u00e9v\u00e8res tout en \u00e9tant peu visible.<\/p>\n","protected":false},"featured_media":4482,"template":"","meta":{"inline_featured_image":false},"product_brand":[],"product_cat":[55],"product_tag":[],"class_list":{"0":"post-4474","1":"product","2":"type-product","3":"status-publish","4":"has-post-thumbnail","5":"","6":"product_cat-aides-auditives","8":"first","9":"instock","10":"shipping-taxable","11":"product-type-simple"},"yoast_head":"<!-- This site is optimized with the Yoast SEO plugin v27.2 - https:\/\/yoast.com\/product\/yoast-seo-wordpress\/ -->\n<title>Completely In Canal_CIC - ONAAPH<\/title>\n<meta name=\"robots\" content=\"index, follow, max-snippet:-1, max-image-preview:large, max-video-preview:-1\" \/>\n<link rel=\"canonical\" href=\"https:\/\/onaaph.dz\/fr_fr\/produit\/completely-in-canal_cic\/\" \/>\n<meta property=\"og:locale\" content=\"fr_FR\" \/>\n<meta property=\"og:type\" content=\"article\" \/>\n<meta property=\"og:title\" content=\"Completely In Canal_CIC - ONAAPH\" \/>\n<meta property=\"og:description\" content=\"Completely In Canal_CIC\u00a0: Discret, se place enti\u00e8rement dans le canal auditif, offrant une amplification efficace pour les surdit\u00e9s l\u00e9g\u00e8res \u00e0 s\u00e9v\u00e8res tout en \u00e9tant peu visible.\" \/>\n<meta property=\"og:url\" content=\"https:\/\/onaaph.dz\/fr_fr\/produit\/completely-in-canal_cic\/\" \/>\n<meta property=\"og:site_name\" content=\"ONAAPH\" \/>\n<meta property=\"article:modified_time\" content=\"2026-03-10T09:27:26+00:00\" \/>\n<meta property=\"og:image\" content=\"https:\/\/onaaph.dz\/wp-content\/uploads\/2026\/03\/Completely-In-Canal_CIC.png\" \/>\n\t<meta property=\"og:image:width\" content=\"1066\" \/>\n\t<meta property=\"og:image:height\" content=\"1280\" \/>\n\t<meta property=\"og:image:type\" content=\"image\/png\" \/>\n<meta name=\"twitter:card\" content=\"summary_large_image\" \/>\n<meta name=\"twitter:label1\" content=\"Dur\u00e9e de lecture estim\u00e9e\" \/>\n\t<meta name=\"twitter:data1\" content=\"1 minute\" \/>\n<script type=\"application\/ld+json\" class=\"yoast-schema-graph\">{\"@context\":\"https:\/\/schema.org\",\"@graph\":[{\"@type\":\"WebPage\",\"@id\":\"https:\/\/onaaph.dz\/fr_fr\/produit\/completely-in-canal_cic\/\",\"url\":\"https:\/\/onaaph.dz\/fr_fr\/produit\/completely-in-canal_cic\/\",\"name\":\"Completely In Canal_CIC - ONAAPH\",\"isPartOf\":{\"@id\":\"https:\/\/onaaph-staging.myndall.com\/#website\"},\"primaryImageOfPage\":{\"@id\":\"https:\/\/onaaph.dz\/fr_fr\/produit\/completely-in-canal_cic\/#primaryimage\"},\"image\":{\"@id\":\"https:\/\/onaaph.dz\/fr_fr\/produit\/completely-in-canal_cic\/#primaryimage\"},\"thumbnailUrl\":\"https:\/\/onaaph.dz\/wp-content\/uploads\/2026\/03\/Completely-In-Canal_CIC.png\",\"datePublished\":\"2026-03-10T09:27:24+00:00\",\"dateModified\":\"2026-03-10T09:27:26+00:00\",\"breadcrumb\":{\"@id\":\"https:\/\/onaaph.dz\/fr_fr\/produit\/completely-in-canal_cic\/#breadcrumb\"},\"inLanguage\":\"fr-FR\",\"potentialAction\":[{\"@type\":\"ReadAction\",\"target\":[\"https:\/\/onaaph.dz\/fr_fr\/produit\/completely-in-canal_cic\/\"]}]},{\"@type\":\"ImageObject\",\"inLanguage\":\"fr-FR\",\"@id\":\"https:\/\/onaaph.dz\/fr_fr\/produit\/completely-in-canal_cic\/#primaryimage\",\"url\":\"https:\/\/onaaph.dz\/wp-content\/uploads\/2026\/03\/Completely-In-Canal_CIC.png\",\"contentUrl\":\"https:\/\/onaaph.dz\/wp-content\/uploads\/2026\/03\/Completely-In-Canal_CIC.png\",\"width\":1066,\"height\":1280},{\"@type\":\"BreadcrumbList\",\"@id\":\"https:\/\/onaaph.dz\/fr_fr\/produit\/completely-in-canal_cic\/#breadcrumb\",\"itemListElement\":[{\"@type\":\"ListItem\",\"position\":1,\"name\":\"Accueil\",\"item\":\"https:\/\/onaaph.dz\/\"},{\"@type\":\"ListItem\",\"position\":2,\"name\":\"Produits\",\"item\":\"http:\/\/staging.onaaph.dz\/shop\/\"},{\"@type\":\"ListItem\",\"position\":3,\"name\":\"Completely In Canal_CIC\"}]},{\"@type\":\"WebSite\",\"@id\":\"https:\/\/onaaph-staging.myndall.com\/#website\",\"url\":\"https:\/\/onaaph-staging.myndall.com\/\",\"name\":\"ONAAPH\",\"description\":\"onaaph\",\"potentialAction\":[{\"@type\":\"SearchAction\",\"target\":{\"@type\":\"EntryPoint\",\"urlTemplate\":\"https:\/\/onaaph-staging.myndall.com\/?s={search_term_string}\"},\"query-input\":{\"@type\":\"PropertyValueSpecification\",\"valueRequired\":true,\"valueName\":\"search_term_string\"}}],\"inLanguage\":\"fr-FR\"}]}<\/script>\n<!-- \/ Yoast SEO plugin. -->","yoast_head_json":{"title":"Completely In Canal_CIC - ONAAPH","robots":{"index":"index","follow":"follow","max-snippet":"max-snippet:-1","max-image-preview":"max-image-preview:large","max-video-preview":"max-video-preview:-1"},"canonical":"https:\/\/onaaph.dz\/fr_fr\/produit\/completely-in-canal_cic\/","og_locale":"fr_FR","og_type":"article","og_title":"Completely In Canal_CIC - ONAAPH","og_description":"Completely In Canal_CIC\u00a0: Discret, se place enti\u00e8rement dans le canal auditif, offrant une amplification efficace pour les surdit\u00e9s l\u00e9g\u00e8res \u00e0 s\u00e9v\u00e8res tout en \u00e9tant peu visible.","og_url":"https:\/\/onaaph.dz\/fr_fr\/produit\/completely-in-canal_cic\/","og_site_name":"ONAAPH","article_modified_time":"2026-03-10T09:27:26+00:00","og_image":[{"width":1066,"height":1280,"url":"https:\/\/onaaph.dz\/wp-content\/uploads\/2026\/03\/Completely-In-Canal_CIC.png","type":"image\/png"}],"twitter_card":"summary_large_image","twitter_misc":{"Dur\u00e9e de lecture estim\u00e9e":"1 minute"},"schema":{"@context":"https:\/\/schema.org","@graph":[{"@type":"WebPage","@id":"https:\/\/onaaph.dz\/fr_fr\/produit\/completely-in-canal_cic\/","url":"https:\/\/onaaph.dz\/fr_fr\/produit\/completely-in-canal_cic\/","name":"Completely In Canal_CIC - ONAAPH","isPartOf":{"@id":"https:\/\/onaaph-staging.myndall.com\/#website"},"primaryImageOfPage":{"@id":"https:\/\/onaaph.dz\/fr_fr\/produit\/completely-in-canal_cic\/#primaryimage"},"image":{"@id":"https:\/\/onaaph.dz\/fr_fr\/produit\/completely-in-canal_cic\/#primaryimage"},"thumbnailUrl":"https:\/\/onaaph.dz\/wp-content\/uploads\/2026\/03\/Completely-In-Canal_CIC.png","datePublished":"2026-03-10T09:27:24+00:00","dateModified":"2026-03-10T09:27:26+00:00","breadcrumb":{"@id":"https:\/\/onaaph.dz\/fr_fr\/produit\/completely-in-canal_cic\/#breadcrumb"},"inLanguage":"fr-FR","potentialAction":[{"@type":"ReadAction","target":["https:\/\/onaaph.dz\/fr_fr\/produit\/completely-in-canal_cic\/"]}]},{"@type":"ImageObject","inLanguage":"fr-FR","@id":"https:\/\/onaaph.dz\/fr_fr\/produit\/completely-in-canal_cic\/#primaryimage","url":"https:\/\/onaaph.dz\/wp-content\/uploads\/2026\/03\/Completely-In-Canal_CIC.png","contentUrl":"https:\/\/onaaph.dz\/wp-content\/uploads\/2026\/03\/Completely-In-Canal_CIC.png","width":1066,"height":1280},{"@type":"BreadcrumbList","@id":"https:\/\/onaaph.dz\/fr_fr\/produit\/completely-in-canal_cic\/#breadcrumb","itemListElement":[{"@type":"ListItem","position":1,"name":"Accueil","item":"https:\/\/onaaph.dz\/"},{"@type":"ListItem","position":2,"name":"Produits","item":"http:\/\/staging.onaaph.dz\/shop\/"},{"@type":"ListItem","position":3,"name":"Completely In Canal_CIC"}]},{"@type":"WebSite","@id":"https:\/\/onaaph-staging.myndall.com\/#website","url":"https:\/\/onaaph-staging.myndall.com\/","name":"ONAAPH","description":"onaaph","potentialAction":[{"@type":"SearchAction","target":{"@type":"EntryPoint","urlTemplate":"https:\/\/onaaph-staging.myndall.com\/?s={search_term_string}"},"query-input":{"@type":"PropertyValueSpecification","valueRequired":true,"valueName":"search_term_string"}}],"inLanguage":"fr-FR"}]}},"_links":{"self":[{"href":"https:\/\/onaaph.dz\/fr_fr\/wp-json\/wp\/v2\/product\/4474","targetHints":{"allow":["GET"]}}],"collection":[{"href":"https:\/\/onaaph.dz\/fr_fr\/wp-json\/wp\/v2\/product"}],"about":[{"href":"https:\/\/onaaph.dz\/fr_fr\/wp-json\/wp\/v2\/types\/product"}],"wp:featuredmedia":[{"embeddable":true,"href":"https:\/\/onaaph.dz\/fr_fr\/wp-json\/wp\/v2\/media\/4482"}],"wp:attachment":[{"href":"https:\/\/onaaph.dz\/fr_fr\/wp-json\/wp\/v2\/media?parent=4474"}],"wp:term":[{"taxonomy":"product_brand","embeddable":true,"href":"https:\/\/onaaph.dz\/fr_fr\/wp-json\/wp\/v2\/product_brand?post=4474"},{"taxonomy":"product_cat","embeddable":true,"href":"https:\/\/onaaph.dz\/fr_fr\/wp-json\/wp\/v2\/product_cat?post=4474"},{"taxonomy":"product_tag","embeddable":true,"href":"https:\/\/onaaph.dz\/fr_fr\/wp-json\/wp\/v2\/product_tag?post=4474"}],"curies":[{"name":"wp","href":"https:\/\/api.w.org\/{rel}","templated":true}]}}