{"id":4470,"date":"2026-03-10T10:27:15","date_gmt":"2026-03-10T09:27:15","guid":{"rendered":"https:\/\/onaaph.dz\/?post_type=product&#038;p=4470"},"modified":"2026-03-24T08:46:27","modified_gmt":"2026-03-24T07:46:27","slug":"super-power","status":"publish","type":"product","link":"https:\/\/onaaph.dz\/fr_fr\/produit\/super-power\/","title":{"rendered":"SUPER POWER"},"content":{"rendered":"<p><strong>\u00a0SUPER POWER :<\/strong><\/p>\n<p>Destin\u00e9e aux personnes avec une surdit\u00e9 s\u00e9v\u00e8re \u00e0 profonde, offrant une amplification puissante pour entendre les sons faibles et comprendre la parole, m\u00eame dans des environnements difficiles. Ces appareils sont robustes et fiables pour un soutien auditif important.<\/p>\n","protected":false},"excerpt":{"rendered":"<p>\u00a0SUPER POWER : Destin\u00e9e aux personnes avec une surdit\u00e9 s\u00e9v\u00e8re \u00e0 profonde, offrant une amplification puissante pour entendre les sons faibles et comprendre la parole, m\u00eame dans des environnements difficiles. Ces appareils sont robustes et fiables pour un soutien auditif important.<\/p>\n","protected":false},"featured_media":4522,"template":"","meta":{"inline_featured_image":false},"product_brand":[],"product_cat":[55],"product_tag":[],"class_list":{"0":"post-4470","1":"product","2":"type-product","3":"status-publish","4":"has-post-thumbnail","5":"","6":"product_cat-aides-auditives","8":"first","9":"instock","10":"shipping-taxable","11":"product-type-simple"},"yoast_head":"<!-- This site is optimized with the Yoast SEO plugin v27.2 - https:\/\/yoast.com\/product\/yoast-seo-wordpress\/ -->\n<title>SUPER POWER - ONAAPH<\/title>\n<meta name=\"robots\" content=\"index, follow, max-snippet:-1, max-image-preview:large, max-video-preview:-1\" \/>\n<link rel=\"canonical\" href=\"https:\/\/onaaph.dz\/fr_fr\/produit\/super-power\/\" \/>\n<meta property=\"og:locale\" content=\"fr_FR\" \/>\n<meta property=\"og:type\" content=\"article\" \/>\n<meta property=\"og:title\" content=\"SUPER POWER - ONAAPH\" \/>\n<meta property=\"og:description\" content=\"\u00a0SUPER POWER : Destin\u00e9e aux personnes avec une surdit\u00e9 s\u00e9v\u00e8re \u00e0 profonde, offrant une amplification puissante pour entendre les sons faibles et comprendre la parole, m\u00eame dans des environnements difficiles. Ces appareils sont robustes et fiables pour un soutien auditif important.\" \/>\n<meta property=\"og:url\" content=\"https:\/\/onaaph.dz\/fr_fr\/produit\/super-power\/\" \/>\n<meta property=\"og:site_name\" content=\"ONAAPH\" \/>\n<meta property=\"article:modified_time\" content=\"2026-03-24T07:46:27+00:00\" \/>\n<meta property=\"og:image\" content=\"https:\/\/onaaph.dz\/wp-content\/uploads\/2026\/03\/WhatsApp-Image-2026-03-12-at-10.21.05.jpeg\" \/>\n\t<meta property=\"og:image:width\" content=\"411\" \/>\n\t<meta property=\"og:image:height\" content=\"300\" \/>\n\t<meta property=\"og:image:type\" content=\"image\/jpeg\" \/>\n<meta name=\"twitter:card\" content=\"summary_large_image\" \/>\n<meta name=\"twitter:label1\" content=\"Dur\u00e9e de lecture estim\u00e9e\" \/>\n\t<meta name=\"twitter:data1\" content=\"1 minute\" \/>\n<script type=\"application\/ld+json\" class=\"yoast-schema-graph\">{\"@context\":\"https:\/\/schema.org\",\"@graph\":[{\"@type\":\"WebPage\",\"@id\":\"https:\/\/onaaph.dz\/fr_fr\/produit\/super-power\/\",\"url\":\"https:\/\/onaaph.dz\/fr_fr\/produit\/super-power\/\",\"name\":\"SUPER POWER - ONAAPH\",\"isPartOf\":{\"@id\":\"https:\/\/onaaph-staging.myndall.com\/#website\"},\"primaryImageOfPage\":{\"@id\":\"https:\/\/onaaph.dz\/fr_fr\/produit\/super-power\/#primaryimage\"},\"image\":{\"@id\":\"https:\/\/onaaph.dz\/fr_fr\/produit\/super-power\/#primaryimage\"},\"thumbnailUrl\":\"https:\/\/onaaph.dz\/wp-content\/uploads\/2026\/03\/WhatsApp-Image-2026-03-12-at-10.21.05.jpeg\",\"datePublished\":\"2026-03-10T09:27:15+00:00\",\"dateModified\":\"2026-03-24T07:46:27+00:00\",\"breadcrumb\":{\"@id\":\"https:\/\/onaaph.dz\/fr_fr\/produit\/super-power\/#breadcrumb\"},\"inLanguage\":\"fr-FR\",\"potentialAction\":[{\"@type\":\"ReadAction\",\"target\":[\"https:\/\/onaaph.dz\/fr_fr\/produit\/super-power\/\"]}]},{\"@type\":\"ImageObject\",\"inLanguage\":\"fr-FR\",\"@id\":\"https:\/\/onaaph.dz\/fr_fr\/produit\/super-power\/#primaryimage\",\"url\":\"https:\/\/onaaph.dz\/wp-content\/uploads\/2026\/03\/WhatsApp-Image-2026-03-12-at-10.21.05.jpeg\",\"contentUrl\":\"https:\/\/onaaph.dz\/wp-content\/uploads\/2026\/03\/WhatsApp-Image-2026-03-12-at-10.21.05.jpeg\",\"width\":411,\"height\":300},{\"@type\":\"BreadcrumbList\",\"@id\":\"https:\/\/onaaph.dz\/fr_fr\/produit\/super-power\/#breadcrumb\",\"itemListElement\":[{\"@type\":\"ListItem\",\"position\":1,\"name\":\"Accueil\",\"item\":\"https:\/\/onaaph.dz\/\"},{\"@type\":\"ListItem\",\"position\":2,\"name\":\"Produits\",\"item\":\"http:\/\/staging.onaaph.dz\/shop\/\"},{\"@type\":\"ListItem\",\"position\":3,\"name\":\"SUPER POWER\"}]},{\"@type\":\"WebSite\",\"@id\":\"https:\/\/onaaph-staging.myndall.com\/#website\",\"url\":\"https:\/\/onaaph-staging.myndall.com\/\",\"name\":\"ONAAPH\",\"description\":\"onaaph\",\"potentialAction\":[{\"@type\":\"SearchAction\",\"target\":{\"@type\":\"EntryPoint\",\"urlTemplate\":\"https:\/\/onaaph-staging.myndall.com\/?s={search_term_string}\"},\"query-input\":{\"@type\":\"PropertyValueSpecification\",\"valueRequired\":true,\"valueName\":\"search_term_string\"}}],\"inLanguage\":\"fr-FR\"}]}<\/script>\n<!-- \/ Yoast SEO plugin. -->","yoast_head_json":{"title":"SUPER POWER - ONAAPH","robots":{"index":"index","follow":"follow","max-snippet":"max-snippet:-1","max-image-preview":"max-image-preview:large","max-video-preview":"max-video-preview:-1"},"canonical":"https:\/\/onaaph.dz\/fr_fr\/produit\/super-power\/","og_locale":"fr_FR","og_type":"article","og_title":"SUPER POWER - ONAAPH","og_description":"\u00a0SUPER POWER : Destin\u00e9e aux personnes avec une surdit\u00e9 s\u00e9v\u00e8re \u00e0 profonde, offrant une amplification puissante pour entendre les sons faibles et comprendre la parole, m\u00eame dans des environnements difficiles. Ces appareils sont robustes et fiables pour un soutien auditif important.","og_url":"https:\/\/onaaph.dz\/fr_fr\/produit\/super-power\/","og_site_name":"ONAAPH","article_modified_time":"2026-03-24T07:46:27+00:00","og_image":[{"width":411,"height":300,"url":"https:\/\/onaaph.dz\/wp-content\/uploads\/2026\/03\/WhatsApp-Image-2026-03-12-at-10.21.05.jpeg","type":"image\/jpeg"}],"twitter_card":"summary_large_image","twitter_misc":{"Dur\u00e9e de lecture estim\u00e9e":"1 minute"},"schema":{"@context":"https:\/\/schema.org","@graph":[{"@type":"WebPage","@id":"https:\/\/onaaph.dz\/fr_fr\/produit\/super-power\/","url":"https:\/\/onaaph.dz\/fr_fr\/produit\/super-power\/","name":"SUPER POWER - ONAAPH","isPartOf":{"@id":"https:\/\/onaaph-staging.myndall.com\/#website"},"primaryImageOfPage":{"@id":"https:\/\/onaaph.dz\/fr_fr\/produit\/super-power\/#primaryimage"},"image":{"@id":"https:\/\/onaaph.dz\/fr_fr\/produit\/super-power\/#primaryimage"},"thumbnailUrl":"https:\/\/onaaph.dz\/wp-content\/uploads\/2026\/03\/WhatsApp-Image-2026-03-12-at-10.21.05.jpeg","datePublished":"2026-03-10T09:27:15+00:00","dateModified":"2026-03-24T07:46:27+00:00","breadcrumb":{"@id":"https:\/\/onaaph.dz\/fr_fr\/produit\/super-power\/#breadcrumb"},"inLanguage":"fr-FR","potentialAction":[{"@type":"ReadAction","target":["https:\/\/onaaph.dz\/fr_fr\/produit\/super-power\/"]}]},{"@type":"ImageObject","inLanguage":"fr-FR","@id":"https:\/\/onaaph.dz\/fr_fr\/produit\/super-power\/#primaryimage","url":"https:\/\/onaaph.dz\/wp-content\/uploads\/2026\/03\/WhatsApp-Image-2026-03-12-at-10.21.05.jpeg","contentUrl":"https:\/\/onaaph.dz\/wp-content\/uploads\/2026\/03\/WhatsApp-Image-2026-03-12-at-10.21.05.jpeg","width":411,"height":300},{"@type":"BreadcrumbList","@id":"https:\/\/onaaph.dz\/fr_fr\/produit\/super-power\/#breadcrumb","itemListElement":[{"@type":"ListItem","position":1,"name":"Accueil","item":"https:\/\/onaaph.dz\/"},{"@type":"ListItem","position":2,"name":"Produits","item":"http:\/\/staging.onaaph.dz\/shop\/"},{"@type":"ListItem","position":3,"name":"SUPER POWER"}]},{"@type":"WebSite","@id":"https:\/\/onaaph-staging.myndall.com\/#website","url":"https:\/\/onaaph-staging.myndall.com\/","name":"ONAAPH","description":"onaaph","potentialAction":[{"@type":"SearchAction","target":{"@type":"EntryPoint","urlTemplate":"https:\/\/onaaph-staging.myndall.com\/?s={search_term_string}"},"query-input":{"@type":"PropertyValueSpecification","valueRequired":true,"valueName":"search_term_string"}}],"inLanguage":"fr-FR"}]}},"_links":{"self":[{"href":"https:\/\/onaaph.dz\/fr_fr\/wp-json\/wp\/v2\/product\/4470","targetHints":{"allow":["GET"]}}],"collection":[{"href":"https:\/\/onaaph.dz\/fr_fr\/wp-json\/wp\/v2\/product"}],"about":[{"href":"https:\/\/onaaph.dz\/fr_fr\/wp-json\/wp\/v2\/types\/product"}],"wp:featuredmedia":[{"embeddable":true,"href":"https:\/\/onaaph.dz\/fr_fr\/wp-json\/wp\/v2\/media\/4522"}],"wp:attachment":[{"href":"https:\/\/onaaph.dz\/fr_fr\/wp-json\/wp\/v2\/media?parent=4470"}],"wp:term":[{"taxonomy":"product_brand","embeddable":true,"href":"https:\/\/onaaph.dz\/fr_fr\/wp-json\/wp\/v2\/product_brand?post=4470"},{"taxonomy":"product_cat","embeddable":true,"href":"https:\/\/onaaph.dz\/fr_fr\/wp-json\/wp\/v2\/product_cat?post=4470"},{"taxonomy":"product_tag","embeddable":true,"href":"https:\/\/onaaph.dz\/fr_fr\/wp-json\/wp\/v2\/product_tag?post=4470"}],"curies":[{"name":"wp","href":"https:\/\/api.w.org\/{rel}","templated":true}]}}