{"id":4433,"date":"2026-03-10T09:31:06","date_gmt":"2026-03-10T08:31:06","guid":{"rendered":"https:\/\/onaaph.dz\/?post_type=product&#038;p=4433"},"modified":"2026-03-11T13:36:04","modified_gmt":"2026-03-11T12:36:04","slug":"chaussure-de-decharge","status":"publish","type":"product","link":"https:\/\/onaaph.dz\/fr_fr\/produit\/chaussure-de-decharge\/","title":{"rendered":"CHAUSSURE DE DECHARGE"},"content":{"rendered":"<p><strong>CHAUSSURE DE DECHARGE\u00a0:<\/strong><\/p>\n<p>Con\u00e7ue pour soulager l&rsquo;avant-pied en \u00e9vitant tout appui. Elle est indiqu\u00e9e apr\u00e8s un traumatisme ou une chirurgie, p\u00e9riode postop\u00e9ratoire, ainsi qu&rsquo;en cas d&rsquo;ulc\u00e9rations, d&rsquo;inflammations, d&rsquo;infections, de douleurs affectant pied.<\/p>\n","protected":false},"excerpt":{"rendered":"<p>CHAUSSURE DE DECHARGE\u00a0: Con\u00e7ue pour soulager l&rsquo;avant-pied en \u00e9vitant tout appui. Elle est indiqu\u00e9e apr\u00e8s un traumatisme ou une chirurgie, p\u00e9riode postop\u00e9ratoire, ainsi qu&rsquo;en cas d&rsquo;ulc\u00e9rations, d&rsquo;inflammations, d&rsquo;infections, de douleurs affectant pied.<\/p>\n","protected":false},"featured_media":4508,"template":"","meta":{"inline_featured_image":false},"product_brand":[],"product_cat":[57],"product_tag":[],"class_list":{"0":"post-4433","1":"product","2":"type-product","3":"status-publish","4":"has-post-thumbnail","5":"","6":"product_cat-appareillage-orthopedique","8":"first","9":"instock","10":"shipping-taxable","11":"product-type-simple"},"yoast_head":"<!-- This site is optimized with the Yoast SEO plugin v27.2 - https:\/\/yoast.com\/product\/yoast-seo-wordpress\/ -->\n<title>CHAUSSURE DE DECHARGE - ONAAPH<\/title>\n<meta name=\"robots\" content=\"index, follow, max-snippet:-1, max-image-preview:large, max-video-preview:-1\" \/>\n<link rel=\"canonical\" href=\"https:\/\/onaaph.dz\/fr_fr\/produit\/chaussure-de-decharge\/\" \/>\n<meta property=\"og:locale\" content=\"fr_FR\" \/>\n<meta property=\"og:type\" content=\"article\" \/>\n<meta property=\"og:title\" content=\"CHAUSSURE DE DECHARGE - ONAAPH\" \/>\n<meta property=\"og:description\" content=\"CHAUSSURE DE DECHARGE\u00a0: Con\u00e7ue pour soulager l&rsquo;avant-pied en \u00e9vitant tout appui. Elle est indiqu\u00e9e apr\u00e8s un traumatisme ou une chirurgie, p\u00e9riode postop\u00e9ratoire, ainsi qu&rsquo;en cas d&rsquo;ulc\u00e9rations, d&rsquo;inflammations, d&rsquo;infections, de douleurs affectant pied.\" \/>\n<meta property=\"og:url\" content=\"https:\/\/onaaph.dz\/fr_fr\/produit\/chaussure-de-decharge\/\" \/>\n<meta property=\"og:site_name\" content=\"ONAAPH\" \/>\n<meta property=\"article:modified_time\" content=\"2026-03-11T12:36:04+00:00\" \/>\n<meta property=\"og:image\" content=\"https:\/\/onaaph.dz\/wp-content\/uploads\/2026\/03\/WhatsApp-Image-2026-03-11-at-09.02.25-5.jpeg\" \/>\n\t<meta property=\"og:image:width\" content=\"411\" \/>\n\t<meta property=\"og:image:height\" content=\"300\" \/>\n\t<meta property=\"og:image:type\" content=\"image\/jpeg\" \/>\n<meta name=\"twitter:card\" content=\"summary_large_image\" \/>\n<meta name=\"twitter:label1\" content=\"Dur\u00e9e de lecture estim\u00e9e\" \/>\n\t<meta name=\"twitter:data1\" content=\"1 minute\" \/>\n<script type=\"application\/ld+json\" class=\"yoast-schema-graph\">{\"@context\":\"https:\/\/schema.org\",\"@graph\":[{\"@type\":\"WebPage\",\"@id\":\"https:\/\/onaaph.dz\/fr_fr\/produit\/chaussure-de-decharge\/\",\"url\":\"https:\/\/onaaph.dz\/fr_fr\/produit\/chaussure-de-decharge\/\",\"name\":\"CHAUSSURE DE DECHARGE - ONAAPH\",\"isPartOf\":{\"@id\":\"https:\/\/onaaph-staging.myndall.com\/#website\"},\"primaryImageOfPage\":{\"@id\":\"https:\/\/onaaph.dz\/fr_fr\/produit\/chaussure-de-decharge\/#primaryimage\"},\"image\":{\"@id\":\"https:\/\/onaaph.dz\/fr_fr\/produit\/chaussure-de-decharge\/#primaryimage\"},\"thumbnailUrl\":\"https:\/\/onaaph.dz\/wp-content\/uploads\/2026\/03\/WhatsApp-Image-2026-03-11-at-09.02.25-5.jpeg\",\"datePublished\":\"2026-03-10T08:31:06+00:00\",\"dateModified\":\"2026-03-11T12:36:04+00:00\",\"breadcrumb\":{\"@id\":\"https:\/\/onaaph.dz\/fr_fr\/produit\/chaussure-de-decharge\/#breadcrumb\"},\"inLanguage\":\"fr-FR\",\"potentialAction\":[{\"@type\":\"ReadAction\",\"target\":[\"https:\/\/onaaph.dz\/fr_fr\/produit\/chaussure-de-decharge\/\"]}]},{\"@type\":\"ImageObject\",\"inLanguage\":\"fr-FR\",\"@id\":\"https:\/\/onaaph.dz\/fr_fr\/produit\/chaussure-de-decharge\/#primaryimage\",\"url\":\"https:\/\/onaaph.dz\/wp-content\/uploads\/2026\/03\/WhatsApp-Image-2026-03-11-at-09.02.25-5.jpeg\",\"contentUrl\":\"https:\/\/onaaph.dz\/wp-content\/uploads\/2026\/03\/WhatsApp-Image-2026-03-11-at-09.02.25-5.jpeg\",\"width\":411,\"height\":300},{\"@type\":\"BreadcrumbList\",\"@id\":\"https:\/\/onaaph.dz\/fr_fr\/produit\/chaussure-de-decharge\/#breadcrumb\",\"itemListElement\":[{\"@type\":\"ListItem\",\"position\":1,\"name\":\"Accueil\",\"item\":\"https:\/\/onaaph.dz\/\"},{\"@type\":\"ListItem\",\"position\":2,\"name\":\"Produits\",\"item\":\"http:\/\/staging.onaaph.dz\/shop\/\"},{\"@type\":\"ListItem\",\"position\":3,\"name\":\"CHAUSSURE DE DECHARGE\"}]},{\"@type\":\"WebSite\",\"@id\":\"https:\/\/onaaph-staging.myndall.com\/#website\",\"url\":\"https:\/\/onaaph-staging.myndall.com\/\",\"name\":\"ONAAPH\",\"description\":\"onaaph\",\"potentialAction\":[{\"@type\":\"SearchAction\",\"target\":{\"@type\":\"EntryPoint\",\"urlTemplate\":\"https:\/\/onaaph-staging.myndall.com\/?s={search_term_string}\"},\"query-input\":{\"@type\":\"PropertyValueSpecification\",\"valueRequired\":true,\"valueName\":\"search_term_string\"}}],\"inLanguage\":\"fr-FR\"}]}<\/script>\n<!-- \/ Yoast SEO plugin. -->","yoast_head_json":{"title":"CHAUSSURE DE DECHARGE - ONAAPH","robots":{"index":"index","follow":"follow","max-snippet":"max-snippet:-1","max-image-preview":"max-image-preview:large","max-video-preview":"max-video-preview:-1"},"canonical":"https:\/\/onaaph.dz\/fr_fr\/produit\/chaussure-de-decharge\/","og_locale":"fr_FR","og_type":"article","og_title":"CHAUSSURE DE DECHARGE - ONAAPH","og_description":"CHAUSSURE DE DECHARGE\u00a0: Con\u00e7ue pour soulager l&rsquo;avant-pied en \u00e9vitant tout appui. Elle est indiqu\u00e9e apr\u00e8s un traumatisme ou une chirurgie, p\u00e9riode postop\u00e9ratoire, ainsi qu&rsquo;en cas d&rsquo;ulc\u00e9rations, d&rsquo;inflammations, d&rsquo;infections, de douleurs affectant pied.","og_url":"https:\/\/onaaph.dz\/fr_fr\/produit\/chaussure-de-decharge\/","og_site_name":"ONAAPH","article_modified_time":"2026-03-11T12:36:04+00:00","og_image":[{"width":411,"height":300,"url":"https:\/\/onaaph.dz\/wp-content\/uploads\/2026\/03\/WhatsApp-Image-2026-03-11-at-09.02.25-5.jpeg","type":"image\/jpeg"}],"twitter_card":"summary_large_image","twitter_misc":{"Dur\u00e9e de lecture estim\u00e9e":"1 minute"},"schema":{"@context":"https:\/\/schema.org","@graph":[{"@type":"WebPage","@id":"https:\/\/onaaph.dz\/fr_fr\/produit\/chaussure-de-decharge\/","url":"https:\/\/onaaph.dz\/fr_fr\/produit\/chaussure-de-decharge\/","name":"CHAUSSURE DE DECHARGE - ONAAPH","isPartOf":{"@id":"https:\/\/onaaph-staging.myndall.com\/#website"},"primaryImageOfPage":{"@id":"https:\/\/onaaph.dz\/fr_fr\/produit\/chaussure-de-decharge\/#primaryimage"},"image":{"@id":"https:\/\/onaaph.dz\/fr_fr\/produit\/chaussure-de-decharge\/#primaryimage"},"thumbnailUrl":"https:\/\/onaaph.dz\/wp-content\/uploads\/2026\/03\/WhatsApp-Image-2026-03-11-at-09.02.25-5.jpeg","datePublished":"2026-03-10T08:31:06+00:00","dateModified":"2026-03-11T12:36:04+00:00","breadcrumb":{"@id":"https:\/\/onaaph.dz\/fr_fr\/produit\/chaussure-de-decharge\/#breadcrumb"},"inLanguage":"fr-FR","potentialAction":[{"@type":"ReadAction","target":["https:\/\/onaaph.dz\/fr_fr\/produit\/chaussure-de-decharge\/"]}]},{"@type":"ImageObject","inLanguage":"fr-FR","@id":"https:\/\/onaaph.dz\/fr_fr\/produit\/chaussure-de-decharge\/#primaryimage","url":"https:\/\/onaaph.dz\/wp-content\/uploads\/2026\/03\/WhatsApp-Image-2026-03-11-at-09.02.25-5.jpeg","contentUrl":"https:\/\/onaaph.dz\/wp-content\/uploads\/2026\/03\/WhatsApp-Image-2026-03-11-at-09.02.25-5.jpeg","width":411,"height":300},{"@type":"BreadcrumbList","@id":"https:\/\/onaaph.dz\/fr_fr\/produit\/chaussure-de-decharge\/#breadcrumb","itemListElement":[{"@type":"ListItem","position":1,"name":"Accueil","item":"https:\/\/onaaph.dz\/"},{"@type":"ListItem","position":2,"name":"Produits","item":"http:\/\/staging.onaaph.dz\/shop\/"},{"@type":"ListItem","position":3,"name":"CHAUSSURE DE DECHARGE"}]},{"@type":"WebSite","@id":"https:\/\/onaaph-staging.myndall.com\/#website","url":"https:\/\/onaaph-staging.myndall.com\/","name":"ONAAPH","description":"onaaph","potentialAction":[{"@type":"SearchAction","target":{"@type":"EntryPoint","urlTemplate":"https:\/\/onaaph-staging.myndall.com\/?s={search_term_string}"},"query-input":{"@type":"PropertyValueSpecification","valueRequired":true,"valueName":"search_term_string"}}],"inLanguage":"fr-FR"}]}},"_links":{"self":[{"href":"https:\/\/onaaph.dz\/fr_fr\/wp-json\/wp\/v2\/product\/4433","targetHints":{"allow":["GET"]}}],"collection":[{"href":"https:\/\/onaaph.dz\/fr_fr\/wp-json\/wp\/v2\/product"}],"about":[{"href":"https:\/\/onaaph.dz\/fr_fr\/wp-json\/wp\/v2\/types\/product"}],"wp:featuredmedia":[{"embeddable":true,"href":"https:\/\/onaaph.dz\/fr_fr\/wp-json\/wp\/v2\/media\/4508"}],"wp:attachment":[{"href":"https:\/\/onaaph.dz\/fr_fr\/wp-json\/wp\/v2\/media?parent=4433"}],"wp:term":[{"taxonomy":"product_brand","embeddable":true,"href":"https:\/\/onaaph.dz\/fr_fr\/wp-json\/wp\/v2\/product_brand?post=4433"},{"taxonomy":"product_cat","embeddable":true,"href":"https:\/\/onaaph.dz\/fr_fr\/wp-json\/wp\/v2\/product_cat?post=4433"},{"taxonomy":"product_tag","embeddable":true,"href":"https:\/\/onaaph.dz\/fr_fr\/wp-json\/wp\/v2\/product_tag?post=4433"}],"curies":[{"name":"wp","href":"https:\/\/api.w.org\/{rel}","templated":true}]}}