{"id":4413,"date":"2026-03-10T09:20:23","date_gmt":"2026-03-10T08:20:23","guid":{"rendered":"https:\/\/onaaph.dz\/?post_type=product&#038;p=4413"},"modified":"2026-03-25T09:10:03","modified_gmt":"2026-03-25T08:10:03","slug":"ceinture-de-maintien-lombaire","status":"publish","type":"product","link":"https:\/\/onaaph.dz\/fr_fr\/produit\/ceinture-de-maintien-lombaire\/","title":{"rendered":"CEINTURE DE MAINTIEN LOMBAIRE"},"content":{"rendered":"<p><strong>CEINTURE DE MAINTIEN LOMBAIRE :<\/strong>Cette ceinture est utilis\u00e9e pour fournir un soutien et une stabilit\u00e9 \u00e0 la r\u00e9gion inf\u00e9rieure du dos, en particulier en cas de douleurs dorsales ou de blessures.<\/p>\n<p>Il aide \u00e0 r\u00e9duire la pression sur la colonne vert\u00e9brale et \u00e0 am\u00e9liorer la posture, ce qui contribue \u00e0 soulager la douleur et \u00e0 favoriser la gu\u00e9rison pendant le mouvement ou la position assise prolong\u00e9e.<\/p>\n","protected":false},"excerpt":{"rendered":"<p>CEINTURE DE MAINTIEN LOMBAIRE :Cette ceinture est utilis\u00e9e pour fournir un soutien et une stabilit\u00e9 \u00e0 la r\u00e9gion inf\u00e9rieure du dos, en particulier en cas de douleurs dorsales ou de blessures. Il aide \u00e0 r\u00e9duire la pression sur la colonne vert\u00e9brale et \u00e0 am\u00e9liorer la posture, ce qui contribue \u00e0 soulager la douleur et \u00e0 &hellip;<\/p>\n","protected":false},"featured_media":4423,"template":"","meta":{"inline_featured_image":false},"product_brand":[],"product_cat":[57],"product_tag":[],"class_list":{"0":"post-4413","1":"product","2":"type-product","3":"status-publish","4":"has-post-thumbnail","5":"","6":"product_cat-appareillage-orthopedique","8":"first","9":"instock","10":"shipping-taxable","11":"product-type-simple"},"yoast_head":"<!-- This site is optimized with the Yoast SEO plugin v27.2 - https:\/\/yoast.com\/product\/yoast-seo-wordpress\/ -->\n<title>CEINTURE DE MAINTIEN LOMBAIRE - ONAAPH<\/title>\n<meta name=\"robots\" content=\"index, follow, max-snippet:-1, max-image-preview:large, max-video-preview:-1\" \/>\n<link rel=\"canonical\" href=\"https:\/\/onaaph.dz\/fr_fr\/produit\/ceinture-de-maintien-lombaire\/\" \/>\n<meta property=\"og:locale\" content=\"fr_FR\" \/>\n<meta property=\"og:type\" content=\"article\" \/>\n<meta property=\"og:title\" content=\"CEINTURE DE MAINTIEN LOMBAIRE - ONAAPH\" \/>\n<meta property=\"og:description\" content=\"CEINTURE DE MAINTIEN LOMBAIRE :Cette ceinture est utilis\u00e9e pour fournir un soutien et une stabilit\u00e9 \u00e0 la r\u00e9gion inf\u00e9rieure du dos, en particulier en cas de douleurs dorsales ou de blessures. Il aide \u00e0 r\u00e9duire la pression sur la colonne vert\u00e9brale et \u00e0 am\u00e9liorer la posture, ce qui contribue \u00e0 soulager la douleur et \u00e0 &hellip;\" \/>\n<meta property=\"og:url\" content=\"https:\/\/onaaph.dz\/fr_fr\/produit\/ceinture-de-maintien-lombaire\/\" \/>\n<meta property=\"og:site_name\" content=\"ONAAPH\" \/>\n<meta property=\"article:modified_time\" content=\"2026-03-25T08:10:03+00:00\" \/>\n<meta property=\"og:image\" content=\"https:\/\/onaaph.dz\/wp-content\/uploads\/2026\/03\/CEINTURE-DE-MAINTIEN-LOMBAIRE-scaled.png\" \/>\n\t<meta property=\"og:image:width\" content=\"1810\" \/>\n\t<meta property=\"og:image:height\" content=\"2560\" \/>\n\t<meta property=\"og:image:type\" content=\"image\/png\" \/>\n<meta name=\"twitter:card\" content=\"summary_large_image\" \/>\n<meta name=\"twitter:label1\" content=\"Dur\u00e9e de lecture estim\u00e9e\" \/>\n\t<meta name=\"twitter:data1\" content=\"1 minute\" \/>\n<script type=\"application\/ld+json\" class=\"yoast-schema-graph\">{\"@context\":\"https:\/\/schema.org\",\"@graph\":[{\"@type\":\"WebPage\",\"@id\":\"https:\/\/onaaph.dz\/fr_fr\/produit\/ceinture-de-maintien-lombaire\/\",\"url\":\"https:\/\/onaaph.dz\/fr_fr\/produit\/ceinture-de-maintien-lombaire\/\",\"name\":\"CEINTURE DE MAINTIEN LOMBAIRE - ONAAPH\",\"isPartOf\":{\"@id\":\"https:\/\/onaaph-staging.myndall.com\/#website\"},\"primaryImageOfPage\":{\"@id\":\"https:\/\/onaaph.dz\/fr_fr\/produit\/ceinture-de-maintien-lombaire\/#primaryimage\"},\"image\":{\"@id\":\"https:\/\/onaaph.dz\/fr_fr\/produit\/ceinture-de-maintien-lombaire\/#primaryimage\"},\"thumbnailUrl\":\"https:\/\/onaaph.dz\/wp-content\/uploads\/2026\/03\/CEINTURE-DE-MAINTIEN-LOMBAIRE-scaled.png\",\"datePublished\":\"2026-03-10T08:20:23+00:00\",\"dateModified\":\"2026-03-25T08:10:03+00:00\",\"breadcrumb\":{\"@id\":\"https:\/\/onaaph.dz\/fr_fr\/produit\/ceinture-de-maintien-lombaire\/#breadcrumb\"},\"inLanguage\":\"fr-FR\",\"potentialAction\":[{\"@type\":\"ReadAction\",\"target\":[\"https:\/\/onaaph.dz\/fr_fr\/produit\/ceinture-de-maintien-lombaire\/\"]}]},{\"@type\":\"ImageObject\",\"inLanguage\":\"fr-FR\",\"@id\":\"https:\/\/onaaph.dz\/fr_fr\/produit\/ceinture-de-maintien-lombaire\/#primaryimage\",\"url\":\"https:\/\/onaaph.dz\/wp-content\/uploads\/2026\/03\/CEINTURE-DE-MAINTIEN-LOMBAIRE-scaled.png\",\"contentUrl\":\"https:\/\/onaaph.dz\/wp-content\/uploads\/2026\/03\/CEINTURE-DE-MAINTIEN-LOMBAIRE-scaled.png\",\"width\":1810,\"height\":2560},{\"@type\":\"BreadcrumbList\",\"@id\":\"https:\/\/onaaph.dz\/fr_fr\/produit\/ceinture-de-maintien-lombaire\/#breadcrumb\",\"itemListElement\":[{\"@type\":\"ListItem\",\"position\":1,\"name\":\"Accueil\",\"item\":\"https:\/\/onaaph.dz\/\"},{\"@type\":\"ListItem\",\"position\":2,\"name\":\"Produits\",\"item\":\"http:\/\/staging.onaaph.dz\/shop\/\"},{\"@type\":\"ListItem\",\"position\":3,\"name\":\"CEINTURE DE MAINTIEN LOMBAIRE\"}]},{\"@type\":\"WebSite\",\"@id\":\"https:\/\/onaaph-staging.myndall.com\/#website\",\"url\":\"https:\/\/onaaph-staging.myndall.com\/\",\"name\":\"ONAAPH\",\"description\":\"onaaph\",\"potentialAction\":[{\"@type\":\"SearchAction\",\"target\":{\"@type\":\"EntryPoint\",\"urlTemplate\":\"https:\/\/onaaph-staging.myndall.com\/?s={search_term_string}\"},\"query-input\":{\"@type\":\"PropertyValueSpecification\",\"valueRequired\":true,\"valueName\":\"search_term_string\"}}],\"inLanguage\":\"fr-FR\"}]}<\/script>\n<!-- \/ Yoast SEO plugin. -->","yoast_head_json":{"title":"CEINTURE DE MAINTIEN LOMBAIRE - ONAAPH","robots":{"index":"index","follow":"follow","max-snippet":"max-snippet:-1","max-image-preview":"max-image-preview:large","max-video-preview":"max-video-preview:-1"},"canonical":"https:\/\/onaaph.dz\/fr_fr\/produit\/ceinture-de-maintien-lombaire\/","og_locale":"fr_FR","og_type":"article","og_title":"CEINTURE DE MAINTIEN LOMBAIRE - ONAAPH","og_description":"CEINTURE DE MAINTIEN LOMBAIRE :Cette ceinture est utilis\u00e9e pour fournir un soutien et une stabilit\u00e9 \u00e0 la r\u00e9gion inf\u00e9rieure du dos, en particulier en cas de douleurs dorsales ou de blessures. Il aide \u00e0 r\u00e9duire la pression sur la colonne vert\u00e9brale et \u00e0 am\u00e9liorer la posture, ce qui contribue \u00e0 soulager la douleur et \u00e0 &hellip;","og_url":"https:\/\/onaaph.dz\/fr_fr\/produit\/ceinture-de-maintien-lombaire\/","og_site_name":"ONAAPH","article_modified_time":"2026-03-25T08:10:03+00:00","og_image":[{"width":1810,"height":2560,"url":"https:\/\/onaaph.dz\/wp-content\/uploads\/2026\/03\/CEINTURE-DE-MAINTIEN-LOMBAIRE-scaled.png","type":"image\/png"}],"twitter_card":"summary_large_image","twitter_misc":{"Dur\u00e9e de lecture estim\u00e9e":"1 minute"},"schema":{"@context":"https:\/\/schema.org","@graph":[{"@type":"WebPage","@id":"https:\/\/onaaph.dz\/fr_fr\/produit\/ceinture-de-maintien-lombaire\/","url":"https:\/\/onaaph.dz\/fr_fr\/produit\/ceinture-de-maintien-lombaire\/","name":"CEINTURE DE MAINTIEN LOMBAIRE - ONAAPH","isPartOf":{"@id":"https:\/\/onaaph-staging.myndall.com\/#website"},"primaryImageOfPage":{"@id":"https:\/\/onaaph.dz\/fr_fr\/produit\/ceinture-de-maintien-lombaire\/#primaryimage"},"image":{"@id":"https:\/\/onaaph.dz\/fr_fr\/produit\/ceinture-de-maintien-lombaire\/#primaryimage"},"thumbnailUrl":"https:\/\/onaaph.dz\/wp-content\/uploads\/2026\/03\/CEINTURE-DE-MAINTIEN-LOMBAIRE-scaled.png","datePublished":"2026-03-10T08:20:23+00:00","dateModified":"2026-03-25T08:10:03+00:00","breadcrumb":{"@id":"https:\/\/onaaph.dz\/fr_fr\/produit\/ceinture-de-maintien-lombaire\/#breadcrumb"},"inLanguage":"fr-FR","potentialAction":[{"@type":"ReadAction","target":["https:\/\/onaaph.dz\/fr_fr\/produit\/ceinture-de-maintien-lombaire\/"]}]},{"@type":"ImageObject","inLanguage":"fr-FR","@id":"https:\/\/onaaph.dz\/fr_fr\/produit\/ceinture-de-maintien-lombaire\/#primaryimage","url":"https:\/\/onaaph.dz\/wp-content\/uploads\/2026\/03\/CEINTURE-DE-MAINTIEN-LOMBAIRE-scaled.png","contentUrl":"https:\/\/onaaph.dz\/wp-content\/uploads\/2026\/03\/CEINTURE-DE-MAINTIEN-LOMBAIRE-scaled.png","width":1810,"height":2560},{"@type":"BreadcrumbList","@id":"https:\/\/onaaph.dz\/fr_fr\/produit\/ceinture-de-maintien-lombaire\/#breadcrumb","itemListElement":[{"@type":"ListItem","position":1,"name":"Accueil","item":"https:\/\/onaaph.dz\/"},{"@type":"ListItem","position":2,"name":"Produits","item":"http:\/\/staging.onaaph.dz\/shop\/"},{"@type":"ListItem","position":3,"name":"CEINTURE DE MAINTIEN LOMBAIRE"}]},{"@type":"WebSite","@id":"https:\/\/onaaph-staging.myndall.com\/#website","url":"https:\/\/onaaph-staging.myndall.com\/","name":"ONAAPH","description":"onaaph","potentialAction":[{"@type":"SearchAction","target":{"@type":"EntryPoint","urlTemplate":"https:\/\/onaaph-staging.myndall.com\/?s={search_term_string}"},"query-input":{"@type":"PropertyValueSpecification","valueRequired":true,"valueName":"search_term_string"}}],"inLanguage":"fr-FR"}]}},"_links":{"self":[{"href":"https:\/\/onaaph.dz\/fr_fr\/wp-json\/wp\/v2\/product\/4413","targetHints":{"allow":["GET"]}}],"collection":[{"href":"https:\/\/onaaph.dz\/fr_fr\/wp-json\/wp\/v2\/product"}],"about":[{"href":"https:\/\/onaaph.dz\/fr_fr\/wp-json\/wp\/v2\/types\/product"}],"wp:featuredmedia":[{"embeddable":true,"href":"https:\/\/onaaph.dz\/fr_fr\/wp-json\/wp\/v2\/media\/4423"}],"wp:attachment":[{"href":"https:\/\/onaaph.dz\/fr_fr\/wp-json\/wp\/v2\/media?parent=4413"}],"wp:term":[{"taxonomy":"product_brand","embeddable":true,"href":"https:\/\/onaaph.dz\/fr_fr\/wp-json\/wp\/v2\/product_brand?post=4413"},{"taxonomy":"product_cat","embeddable":true,"href":"https:\/\/onaaph.dz\/fr_fr\/wp-json\/wp\/v2\/product_cat?post=4413"},{"taxonomy":"product_tag","embeddable":true,"href":"https:\/\/onaaph.dz\/fr_fr\/wp-json\/wp\/v2\/product_tag?post=4413"}],"curies":[{"name":"wp","href":"https:\/\/api.w.org\/{rel}","templated":true}]}}