{"id":4411,"date":"2026-03-10T09:20:20","date_gmt":"2026-03-10T08:20:20","guid":{"rendered":"https:\/\/onaaph.dz\/?post_type=product&#038;p=4411"},"modified":"2026-03-10T09:20:20","modified_gmt":"2026-03-10T08:20:20","slug":"ceinture-de-maintien-ombilical","status":"publish","type":"product","link":"https:\/\/onaaph.dz\/fr_fr\/produit\/ceinture-de-maintien-ombilical\/","title":{"rendered":"CEINTURE DE MAINTIEN OMBILICAL"},"content":{"rendered":"<p><strong>CEINTURE DE MAINTIEN OMBILICAL\u00a0:<\/strong><\/p>\n<p>Utilis\u00e9 pour immobiliser et maintenir une articulation dans une position correcte pendant le sommeil, elle aide \u00e0 pr\u00e9venir les contractures et favorise la gu\u00e9risson apr\u00e8s une blessure ou une intervention chirurgicale.<\/p>\n","protected":false},"excerpt":{"rendered":"<p>CEINTURE DE MAINTIEN OMBILICAL\u00a0: Utilis\u00e9 pour immobiliser et maintenir une articulation dans une position correcte pendant le sommeil, elle aide \u00e0 pr\u00e9venir les contractures et favorise la gu\u00e9risson apr\u00e8s une blessure ou une intervention chirurgicale.<\/p>\n","protected":false},"featured_media":4422,"template":"","meta":{"inline_featured_image":false},"product_brand":[],"product_cat":[57],"product_tag":[],"class_list":{"0":"post-4411","1":"product","2":"type-product","3":"status-publish","4":"has-post-thumbnail","5":"","6":"product_cat-appareillage-orthopedique","8":"first","9":"instock","10":"shipping-taxable","11":"product-type-simple"},"yoast_head":"<!-- This site is optimized with the Yoast SEO plugin v27.2 - https:\/\/yoast.com\/product\/yoast-seo-wordpress\/ -->\n<title>CEINTURE DE MAINTIEN OMBILICAL - ONAAPH<\/title>\n<meta name=\"robots\" content=\"index, follow, max-snippet:-1, max-image-preview:large, max-video-preview:-1\" \/>\n<link rel=\"canonical\" href=\"https:\/\/onaaph.dz\/fr_fr\/produit\/ceinture-de-maintien-ombilical\/\" \/>\n<meta property=\"og:locale\" content=\"fr_FR\" \/>\n<meta property=\"og:type\" content=\"article\" \/>\n<meta property=\"og:title\" content=\"CEINTURE DE MAINTIEN OMBILICAL - ONAAPH\" \/>\n<meta property=\"og:description\" content=\"CEINTURE DE MAINTIEN OMBILICAL\u00a0: Utilis\u00e9 pour immobiliser et maintenir une articulation dans une position correcte pendant le sommeil, elle aide \u00e0 pr\u00e9venir les contractures et favorise la gu\u00e9risson apr\u00e8s une blessure ou une intervention chirurgicale.\" \/>\n<meta property=\"og:url\" content=\"https:\/\/onaaph.dz\/fr_fr\/produit\/ceinture-de-maintien-ombilical\/\" \/>\n<meta property=\"og:site_name\" content=\"ONAAPH\" \/>\n<meta property=\"og:image\" content=\"https:\/\/onaaph.dz\/wp-content\/uploads\/2026\/03\/CEINTURE-DE-MAINTIEN-OMBILICAL-724x1024.png\" \/>\n\t<meta property=\"og:image:width\" content=\"724\" \/>\n\t<meta property=\"og:image:height\" content=\"1024\" \/>\n\t<meta property=\"og:image:type\" content=\"image\/png\" \/>\n<meta name=\"twitter:card\" content=\"summary_large_image\" \/>\n<meta name=\"twitter:label1\" content=\"Dur\u00e9e de lecture estim\u00e9e\" \/>\n\t<meta name=\"twitter:data1\" content=\"1 minute\" \/>\n<script type=\"application\/ld+json\" class=\"yoast-schema-graph\">{\"@context\":\"https:\/\/schema.org\",\"@graph\":[{\"@type\":\"WebPage\",\"@id\":\"https:\/\/onaaph.dz\/fr_fr\/produit\/ceinture-de-maintien-ombilical\/\",\"url\":\"https:\/\/onaaph.dz\/fr_fr\/produit\/ceinture-de-maintien-ombilical\/\",\"name\":\"CEINTURE DE MAINTIEN OMBILICAL - ONAAPH\",\"isPartOf\":{\"@id\":\"https:\/\/onaaph-staging.myndall.com\/#website\"},\"primaryImageOfPage\":{\"@id\":\"https:\/\/onaaph.dz\/fr_fr\/produit\/ceinture-de-maintien-ombilical\/#primaryimage\"},\"image\":{\"@id\":\"https:\/\/onaaph.dz\/fr_fr\/produit\/ceinture-de-maintien-ombilical\/#primaryimage\"},\"thumbnailUrl\":\"https:\/\/onaaph.dz\/wp-content\/uploads\/2026\/03\/CEINTURE-DE-MAINTIEN-OMBILICAL-scaled.png\",\"datePublished\":\"2026-03-10T08:20:20+00:00\",\"breadcrumb\":{\"@id\":\"https:\/\/onaaph.dz\/fr_fr\/produit\/ceinture-de-maintien-ombilical\/#breadcrumb\"},\"inLanguage\":\"fr-FR\",\"potentialAction\":[{\"@type\":\"ReadAction\",\"target\":[\"https:\/\/onaaph.dz\/fr_fr\/produit\/ceinture-de-maintien-ombilical\/\"]}]},{\"@type\":\"ImageObject\",\"inLanguage\":\"fr-FR\",\"@id\":\"https:\/\/onaaph.dz\/fr_fr\/produit\/ceinture-de-maintien-ombilical\/#primaryimage\",\"url\":\"https:\/\/onaaph.dz\/wp-content\/uploads\/2026\/03\/CEINTURE-DE-MAINTIEN-OMBILICAL-scaled.png\",\"contentUrl\":\"https:\/\/onaaph.dz\/wp-content\/uploads\/2026\/03\/CEINTURE-DE-MAINTIEN-OMBILICAL-scaled.png\",\"width\":1810,\"height\":2560},{\"@type\":\"BreadcrumbList\",\"@id\":\"https:\/\/onaaph.dz\/fr_fr\/produit\/ceinture-de-maintien-ombilical\/#breadcrumb\",\"itemListElement\":[{\"@type\":\"ListItem\",\"position\":1,\"name\":\"Accueil\",\"item\":\"https:\/\/onaaph.dz\/\"},{\"@type\":\"ListItem\",\"position\":2,\"name\":\"Produits\",\"item\":\"http:\/\/staging.onaaph.dz\/shop\/\"},{\"@type\":\"ListItem\",\"position\":3,\"name\":\"CEINTURE DE MAINTIEN OMBILICAL\"}]},{\"@type\":\"WebSite\",\"@id\":\"https:\/\/onaaph-staging.myndall.com\/#website\",\"url\":\"https:\/\/onaaph-staging.myndall.com\/\",\"name\":\"ONAAPH\",\"description\":\"onaaph\",\"potentialAction\":[{\"@type\":\"SearchAction\",\"target\":{\"@type\":\"EntryPoint\",\"urlTemplate\":\"https:\/\/onaaph-staging.myndall.com\/?s={search_term_string}\"},\"query-input\":{\"@type\":\"PropertyValueSpecification\",\"valueRequired\":true,\"valueName\":\"search_term_string\"}}],\"inLanguage\":\"fr-FR\"}]}<\/script>\n<!-- \/ Yoast SEO plugin. -->","yoast_head_json":{"title":"CEINTURE DE MAINTIEN OMBILICAL - ONAAPH","robots":{"index":"index","follow":"follow","max-snippet":"max-snippet:-1","max-image-preview":"max-image-preview:large","max-video-preview":"max-video-preview:-1"},"canonical":"https:\/\/onaaph.dz\/fr_fr\/produit\/ceinture-de-maintien-ombilical\/","og_locale":"fr_FR","og_type":"article","og_title":"CEINTURE DE MAINTIEN OMBILICAL - ONAAPH","og_description":"CEINTURE DE MAINTIEN OMBILICAL\u00a0: Utilis\u00e9 pour immobiliser et maintenir une articulation dans une position correcte pendant le sommeil, elle aide \u00e0 pr\u00e9venir les contractures et favorise la gu\u00e9risson apr\u00e8s une blessure ou une intervention chirurgicale.","og_url":"https:\/\/onaaph.dz\/fr_fr\/produit\/ceinture-de-maintien-ombilical\/","og_site_name":"ONAAPH","og_image":[{"width":724,"height":1024,"url":"https:\/\/onaaph.dz\/wp-content\/uploads\/2026\/03\/CEINTURE-DE-MAINTIEN-OMBILICAL-724x1024.png","type":"image\/png"}],"twitter_card":"summary_large_image","twitter_misc":{"Dur\u00e9e de lecture estim\u00e9e":"1 minute"},"schema":{"@context":"https:\/\/schema.org","@graph":[{"@type":"WebPage","@id":"https:\/\/onaaph.dz\/fr_fr\/produit\/ceinture-de-maintien-ombilical\/","url":"https:\/\/onaaph.dz\/fr_fr\/produit\/ceinture-de-maintien-ombilical\/","name":"CEINTURE DE MAINTIEN OMBILICAL - ONAAPH","isPartOf":{"@id":"https:\/\/onaaph-staging.myndall.com\/#website"},"primaryImageOfPage":{"@id":"https:\/\/onaaph.dz\/fr_fr\/produit\/ceinture-de-maintien-ombilical\/#primaryimage"},"image":{"@id":"https:\/\/onaaph.dz\/fr_fr\/produit\/ceinture-de-maintien-ombilical\/#primaryimage"},"thumbnailUrl":"https:\/\/onaaph.dz\/wp-content\/uploads\/2026\/03\/CEINTURE-DE-MAINTIEN-OMBILICAL-scaled.png","datePublished":"2026-03-10T08:20:20+00:00","breadcrumb":{"@id":"https:\/\/onaaph.dz\/fr_fr\/produit\/ceinture-de-maintien-ombilical\/#breadcrumb"},"inLanguage":"fr-FR","potentialAction":[{"@type":"ReadAction","target":["https:\/\/onaaph.dz\/fr_fr\/produit\/ceinture-de-maintien-ombilical\/"]}]},{"@type":"ImageObject","inLanguage":"fr-FR","@id":"https:\/\/onaaph.dz\/fr_fr\/produit\/ceinture-de-maintien-ombilical\/#primaryimage","url":"https:\/\/onaaph.dz\/wp-content\/uploads\/2026\/03\/CEINTURE-DE-MAINTIEN-OMBILICAL-scaled.png","contentUrl":"https:\/\/onaaph.dz\/wp-content\/uploads\/2026\/03\/CEINTURE-DE-MAINTIEN-OMBILICAL-scaled.png","width":1810,"height":2560},{"@type":"BreadcrumbList","@id":"https:\/\/onaaph.dz\/fr_fr\/produit\/ceinture-de-maintien-ombilical\/#breadcrumb","itemListElement":[{"@type":"ListItem","position":1,"name":"Accueil","item":"https:\/\/onaaph.dz\/"},{"@type":"ListItem","position":2,"name":"Produits","item":"http:\/\/staging.onaaph.dz\/shop\/"},{"@type":"ListItem","position":3,"name":"CEINTURE DE MAINTIEN OMBILICAL"}]},{"@type":"WebSite","@id":"https:\/\/onaaph-staging.myndall.com\/#website","url":"https:\/\/onaaph-staging.myndall.com\/","name":"ONAAPH","description":"onaaph","potentialAction":[{"@type":"SearchAction","target":{"@type":"EntryPoint","urlTemplate":"https:\/\/onaaph-staging.myndall.com\/?s={search_term_string}"},"query-input":{"@type":"PropertyValueSpecification","valueRequired":true,"valueName":"search_term_string"}}],"inLanguage":"fr-FR"}]}},"_links":{"self":[{"href":"https:\/\/onaaph.dz\/fr_fr\/wp-json\/wp\/v2\/product\/4411","targetHints":{"allow":["GET"]}}],"collection":[{"href":"https:\/\/onaaph.dz\/fr_fr\/wp-json\/wp\/v2\/product"}],"about":[{"href":"https:\/\/onaaph.dz\/fr_fr\/wp-json\/wp\/v2\/types\/product"}],"wp:featuredmedia":[{"embeddable":true,"href":"https:\/\/onaaph.dz\/fr_fr\/wp-json\/wp\/v2\/media\/4422"}],"wp:attachment":[{"href":"https:\/\/onaaph.dz\/fr_fr\/wp-json\/wp\/v2\/media?parent=4411"}],"wp:term":[{"taxonomy":"product_brand","embeddable":true,"href":"https:\/\/onaaph.dz\/fr_fr\/wp-json\/wp\/v2\/product_brand?post=4411"},{"taxonomy":"product_cat","embeddable":true,"href":"https:\/\/onaaph.dz\/fr_fr\/wp-json\/wp\/v2\/product_cat?post=4411"},{"taxonomy":"product_tag","embeddable":true,"href":"https:\/\/onaaph.dz\/fr_fr\/wp-json\/wp\/v2\/product_tag?post=4411"}],"curies":[{"name":"wp","href":"https:\/\/api.w.org\/{rel}","templated":true}]}}