{"id":1092,"date":"2018-11-21T16:08:32","date_gmt":"2018-11-21T15:08:32","guid":{"rendered":"http:\/\/edjazair.com\/mysite\/?post_type=product&#038;p=1092"},"modified":"2026-03-09T10:53:08","modified_gmt":"2026-03-09T09:53:08","slug":"orthese-plantaire-pied-plat","status":"publish","type":"product","link":"https:\/\/onaaph.dz\/fr_fr\/produit\/orthese-plantaire-pied-plat\/","title":{"rendered":"PROTHESE DEFINITIVE FEMORALE"},"content":{"rendered":"<p><strong>PROTHESE DEFINITIVE FEMORALE\u00a0:<\/strong><\/p>\n<p>Con\u00e7ue pour les amputations de cuisse, avec embo\u00eeture qui facilite la circulation sanguine et am\u00e9liore la fonction m\u00e9canique de l\u2019articulation coxo-f\u00e9morale adapt\u00e9e aux personnes \u00e0 mobilit\u00e9 intense, offrant dynamisme et confort pour une utilisation en int\u00e9rieur et en ext\u00e9rieur.<\/p>\n","protected":false},"excerpt":{"rendered":"<p>PROTHESE DEFINITIVE FEMORALE\u00a0: Con\u00e7ue pour les amputations de cuisse, avec embo\u00eeture qui facilite la circulation sanguine et am\u00e9liore la fonction m\u00e9canique de l\u2019articulation coxo-f\u00e9morale adapt\u00e9e aux personnes \u00e0 mobilit\u00e9 intense, offrant dynamisme et confort pour une utilisation en int\u00e9rieur et en ext\u00e9rieur.<\/p>\n","protected":false},"featured_media":4348,"template":"","meta":{"inline_featured_image":false},"product_brand":[],"product_cat":[57],"product_tag":[],"class_list":{"0":"post-1092","1":"product","2":"type-product","3":"status-publish","4":"has-post-thumbnail","5":"","6":"product_cat-appareillage-orthopedique","8":"first","9":"instock","10":"shipping-taxable","11":"product-type-simple"},"yoast_head":"<!-- This site is optimized with the Yoast SEO plugin v27.2 - https:\/\/yoast.com\/product\/yoast-seo-wordpress\/ -->\n<title>PROTHESE DEFINITIVE FEMORALE - ONAAPH<\/title>\n<meta name=\"robots\" content=\"index, follow, max-snippet:-1, max-image-preview:large, max-video-preview:-1\" \/>\n<link rel=\"canonical\" href=\"https:\/\/onaaph.dz\/fr_fr\/produit\/orthese-plantaire-pied-plat\/\" \/>\n<meta property=\"og:locale\" content=\"fr_FR\" \/>\n<meta property=\"og:type\" content=\"article\" \/>\n<meta property=\"og:title\" content=\"PROTHESE DEFINITIVE FEMORALE - ONAAPH\" \/>\n<meta property=\"og:description\" content=\"PROTHESE DEFINITIVE FEMORALE\u00a0: Con\u00e7ue pour les amputations de cuisse, avec embo\u00eeture qui facilite la circulation sanguine et am\u00e9liore la fonction m\u00e9canique de l\u2019articulation coxo-f\u00e9morale adapt\u00e9e aux personnes \u00e0 mobilit\u00e9 intense, offrant dynamisme et confort pour une utilisation en int\u00e9rieur et en ext\u00e9rieur.\" \/>\n<meta property=\"og:url\" content=\"https:\/\/onaaph.dz\/fr_fr\/produit\/orthese-plantaire-pied-plat\/\" \/>\n<meta property=\"og:site_name\" content=\"ONAAPH\" \/>\n<meta property=\"article:modified_time\" content=\"2026-03-09T09:53:08+00:00\" \/>\n<meta property=\"og:image\" content=\"https:\/\/onaaph.dz\/wp-content\/uploads\/2018\/11\/WhatsApp-Image-2026-03-09-at-09.01.47.jpeg\" \/>\n\t<meta property=\"og:image:width\" content=\"411\" \/>\n\t<meta property=\"og:image:height\" content=\"300\" \/>\n\t<meta property=\"og:image:type\" content=\"image\/jpeg\" \/>\n<meta name=\"twitter:card\" content=\"summary_large_image\" \/>\n<meta name=\"twitter:label1\" content=\"Dur\u00e9e de lecture estim\u00e9e\" \/>\n\t<meta name=\"twitter:data1\" content=\"1 minute\" \/>\n<script type=\"application\/ld+json\" class=\"yoast-schema-graph\">{\"@context\":\"https:\/\/schema.org\",\"@graph\":[{\"@type\":\"WebPage\",\"@id\":\"https:\/\/onaaph.dz\/fr_fr\/produit\/orthese-plantaire-pied-plat\/\",\"url\":\"https:\/\/onaaph.dz\/fr_fr\/produit\/orthese-plantaire-pied-plat\/\",\"name\":\"PROTHESE DEFINITIVE FEMORALE - ONAAPH\",\"isPartOf\":{\"@id\":\"https:\/\/onaaph-staging.myndall.com\/#website\"},\"primaryImageOfPage\":{\"@id\":\"https:\/\/onaaph.dz\/fr_fr\/produit\/orthese-plantaire-pied-plat\/#primaryimage\"},\"image\":{\"@id\":\"https:\/\/onaaph.dz\/fr_fr\/produit\/orthese-plantaire-pied-plat\/#primaryimage\"},\"thumbnailUrl\":\"https:\/\/onaaph.dz\/wp-content\/uploads\/2018\/11\/WhatsApp-Image-2026-03-09-at-09.01.47.jpeg\",\"datePublished\":\"2018-11-21T15:08:32+00:00\",\"dateModified\":\"2026-03-09T09:53:08+00:00\",\"breadcrumb\":{\"@id\":\"https:\/\/onaaph.dz\/fr_fr\/produit\/orthese-plantaire-pied-plat\/#breadcrumb\"},\"inLanguage\":\"fr-FR\",\"potentialAction\":[{\"@type\":\"ReadAction\",\"target\":[\"https:\/\/onaaph.dz\/fr_fr\/produit\/orthese-plantaire-pied-plat\/\"]}]},{\"@type\":\"ImageObject\",\"inLanguage\":\"fr-FR\",\"@id\":\"https:\/\/onaaph.dz\/fr_fr\/produit\/orthese-plantaire-pied-plat\/#primaryimage\",\"url\":\"https:\/\/onaaph.dz\/wp-content\/uploads\/2018\/11\/WhatsApp-Image-2026-03-09-at-09.01.47.jpeg\",\"contentUrl\":\"https:\/\/onaaph.dz\/wp-content\/uploads\/2018\/11\/WhatsApp-Image-2026-03-09-at-09.01.47.jpeg\",\"width\":411,\"height\":300},{\"@type\":\"BreadcrumbList\",\"@id\":\"https:\/\/onaaph.dz\/fr_fr\/produit\/orthese-plantaire-pied-plat\/#breadcrumb\",\"itemListElement\":[{\"@type\":\"ListItem\",\"position\":1,\"name\":\"Accueil\",\"item\":\"https:\/\/onaaph.dz\/\"},{\"@type\":\"ListItem\",\"position\":2,\"name\":\"Produits\",\"item\":\"http:\/\/staging.onaaph.dz\/shop\/\"},{\"@type\":\"ListItem\",\"position\":3,\"name\":\"PROTHESE DEFINITIVE FEMORALE\"}]},{\"@type\":\"WebSite\",\"@id\":\"https:\/\/onaaph-staging.myndall.com\/#website\",\"url\":\"https:\/\/onaaph-staging.myndall.com\/\",\"name\":\"ONAAPH\",\"description\":\"onaaph\",\"potentialAction\":[{\"@type\":\"SearchAction\",\"target\":{\"@type\":\"EntryPoint\",\"urlTemplate\":\"https:\/\/onaaph-staging.myndall.com\/?s={search_term_string}\"},\"query-input\":{\"@type\":\"PropertyValueSpecification\",\"valueRequired\":true,\"valueName\":\"search_term_string\"}}],\"inLanguage\":\"fr-FR\"}]}<\/script>\n<!-- \/ Yoast SEO plugin. -->","yoast_head_json":{"title":"PROTHESE DEFINITIVE FEMORALE - ONAAPH","robots":{"index":"index","follow":"follow","max-snippet":"max-snippet:-1","max-image-preview":"max-image-preview:large","max-video-preview":"max-video-preview:-1"},"canonical":"https:\/\/onaaph.dz\/fr_fr\/produit\/orthese-plantaire-pied-plat\/","og_locale":"fr_FR","og_type":"article","og_title":"PROTHESE DEFINITIVE FEMORALE - ONAAPH","og_description":"PROTHESE DEFINITIVE FEMORALE\u00a0: Con\u00e7ue pour les amputations de cuisse, avec embo\u00eeture qui facilite la circulation sanguine et am\u00e9liore la fonction m\u00e9canique de l\u2019articulation coxo-f\u00e9morale adapt\u00e9e aux personnes \u00e0 mobilit\u00e9 intense, offrant dynamisme et confort pour une utilisation en int\u00e9rieur et en ext\u00e9rieur.","og_url":"https:\/\/onaaph.dz\/fr_fr\/produit\/orthese-plantaire-pied-plat\/","og_site_name":"ONAAPH","article_modified_time":"2026-03-09T09:53:08+00:00","og_image":[{"width":411,"height":300,"url":"https:\/\/onaaph.dz\/wp-content\/uploads\/2018\/11\/WhatsApp-Image-2026-03-09-at-09.01.47.jpeg","type":"image\/jpeg"}],"twitter_card":"summary_large_image","twitter_misc":{"Dur\u00e9e de lecture estim\u00e9e":"1 minute"},"schema":{"@context":"https:\/\/schema.org","@graph":[{"@type":"WebPage","@id":"https:\/\/onaaph.dz\/fr_fr\/produit\/orthese-plantaire-pied-plat\/","url":"https:\/\/onaaph.dz\/fr_fr\/produit\/orthese-plantaire-pied-plat\/","name":"PROTHESE DEFINITIVE FEMORALE - ONAAPH","isPartOf":{"@id":"https:\/\/onaaph-staging.myndall.com\/#website"},"primaryImageOfPage":{"@id":"https:\/\/onaaph.dz\/fr_fr\/produit\/orthese-plantaire-pied-plat\/#primaryimage"},"image":{"@id":"https:\/\/onaaph.dz\/fr_fr\/produit\/orthese-plantaire-pied-plat\/#primaryimage"},"thumbnailUrl":"https:\/\/onaaph.dz\/wp-content\/uploads\/2018\/11\/WhatsApp-Image-2026-03-09-at-09.01.47.jpeg","datePublished":"2018-11-21T15:08:32+00:00","dateModified":"2026-03-09T09:53:08+00:00","breadcrumb":{"@id":"https:\/\/onaaph.dz\/fr_fr\/produit\/orthese-plantaire-pied-plat\/#breadcrumb"},"inLanguage":"fr-FR","potentialAction":[{"@type":"ReadAction","target":["https:\/\/onaaph.dz\/fr_fr\/produit\/orthese-plantaire-pied-plat\/"]}]},{"@type":"ImageObject","inLanguage":"fr-FR","@id":"https:\/\/onaaph.dz\/fr_fr\/produit\/orthese-plantaire-pied-plat\/#primaryimage","url":"https:\/\/onaaph.dz\/wp-content\/uploads\/2018\/11\/WhatsApp-Image-2026-03-09-at-09.01.47.jpeg","contentUrl":"https:\/\/onaaph.dz\/wp-content\/uploads\/2018\/11\/WhatsApp-Image-2026-03-09-at-09.01.47.jpeg","width":411,"height":300},{"@type":"BreadcrumbList","@id":"https:\/\/onaaph.dz\/fr_fr\/produit\/orthese-plantaire-pied-plat\/#breadcrumb","itemListElement":[{"@type":"ListItem","position":1,"name":"Accueil","item":"https:\/\/onaaph.dz\/"},{"@type":"ListItem","position":2,"name":"Produits","item":"http:\/\/staging.onaaph.dz\/shop\/"},{"@type":"ListItem","position":3,"name":"PROTHESE DEFINITIVE FEMORALE"}]},{"@type":"WebSite","@id":"https:\/\/onaaph-staging.myndall.com\/#website","url":"https:\/\/onaaph-staging.myndall.com\/","name":"ONAAPH","description":"onaaph","potentialAction":[{"@type":"SearchAction","target":{"@type":"EntryPoint","urlTemplate":"https:\/\/onaaph-staging.myndall.com\/?s={search_term_string}"},"query-input":{"@type":"PropertyValueSpecification","valueRequired":true,"valueName":"search_term_string"}}],"inLanguage":"fr-FR"}]}},"_links":{"self":[{"href":"https:\/\/onaaph.dz\/fr_fr\/wp-json\/wp\/v2\/product\/1092","targetHints":{"allow":["GET"]}}],"collection":[{"href":"https:\/\/onaaph.dz\/fr_fr\/wp-json\/wp\/v2\/product"}],"about":[{"href":"https:\/\/onaaph.dz\/fr_fr\/wp-json\/wp\/v2\/types\/product"}],"wp:featuredmedia":[{"embeddable":true,"href":"https:\/\/onaaph.dz\/fr_fr\/wp-json\/wp\/v2\/media\/4348"}],"wp:attachment":[{"href":"https:\/\/onaaph.dz\/fr_fr\/wp-json\/wp\/v2\/media?parent=1092"}],"wp:term":[{"taxonomy":"product_brand","embeddable":true,"href":"https:\/\/onaaph.dz\/fr_fr\/wp-json\/wp\/v2\/product_brand?post=1092"},{"taxonomy":"product_cat","embeddable":true,"href":"https:\/\/onaaph.dz\/fr_fr\/wp-json\/wp\/v2\/product_cat?post=1092"},{"taxonomy":"product_tag","embeddable":true,"href":"https:\/\/onaaph.dz\/fr_fr\/wp-json\/wp\/v2\/product_tag?post=1092"}],"curies":[{"name":"wp","href":"https:\/\/api.w.org\/{rel}","templated":true}]}}