{"id":1089,"date":"2018-11-21T16:06:52","date_gmt":"2018-11-21T15:06:52","guid":{"rendered":"http:\/\/edjazair.com\/mysite\/?post_type=product&#038;p=1089"},"modified":"2026-03-09T10:55:05","modified_gmt":"2026-03-09T09:55:05","slug":"chaussure-orthopedique-enfant","status":"publish","type":"product","link":"https:\/\/onaaph.dz\/fr_fr\/produit\/chaussure-orthopedique-enfant\/","title":{"rendered":"PROTHESE DE LA DESARTICULATION DE L\u2019EPAULE"},"content":{"rendered":"<p><strong>PROTHESE DE LA DESARTICULATION DE L\u2019EPAULE\u00a0:<\/strong><\/p>\n<p>Proth\u00e8se l\u00e9g\u00e8re et esth\u00e9tique indiqu\u00e9e pour les patients ayant une amputation d\u2019\u00e9paule, avec articulation \u00e0 l\u2019\u00e9paule au coude, elle offre fonctionnalit\u00e9 tr\u00e8s limit\u00e9e.<\/p>\n","protected":false},"excerpt":{"rendered":"<p>PROTHESE DE LA DESARTICULATION DE L\u2019EPAULE\u00a0: Proth\u00e8se l\u00e9g\u00e8re et esth\u00e9tique indiqu\u00e9e pour les patients ayant une amputation d\u2019\u00e9paule, avec articulation \u00e0 l\u2019\u00e9paule au coude, elle offre fonctionnalit\u00e9 tr\u00e8s limit\u00e9e.<\/p>\n","protected":false},"featured_media":4367,"template":"","meta":{"inline_featured_image":false},"product_brand":[],"product_cat":[57],"product_tag":[],"class_list":{"0":"post-1089","1":"product","2":"type-product","3":"status-publish","4":"has-post-thumbnail","5":"","6":"product_cat-appareillage-orthopedique","8":"first","9":"instock","10":"shipping-taxable","11":"product-type-simple"},"yoast_head":"<!-- This site is optimized with the Yoast SEO plugin v27.2 - https:\/\/yoast.com\/product\/yoast-seo-wordpress\/ -->\n<title>PROTHESE DE LA DESARTICULATION DE L\u2019EPAULE - ONAAPH<\/title>\n<meta name=\"robots\" content=\"index, follow, max-snippet:-1, max-image-preview:large, max-video-preview:-1\" \/>\n<link rel=\"canonical\" href=\"https:\/\/onaaph.dz\/fr_fr\/produit\/chaussure-orthopedique-enfant\/\" \/>\n<meta property=\"og:locale\" content=\"fr_FR\" \/>\n<meta property=\"og:type\" content=\"article\" \/>\n<meta property=\"og:title\" content=\"PROTHESE DE LA DESARTICULATION DE L\u2019EPAULE - ONAAPH\" \/>\n<meta property=\"og:description\" content=\"PROTHESE DE LA DESARTICULATION DE L\u2019EPAULE\u00a0: Proth\u00e8se l\u00e9g\u00e8re et esth\u00e9tique indiqu\u00e9e pour les patients ayant une amputation d\u2019\u00e9paule, avec articulation \u00e0 l\u2019\u00e9paule au coude, elle offre fonctionnalit\u00e9 tr\u00e8s limit\u00e9e.\" \/>\n<meta property=\"og:url\" content=\"https:\/\/onaaph.dz\/fr_fr\/produit\/chaussure-orthopedique-enfant\/\" \/>\n<meta property=\"og:site_name\" content=\"ONAAPH\" \/>\n<meta property=\"article:modified_time\" content=\"2026-03-09T09:55:05+00:00\" \/>\n<meta property=\"og:image\" content=\"https:\/\/onaaph.dz\/wp-content\/uploads\/2018\/11\/WhatsApp-Image-2026-03-09-at-09.30.22-2.jpeg\" \/>\n\t<meta property=\"og:image:width\" content=\"411\" \/>\n\t<meta property=\"og:image:height\" content=\"300\" \/>\n\t<meta property=\"og:image:type\" content=\"image\/jpeg\" \/>\n<meta name=\"twitter:card\" content=\"summary_large_image\" \/>\n<meta name=\"twitter:label1\" content=\"Dur\u00e9e de lecture estim\u00e9e\" \/>\n\t<meta name=\"twitter:data1\" content=\"1 minute\" \/>\n<script type=\"application\/ld+json\" class=\"yoast-schema-graph\">{\"@context\":\"https:\/\/schema.org\",\"@graph\":[{\"@type\":\"WebPage\",\"@id\":\"https:\/\/onaaph.dz\/fr_fr\/produit\/chaussure-orthopedique-enfant\/\",\"url\":\"https:\/\/onaaph.dz\/fr_fr\/produit\/chaussure-orthopedique-enfant\/\",\"name\":\"PROTHESE DE LA DESARTICULATION DE L\u2019EPAULE - ONAAPH\",\"isPartOf\":{\"@id\":\"https:\/\/onaaph-staging.myndall.com\/#website\"},\"primaryImageOfPage\":{\"@id\":\"https:\/\/onaaph.dz\/fr_fr\/produit\/chaussure-orthopedique-enfant\/#primaryimage\"},\"image\":{\"@id\":\"https:\/\/onaaph.dz\/fr_fr\/produit\/chaussure-orthopedique-enfant\/#primaryimage\"},\"thumbnailUrl\":\"https:\/\/onaaph.dz\/wp-content\/uploads\/2018\/11\/WhatsApp-Image-2026-03-09-at-09.30.22-2.jpeg\",\"datePublished\":\"2018-11-21T15:06:52+00:00\",\"dateModified\":\"2026-03-09T09:55:05+00:00\",\"breadcrumb\":{\"@id\":\"https:\/\/onaaph.dz\/fr_fr\/produit\/chaussure-orthopedique-enfant\/#breadcrumb\"},\"inLanguage\":\"fr-FR\",\"potentialAction\":[{\"@type\":\"ReadAction\",\"target\":[\"https:\/\/onaaph.dz\/fr_fr\/produit\/chaussure-orthopedique-enfant\/\"]}]},{\"@type\":\"ImageObject\",\"inLanguage\":\"fr-FR\",\"@id\":\"https:\/\/onaaph.dz\/fr_fr\/produit\/chaussure-orthopedique-enfant\/#primaryimage\",\"url\":\"https:\/\/onaaph.dz\/wp-content\/uploads\/2018\/11\/WhatsApp-Image-2026-03-09-at-09.30.22-2.jpeg\",\"contentUrl\":\"https:\/\/onaaph.dz\/wp-content\/uploads\/2018\/11\/WhatsApp-Image-2026-03-09-at-09.30.22-2.jpeg\",\"width\":411,\"height\":300},{\"@type\":\"BreadcrumbList\",\"@id\":\"https:\/\/onaaph.dz\/fr_fr\/produit\/chaussure-orthopedique-enfant\/#breadcrumb\",\"itemListElement\":[{\"@type\":\"ListItem\",\"position\":1,\"name\":\"Accueil\",\"item\":\"https:\/\/onaaph.dz\/\"},{\"@type\":\"ListItem\",\"position\":2,\"name\":\"Produits\",\"item\":\"http:\/\/staging.onaaph.dz\/shop\/\"},{\"@type\":\"ListItem\",\"position\":3,\"name\":\"PROTHESE DE LA DESARTICULATION DE L\u2019EPAULE\"}]},{\"@type\":\"WebSite\",\"@id\":\"https:\/\/onaaph-staging.myndall.com\/#website\",\"url\":\"https:\/\/onaaph-staging.myndall.com\/\",\"name\":\"ONAAPH\",\"description\":\"onaaph\",\"potentialAction\":[{\"@type\":\"SearchAction\",\"target\":{\"@type\":\"EntryPoint\",\"urlTemplate\":\"https:\/\/onaaph-staging.myndall.com\/?s={search_term_string}\"},\"query-input\":{\"@type\":\"PropertyValueSpecification\",\"valueRequired\":true,\"valueName\":\"search_term_string\"}}],\"inLanguage\":\"fr-FR\"}]}<\/script>\n<!-- \/ Yoast SEO plugin. -->","yoast_head_json":{"title":"PROTHESE DE LA DESARTICULATION DE L\u2019EPAULE - ONAAPH","robots":{"index":"index","follow":"follow","max-snippet":"max-snippet:-1","max-image-preview":"max-image-preview:large","max-video-preview":"max-video-preview:-1"},"canonical":"https:\/\/onaaph.dz\/fr_fr\/produit\/chaussure-orthopedique-enfant\/","og_locale":"fr_FR","og_type":"article","og_title":"PROTHESE DE LA DESARTICULATION DE L\u2019EPAULE - ONAAPH","og_description":"PROTHESE DE LA DESARTICULATION DE L\u2019EPAULE\u00a0: Proth\u00e8se l\u00e9g\u00e8re et esth\u00e9tique indiqu\u00e9e pour les patients ayant une amputation d\u2019\u00e9paule, avec articulation \u00e0 l\u2019\u00e9paule au coude, elle offre fonctionnalit\u00e9 tr\u00e8s limit\u00e9e.","og_url":"https:\/\/onaaph.dz\/fr_fr\/produit\/chaussure-orthopedique-enfant\/","og_site_name":"ONAAPH","article_modified_time":"2026-03-09T09:55:05+00:00","og_image":[{"width":411,"height":300,"url":"https:\/\/onaaph.dz\/wp-content\/uploads\/2018\/11\/WhatsApp-Image-2026-03-09-at-09.30.22-2.jpeg","type":"image\/jpeg"}],"twitter_card":"summary_large_image","twitter_misc":{"Dur\u00e9e de lecture estim\u00e9e":"1 minute"},"schema":{"@context":"https:\/\/schema.org","@graph":[{"@type":"WebPage","@id":"https:\/\/onaaph.dz\/fr_fr\/produit\/chaussure-orthopedique-enfant\/","url":"https:\/\/onaaph.dz\/fr_fr\/produit\/chaussure-orthopedique-enfant\/","name":"PROTHESE DE LA DESARTICULATION DE L\u2019EPAULE - ONAAPH","isPartOf":{"@id":"https:\/\/onaaph-staging.myndall.com\/#website"},"primaryImageOfPage":{"@id":"https:\/\/onaaph.dz\/fr_fr\/produit\/chaussure-orthopedique-enfant\/#primaryimage"},"image":{"@id":"https:\/\/onaaph.dz\/fr_fr\/produit\/chaussure-orthopedique-enfant\/#primaryimage"},"thumbnailUrl":"https:\/\/onaaph.dz\/wp-content\/uploads\/2018\/11\/WhatsApp-Image-2026-03-09-at-09.30.22-2.jpeg","datePublished":"2018-11-21T15:06:52+00:00","dateModified":"2026-03-09T09:55:05+00:00","breadcrumb":{"@id":"https:\/\/onaaph.dz\/fr_fr\/produit\/chaussure-orthopedique-enfant\/#breadcrumb"},"inLanguage":"fr-FR","potentialAction":[{"@type":"ReadAction","target":["https:\/\/onaaph.dz\/fr_fr\/produit\/chaussure-orthopedique-enfant\/"]}]},{"@type":"ImageObject","inLanguage":"fr-FR","@id":"https:\/\/onaaph.dz\/fr_fr\/produit\/chaussure-orthopedique-enfant\/#primaryimage","url":"https:\/\/onaaph.dz\/wp-content\/uploads\/2018\/11\/WhatsApp-Image-2026-03-09-at-09.30.22-2.jpeg","contentUrl":"https:\/\/onaaph.dz\/wp-content\/uploads\/2018\/11\/WhatsApp-Image-2026-03-09-at-09.30.22-2.jpeg","width":411,"height":300},{"@type":"BreadcrumbList","@id":"https:\/\/onaaph.dz\/fr_fr\/produit\/chaussure-orthopedique-enfant\/#breadcrumb","itemListElement":[{"@type":"ListItem","position":1,"name":"Accueil","item":"https:\/\/onaaph.dz\/"},{"@type":"ListItem","position":2,"name":"Produits","item":"http:\/\/staging.onaaph.dz\/shop\/"},{"@type":"ListItem","position":3,"name":"PROTHESE DE LA DESARTICULATION DE L\u2019EPAULE"}]},{"@type":"WebSite","@id":"https:\/\/onaaph-staging.myndall.com\/#website","url":"https:\/\/onaaph-staging.myndall.com\/","name":"ONAAPH","description":"onaaph","potentialAction":[{"@type":"SearchAction","target":{"@type":"EntryPoint","urlTemplate":"https:\/\/onaaph-staging.myndall.com\/?s={search_term_string}"},"query-input":{"@type":"PropertyValueSpecification","valueRequired":true,"valueName":"search_term_string"}}],"inLanguage":"fr-FR"}]}},"_links":{"self":[{"href":"https:\/\/onaaph.dz\/fr_fr\/wp-json\/wp\/v2\/product\/1089","targetHints":{"allow":["GET"]}}],"collection":[{"href":"https:\/\/onaaph.dz\/fr_fr\/wp-json\/wp\/v2\/product"}],"about":[{"href":"https:\/\/onaaph.dz\/fr_fr\/wp-json\/wp\/v2\/types\/product"}],"wp:featuredmedia":[{"embeddable":true,"href":"https:\/\/onaaph.dz\/fr_fr\/wp-json\/wp\/v2\/media\/4367"}],"wp:attachment":[{"href":"https:\/\/onaaph.dz\/fr_fr\/wp-json\/wp\/v2\/media?parent=1089"}],"wp:term":[{"taxonomy":"product_brand","embeddable":true,"href":"https:\/\/onaaph.dz\/fr_fr\/wp-json\/wp\/v2\/product_brand?post=1089"},{"taxonomy":"product_cat","embeddable":true,"href":"https:\/\/onaaph.dz\/fr_fr\/wp-json\/wp\/v2\/product_cat?post=1089"},{"taxonomy":"product_tag","embeddable":true,"href":"https:\/\/onaaph.dz\/fr_fr\/wp-json\/wp\/v2\/product_tag?post=1089"}],"curies":[{"name":"wp","href":"https:\/\/api.w.org\/{rel}","templated":true}]}}