{"id":1079,"date":"2018-11-21T15:58:47","date_gmt":"2018-11-21T14:58:47","guid":{"rendered":"http:\/\/edjazair.com\/mysite\/?post_type=product&#038;p=1079"},"modified":"2026-03-09T11:13:12","modified_gmt":"2026-03-09T10:13:12","slug":"corset-a-collier-milwaukee","status":"publish","type":"product","link":"https:\/\/onaaph.dz\/fr_fr\/produit\/corset-a-collier-milwaukee\/","title":{"rendered":"Corset de MAINTIEN\u00a0"},"content":{"rendered":"<p><strong>Corset de MAINTIEN\u00a0:<\/strong><\/p>\n<p>Offre un soutien g\u00e9n\u00e9ral \u00e0 la colonne vert\u00e9brale et aux muscles du tronc, soulageant les douleurs et stabilisant la posture. Son utilisation varie selon les besoins du patient, souvent de quelques heures \u00e0 toute la journ\u00e9e.<\/p>\n","protected":false},"excerpt":{"rendered":"<p>Corset de MAINTIEN\u00a0: Offre un soutien g\u00e9n\u00e9ral \u00e0 la colonne vert\u00e9brale et aux muscles du tronc, soulageant les douleurs et stabilisant la posture. Son utilisation varie selon les besoins du patient, souvent de quelques heures \u00e0 toute la journ\u00e9e.<\/p>\n","protected":false},"featured_media":4352,"template":"","meta":{"inline_featured_image":false},"product_brand":[],"product_cat":[57],"product_tag":[],"class_list":{"0":"post-1079","1":"product","2":"type-product","3":"status-publish","4":"has-post-thumbnail","5":"","6":"product_cat-appareillage-orthopedique","8":"first","9":"instock","10":"shipping-taxable","11":"product-type-simple"},"yoast_head":"<!-- This site is optimized with the Yoast SEO plugin v27.2 - https:\/\/yoast.com\/product\/yoast-seo-wordpress\/ -->\n<title>Corset de MAINTIEN\u00a0 - ONAAPH<\/title>\n<meta name=\"robots\" content=\"index, follow, max-snippet:-1, max-image-preview:large, max-video-preview:-1\" \/>\n<link rel=\"canonical\" href=\"https:\/\/onaaph.dz\/fr_fr\/produit\/corset-a-collier-milwaukee\/\" \/>\n<meta property=\"og:locale\" content=\"fr_FR\" \/>\n<meta property=\"og:type\" content=\"article\" \/>\n<meta property=\"og:title\" content=\"Corset de MAINTIEN\u00a0 - ONAAPH\" \/>\n<meta property=\"og:description\" content=\"Corset de MAINTIEN\u00a0: Offre un soutien g\u00e9n\u00e9ral \u00e0 la colonne vert\u00e9brale et aux muscles du tronc, soulageant les douleurs et stabilisant la posture. Son utilisation varie selon les besoins du patient, souvent de quelques heures \u00e0 toute la journ\u00e9e.\" \/>\n<meta property=\"og:url\" content=\"https:\/\/onaaph.dz\/fr_fr\/produit\/corset-a-collier-milwaukee\/\" \/>\n<meta property=\"og:site_name\" content=\"ONAAPH\" \/>\n<meta property=\"article:modified_time\" content=\"2026-03-09T10:13:12+00:00\" \/>\n<meta property=\"og:image\" content=\"https:\/\/onaaph.dz\/wp-content\/uploads\/2018\/11\/Corset-de-MAINTIEN-scaled.png\" \/>\n\t<meta property=\"og:image:width\" content=\"1810\" \/>\n\t<meta property=\"og:image:height\" content=\"2560\" \/>\n\t<meta property=\"og:image:type\" content=\"image\/png\" \/>\n<meta name=\"twitter:card\" content=\"summary_large_image\" \/>\n<meta name=\"twitter:label1\" content=\"Dur\u00e9e de lecture estim\u00e9e\" \/>\n\t<meta name=\"twitter:data1\" content=\"1 minute\" \/>\n<script type=\"application\/ld+json\" class=\"yoast-schema-graph\">{\"@context\":\"https:\/\/schema.org\",\"@graph\":[{\"@type\":\"WebPage\",\"@id\":\"https:\/\/onaaph.dz\/fr_fr\/produit\/corset-a-collier-milwaukee\/\",\"url\":\"https:\/\/onaaph.dz\/fr_fr\/produit\/corset-a-collier-milwaukee\/\",\"name\":\"Corset de MAINTIEN\u00a0 - ONAAPH\",\"isPartOf\":{\"@id\":\"https:\/\/onaaph-staging.myndall.com\/#website\"},\"primaryImageOfPage\":{\"@id\":\"https:\/\/onaaph.dz\/fr_fr\/produit\/corset-a-collier-milwaukee\/#primaryimage\"},\"image\":{\"@id\":\"https:\/\/onaaph.dz\/fr_fr\/produit\/corset-a-collier-milwaukee\/#primaryimage\"},\"thumbnailUrl\":\"https:\/\/onaaph.dz\/wp-content\/uploads\/2018\/11\/Corset-de-MAINTIEN-scaled.png\",\"datePublished\":\"2018-11-21T14:58:47+00:00\",\"dateModified\":\"2026-03-09T10:13:12+00:00\",\"breadcrumb\":{\"@id\":\"https:\/\/onaaph.dz\/fr_fr\/produit\/corset-a-collier-milwaukee\/#breadcrumb\"},\"inLanguage\":\"fr-FR\",\"potentialAction\":[{\"@type\":\"ReadAction\",\"target\":[\"https:\/\/onaaph.dz\/fr_fr\/produit\/corset-a-collier-milwaukee\/\"]}]},{\"@type\":\"ImageObject\",\"inLanguage\":\"fr-FR\",\"@id\":\"https:\/\/onaaph.dz\/fr_fr\/produit\/corset-a-collier-milwaukee\/#primaryimage\",\"url\":\"https:\/\/onaaph.dz\/wp-content\/uploads\/2018\/11\/Corset-de-MAINTIEN-scaled.png\",\"contentUrl\":\"https:\/\/onaaph.dz\/wp-content\/uploads\/2018\/11\/Corset-de-MAINTIEN-scaled.png\",\"width\":1810,\"height\":2560},{\"@type\":\"BreadcrumbList\",\"@id\":\"https:\/\/onaaph.dz\/fr_fr\/produit\/corset-a-collier-milwaukee\/#breadcrumb\",\"itemListElement\":[{\"@type\":\"ListItem\",\"position\":1,\"name\":\"Accueil\",\"item\":\"https:\/\/onaaph.dz\/\"},{\"@type\":\"ListItem\",\"position\":2,\"name\":\"Produits\",\"item\":\"http:\/\/staging.onaaph.dz\/shop\/\"},{\"@type\":\"ListItem\",\"position\":3,\"name\":\"Corset de MAINTIEN\u00a0\"}]},{\"@type\":\"WebSite\",\"@id\":\"https:\/\/onaaph-staging.myndall.com\/#website\",\"url\":\"https:\/\/onaaph-staging.myndall.com\/\",\"name\":\"ONAAPH\",\"description\":\"onaaph\",\"potentialAction\":[{\"@type\":\"SearchAction\",\"target\":{\"@type\":\"EntryPoint\",\"urlTemplate\":\"https:\/\/onaaph-staging.myndall.com\/?s={search_term_string}\"},\"query-input\":{\"@type\":\"PropertyValueSpecification\",\"valueRequired\":true,\"valueName\":\"search_term_string\"}}],\"inLanguage\":\"fr-FR\"}]}<\/script>\n<!-- \/ Yoast SEO plugin. -->","yoast_head_json":{"title":"Corset de MAINTIEN\u00a0 - ONAAPH","robots":{"index":"index","follow":"follow","max-snippet":"max-snippet:-1","max-image-preview":"max-image-preview:large","max-video-preview":"max-video-preview:-1"},"canonical":"https:\/\/onaaph.dz\/fr_fr\/produit\/corset-a-collier-milwaukee\/","og_locale":"fr_FR","og_type":"article","og_title":"Corset de MAINTIEN\u00a0 - ONAAPH","og_description":"Corset de MAINTIEN\u00a0: Offre un soutien g\u00e9n\u00e9ral \u00e0 la colonne vert\u00e9brale et aux muscles du tronc, soulageant les douleurs et stabilisant la posture. Son utilisation varie selon les besoins du patient, souvent de quelques heures \u00e0 toute la journ\u00e9e.","og_url":"https:\/\/onaaph.dz\/fr_fr\/produit\/corset-a-collier-milwaukee\/","og_site_name":"ONAAPH","article_modified_time":"2026-03-09T10:13:12+00:00","og_image":[{"width":1810,"height":2560,"url":"https:\/\/onaaph.dz\/wp-content\/uploads\/2018\/11\/Corset-de-MAINTIEN-scaled.png","type":"image\/png"}],"twitter_card":"summary_large_image","twitter_misc":{"Dur\u00e9e de lecture estim\u00e9e":"1 minute"},"schema":{"@context":"https:\/\/schema.org","@graph":[{"@type":"WebPage","@id":"https:\/\/onaaph.dz\/fr_fr\/produit\/corset-a-collier-milwaukee\/","url":"https:\/\/onaaph.dz\/fr_fr\/produit\/corset-a-collier-milwaukee\/","name":"Corset de MAINTIEN\u00a0 - ONAAPH","isPartOf":{"@id":"https:\/\/onaaph-staging.myndall.com\/#website"},"primaryImageOfPage":{"@id":"https:\/\/onaaph.dz\/fr_fr\/produit\/corset-a-collier-milwaukee\/#primaryimage"},"image":{"@id":"https:\/\/onaaph.dz\/fr_fr\/produit\/corset-a-collier-milwaukee\/#primaryimage"},"thumbnailUrl":"https:\/\/onaaph.dz\/wp-content\/uploads\/2018\/11\/Corset-de-MAINTIEN-scaled.png","datePublished":"2018-11-21T14:58:47+00:00","dateModified":"2026-03-09T10:13:12+00:00","breadcrumb":{"@id":"https:\/\/onaaph.dz\/fr_fr\/produit\/corset-a-collier-milwaukee\/#breadcrumb"},"inLanguage":"fr-FR","potentialAction":[{"@type":"ReadAction","target":["https:\/\/onaaph.dz\/fr_fr\/produit\/corset-a-collier-milwaukee\/"]}]},{"@type":"ImageObject","inLanguage":"fr-FR","@id":"https:\/\/onaaph.dz\/fr_fr\/produit\/corset-a-collier-milwaukee\/#primaryimage","url":"https:\/\/onaaph.dz\/wp-content\/uploads\/2018\/11\/Corset-de-MAINTIEN-scaled.png","contentUrl":"https:\/\/onaaph.dz\/wp-content\/uploads\/2018\/11\/Corset-de-MAINTIEN-scaled.png","width":1810,"height":2560},{"@type":"BreadcrumbList","@id":"https:\/\/onaaph.dz\/fr_fr\/produit\/corset-a-collier-milwaukee\/#breadcrumb","itemListElement":[{"@type":"ListItem","position":1,"name":"Accueil","item":"https:\/\/onaaph.dz\/"},{"@type":"ListItem","position":2,"name":"Produits","item":"http:\/\/staging.onaaph.dz\/shop\/"},{"@type":"ListItem","position":3,"name":"Corset de MAINTIEN\u00a0"}]},{"@type":"WebSite","@id":"https:\/\/onaaph-staging.myndall.com\/#website","url":"https:\/\/onaaph-staging.myndall.com\/","name":"ONAAPH","description":"onaaph","potentialAction":[{"@type":"SearchAction","target":{"@type":"EntryPoint","urlTemplate":"https:\/\/onaaph-staging.myndall.com\/?s={search_term_string}"},"query-input":{"@type":"PropertyValueSpecification","valueRequired":true,"valueName":"search_term_string"}}],"inLanguage":"fr-FR"}]}},"_links":{"self":[{"href":"https:\/\/onaaph.dz\/fr_fr\/wp-json\/wp\/v2\/product\/1079","targetHints":{"allow":["GET"]}}],"collection":[{"href":"https:\/\/onaaph.dz\/fr_fr\/wp-json\/wp\/v2\/product"}],"about":[{"href":"https:\/\/onaaph.dz\/fr_fr\/wp-json\/wp\/v2\/types\/product"}],"wp:featuredmedia":[{"embeddable":true,"href":"https:\/\/onaaph.dz\/fr_fr\/wp-json\/wp\/v2\/media\/4352"}],"wp:attachment":[{"href":"https:\/\/onaaph.dz\/fr_fr\/wp-json\/wp\/v2\/media?parent=1079"}],"wp:term":[{"taxonomy":"product_brand","embeddable":true,"href":"https:\/\/onaaph.dz\/fr_fr\/wp-json\/wp\/v2\/product_brand?post=1079"},{"taxonomy":"product_cat","embeddable":true,"href":"https:\/\/onaaph.dz\/fr_fr\/wp-json\/wp\/v2\/product_cat?post=1079"},{"taxonomy":"product_tag","embeddable":true,"href":"https:\/\/onaaph.dz\/fr_fr\/wp-json\/wp\/v2\/product_tag?post=1079"}],"curies":[{"name":"wp","href":"https:\/\/api.w.org\/{rel}","templated":true}]}}