{"id":1078,"date":"2018-11-21T15:57:41","date_gmt":"2018-11-21T14:57:41","guid":{"rendered":"http:\/\/edjazair.com\/mysite\/?post_type=product&#038;p=1078"},"modified":"2026-03-09T11:19:22","modified_gmt":"2026-03-09T10:19:22","slug":"orthese-de-jambe","status":"publish","type":"product","link":"https:\/\/onaaph.dz\/fr_fr\/produit\/orthese-de-jambe\/","title":{"rendered":"Corset SIEGE"},"content":{"rendered":"<p><strong>Corset SIEGE\u00a0:<\/strong><\/p>\n<p>Con\u00e7u pour offrir un soutien lombaire et stabiliser la posture lorsqu&rsquo;il est assis. Il est g\u00e9n\u00e9ralement utilis\u00e9 pour soulager les douleurs et am\u00e9liorer la posture durant des p\u00e9riodes prolong\u00e9es de position assise.<\/p>\n<p>&nbsp;<\/p>\n","protected":false},"excerpt":{"rendered":"<p>Corset SIEGE\u00a0: Con\u00e7u pour offrir un soutien lombaire et stabiliser la posture lorsqu&rsquo;il est assis. Il est g\u00e9n\u00e9ralement utilis\u00e9 pour soulager les douleurs et am\u00e9liorer la posture durant des p\u00e9riodes prolong\u00e9es de position assise. &nbsp;<\/p>\n","protected":false},"featured_media":4353,"template":"","meta":{"inline_featured_image":false},"product_brand":[],"product_cat":[57],"product_tag":[],"class_list":{"0":"post-1078","1":"product","2":"type-product","3":"status-publish","4":"has-post-thumbnail","5":"","6":"product_cat-appareillage-orthopedique","8":"first","9":"instock","10":"shipping-taxable","11":"product-type-simple"},"yoast_head":"<!-- This site is optimized with the Yoast SEO plugin v27.2 - https:\/\/yoast.com\/product\/yoast-seo-wordpress\/ -->\n<title>Corset SIEGE - ONAAPH<\/title>\n<meta name=\"robots\" content=\"index, follow, max-snippet:-1, max-image-preview:large, max-video-preview:-1\" \/>\n<link rel=\"canonical\" href=\"https:\/\/onaaph.dz\/fr_fr\/produit\/orthese-de-jambe\/\" \/>\n<meta property=\"og:locale\" content=\"fr_FR\" \/>\n<meta property=\"og:type\" content=\"article\" \/>\n<meta property=\"og:title\" content=\"Corset SIEGE - ONAAPH\" \/>\n<meta property=\"og:description\" content=\"Corset SIEGE\u00a0: Con\u00e7u pour offrir un soutien lombaire et stabiliser la posture lorsqu&rsquo;il est assis. Il est g\u00e9n\u00e9ralement utilis\u00e9 pour soulager les douleurs et am\u00e9liorer la posture durant des p\u00e9riodes prolong\u00e9es de position assise. &nbsp;\" \/>\n<meta property=\"og:url\" content=\"https:\/\/onaaph.dz\/fr_fr\/produit\/orthese-de-jambe\/\" \/>\n<meta property=\"og:site_name\" content=\"ONAAPH\" \/>\n<meta property=\"article:modified_time\" content=\"2026-03-09T10:19:22+00:00\" \/>\n<meta property=\"og:image\" content=\"https:\/\/onaaph.dz\/wp-content\/uploads\/2018\/11\/Corset-SIEGE-scaled.png\" \/>\n\t<meta property=\"og:image:width\" content=\"1810\" \/>\n\t<meta property=\"og:image:height\" content=\"2560\" \/>\n\t<meta property=\"og:image:type\" content=\"image\/png\" \/>\n<meta name=\"twitter:card\" content=\"summary_large_image\" \/>\n<meta name=\"twitter:label1\" content=\"Dur\u00e9e de lecture estim\u00e9e\" \/>\n\t<meta name=\"twitter:data1\" content=\"1 minute\" \/>\n<script type=\"application\/ld+json\" class=\"yoast-schema-graph\">{\"@context\":\"https:\/\/schema.org\",\"@graph\":[{\"@type\":\"WebPage\",\"@id\":\"https:\/\/onaaph.dz\/fr_fr\/produit\/orthese-de-jambe\/\",\"url\":\"https:\/\/onaaph.dz\/fr_fr\/produit\/orthese-de-jambe\/\",\"name\":\"Corset SIEGE - ONAAPH\",\"isPartOf\":{\"@id\":\"https:\/\/onaaph-staging.myndall.com\/#website\"},\"primaryImageOfPage\":{\"@id\":\"https:\/\/onaaph.dz\/fr_fr\/produit\/orthese-de-jambe\/#primaryimage\"},\"image\":{\"@id\":\"https:\/\/onaaph.dz\/fr_fr\/produit\/orthese-de-jambe\/#primaryimage\"},\"thumbnailUrl\":\"https:\/\/onaaph.dz\/wp-content\/uploads\/2018\/11\/Corset-SIEGE-scaled.png\",\"datePublished\":\"2018-11-21T14:57:41+00:00\",\"dateModified\":\"2026-03-09T10:19:22+00:00\",\"breadcrumb\":{\"@id\":\"https:\/\/onaaph.dz\/fr_fr\/produit\/orthese-de-jambe\/#breadcrumb\"},\"inLanguage\":\"fr-FR\",\"potentialAction\":[{\"@type\":\"ReadAction\",\"target\":[\"https:\/\/onaaph.dz\/fr_fr\/produit\/orthese-de-jambe\/\"]}]},{\"@type\":\"ImageObject\",\"inLanguage\":\"fr-FR\",\"@id\":\"https:\/\/onaaph.dz\/fr_fr\/produit\/orthese-de-jambe\/#primaryimage\",\"url\":\"https:\/\/onaaph.dz\/wp-content\/uploads\/2018\/11\/Corset-SIEGE-scaled.png\",\"contentUrl\":\"https:\/\/onaaph.dz\/wp-content\/uploads\/2018\/11\/Corset-SIEGE-scaled.png\",\"width\":1810,\"height\":2560},{\"@type\":\"BreadcrumbList\",\"@id\":\"https:\/\/onaaph.dz\/fr_fr\/produit\/orthese-de-jambe\/#breadcrumb\",\"itemListElement\":[{\"@type\":\"ListItem\",\"position\":1,\"name\":\"Accueil\",\"item\":\"https:\/\/onaaph.dz\/\"},{\"@type\":\"ListItem\",\"position\":2,\"name\":\"Produits\",\"item\":\"http:\/\/staging.onaaph.dz\/shop\/\"},{\"@type\":\"ListItem\",\"position\":3,\"name\":\"Corset SIEGE\"}]},{\"@type\":\"WebSite\",\"@id\":\"https:\/\/onaaph-staging.myndall.com\/#website\",\"url\":\"https:\/\/onaaph-staging.myndall.com\/\",\"name\":\"ONAAPH\",\"description\":\"onaaph\",\"potentialAction\":[{\"@type\":\"SearchAction\",\"target\":{\"@type\":\"EntryPoint\",\"urlTemplate\":\"https:\/\/onaaph-staging.myndall.com\/?s={search_term_string}\"},\"query-input\":{\"@type\":\"PropertyValueSpecification\",\"valueRequired\":true,\"valueName\":\"search_term_string\"}}],\"inLanguage\":\"fr-FR\"}]}<\/script>\n<!-- \/ Yoast SEO plugin. -->","yoast_head_json":{"title":"Corset SIEGE - ONAAPH","robots":{"index":"index","follow":"follow","max-snippet":"max-snippet:-1","max-image-preview":"max-image-preview:large","max-video-preview":"max-video-preview:-1"},"canonical":"https:\/\/onaaph.dz\/fr_fr\/produit\/orthese-de-jambe\/","og_locale":"fr_FR","og_type":"article","og_title":"Corset SIEGE - ONAAPH","og_description":"Corset SIEGE\u00a0: Con\u00e7u pour offrir un soutien lombaire et stabiliser la posture lorsqu&rsquo;il est assis. Il est g\u00e9n\u00e9ralement utilis\u00e9 pour soulager les douleurs et am\u00e9liorer la posture durant des p\u00e9riodes prolong\u00e9es de position assise. &nbsp;","og_url":"https:\/\/onaaph.dz\/fr_fr\/produit\/orthese-de-jambe\/","og_site_name":"ONAAPH","article_modified_time":"2026-03-09T10:19:22+00:00","og_image":[{"width":1810,"height":2560,"url":"https:\/\/onaaph.dz\/wp-content\/uploads\/2018\/11\/Corset-SIEGE-scaled.png","type":"image\/png"}],"twitter_card":"summary_large_image","twitter_misc":{"Dur\u00e9e de lecture estim\u00e9e":"1 minute"},"schema":{"@context":"https:\/\/schema.org","@graph":[{"@type":"WebPage","@id":"https:\/\/onaaph.dz\/fr_fr\/produit\/orthese-de-jambe\/","url":"https:\/\/onaaph.dz\/fr_fr\/produit\/orthese-de-jambe\/","name":"Corset SIEGE - ONAAPH","isPartOf":{"@id":"https:\/\/onaaph-staging.myndall.com\/#website"},"primaryImageOfPage":{"@id":"https:\/\/onaaph.dz\/fr_fr\/produit\/orthese-de-jambe\/#primaryimage"},"image":{"@id":"https:\/\/onaaph.dz\/fr_fr\/produit\/orthese-de-jambe\/#primaryimage"},"thumbnailUrl":"https:\/\/onaaph.dz\/wp-content\/uploads\/2018\/11\/Corset-SIEGE-scaled.png","datePublished":"2018-11-21T14:57:41+00:00","dateModified":"2026-03-09T10:19:22+00:00","breadcrumb":{"@id":"https:\/\/onaaph.dz\/fr_fr\/produit\/orthese-de-jambe\/#breadcrumb"},"inLanguage":"fr-FR","potentialAction":[{"@type":"ReadAction","target":["https:\/\/onaaph.dz\/fr_fr\/produit\/orthese-de-jambe\/"]}]},{"@type":"ImageObject","inLanguage":"fr-FR","@id":"https:\/\/onaaph.dz\/fr_fr\/produit\/orthese-de-jambe\/#primaryimage","url":"https:\/\/onaaph.dz\/wp-content\/uploads\/2018\/11\/Corset-SIEGE-scaled.png","contentUrl":"https:\/\/onaaph.dz\/wp-content\/uploads\/2018\/11\/Corset-SIEGE-scaled.png","width":1810,"height":2560},{"@type":"BreadcrumbList","@id":"https:\/\/onaaph.dz\/fr_fr\/produit\/orthese-de-jambe\/#breadcrumb","itemListElement":[{"@type":"ListItem","position":1,"name":"Accueil","item":"https:\/\/onaaph.dz\/"},{"@type":"ListItem","position":2,"name":"Produits","item":"http:\/\/staging.onaaph.dz\/shop\/"},{"@type":"ListItem","position":3,"name":"Corset SIEGE"}]},{"@type":"WebSite","@id":"https:\/\/onaaph-staging.myndall.com\/#website","url":"https:\/\/onaaph-staging.myndall.com\/","name":"ONAAPH","description":"onaaph","potentialAction":[{"@type":"SearchAction","target":{"@type":"EntryPoint","urlTemplate":"https:\/\/onaaph-staging.myndall.com\/?s={search_term_string}"},"query-input":{"@type":"PropertyValueSpecification","valueRequired":true,"valueName":"search_term_string"}}],"inLanguage":"fr-FR"}]}},"_links":{"self":[{"href":"https:\/\/onaaph.dz\/fr_fr\/wp-json\/wp\/v2\/product\/1078","targetHints":{"allow":["GET"]}}],"collection":[{"href":"https:\/\/onaaph.dz\/fr_fr\/wp-json\/wp\/v2\/product"}],"about":[{"href":"https:\/\/onaaph.dz\/fr_fr\/wp-json\/wp\/v2\/types\/product"}],"wp:featuredmedia":[{"embeddable":true,"href":"https:\/\/onaaph.dz\/fr_fr\/wp-json\/wp\/v2\/media\/4353"}],"wp:attachment":[{"href":"https:\/\/onaaph.dz\/fr_fr\/wp-json\/wp\/v2\/media?parent=1078"}],"wp:term":[{"taxonomy":"product_brand","embeddable":true,"href":"https:\/\/onaaph.dz\/fr_fr\/wp-json\/wp\/v2\/product_brand?post=1078"},{"taxonomy":"product_cat","embeddable":true,"href":"https:\/\/onaaph.dz\/fr_fr\/wp-json\/wp\/v2\/product_cat?post=1078"},{"taxonomy":"product_tag","embeddable":true,"href":"https:\/\/onaaph.dz\/fr_fr\/wp-json\/wp\/v2\/product_tag?post=1078"}],"curies":[{"name":"wp","href":"https:\/\/api.w.org\/{rel}","templated":true}]}}