{"id":889,"date":"2018-11-07T11:37:09","date_gmt":"2018-11-07T10:37:09","guid":{"rendered":"http:\/\/edjazair.com\/mysite\/?page_id=889"},"modified":"2019-10-23T15:21:36","modified_gmt":"2019-10-23T13:21:36","slug":"decret","status":"publish","type":"page","link":"https:\/\/onaaph.dz\/fr_fr\/decret\/","title":{"rendered":"D\u00e9crets"},"content":{"rendered":"\n<table id=\"tablepress-4\" class=\"tablepress tablepress-id-4\">\n<thead>\n<tr class=\"row-1\">\n\t<th class=\"column-1\">Titre<\/th><th class=\"column-2\">Lien de t\u00e9l\u00e9chargement<\/th>\n<\/tr>\n<\/thead>\n<tbody class=\"row-striping row-hover\">\n<tr class=\"row-2\">\n\t<td class=\"column-1\">D\u00e9cret pourtant cr\u00e9ation d&#039;un office national d&#039;appareillages et accessoires pour personnes handicap\u00e9es<\/td><td class=\"column-2\"><a href=\"http:\/\/staging.onaaph.dz\/wp-content\/uploads\/2019\/09\/d\u00e9cret-pourtant-cr\u00e9ation-dun-office-national-dappareillages-et-accessoires-pour-personnes-handicap\u00e9es.pdf\">T\u00e9l\u00e9charger<\/a><\/td>\n<\/tr>\n<tr class=\"row-3\">\n\t<td class=\"column-1\">D\u00e9cret modifiant et comp\u00e9ltant le d\u00e9cret de cr\u00e9ation de l&#039;ONAAPH<\/td><td class=\"column-2\"><a href=\"http:\/\/staging.onaaph.dz\/wp-content\/uploads\/2019\/10\/d\u00e9cret-modifiant-et-comp\u00e9ltant-le-d\u00e9cret-de-cr\u00e9ation-de-lONAAPH.pdf\">T\u00e9l\u00e9charger<\/a><\/td>\n<\/tr>\n<tr class=\"row-4\">\n\t<td class=\"column-1\">Arr\u00eat\u00e9 portant l&#039;organisation interne de l&#039;office national d&#039;appareillages et accessoires pour personnes handicap\u00e9es <\/td><td class=\"column-2\"><a href=\"http:\/\/staging.onaaph.dz\/wp-content\/uploads\/2019\/09\/Arr\u00eat\u00e9-portant-lorganisation-interne-de-loffice-national-dappareillages-et-accessoires-pour-personnes-handicap\u00e9es.pdf\">T\u00e9l\u00e9charger<\/a><\/td>\n<\/tr>\n<\/tbody>\n<\/table>\n<!-- #tablepress-4 from cache -->\n","protected":false},"excerpt":{"rendered":"TitreLien de t\u00e9l\u00e9chargement D\u00e9cret pourtant cr\u00e9ation d&#039;un office national d&#039;appareillages et accessoires pour personnes handicap\u00e9esT\u00e9l\u00e9charger D\u00e9cret modifiant et comp\u00e9ltant le d\u00e9cret de cr\u00e9ation de l&#039;ONAAPHT\u00e9l\u00e9charger Arr\u00eat\u00e9 portant l&#039;organisation interne de l&#039;office national d&#039;appareillages et accessoires pour personnes handicap\u00e9es T\u00e9l\u00e9charger","protected":false},"author":1,"featured_media":0,"parent":0,"menu_order":0,"comment_status":"closed","ping_status":"closed","template":"","meta":{"inline_featured_image":false,"footnotes":""},"class_list":["post-889","page","type-page","status-publish",""],"yoast_head":"<!-- This site is optimized with the Yoast SEO plugin v27.2 - https:\/\/yoast.com\/product\/yoast-seo-wordpress\/ -->\n<title>D\u00e9crets - ONAAPH<\/title>\n<meta name=\"robots\" content=\"index, follow, max-snippet:-1, max-image-preview:large, max-video-preview:-1\" \/>\n<link rel=\"canonical\" href=\"http:\/\/staging.onaaph.dz\/decret\/\" \/>\n<meta property=\"og:locale\" content=\"fr_FR\" \/>\n<meta property=\"og:type\" content=\"article\" \/>\n<meta property=\"og:title\" content=\"D\u00e9crets - ONAAPH\" \/>\n<meta property=\"og:url\" content=\"http:\/\/staging.onaaph.dz\/decret\/\" \/>\n<meta property=\"og:site_name\" content=\"ONAAPH\" \/>\n<meta property=\"article:modified_time\" content=\"2019-10-23T13:21:36+00:00\" \/>\n<meta name=\"twitter:card\" content=\"summary_large_image\" \/>\n<script type=\"application\/ld+json\" class=\"yoast-schema-graph\">{\"@context\":\"https:\/\/schema.org\",\"@graph\":[{\"@type\":\"WebPage\",\"@id\":\"http:\/\/staging.onaaph.dz\/decret\/\",\"url\":\"http:\/\/staging.onaaph.dz\/decret\/\",\"name\":\"D\u00e9crets - ONAAPH\",\"isPartOf\":{\"@id\":\"https:\/\/onaaph-staging.myndall.com\/#website\"},\"datePublished\":\"2018-11-07T10:37:09+00:00\",\"dateModified\":\"2019-10-23T13:21:36+00:00\",\"breadcrumb\":{\"@id\":\"http:\/\/staging.onaaph.dz\/decret\/#breadcrumb\"},\"inLanguage\":\"fr-FR\",\"potentialAction\":[{\"@type\":\"ReadAction\",\"target\":[\"http:\/\/staging.onaaph.dz\/decret\/\"]}]},{\"@type\":\"BreadcrumbList\",\"@id\":\"http:\/\/staging.onaaph.dz\/decret\/#breadcrumb\",\"itemListElement\":[{\"@type\":\"ListItem\",\"position\":1,\"name\":\"Accueil\",\"item\":\"https:\/\/onaaph.dz\/\"},{\"@type\":\"ListItem\",\"position\":2,\"name\":\"D\u00e9crets\"}]},{\"@type\":\"WebSite\",\"@id\":\"https:\/\/onaaph-staging.myndall.com\/#website\",\"url\":\"https:\/\/onaaph-staging.myndall.com\/\",\"name\":\"ONAAPH\",\"description\":\"onaaph\",\"potentialAction\":[{\"@type\":\"SearchAction\",\"target\":{\"@type\":\"EntryPoint\",\"urlTemplate\":\"https:\/\/onaaph-staging.myndall.com\/?s={search_term_string}\"},\"query-input\":{\"@type\":\"PropertyValueSpecification\",\"valueRequired\":true,\"valueName\":\"search_term_string\"}}],\"inLanguage\":\"fr-FR\"}]}<\/script>\n<!-- \/ Yoast SEO plugin. -->","yoast_head_json":{"title":"D\u00e9crets - ONAAPH","robots":{"index":"index","follow":"follow","max-snippet":"max-snippet:-1","max-image-preview":"max-image-preview:large","max-video-preview":"max-video-preview:-1"},"canonical":"http:\/\/staging.onaaph.dz\/decret\/","og_locale":"fr_FR","og_type":"article","og_title":"D\u00e9crets - ONAAPH","og_url":"http:\/\/staging.onaaph.dz\/decret\/","og_site_name":"ONAAPH","article_modified_time":"2019-10-23T13:21:36+00:00","twitter_card":"summary_large_image","schema":{"@context":"https:\/\/schema.org","@graph":[{"@type":"WebPage","@id":"http:\/\/staging.onaaph.dz\/decret\/","url":"http:\/\/staging.onaaph.dz\/decret\/","name":"D\u00e9crets - ONAAPH","isPartOf":{"@id":"https:\/\/onaaph-staging.myndall.com\/#website"},"datePublished":"2018-11-07T10:37:09+00:00","dateModified":"2019-10-23T13:21:36+00:00","breadcrumb":{"@id":"http:\/\/staging.onaaph.dz\/decret\/#breadcrumb"},"inLanguage":"fr-FR","potentialAction":[{"@type":"ReadAction","target":["http:\/\/staging.onaaph.dz\/decret\/"]}]},{"@type":"BreadcrumbList","@id":"http:\/\/staging.onaaph.dz\/decret\/#breadcrumb","itemListElement":[{"@type":"ListItem","position":1,"name":"Accueil","item":"https:\/\/onaaph.dz\/"},{"@type":"ListItem","position":2,"name":"D\u00e9crets"}]},{"@type":"WebSite","@id":"https:\/\/onaaph-staging.myndall.com\/#website","url":"https:\/\/onaaph-staging.myndall.com\/","name":"ONAAPH","description":"onaaph","potentialAction":[{"@type":"SearchAction","target":{"@type":"EntryPoint","urlTemplate":"https:\/\/onaaph-staging.myndall.com\/?s={search_term_string}"},"query-input":{"@type":"PropertyValueSpecification","valueRequired":true,"valueName":"search_term_string"}}],"inLanguage":"fr-FR"}]}},"_links":{"self":[{"href":"https:\/\/onaaph.dz\/fr_fr\/wp-json\/wp\/v2\/pages\/889","targetHints":{"allow":["GET"]}}],"collection":[{"href":"https:\/\/onaaph.dz\/fr_fr\/wp-json\/wp\/v2\/pages"}],"about":[{"href":"https:\/\/onaaph.dz\/fr_fr\/wp-json\/wp\/v2\/types\/page"}],"author":[{"embeddable":true,"href":"https:\/\/onaaph.dz\/fr_fr\/wp-json\/wp\/v2\/users\/1"}],"replies":[{"embeddable":true,"href":"https:\/\/onaaph.dz\/fr_fr\/wp-json\/wp\/v2\/comments?post=889"}],"version-history":[{"count":5,"href":"https:\/\/onaaph.dz\/fr_fr\/wp-json\/wp\/v2\/pages\/889\/revisions"}],"predecessor-version":[{"id":1526,"href":"https:\/\/onaaph.dz\/fr_fr\/wp-json\/wp\/v2\/pages\/889\/revisions\/1526"}],"wp:attachment":[{"href":"https:\/\/onaaph.dz\/fr_fr\/wp-json\/wp\/v2\/media?parent=889"}],"curies":[{"name":"wp","href":"https:\/\/api.w.org\/{rel}","templated":true}]}}