{"id":886,"date":"2018-11-07T11:36:55","date_gmt":"2018-11-07T10:36:55","guid":{"rendered":"http:\/\/edjazair.com\/mysite\/?page_id=886"},"modified":"2019-09-24T12:04:54","modified_gmt":"2019-09-24T10:04:54","slug":"dossier-informatif","status":"publish","type":"page","link":"https:\/\/onaaph.dz\/fr_fr\/dossier-informatif\/","title":{"rendered":"Dossier Informatif"},"content":{"rendered":"\n<table id=\"tablepress-2\" class=\"tablepress tablepress-id-2\">\n<thead>\n<tr class=\"row-1\">\n\t<th class=\"column-1\">Titre<\/th><th class=\"column-2\">lien de T\u00e9l\u00e9chargement<\/th>\n<\/tr>\n<\/thead>\n<tbody class=\"row-striping row-hover\">\n<tr class=\"row-2\">\n\t<td class=\"column-1\">Aide Auditives<\/td><td class=\"column-2\"><a href=\"http:\/\/staging.onaaph.dz\/wp-content\/uploads\/2024\/05\/AUDIOLOGIE5-.pdf\">T\u00e9l\u00e9charger<\/a><\/td>\n<\/tr>\n<tr class=\"row-3\">\n\t<td class=\"column-1\">Aides Technique a la Marche<\/td><td class=\"column-2\"><a href=\"http:\/\/staging.onaaph.dz\/wp-content\/uploads\/2024\/05\/ATM5-.pdf\">T\u00e9l\u00e9charger<\/a><\/td>\n<\/tr>\n<tr class=\"row-4\">\n\t<td class=\"column-1\">Appareillages Orthop\u00e9diques<\/td><td class=\"column-2\"><a href =\"http:\/\/staging.onaaph.dz\/wp-content\/uploads\/2024\/05\/AOP4-.pdf\" >T\u00e9l\u00e9charger<\/a><\/td>\n<\/tr>\n<tr class=\"row-5\">\n\t<td class=\"column-1\">Aides Technique Sanitaire<\/td><td class=\"column-2\"><a href=\"http:\/\/staging.onaaph.dz\/wp-content\/uploads\/2024\/05\/ATS5-.pdf\">T\u00e9l\u00e9charger<\/a><\/td>\n<\/tr>\n<tr class=\"row-6\">\n\t<td class=\"column-1\">Comment B\u00e9n\u00e9ficier de nos Produits<\/td><td class=\"column-2\"><a href=\"http:\/\/staging.onaaph.dz\/wp-content\/uploads\/2024\/05\/\u0643\u064a\u0641-\u062a\u0633\u062a\u0641\u064a\u062f-\u0645\u0646-\u0645\u0646\u062a\u062c\u0627\u062a\u0646\u0627...2-1.pdf\">T\u00e9l\u00e9charger<\/a><\/td>\n<\/tr>\n<tr class=\"row-7\">\n\t<td class=\"column-1\">D\u00e9pliant Adresses<\/td><td class=\"column-2\"><a href=\"http:\/\/staging.onaaph.dz\/wp-content\/uploads\/2024\/05\/d\u00e9pliant-n\u00b0t\u00e9l-du-15.10.2023...texte-vectoris\u00e9.pdf\">T\u00e9l\u00e9charger<\/a><\/td>\n<\/tr>\n<tr class=\"row-8\">\n\t<td class=\"column-1\">Podo-Orthese<\/td><td class=\"column-2\"><a href=\"http:\/\/staging.onaaph.dz\/wp-content\/uploads\/2024\/05\/podologie3-.pdf\">T\u00e9l\u00e9charger<\/a><\/td>\n<\/tr>\n<\/tbody>\n<\/table>\n<!-- #tablepress-2 from cache -->\n","protected":false},"excerpt":{"rendered":"Titrelien de T\u00e9l\u00e9chargement Aide AuditivesT\u00e9l\u00e9charger Aides Technique a la MarcheT\u00e9l\u00e9charger Appareillages Orthop\u00e9diquesT\u00e9l\u00e9charger Aides Technique SanitaireT\u00e9l\u00e9charger Comment B\u00e9n\u00e9ficier de nos ProduitsT\u00e9l\u00e9charger D\u00e9pliant AdressesT\u00e9l\u00e9charger Podo-OrtheseT\u00e9l\u00e9charger","protected":false},"author":1,"featured_media":0,"parent":0,"menu_order":0,"comment_status":"closed","ping_status":"closed","template":"","meta":{"inline_featured_image":false,"footnotes":""},"class_list":["post-886","page","type-page","status-publish",""],"yoast_head":"<!-- This site is optimized with the Yoast SEO plugin v27.2 - https:\/\/yoast.com\/product\/yoast-seo-wordpress\/ -->\n<title>Dossier Informatif - ONAAPH<\/title>\n<meta name=\"robots\" content=\"index, follow, max-snippet:-1, max-image-preview:large, max-video-preview:-1\" \/>\n<link rel=\"canonical\" href=\"http:\/\/staging.onaaph.dz\/dossier-informatif\/\" \/>\n<meta property=\"og:locale\" content=\"fr_FR\" \/>\n<meta property=\"og:type\" content=\"article\" \/>\n<meta property=\"og:title\" content=\"Dossier Informatif - ONAAPH\" \/>\n<meta property=\"og:url\" content=\"http:\/\/staging.onaaph.dz\/dossier-informatif\/\" \/>\n<meta property=\"og:site_name\" content=\"ONAAPH\" \/>\n<meta property=\"article:modified_time\" content=\"2019-09-24T10:04:54+00:00\" \/>\n<meta name=\"twitter:card\" content=\"summary_large_image\" \/>\n<script type=\"application\/ld+json\" class=\"yoast-schema-graph\">{\"@context\":\"https:\/\/schema.org\",\"@graph\":[{\"@type\":\"WebPage\",\"@id\":\"http:\/\/staging.onaaph.dz\/dossier-informatif\/\",\"url\":\"http:\/\/staging.onaaph.dz\/dossier-informatif\/\",\"name\":\"Dossier Informatif - ONAAPH\",\"isPartOf\":{\"@id\":\"https:\/\/onaaph-staging.myndall.com\/#website\"},\"datePublished\":\"2018-11-07T10:36:55+00:00\",\"dateModified\":\"2019-09-24T10:04:54+00:00\",\"breadcrumb\":{\"@id\":\"http:\/\/staging.onaaph.dz\/dossier-informatif\/#breadcrumb\"},\"inLanguage\":\"fr-FR\",\"potentialAction\":[{\"@type\":\"ReadAction\",\"target\":[\"http:\/\/staging.onaaph.dz\/dossier-informatif\/\"]}]},{\"@type\":\"BreadcrumbList\",\"@id\":\"http:\/\/staging.onaaph.dz\/dossier-informatif\/#breadcrumb\",\"itemListElement\":[{\"@type\":\"ListItem\",\"position\":1,\"name\":\"Accueil\",\"item\":\"https:\/\/onaaph.dz\/\"},{\"@type\":\"ListItem\",\"position\":2,\"name\":\"Dossier Informatif\"}]},{\"@type\":\"WebSite\",\"@id\":\"https:\/\/onaaph-staging.myndall.com\/#website\",\"url\":\"https:\/\/onaaph-staging.myndall.com\/\",\"name\":\"ONAAPH\",\"description\":\"onaaph\",\"potentialAction\":[{\"@type\":\"SearchAction\",\"target\":{\"@type\":\"EntryPoint\",\"urlTemplate\":\"https:\/\/onaaph-staging.myndall.com\/?s={search_term_string}\"},\"query-input\":{\"@type\":\"PropertyValueSpecification\",\"valueRequired\":true,\"valueName\":\"search_term_string\"}}],\"inLanguage\":\"fr-FR\"}]}<\/script>\n<!-- \/ Yoast SEO plugin. -->","yoast_head_json":{"title":"Dossier Informatif - ONAAPH","robots":{"index":"index","follow":"follow","max-snippet":"max-snippet:-1","max-image-preview":"max-image-preview:large","max-video-preview":"max-video-preview:-1"},"canonical":"http:\/\/staging.onaaph.dz\/dossier-informatif\/","og_locale":"fr_FR","og_type":"article","og_title":"Dossier Informatif - ONAAPH","og_url":"http:\/\/staging.onaaph.dz\/dossier-informatif\/","og_site_name":"ONAAPH","article_modified_time":"2019-09-24T10:04:54+00:00","twitter_card":"summary_large_image","schema":{"@context":"https:\/\/schema.org","@graph":[{"@type":"WebPage","@id":"http:\/\/staging.onaaph.dz\/dossier-informatif\/","url":"http:\/\/staging.onaaph.dz\/dossier-informatif\/","name":"Dossier Informatif - ONAAPH","isPartOf":{"@id":"https:\/\/onaaph-staging.myndall.com\/#website"},"datePublished":"2018-11-07T10:36:55+00:00","dateModified":"2019-09-24T10:04:54+00:00","breadcrumb":{"@id":"http:\/\/staging.onaaph.dz\/dossier-informatif\/#breadcrumb"},"inLanguage":"fr-FR","potentialAction":[{"@type":"ReadAction","target":["http:\/\/staging.onaaph.dz\/dossier-informatif\/"]}]},{"@type":"BreadcrumbList","@id":"http:\/\/staging.onaaph.dz\/dossier-informatif\/#breadcrumb","itemListElement":[{"@type":"ListItem","position":1,"name":"Accueil","item":"https:\/\/onaaph.dz\/"},{"@type":"ListItem","position":2,"name":"Dossier Informatif"}]},{"@type":"WebSite","@id":"https:\/\/onaaph-staging.myndall.com\/#website","url":"https:\/\/onaaph-staging.myndall.com\/","name":"ONAAPH","description":"onaaph","potentialAction":[{"@type":"SearchAction","target":{"@type":"EntryPoint","urlTemplate":"https:\/\/onaaph-staging.myndall.com\/?s={search_term_string}"},"query-input":{"@type":"PropertyValueSpecification","valueRequired":true,"valueName":"search_term_string"}}],"inLanguage":"fr-FR"}]}},"_links":{"self":[{"href":"https:\/\/onaaph.dz\/fr_fr\/wp-json\/wp\/v2\/pages\/886","targetHints":{"allow":["GET"]}}],"collection":[{"href":"https:\/\/onaaph.dz\/fr_fr\/wp-json\/wp\/v2\/pages"}],"about":[{"href":"https:\/\/onaaph.dz\/fr_fr\/wp-json\/wp\/v2\/types\/page"}],"author":[{"embeddable":true,"href":"https:\/\/onaaph.dz\/fr_fr\/wp-json\/wp\/v2\/users\/1"}],"replies":[{"embeddable":true,"href":"https:\/\/onaaph.dz\/fr_fr\/wp-json\/wp\/v2\/comments?post=886"}],"version-history":[{"count":4,"href":"https:\/\/onaaph.dz\/fr_fr\/wp-json\/wp\/v2\/pages\/886\/revisions"}],"predecessor-version":[{"id":1350,"href":"https:\/\/onaaph.dz\/fr_fr\/wp-json\/wp\/v2\/pages\/886\/revisions\/1350"}],"wp:attachment":[{"href":"https:\/\/onaaph.dz\/fr_fr\/wp-json\/wp\/v2\/media?parent=886"}],"curies":[{"name":"wp","href":"https:\/\/api.w.org\/{rel}","templated":true}]}}