{"id":804,"date":"2018-11-04T13:02:06","date_gmt":"2018-11-04T12:02:06","guid":{"rendered":"http:\/\/edjazair.com\/mysite\/?page_id=804"},"modified":"2026-03-10T10:34:47","modified_gmt":"2026-03-10T09:34:47","slug":"aides-auditives","status":"publish","type":"page","link":"https:\/\/onaaph.dz\/fr_fr\/aides-auditives\/","title":{"rendered":"Aides Auditives"},"content":{"rendered":"<div class=\"wpb-content-wrapper\"><div class=\"vc_row wpb_row vc_row-fluid vc_row-o-content-middle vc_row-flex\"><div data-vc-parallax=\"1.5\" class=\"wpb_column vc_column_container vc_col-sm-12 vc_col-has-fill vc_general vc_parallax vc_parallax-content-moving\"><div class=\"vc_column-inner\"><div class=\"wpb_wrapper\">\n<div class=\"vc_grid-container-wrapper vc_clearfix vc_grid-animation-none\">\n\t<div class=\"vc_grid-container vc_clearfix wpb_content_element vc_basic_grid\" data-initial-loading-animation=\"none\" data-vc-grid-settings=\"{&quot;page_id&quot;:804,&quot;style&quot;:&quot;lazy&quot;,&quot;action&quot;:&quot;vc_get_vc_grid_data&quot;,&quot;shortcode_id&quot;:&quot;1773135258718-7a87d423738ad4fefeda2fa6d8555fdb-8&quot;,&quot;items_per_page&quot;:&quot;10&quot;,&quot;tag&quot;:&quot;vc_basic_grid&quot;}\" data-vc-request=\"https:\/\/onaaph.dz\/wp-admin\/admin-ajax.php\" data-vc-post-id=\"804\" data-vc-public-nonce=\"ce83f2626d\">\n\t\t<style data-type=\"vc_shortcodes-custom-css\">.vc_custom_1544002185307{padding-right: 15px !important;padding-left: 15px !important;background-color: #2677bf !important;}<\/style><div class=\"vc_grid vc_row vc_grid-gutter-30px vc_pageable-wrapper vc_hook_hover\" data-vc-pageable-content=\"true\"><div class=\"vc_pageable-slide-wrapper vc_clearfix\" data-vc-grid-content=\"true\"><div class=\"vc_grid-item vc_clearfix vc_col-sm-4\"><div class=\"vc_grid-item-mini vc_clearfix \"><div class=\"vc_gitem-animated-block  vc_gitem-animate vc_gitem-animate-slideTop\"  data-vc-animation=\"slideTop\"><div class=\"vc_gitem-zone vc_gitem-zone-a vc-gitem-zone-height-mode-auto vc-gitem-zone-height-mode-auto-1-1 vc_gitem-is-link\" style=\"background-image: url('https:\/\/onaaph.dz\/wp-content\/uploads\/2026\/03\/ULTRA-POWER-1024x898.png') !important;\"><a href=\"https:\/\/onaaph.dz\/fr_fr\/produit\/ultra-power\/\" title=\"ULTRA POWER\" class=\"vc_gitem-link vc-zone-link\" ><\/a><img decoding=\"async\" class=\"vc_gitem-zone-img\" src=\"https:\/\/onaaph.dz\/wp-content\/uploads\/2026\/03\/ULTRA-POWER-1024x898.png\" alt=\"ULTRA POWER\" loading=\"lazy\"><div class=\"vc_gitem-zone-mini\"><\/div><\/div><div class=\"vc_gitem-zone vc_gitem-zone-b vc_custom_1544002185307 vc-gitem-zone-height-mode-auto\"><div class=\"vc_gitem-zone-mini\"><div class=\"vc_gitem_row vc_row vc_gitem-row-position-middle\"><div class=\"vc_col-sm-12 vc_gitem-col vc_gitem-col-align-\"><div class=\"vc_custom_heading vc_gitem-post-data vc_gitem-post-data-source-post_title\" ><div style=\"font-size: 24px;color: #ffffff;line-height: 1.2;text-align: left;font-family:Montserrat;font-weight:700;font-style:normal\" >ULTRA POWER<\/div><\/div><div class=\"vc_custom_heading vc_gitem-post-data vc_gitem-post-data-source-post_excerpt\" ><div style=\"font-size: 14px;color: #ffffff;line-height: 1.3;text-align: left;font-family:Roboto;font-weight:400;font-style:normal\" ><p>ULTRA POWER\u00a0: Pour surdit\u00e9 profonde, offre une amplification maximale pour compenser les pertes auditives s\u00e9v\u00e8res. Elle est id\u00e9ale pour am\u00e9liorer l&rsquo;audition et la compr\u00e9hension de la parole.<\/p>\n<\/div><\/div><div class=\"vc_btn3-container vc_btn3-left\"><a class=\"vc_general vc_btn3 vc_btn3-size-md vc_btn3-shape-square vc_btn3-style-outline vc_btn3-color-white\" a href=\"https:\/\/onaaph.dz\/fr_fr\/produit\/ultra-power\/\" class=\"vc_gitem-link vc_general vc_btn3 vc_general vc_btn3 vc_btn3-size-md vc_btn3-shape-square vc_btn3-style-outline vc_btn3-color-white\" title=\"EN SAVOIR PLUS\">EN SAVOIR PLUS<\/a><\/div><\/div><\/div><\/div><\/div><\/div><\/div><div class=\"vc_clearfix\"><\/div><\/div><div class=\"vc_grid-item vc_clearfix vc_col-sm-4\"><div class=\"vc_grid-item-mini vc_clearfix \"><div class=\"vc_gitem-animated-block  vc_gitem-animate vc_gitem-animate-slideTop\"  data-vc-animation=\"slideTop\"><div class=\"vc_gitem-zone vc_gitem-zone-a vc-gitem-zone-height-mode-auto vc-gitem-zone-height-mode-auto-1-1 vc_gitem-is-link\" style=\"background-image: url('https:\/\/onaaph.dz\/wp-content\/uploads\/2026\/03\/WhatsApp-Image-2026-03-12-at-10.21.05.jpeg') !important;\"><a href=\"https:\/\/onaaph.dz\/fr_fr\/produit\/super-power\/\" title=\"SUPER POWER\" class=\"vc_gitem-link vc-zone-link\" ><\/a><img decoding=\"async\" class=\"vc_gitem-zone-img\" src=\"https:\/\/onaaph.dz\/wp-content\/uploads\/2026\/03\/WhatsApp-Image-2026-03-12-at-10.21.05.jpeg\" alt=\"SUPER POWER\" loading=\"lazy\"><div class=\"vc_gitem-zone-mini\"><\/div><\/div><div class=\"vc_gitem-zone vc_gitem-zone-b vc_custom_1544002185307 vc-gitem-zone-height-mode-auto\"><div class=\"vc_gitem-zone-mini\"><div class=\"vc_gitem_row vc_row vc_gitem-row-position-middle\"><div class=\"vc_col-sm-12 vc_gitem-col vc_gitem-col-align-\"><div class=\"vc_custom_heading vc_gitem-post-data vc_gitem-post-data-source-post_title\" ><div style=\"font-size: 24px;color: #ffffff;line-height: 1.2;text-align: left;font-family:Montserrat;font-weight:700;font-style:normal\" >SUPER POWER<\/div><\/div><div class=\"vc_custom_heading vc_gitem-post-data vc_gitem-post-data-source-post_excerpt\" ><div style=\"font-size: 14px;color: #ffffff;line-height: 1.3;text-align: left;font-family:Roboto;font-weight:400;font-style:normal\" ><p>\u00a0SUPER POWER : Destin\u00e9e aux personnes avec une surdit\u00e9 s\u00e9v\u00e8re \u00e0 profonde, offrant une amplification puissante pour entendre les sons faibles et comprendre la parole, m\u00eame dans des environnements difficiles. Ces appareils sont robustes et fiables pour un soutien auditif important.<\/p>\n<\/div><\/div><div class=\"vc_btn3-container vc_btn3-left\"><a class=\"vc_general vc_btn3 vc_btn3-size-md vc_btn3-shape-square vc_btn3-style-outline vc_btn3-color-white\" a href=\"https:\/\/onaaph.dz\/fr_fr\/produit\/super-power\/\" class=\"vc_gitem-link vc_general vc_btn3 vc_general vc_btn3 vc_btn3-size-md vc_btn3-shape-square vc_btn3-style-outline vc_btn3-color-white\" title=\"EN SAVOIR PLUS\">EN SAVOIR PLUS<\/a><\/div><\/div><\/div><\/div><\/div><\/div><\/div><div class=\"vc_clearfix\"><\/div><\/div><div class=\"vc_grid-item vc_clearfix vc_col-sm-4\"><div class=\"vc_grid-item-mini vc_clearfix \"><div class=\"vc_gitem-animated-block  vc_gitem-animate vc_gitem-animate-slideTop\"  data-vc-animation=\"slideTop\"><div class=\"vc_gitem-zone vc_gitem-zone-a vc-gitem-zone-height-mode-auto vc-gitem-zone-height-mode-auto-1-1 vc_gitem-is-link\" style=\"background-image: url('https:\/\/onaaph.dz\/wp-content\/uploads\/2026\/03\/POWER-1024x1024.png') !important;\"><a href=\"https:\/\/onaaph.dz\/fr_fr\/produit\/power\/\" title=\"POWER\" class=\"vc_gitem-link vc-zone-link\" ><\/a><img decoding=\"async\" class=\"vc_gitem-zone-img\" src=\"https:\/\/onaaph.dz\/wp-content\/uploads\/2026\/03\/POWER-1024x1024.png\" alt=\"POWER\" loading=\"lazy\"><div class=\"vc_gitem-zone-mini\"><\/div><\/div><div class=\"vc_gitem-zone vc_gitem-zone-b vc_custom_1544002185307 vc-gitem-zone-height-mode-auto\"><div class=\"vc_gitem-zone-mini\"><div class=\"vc_gitem_row vc_row vc_gitem-row-position-middle\"><div class=\"vc_col-sm-12 vc_gitem-col vc_gitem-col-align-\"><div class=\"vc_custom_heading vc_gitem-post-data vc_gitem-post-data-source-post_title\" ><div style=\"font-size: 24px;color: #ffffff;line-height: 1.2;text-align: left;font-family:Montserrat;font-weight:700;font-style:normal\" >POWER<\/div><\/div><div class=\"vc_custom_heading vc_gitem-post-data vc_gitem-post-data-source-post_excerpt\" ><div style=\"font-size: 14px;color: #ffffff;line-height: 1.3;text-align: left;font-family:Roboto;font-weight:400;font-style:normal\" ><p>POWER\u00a0: Con\u00e7ue pour les surdit\u00e9s l\u00e9g\u00e8res \u00e0 s\u00e9v\u00e8res, offrant une amplification adapt\u00e9e pour am\u00e9liorer l&rsquo;audition et la compr\u00e9hension de la parole dans diverses situations.<\/p>\n<\/div><\/div><div class=\"vc_btn3-container vc_btn3-left\"><a class=\"vc_general vc_btn3 vc_btn3-size-md vc_btn3-shape-square vc_btn3-style-outline vc_btn3-color-white\" a href=\"https:\/\/onaaph.dz\/fr_fr\/produit\/power\/\" class=\"vc_gitem-link vc_general vc_btn3 vc_general vc_btn3 vc_btn3-size-md vc_btn3-shape-square vc_btn3-style-outline vc_btn3-color-white\" title=\"EN SAVOIR PLUS\">EN SAVOIR PLUS<\/a><\/div><\/div><\/div><\/div><\/div><\/div><\/div><div class=\"vc_clearfix\"><\/div><\/div><div class=\"vc_grid-item vc_clearfix vc_col-sm-4\"><div class=\"vc_grid-item-mini vc_clearfix \"><div class=\"vc_gitem-animated-block  vc_gitem-animate vc_gitem-animate-slideTop\"  data-vc-animation=\"slideTop\"><div class=\"vc_gitem-zone vc_gitem-zone-a vc-gitem-zone-height-mode-auto vc-gitem-zone-height-mode-auto-1-1 vc_gitem-is-link\" style=\"background-image: url('https:\/\/onaaph.dz\/wp-content\/uploads\/2026\/03\/POWER-PERFORMANCE-1.png') !important;\"><a href=\"https:\/\/onaaph.dz\/fr_fr\/produit\/power-performance\/\" title=\"POWER PERFORMANCE\" class=\"vc_gitem-link vc-zone-link\" ><\/a><img decoding=\"async\" class=\"vc_gitem-zone-img\" src=\"https:\/\/onaaph.dz\/wp-content\/uploads\/2026\/03\/POWER-PERFORMANCE-1.png\" alt=\"POWER PERFORMANCE\" loading=\"lazy\"><div class=\"vc_gitem-zone-mini\"><\/div><\/div><div class=\"vc_gitem-zone vc_gitem-zone-b vc_custom_1544002185307 vc-gitem-zone-height-mode-auto\"><div class=\"vc_gitem-zone-mini\"><div class=\"vc_gitem_row vc_row vc_gitem-row-position-middle\"><div class=\"vc_col-sm-12 vc_gitem-col vc_gitem-col-align-\"><div class=\"vc_custom_heading vc_gitem-post-data vc_gitem-post-data-source-post_title\" ><div style=\"font-size: 24px;color: #ffffff;line-height: 1.2;text-align: left;font-family:Montserrat;font-weight:700;font-style:normal\" >POWER PERFORMANCE<\/div><\/div><div class=\"vc_custom_heading vc_gitem-post-data vc_gitem-post-data-source-post_excerpt\" ><div style=\"font-size: 14px;color: #ffffff;line-height: 1.3;text-align: left;font-family:Roboto;font-weight:400;font-style:normal\" ><p>POWER PERFORMANCE\u00a0: Con\u00e7ue pour les surdit\u00e9s s\u00e9v\u00e8res \u00e0 profondes, offrant une amplification puissante pour am\u00e9liorer l&rsquo;audition et la compr\u00e9hension de la parole dans des environnements difficiles.<\/p>\n<\/div><\/div><div class=\"vc_btn3-container vc_btn3-left\"><a class=\"vc_general vc_btn3 vc_btn3-size-md vc_btn3-shape-square vc_btn3-style-outline vc_btn3-color-white\" a href=\"https:\/\/onaaph.dz\/fr_fr\/produit\/power-performance\/\" class=\"vc_gitem-link vc_general vc_btn3 vc_general vc_btn3 vc_btn3-size-md vc_btn3-shape-square vc_btn3-style-outline vc_btn3-color-white\" title=\"EN SAVOIR PLUS\">EN SAVOIR PLUS<\/a><\/div><\/div><\/div><\/div><\/div><\/div><\/div><div class=\"vc_clearfix\"><\/div><\/div><div class=\"vc_grid-item vc_clearfix vc_col-sm-4\"><div class=\"vc_grid-item-mini vc_clearfix \"><div class=\"vc_gitem-animated-block  vc_gitem-animate vc_gitem-animate-slideTop\"  data-vc-animation=\"slideTop\"><div class=\"vc_gitem-zone vc_gitem-zone-a vc-gitem-zone-height-mode-auto vc-gitem-zone-height-mode-auto-1-1 vc_gitem-is-link\" style=\"background-image: url('https:\/\/onaaph.dz\/wp-content\/uploads\/2026\/03\/Completely-In-Canal_CIC-853x1024.png') !important;\"><a href=\"https:\/\/onaaph.dz\/fr_fr\/produit\/completely-in-canal_cic\/\" title=\"Completely In Canal_CIC\" class=\"vc_gitem-link vc-zone-link\" ><\/a><img decoding=\"async\" class=\"vc_gitem-zone-img\" src=\"https:\/\/onaaph.dz\/wp-content\/uploads\/2026\/03\/Completely-In-Canal_CIC-853x1024.png\" alt=\"Completely In Canal_CIC\" loading=\"lazy\"><div class=\"vc_gitem-zone-mini\"><\/div><\/div><div class=\"vc_gitem-zone vc_gitem-zone-b vc_custom_1544002185307 vc-gitem-zone-height-mode-auto\"><div class=\"vc_gitem-zone-mini\"><div class=\"vc_gitem_row vc_row vc_gitem-row-position-middle\"><div class=\"vc_col-sm-12 vc_gitem-col vc_gitem-col-align-\"><div class=\"vc_custom_heading vc_gitem-post-data vc_gitem-post-data-source-post_title\" ><div style=\"font-size: 24px;color: #ffffff;line-height: 1.2;text-align: left;font-family:Montserrat;font-weight:700;font-style:normal\" >Completely In Canal_CIC<\/div><\/div><div class=\"vc_custom_heading vc_gitem-post-data vc_gitem-post-data-source-post_excerpt\" ><div style=\"font-size: 14px;color: #ffffff;line-height: 1.3;text-align: left;font-family:Roboto;font-weight:400;font-style:normal\" ><p>Completely In Canal_CIC\u00a0: Discret, se place enti\u00e8rement dans le canal auditif, offrant une amplification efficace pour les surdit\u00e9s l\u00e9g\u00e8res \u00e0 s\u00e9v\u00e8res tout en \u00e9tant peu visible.<\/p>\n<\/div><\/div><div class=\"vc_btn3-container vc_btn3-left\"><a class=\"vc_general vc_btn3 vc_btn3-size-md vc_btn3-shape-square vc_btn3-style-outline vc_btn3-color-white\" a href=\"https:\/\/onaaph.dz\/fr_fr\/produit\/completely-in-canal_cic\/\" class=\"vc_gitem-link vc_general vc_btn3 vc_general vc_btn3 vc_btn3-size-md vc_btn3-shape-square vc_btn3-style-outline vc_btn3-color-white\" title=\"EN SAVOIR PLUS\">EN SAVOIR PLUS<\/a><\/div><\/div><\/div><\/div><\/div><\/div><\/div><div class=\"vc_clearfix\"><\/div><\/div><div class=\"vc_grid-item vc_clearfix vc_col-sm-4\"><div class=\"vc_grid-item-mini vc_clearfix \"><div class=\"vc_gitem-animated-block  vc_gitem-animate vc_gitem-animate-slideTop\"  data-vc-animation=\"slideTop\"><div class=\"vc_gitem-zone vc_gitem-zone-a vc-gitem-zone-height-mode-auto vc-gitem-zone-height-mode-auto-1-1 vc_gitem-is-link\" style=\"background-image: url('https:\/\/onaaph.dz\/wp-content\/uploads\/2026\/03\/In-The-canal-ITC.png') !important;\"><a href=\"https:\/\/onaaph.dz\/fr_fr\/produit\/in-the-canal-itc\/\" title=\"In The canal \u2013 ITC\u00a0\" class=\"vc_gitem-link vc-zone-link\" ><\/a><img decoding=\"async\" class=\"vc_gitem-zone-img\" src=\"https:\/\/onaaph.dz\/wp-content\/uploads\/2026\/03\/In-The-canal-ITC.png\" alt=\"In The canal \u2013 ITC\u00a0\" loading=\"lazy\"><div class=\"vc_gitem-zone-mini\"><\/div><\/div><div class=\"vc_gitem-zone vc_gitem-zone-b vc_custom_1544002185307 vc-gitem-zone-height-mode-auto\"><div class=\"vc_gitem-zone-mini\"><div class=\"vc_gitem_row vc_row vc_gitem-row-position-middle\"><div class=\"vc_col-sm-12 vc_gitem-col vc_gitem-col-align-\"><div class=\"vc_custom_heading vc_gitem-post-data vc_gitem-post-data-source-post_title\" ><div style=\"font-size: 24px;color: #ffffff;line-height: 1.2;text-align: left;font-family:Montserrat;font-weight:700;font-style:normal\" >In The canal \u2013 ITC\u00a0<\/div><\/div><div class=\"vc_custom_heading vc_gitem-post-data vc_gitem-post-data-source-post_excerpt\" ><div style=\"font-size: 14px;color: #ffffff;line-height: 1.3;text-align: left;font-family:Roboto;font-weight:400;font-style:normal\" ><p>In The canal \u2013 ITC\u00a0: Partiellement visible dans le canal auditif, offrant un \u00e9quilibre entre discr\u00e9tion et amplification. Il est con\u00e7u pour les surdit\u00e9s s\u00e9v\u00e8res \u00e0 profondes, tout en offrant un confort et une fonctionnalit\u00e9 am\u00e9lior\u00e9s.<\/p>\n<\/div><\/div><div class=\"vc_btn3-container vc_btn3-left\"><a class=\"vc_general vc_btn3 vc_btn3-size-md vc_btn3-shape-square vc_btn3-style-outline vc_btn3-color-white\" a href=\"https:\/\/onaaph.dz\/fr_fr\/produit\/in-the-canal-itc\/\" class=\"vc_gitem-link vc_general vc_btn3 vc_general vc_btn3 vc_btn3-size-md vc_btn3-shape-square vc_btn3-style-outline vc_btn3-color-white\" title=\"EN SAVOIR PLUS\">EN SAVOIR PLUS<\/a><\/div><\/div><\/div><\/div><\/div><\/div><\/div><div class=\"vc_clearfix\"><\/div><\/div><div class=\"vc_grid-item vc_clearfix vc_col-sm-4\"><div class=\"vc_grid-item-mini vc_clearfix \"><div class=\"vc_gitem-animated-block  vc_gitem-animate vc_gitem-animate-slideTop\"  data-vc-animation=\"slideTop\"><div class=\"vc_gitem-zone vc_gitem-zone-a vc-gitem-zone-height-mode-auto vc-gitem-zone-height-mode-auto-1-1 vc_gitem-is-link\" style=\"background-image: url('https:\/\/onaaph.dz\/wp-content\/uploads\/2026\/03\/LES-PILES-724x1024.png') !important;\"><a href=\"https:\/\/onaaph.dz\/fr_fr\/produit\/les-piles\/\" title=\"LES PILES\" class=\"vc_gitem-link vc-zone-link\" ><\/a><img decoding=\"async\" class=\"vc_gitem-zone-img\" src=\"https:\/\/onaaph.dz\/wp-content\/uploads\/2026\/03\/LES-PILES-724x1024.png\" alt=\"LES PILES\" loading=\"lazy\"><div class=\"vc_gitem-zone-mini\"><\/div><\/div><div class=\"vc_gitem-zone vc_gitem-zone-b vc_custom_1544002185307 vc-gitem-zone-height-mode-auto\"><div class=\"vc_gitem-zone-mini\"><div class=\"vc_gitem_row vc_row vc_gitem-row-position-middle\"><div class=\"vc_col-sm-12 vc_gitem-col vc_gitem-col-align-\"><div class=\"vc_custom_heading vc_gitem-post-data vc_gitem-post-data-source-post_title\" ><div style=\"font-size: 24px;color: #ffffff;line-height: 1.2;text-align: left;font-family:Montserrat;font-weight:700;font-style:normal\" >LES PILES<\/div><\/div><div class=\"vc_custom_heading vc_gitem-post-data vc_gitem-post-data-source-post_excerpt\" ><div style=\"font-size: 14px;color: #ffffff;line-height: 1.3;text-align: left;font-family:Roboto;font-weight:400;font-style:normal\" ><p>LES PILES : Nos piles auditives sont con\u00e7ues pour offrir une performance fiable et durable, garantissant une alimentation continue pour vos appareils auditifs. Disponibles en diff\u00e9rents types.<\/p>\n<\/div><\/div><div class=\"vc_btn3-container vc_btn3-left\"><a class=\"vc_general vc_btn3 vc_btn3-size-md vc_btn3-shape-square vc_btn3-style-outline vc_btn3-color-white\" a href=\"https:\/\/onaaph.dz\/fr_fr\/produit\/les-piles\/\" class=\"vc_gitem-link vc_general vc_btn3 vc_general vc_btn3 vc_btn3-size-md vc_btn3-shape-square vc_btn3-style-outline vc_btn3-color-white\" title=\"EN SAVOIR PLUS\">EN SAVOIR PLUS<\/a><\/div><\/div><\/div><\/div><\/div><\/div><\/div><div class=\"vc_clearfix\"><\/div><\/div><\/div><div data-lazy-loading-btn=\"true\" style=\"display: none;\"><a href=\"https:\/\/onaaph.dz\/fr_fr\/aides-auditives\/\"><\/a><\/div><\/div>\n\t<\/div>\n<\/div><\/div><\/div><\/div><\/div>\n<\/div>","protected":false},"excerpt":{"rendered":"<p>LES PILES : Nos piles auditives sont con\u00e7ues pour offrir une performance fiable et durable, garantissant une alimentation continue pour vos appareils auditifs. Disponibles en diff\u00e9rents types.<\/p>\n","protected":false},"author":1,"featured_media":0,"parent":0,"menu_order":0,"comment_status":"closed","ping_status":"closed","template":"","meta":{"inline_featured_image":false,"footnotes":""},"class_list":["post-804","page","type-page","status-publish",""],"yoast_head":"<!-- This site is optimized with the Yoast SEO plugin v27.2 - https:\/\/yoast.com\/product\/yoast-seo-wordpress\/ -->\n<title>Aides Auditives - ONAAPH<\/title>\n<meta name=\"robots\" content=\"index, follow, max-snippet:-1, max-image-preview:large, max-video-preview:-1\" \/>\n<link rel=\"canonical\" href=\"https:\/\/onaaph.dz\/fr_fr\/aides-auditives\/\" \/>\n<meta property=\"og:locale\" content=\"fr_FR\" \/>\n<meta property=\"og:type\" content=\"article\" \/>\n<meta property=\"og:title\" content=\"Aides Auditives - ONAAPH\" \/>\n<meta property=\"og:description\" content=\"LES PILES : Nos piles auditives sont con\u00e7ues pour offrir une performance fiable et durable, garantissant une alimentation continue pour vos appareils auditifs. Disponibles en diff\u00e9rents types.\" \/>\n<meta property=\"og:url\" content=\"https:\/\/onaaph.dz\/fr_fr\/aides-auditives\/\" \/>\n<meta property=\"og:site_name\" content=\"ONAAPH\" \/>\n<meta property=\"article:modified_time\" content=\"2026-03-10T09:34:47+00:00\" \/>\n<meta name=\"twitter:card\" content=\"summary_large_image\" \/>\n<script type=\"application\/ld+json\" class=\"yoast-schema-graph\">{\"@context\":\"https:\/\/schema.org\",\"@graph\":[{\"@type\":\"WebPage\",\"@id\":\"https:\/\/onaaph.dz\/aides-auditives\/\",\"url\":\"https:\/\/onaaph.dz\/aides-auditives\/\",\"name\":\"Aides Auditives - ONAAPH\",\"isPartOf\":{\"@id\":\"https:\/\/onaaph-staging.myndall.com\/#website\"},\"datePublished\":\"2018-11-04T12:02:06+00:00\",\"dateModified\":\"2026-03-10T09:34:47+00:00\",\"breadcrumb\":{\"@id\":\"https:\/\/onaaph.dz\/aides-auditives\/#breadcrumb\"},\"inLanguage\":\"fr-FR\",\"potentialAction\":[{\"@type\":\"ReadAction\",\"target\":[\"https:\/\/onaaph.dz\/aides-auditives\/\"]}]},{\"@type\":\"BreadcrumbList\",\"@id\":\"https:\/\/onaaph.dz\/aides-auditives\/#breadcrumb\",\"itemListElement\":[{\"@type\":\"ListItem\",\"position\":1,\"name\":\"Accueil\",\"item\":\"https:\/\/onaaph.dz\/\"},{\"@type\":\"ListItem\",\"position\":2,\"name\":\"Aides Auditives\"}]},{\"@type\":\"WebSite\",\"@id\":\"https:\/\/onaaph-staging.myndall.com\/#website\",\"url\":\"https:\/\/onaaph-staging.myndall.com\/\",\"name\":\"ONAAPH\",\"description\":\"onaaph\",\"potentialAction\":[{\"@type\":\"SearchAction\",\"target\":{\"@type\":\"EntryPoint\",\"urlTemplate\":\"https:\/\/onaaph-staging.myndall.com\/?s={search_term_string}\"},\"query-input\":{\"@type\":\"PropertyValueSpecification\",\"valueRequired\":true,\"valueName\":\"search_term_string\"}}],\"inLanguage\":\"fr-FR\"}]}<\/script>\n<!-- \/ Yoast SEO plugin. -->","yoast_head_json":{"title":"Aides Auditives - ONAAPH","robots":{"index":"index","follow":"follow","max-snippet":"max-snippet:-1","max-image-preview":"max-image-preview:large","max-video-preview":"max-video-preview:-1"},"canonical":"https:\/\/onaaph.dz\/fr_fr\/aides-auditives\/","og_locale":"fr_FR","og_type":"article","og_title":"Aides Auditives - ONAAPH","og_description":"LES PILES : Nos piles auditives sont con\u00e7ues pour offrir une performance fiable et durable, garantissant une alimentation continue pour vos appareils auditifs. Disponibles en diff\u00e9rents types.","og_url":"https:\/\/onaaph.dz\/fr_fr\/aides-auditives\/","og_site_name":"ONAAPH","article_modified_time":"2026-03-10T09:34:47+00:00","twitter_card":"summary_large_image","schema":{"@context":"https:\/\/schema.org","@graph":[{"@type":"WebPage","@id":"https:\/\/onaaph.dz\/aides-auditives\/","url":"https:\/\/onaaph.dz\/aides-auditives\/","name":"Aides Auditives - ONAAPH","isPartOf":{"@id":"https:\/\/onaaph-staging.myndall.com\/#website"},"datePublished":"2018-11-04T12:02:06+00:00","dateModified":"2026-03-10T09:34:47+00:00","breadcrumb":{"@id":"https:\/\/onaaph.dz\/aides-auditives\/#breadcrumb"},"inLanguage":"fr-FR","potentialAction":[{"@type":"ReadAction","target":["https:\/\/onaaph.dz\/aides-auditives\/"]}]},{"@type":"BreadcrumbList","@id":"https:\/\/onaaph.dz\/aides-auditives\/#breadcrumb","itemListElement":[{"@type":"ListItem","position":1,"name":"Accueil","item":"https:\/\/onaaph.dz\/"},{"@type":"ListItem","position":2,"name":"Aides Auditives"}]},{"@type":"WebSite","@id":"https:\/\/onaaph-staging.myndall.com\/#website","url":"https:\/\/onaaph-staging.myndall.com\/","name":"ONAAPH","description":"onaaph","potentialAction":[{"@type":"SearchAction","target":{"@type":"EntryPoint","urlTemplate":"https:\/\/onaaph-staging.myndall.com\/?s={search_term_string}"},"query-input":{"@type":"PropertyValueSpecification","valueRequired":true,"valueName":"search_term_string"}}],"inLanguage":"fr-FR"}]}},"_links":{"self":[{"href":"https:\/\/onaaph.dz\/fr_fr\/wp-json\/wp\/v2\/pages\/804","targetHints":{"allow":["GET"]}}],"collection":[{"href":"https:\/\/onaaph.dz\/fr_fr\/wp-json\/wp\/v2\/pages"}],"about":[{"href":"https:\/\/onaaph.dz\/fr_fr\/wp-json\/wp\/v2\/types\/page"}],"author":[{"embeddable":true,"href":"https:\/\/onaaph.dz\/fr_fr\/wp-json\/wp\/v2\/users\/1"}],"replies":[{"embeddable":true,"href":"https:\/\/onaaph.dz\/fr_fr\/wp-json\/wp\/v2\/comments?post=804"}],"version-history":[{"count":27,"href":"https:\/\/onaaph.dz\/fr_fr\/wp-json\/wp\/v2\/pages\/804\/revisions"}],"predecessor-version":[{"id":4489,"href":"https:\/\/onaaph.dz\/fr_fr\/wp-json\/wp\/v2\/pages\/804\/revisions\/4489"}],"wp:attachment":[{"href":"https:\/\/onaaph.dz\/fr_fr\/wp-json\/wp\/v2\/media?parent=804"}],"curies":[{"name":"wp","href":"https:\/\/api.w.org\/{rel}","templated":true}]}}