{"id":801,"date":"2018-11-04T13:01:49","date_gmt":"2018-11-04T12:01:49","guid":{"rendered":"http:\/\/edjazair.com\/mysite\/?page_id=801"},"modified":"2026-03-10T10:36:06","modified_gmt":"2026-03-10T09:36:06","slug":"aides-sanitaires","status":"publish","type":"page","link":"https:\/\/onaaph.dz\/fr_fr\/aides-sanitaires\/","title":{"rendered":"Aides Sanitaires"},"content":{"rendered":"<div class=\"wpb-content-wrapper\"><div class=\"vc_row wpb_row vc_row-fluid vc_row-o-content-middle vc_row-flex\"><div data-vc-parallax=\"1.5\" class=\"wpb_column vc_column_container vc_col-sm-12 vc_col-has-fill vc_general vc_parallax vc_parallax-content-moving\"><div class=\"vc_column-inner\"><div class=\"wpb_wrapper\">\n<div class=\"vc_grid-container-wrapper vc_clearfix vc_grid-animation-none\">\n\t<div class=\"vc_grid-container vc_clearfix wpb_content_element vc_basic_grid\" data-initial-loading-animation=\"none\" data-vc-grid-settings=\"{&quot;page_id&quot;:801,&quot;style&quot;:&quot;lazy&quot;,&quot;action&quot;:&quot;vc_get_vc_grid_data&quot;,&quot;shortcode_id&quot;:&quot;1773135424759-7006d214bc515878baa219297dc77374-2&quot;,&quot;items_per_page&quot;:&quot;10&quot;,&quot;tag&quot;:&quot;vc_basic_grid&quot;}\" data-vc-request=\"https:\/\/onaaph.dz\/wp-admin\/admin-ajax.php\" data-vc-post-id=\"801\" data-vc-public-nonce=\"ce83f2626d\">\n\t\t<style data-type=\"vc_shortcodes-custom-css\">.vc_custom_1544002185307{padding-right: 15px !important;padding-left: 15px !important;background-color: #2677bf !important;}<\/style><div class=\"vc_grid vc_row vc_grid-gutter-30px vc_pageable-wrapper vc_hook_hover\" data-vc-pageable-content=\"true\"><div class=\"vc_pageable-slide-wrapper vc_clearfix\" data-vc-grid-content=\"true\"><div class=\"vc_grid-item vc_clearfix vc_col-sm-4\"><div class=\"vc_grid-item-mini vc_clearfix \"><div class=\"vc_gitem-animated-block  vc_gitem-animate vc_gitem-animate-slideTop\"  data-vc-animation=\"slideTop\"><div class=\"vc_gitem-zone vc_gitem-zone-a vc-gitem-zone-height-mode-auto vc-gitem-zone-height-mode-auto-1-1 vc_gitem-is-link\" style=\"background-image: url('https:\/\/onaaph.dz\/wp-content\/uploads\/2026\/03\/POCHES-COLOSTOMIE-724x1024.png') !important;\"><a href=\"https:\/\/onaaph.dz\/fr_fr\/produit\/poches-colostomie\/\" title=\"POCHES COLOSTOMIE\u00a0\" class=\"vc_gitem-link vc-zone-link\" ><\/a><img decoding=\"async\" class=\"vc_gitem-zone-img\" src=\"https:\/\/onaaph.dz\/wp-content\/uploads\/2026\/03\/POCHES-COLOSTOMIE-724x1024.png\" alt=\"POCHES COLOSTOMIE\u00a0\" loading=\"lazy\"><div class=\"vc_gitem-zone-mini\"><\/div><\/div><div class=\"vc_gitem-zone vc_gitem-zone-b vc_custom_1544002185307 vc-gitem-zone-height-mode-auto\"><div class=\"vc_gitem-zone-mini\"><div class=\"vc_gitem_row vc_row vc_gitem-row-position-middle\"><div class=\"vc_col-sm-12 vc_gitem-col vc_gitem-col-align-\"><div class=\"vc_custom_heading vc_gitem-post-data vc_gitem-post-data-source-post_title\" ><div style=\"font-size: 24px;color: #ffffff;line-height: 1.2;text-align: left;font-family:Montserrat;font-weight:700;font-style:normal\" >POCHES COLOSTOMIE\u00a0<\/div><\/div><div class=\"vc_custom_heading vc_gitem-post-data vc_gitem-post-data-source-post_excerpt\" ><div style=\"font-size: 14px;color: #ffffff;line-height: 1.3;text-align: left;font-family:Roboto;font-weight:400;font-style:normal\" ><p>POCHES COLOSTOMIE\u00a0: Utilis\u00e9 pour recueillir les selles apr\u00e8s une colostomie. Elle est con\u00e7ue pour \u00eatre fix\u00e9e \u00e0 la peau autour de l&rsquo;ouverture chirurgicale (stomie) et permet une gestion hygi\u00e9nique des d\u00e9chets corporels.<\/p>\n<\/div><\/div><div class=\"vc_btn3-container vc_btn3-left\"><a class=\"vc_general vc_btn3 vc_btn3-size-md vc_btn3-shape-square vc_btn3-style-outline vc_btn3-color-white\" a href=\"https:\/\/onaaph.dz\/fr_fr\/produit\/poches-colostomie\/\" class=\"vc_gitem-link vc_general vc_btn3 vc_general vc_btn3 vc_btn3-size-md vc_btn3-shape-square vc_btn3-style-outline vc_btn3-color-white\" title=\"EN SAVOIR PLUS\">EN SAVOIR PLUS<\/a><\/div><\/div><\/div><\/div><\/div><\/div><\/div><div class=\"vc_clearfix\"><\/div><\/div><div class=\"vc_grid-item vc_clearfix vc_col-sm-4\"><div class=\"vc_grid-item-mini vc_clearfix \"><div class=\"vc_gitem-animated-block  vc_gitem-animate vc_gitem-animate-slideTop\"  data-vc-animation=\"slideTop\"><div class=\"vc_gitem-zone vc_gitem-zone-a vc-gitem-zone-height-mode-auto vc-gitem-zone-height-mode-auto-1-1 vc_gitem-is-link\" style=\"background-image: url('https:\/\/onaaph.dz\/wp-content\/uploads\/2026\/03\/WhatsApp-Image-2026-03-12-at-10.22.30-1.jpeg') !important;\"><a href=\"https:\/\/onaaph.dz\/fr_fr\/produit\/poche-ileostomie\/\" title=\"POCHE ILEOSTOMIE\" class=\"vc_gitem-link vc-zone-link\" ><\/a><img decoding=\"async\" class=\"vc_gitem-zone-img\" src=\"https:\/\/onaaph.dz\/wp-content\/uploads\/2026\/03\/WhatsApp-Image-2026-03-12-at-10.22.30-1.jpeg\" alt=\"POCHE ILEOSTOMIE\" loading=\"lazy\"><div class=\"vc_gitem-zone-mini\"><\/div><\/div><div class=\"vc_gitem-zone vc_gitem-zone-b vc_custom_1544002185307 vc-gitem-zone-height-mode-auto\"><div class=\"vc_gitem-zone-mini\"><div class=\"vc_gitem_row vc_row vc_gitem-row-position-middle\"><div class=\"vc_col-sm-12 vc_gitem-col vc_gitem-col-align-\"><div class=\"vc_custom_heading vc_gitem-post-data vc_gitem-post-data-source-post_title\" ><div style=\"font-size: 24px;color: #ffffff;line-height: 1.2;text-align: left;font-family:Montserrat;font-weight:700;font-style:normal\" >POCHE ILEOSTOMIE<\/div><\/div><div class=\"vc_custom_heading vc_gitem-post-data vc_gitem-post-data-source-post_excerpt\" ><div style=\"font-size: 14px;color: #ffffff;line-height: 1.3;text-align: left;font-family:Roboto;font-weight:400;font-style:normal\" ><p>POCHE ILEOSTOMIE\u00a0: Recueillir les d\u00e9chets apr\u00e8s une il\u00e9ostomie, se fixant autour de la stomie pour permettre une gestion hygi\u00e9nique des selles.<\/p>\n<\/div><\/div><div class=\"vc_btn3-container vc_btn3-left\"><a class=\"vc_general vc_btn3 vc_btn3-size-md vc_btn3-shape-square vc_btn3-style-outline vc_btn3-color-white\" a href=\"https:\/\/onaaph.dz\/fr_fr\/produit\/poche-ileostomie\/\" class=\"vc_gitem-link vc_general vc_btn3 vc_general vc_btn3 vc_btn3-size-md vc_btn3-shape-square vc_btn3-style-outline vc_btn3-color-white\" title=\"EN SAVOIR PLUS\">EN SAVOIR PLUS<\/a><\/div><\/div><\/div><\/div><\/div><\/div><\/div><div class=\"vc_clearfix\"><\/div><\/div><div class=\"vc_grid-item vc_clearfix vc_col-sm-4\"><div class=\"vc_grid-item-mini vc_clearfix \"><div class=\"vc_gitem-animated-block  vc_gitem-animate vc_gitem-animate-slideTop\"  data-vc-animation=\"slideTop\"><div class=\"vc_gitem-zone vc_gitem-zone-a vc-gitem-zone-height-mode-auto vc-gitem-zone-height-mode-auto-1-1 vc_gitem-is-link\" style=\"background-image: url('https:\/\/onaaph.dz\/wp-content\/uploads\/2026\/03\/WhatsApp-Image-2026-03-12-at-10.22.30-2.jpeg') !important;\"><a href=\"https:\/\/onaaph.dz\/fr_fr\/produit\/poche-urostomie\/\" title=\"POCHE UROSTOMIE\" class=\"vc_gitem-link vc-zone-link\" ><\/a><img decoding=\"async\" class=\"vc_gitem-zone-img\" src=\"https:\/\/onaaph.dz\/wp-content\/uploads\/2026\/03\/WhatsApp-Image-2026-03-12-at-10.22.30-2.jpeg\" alt=\"POCHE UROSTOMIE\" loading=\"lazy\"><div class=\"vc_gitem-zone-mini\"><\/div><\/div><div class=\"vc_gitem-zone vc_gitem-zone-b vc_custom_1544002185307 vc-gitem-zone-height-mode-auto\"><div class=\"vc_gitem-zone-mini\"><div class=\"vc_gitem_row vc_row vc_gitem-row-position-middle\"><div class=\"vc_col-sm-12 vc_gitem-col vc_gitem-col-align-\"><div class=\"vc_custom_heading vc_gitem-post-data vc_gitem-post-data-source-post_title\" ><div style=\"font-size: 24px;color: #ffffff;line-height: 1.2;text-align: left;font-family:Montserrat;font-weight:700;font-style:normal\" >POCHE UROSTOMIE<\/div><\/div><div class=\"vc_custom_heading vc_gitem-post-data vc_gitem-post-data-source-post_excerpt\" ><div style=\"font-size: 14px;color: #ffffff;line-height: 1.3;text-align: left;font-family:Roboto;font-weight:400;font-style:normal\" ><p>POCHE UROSTOMIE\u00a0: Recueille l&rsquo;urine apr\u00e8s une urostomie, se fixant autour de la stomie pour une gestion hygi\u00e9nique des s\u00e9cr\u00e9tions urinaires. &nbsp;<\/p>\n<\/div><\/div><div class=\"vc_btn3-container vc_btn3-left\"><a class=\"vc_general vc_btn3 vc_btn3-size-md vc_btn3-shape-square vc_btn3-style-outline vc_btn3-color-white\" a href=\"https:\/\/onaaph.dz\/fr_fr\/produit\/poche-urostomie\/\" class=\"vc_gitem-link vc_general vc_btn3 vc_general vc_btn3 vc_btn3-size-md vc_btn3-shape-square vc_btn3-style-outline vc_btn3-color-white\" title=\"EN SAVOIR PLUS\">EN SAVOIR PLUS<\/a><\/div><\/div><\/div><\/div><\/div><\/div><\/div><div class=\"vc_clearfix\"><\/div><\/div><div class=\"vc_grid-item vc_clearfix vc_col-sm-4\"><div class=\"vc_grid-item-mini vc_clearfix \"><div class=\"vc_gitem-animated-block  vc_gitem-animate vc_gitem-animate-slideTop\"  data-vc-animation=\"slideTop\"><div class=\"vc_gitem-zone vc_gitem-zone-a vc-gitem-zone-height-mode-auto vc-gitem-zone-height-mode-auto-1-1 vc_gitem-is-link\" style=\"background-image: url('https:\/\/onaaph.dz\/wp-content\/uploads\/2026\/03\/PATE-DE-PROTECTION-724x1024.png') !important;\"><a href=\"https:\/\/onaaph.dz\/fr_fr\/produit\/pate-de-protection\/\" title=\"PATE DE PROTECTION\" class=\"vc_gitem-link vc-zone-link\" ><\/a><img decoding=\"async\" class=\"vc_gitem-zone-img\" src=\"https:\/\/onaaph.dz\/wp-content\/uploads\/2026\/03\/PATE-DE-PROTECTION-724x1024.png\" alt=\"PATE DE PROTECTION\" loading=\"lazy\"><div class=\"vc_gitem-zone-mini\"><\/div><\/div><div class=\"vc_gitem-zone vc_gitem-zone-b vc_custom_1544002185307 vc-gitem-zone-height-mode-auto\"><div class=\"vc_gitem-zone-mini\"><div class=\"vc_gitem_row vc_row vc_gitem-row-position-middle\"><div class=\"vc_col-sm-12 vc_gitem-col vc_gitem-col-align-\"><div class=\"vc_custom_heading vc_gitem-post-data vc_gitem-post-data-source-post_title\" ><div style=\"font-size: 24px;color: #ffffff;line-height: 1.2;text-align: left;font-family:Montserrat;font-weight:700;font-style:normal\" >PATE DE PROTECTION<\/div><\/div><div class=\"vc_custom_heading vc_gitem-post-data vc_gitem-post-data-source-post_excerpt\" ><div style=\"font-size: 14px;color: #ffffff;line-height: 1.3;text-align: left;font-family:Roboto;font-weight:400;font-style:normal\" ><p>PATE DE PROTECTION\u00a0: Scelle les espaces autour de la stomie, prot\u00e8ge la peau des irritations, et am\u00e9liore l&rsquo;adh\u00e9rence des dispositifs de stomie.<\/p>\n<\/div><\/div><div class=\"vc_btn3-container vc_btn3-left\"><a class=\"vc_general vc_btn3 vc_btn3-size-md vc_btn3-shape-square vc_btn3-style-outline vc_btn3-color-white\" a href=\"https:\/\/onaaph.dz\/fr_fr\/produit\/pate-de-protection\/\" class=\"vc_gitem-link vc_general vc_btn3 vc_general vc_btn3 vc_btn3-size-md vc_btn3-shape-square vc_btn3-style-outline vc_btn3-color-white\" title=\"EN SAVOIR PLUS\">EN SAVOIR PLUS<\/a><\/div><\/div><\/div><\/div><\/div><\/div><\/div><div class=\"vc_clearfix\"><\/div><\/div><div class=\"vc_grid-item vc_clearfix vc_col-sm-4\"><div class=\"vc_grid-item-mini vc_clearfix \"><div class=\"vc_gitem-animated-block  vc_gitem-animate vc_gitem-animate-slideTop\"  data-vc-animation=\"slideTop\"><div class=\"vc_gitem-zone vc_gitem-zone-a vc-gitem-zone-height-mode-auto vc-gitem-zone-height-mode-auto-1-1 vc_gitem-is-link\" style=\"background-image: url('https:\/\/onaaph.dz\/wp-content\/uploads\/2026\/03\/WhatsApp-Image-2026-03-12-at-10.22.30.jpeg') !important;\"><a href=\"https:\/\/onaaph.dz\/fr_fr\/produit\/matelas-anti-escarres\/\" title=\"MATELAS ANTI-ESCARRES\" class=\"vc_gitem-link vc-zone-link\" ><\/a><img decoding=\"async\" class=\"vc_gitem-zone-img\" src=\"https:\/\/onaaph.dz\/wp-content\/uploads\/2026\/03\/WhatsApp-Image-2026-03-12-at-10.22.30.jpeg\" alt=\"MATELAS ANTI-ESCARRES\" loading=\"lazy\"><div class=\"vc_gitem-zone-mini\"><\/div><\/div><div class=\"vc_gitem-zone vc_gitem-zone-b vc_custom_1544002185307 vc-gitem-zone-height-mode-auto\"><div class=\"vc_gitem-zone-mini\"><div class=\"vc_gitem_row vc_row vc_gitem-row-position-middle\"><div class=\"vc_col-sm-12 vc_gitem-col vc_gitem-col-align-\"><div class=\"vc_custom_heading vc_gitem-post-data vc_gitem-post-data-source-post_title\" ><div style=\"font-size: 24px;color: #ffffff;line-height: 1.2;text-align: left;font-family:Montserrat;font-weight:700;font-style:normal\" >MATELAS ANTI-ESCARRES<\/div><\/div><div class=\"vc_custom_heading vc_gitem-post-data vc_gitem-post-data-source-post_excerpt\" ><div style=\"font-size: 14px;color: #ffffff;line-height: 1.3;text-align: left;font-family:Roboto;font-weight:400;font-style:normal\" ><p>\u00a0MATELAS ANTI-ESCARRES : Con\u00e7u pour pr\u00e9venir les escarres en alternant la pression exerc\u00e9e sur peau. Il utilise un syst\u00e8me motoris\u00e9 ajuster automatiquement zones de soutien, am\u00e9liorant circulation sanguine et r\u00e9duisant le risque d&rsquo;ulc\u00e8res pression. &nbsp;<\/p>\n<\/div><\/div><div class=\"vc_btn3-container vc_btn3-left\"><a class=\"vc_general vc_btn3 vc_btn3-size-md vc_btn3-shape-square vc_btn3-style-outline vc_btn3-color-white\" a href=\"https:\/\/onaaph.dz\/fr_fr\/produit\/matelas-anti-escarres\/\" class=\"vc_gitem-link vc_general vc_btn3 vc_general vc_btn3 vc_btn3-size-md vc_btn3-shape-square vc_btn3-style-outline vc_btn3-color-white\" title=\"EN SAVOIR PLUS\">EN SAVOIR PLUS<\/a><\/div><\/div><\/div><\/div><\/div><\/div><\/div><div class=\"vc_clearfix\"><\/div><\/div><\/div><div data-lazy-loading-btn=\"true\" style=\"display: none;\"><a href=\"https:\/\/onaaph.dz\/fr_fr\/aides-sanitaires\/\"><\/a><\/div><\/div>\n\t<\/div>\n<\/div><\/div><\/div><\/div><\/div>\n<\/div>","protected":false},"excerpt":{"rendered":"<p>\u00a0MATELAS ANTI-ESCARRES : Con\u00e7u pour pr\u00e9venir les escarres en alternant la pression exerc\u00e9e sur peau. Il utilise un syst\u00e8me motoris\u00e9 ajuster automatiquement zones de soutien, am\u00e9liorant circulation sanguine et r\u00e9duisant le risque d&rsquo;ulc\u00e8res pression. &nbsp;<\/p>\n","protected":false},"author":1,"featured_media":0,"parent":0,"menu_order":0,"comment_status":"closed","ping_status":"closed","template":"","meta":{"inline_featured_image":false,"footnotes":""},"class_list":["post-801","page","type-page","status-publish",""],"yoast_head":"<!-- This site is optimized with the Yoast SEO plugin v27.2 - https:\/\/yoast.com\/product\/yoast-seo-wordpress\/ -->\n<title>Aides Sanitaires - ONAAPH<\/title>\n<meta name=\"robots\" content=\"index, follow, max-snippet:-1, max-image-preview:large, max-video-preview:-1\" \/>\n<link rel=\"canonical\" href=\"https:\/\/onaaph.dz\/fr_fr\/aides-sanitaires\/\" \/>\n<meta property=\"og:locale\" content=\"fr_FR\" \/>\n<meta property=\"og:type\" content=\"article\" \/>\n<meta property=\"og:title\" content=\"Aides Sanitaires - ONAAPH\" \/>\n<meta property=\"og:description\" content=\"\u00a0MATELAS ANTI-ESCARRES : Con\u00e7u pour pr\u00e9venir les escarres en alternant la pression exerc\u00e9e sur peau. Il utilise un syst\u00e8me motoris\u00e9 ajuster automatiquement zones de soutien, am\u00e9liorant circulation sanguine et r\u00e9duisant le risque d&rsquo;ulc\u00e8res pression. &nbsp;\" \/>\n<meta property=\"og:url\" content=\"https:\/\/onaaph.dz\/fr_fr\/aides-sanitaires\/\" \/>\n<meta property=\"og:site_name\" content=\"ONAAPH\" \/>\n<meta property=\"article:modified_time\" content=\"2026-03-10T09:36:06+00:00\" \/>\n<meta name=\"twitter:card\" content=\"summary_large_image\" \/>\n<script type=\"application\/ld+json\" class=\"yoast-schema-graph\">{\"@context\":\"https:\/\/schema.org\",\"@graph\":[{\"@type\":\"WebPage\",\"@id\":\"https:\/\/onaaph.dz\/aides-sanitaires\/\",\"url\":\"https:\/\/onaaph.dz\/aides-sanitaires\/\",\"name\":\"Aides Sanitaires - ONAAPH\",\"isPartOf\":{\"@id\":\"https:\/\/onaaph-staging.myndall.com\/#website\"},\"datePublished\":\"2018-11-04T12:01:49+00:00\",\"dateModified\":\"2026-03-10T09:36:06+00:00\",\"breadcrumb\":{\"@id\":\"https:\/\/onaaph.dz\/aides-sanitaires\/#breadcrumb\"},\"inLanguage\":\"fr-FR\",\"potentialAction\":[{\"@type\":\"ReadAction\",\"target\":[\"https:\/\/onaaph.dz\/aides-sanitaires\/\"]}]},{\"@type\":\"BreadcrumbList\",\"@id\":\"https:\/\/onaaph.dz\/aides-sanitaires\/#breadcrumb\",\"itemListElement\":[{\"@type\":\"ListItem\",\"position\":1,\"name\":\"Accueil\",\"item\":\"https:\/\/onaaph.dz\/\"},{\"@type\":\"ListItem\",\"position\":2,\"name\":\"Aides Sanitaires\"}]},{\"@type\":\"WebSite\",\"@id\":\"https:\/\/onaaph-staging.myndall.com\/#website\",\"url\":\"https:\/\/onaaph-staging.myndall.com\/\",\"name\":\"ONAAPH\",\"description\":\"onaaph\",\"potentialAction\":[{\"@type\":\"SearchAction\",\"target\":{\"@type\":\"EntryPoint\",\"urlTemplate\":\"https:\/\/onaaph-staging.myndall.com\/?s={search_term_string}\"},\"query-input\":{\"@type\":\"PropertyValueSpecification\",\"valueRequired\":true,\"valueName\":\"search_term_string\"}}],\"inLanguage\":\"fr-FR\"}]}<\/script>\n<!-- \/ Yoast SEO plugin. -->","yoast_head_json":{"title":"Aides Sanitaires - ONAAPH","robots":{"index":"index","follow":"follow","max-snippet":"max-snippet:-1","max-image-preview":"max-image-preview:large","max-video-preview":"max-video-preview:-1"},"canonical":"https:\/\/onaaph.dz\/fr_fr\/aides-sanitaires\/","og_locale":"fr_FR","og_type":"article","og_title":"Aides Sanitaires - ONAAPH","og_description":"\u00a0MATELAS ANTI-ESCARRES : Con\u00e7u pour pr\u00e9venir les escarres en alternant la pression exerc\u00e9e sur peau. Il utilise un syst\u00e8me motoris\u00e9 ajuster automatiquement zones de soutien, am\u00e9liorant circulation sanguine et r\u00e9duisant le risque d&rsquo;ulc\u00e8res pression. &nbsp;","og_url":"https:\/\/onaaph.dz\/fr_fr\/aides-sanitaires\/","og_site_name":"ONAAPH","article_modified_time":"2026-03-10T09:36:06+00:00","twitter_card":"summary_large_image","schema":{"@context":"https:\/\/schema.org","@graph":[{"@type":"WebPage","@id":"https:\/\/onaaph.dz\/aides-sanitaires\/","url":"https:\/\/onaaph.dz\/aides-sanitaires\/","name":"Aides Sanitaires - ONAAPH","isPartOf":{"@id":"https:\/\/onaaph-staging.myndall.com\/#website"},"datePublished":"2018-11-04T12:01:49+00:00","dateModified":"2026-03-10T09:36:06+00:00","breadcrumb":{"@id":"https:\/\/onaaph.dz\/aides-sanitaires\/#breadcrumb"},"inLanguage":"fr-FR","potentialAction":[{"@type":"ReadAction","target":["https:\/\/onaaph.dz\/aides-sanitaires\/"]}]},{"@type":"BreadcrumbList","@id":"https:\/\/onaaph.dz\/aides-sanitaires\/#breadcrumb","itemListElement":[{"@type":"ListItem","position":1,"name":"Accueil","item":"https:\/\/onaaph.dz\/"},{"@type":"ListItem","position":2,"name":"Aides Sanitaires"}]},{"@type":"WebSite","@id":"https:\/\/onaaph-staging.myndall.com\/#website","url":"https:\/\/onaaph-staging.myndall.com\/","name":"ONAAPH","description":"onaaph","potentialAction":[{"@type":"SearchAction","target":{"@type":"EntryPoint","urlTemplate":"https:\/\/onaaph-staging.myndall.com\/?s={search_term_string}"},"query-input":{"@type":"PropertyValueSpecification","valueRequired":true,"valueName":"search_term_string"}}],"inLanguage":"fr-FR"}]}},"_links":{"self":[{"href":"https:\/\/onaaph.dz\/fr_fr\/wp-json\/wp\/v2\/pages\/801","targetHints":{"allow":["GET"]}}],"collection":[{"href":"https:\/\/onaaph.dz\/fr_fr\/wp-json\/wp\/v2\/pages"}],"about":[{"href":"https:\/\/onaaph.dz\/fr_fr\/wp-json\/wp\/v2\/types\/page"}],"author":[{"embeddable":true,"href":"https:\/\/onaaph.dz\/fr_fr\/wp-json\/wp\/v2\/users\/1"}],"replies":[{"embeddable":true,"href":"https:\/\/onaaph.dz\/fr_fr\/wp-json\/wp\/v2\/comments?post=801"}],"version-history":[{"count":14,"href":"https:\/\/onaaph.dz\/fr_fr\/wp-json\/wp\/v2\/pages\/801\/revisions"}],"predecessor-version":[{"id":4490,"href":"https:\/\/onaaph.dz\/fr_fr\/wp-json\/wp\/v2\/pages\/801\/revisions\/4490"}],"wp:attachment":[{"href":"https:\/\/onaaph.dz\/fr_fr\/wp-json\/wp\/v2\/media?parent=801"}],"curies":[{"name":"wp","href":"https:\/\/api.w.org\/{rel}","templated":true}]}}