{"id":727,"date":"2018-10-30T15:45:13","date_gmt":"2018-10-30T14:45:13","guid":{"rendered":"http:\/\/edjazair.com\/mysite\/?page_id=727"},"modified":"2026-03-25T09:40:28","modified_gmt":"2026-03-25T08:40:28","slug":"comment-beneficier-de-nos-produits","status":"publish","type":"page","link":"https:\/\/onaaph.dz\/fr_fr\/comment-beneficier-de-nos-produits\/","title":{"rendered":"Comment B\u00e9n\u00e9ficier de nos Produits"},"content":{"rendered":"\n<audio class=\"wp-audio-shortcode\" id=\"audio-727-1\" preload=\"none\" style=\"width: 100%;\" controls=\"controls\"><source type=\"audio\/mpeg\" src=\"https:\/\/onaaph.dz\/wp-content\/uploads\/2026\/03\/Comment-Beneficier-de-nos-Produits.mp3?_=1\" \/><a href=\"https:\/\/onaaph.dz\/wp-content\/uploads\/2026\/03\/Comment-Beneficier-de-nos-Produits.mp3\">https:\/\/onaaph.dz\/wp-content\/uploads\/2026\/03\/Comment-Beneficier-de-nos-Produits.mp3<\/a><\/audio>\n\n\n\n<h4><img loading=\"lazy\" decoding=\"async\" class=\"alignnone size-full wp-image-1240\" src=\"http:\/\/entreprises-dz.com\/mysite\/wp-content\/uploads\/2018\/12\/chifa-540x300.jpg\" alt=\"\" width=\"540\" height=\"300\" srcset=\"https:\/\/onaaph.dz\/wp-content\/uploads\/2018\/12\/chifa-540x300.jpg 540w, https:\/\/onaaph.dz\/wp-content\/uploads\/2018\/12\/chifa-540x300-300x167.jpg 300w, https:\/\/onaaph.dz\/wp-content\/uploads\/2018\/12\/chifa-540x300-18x10.jpg 18w\" sizes=\"auto, (max-width: 540px) 100vw, 540px\" \/><\/h4>\n<h4><strong>Si vous \u00eates d\u00e9j\u00e0 affili\u00e9s \u00e0 un organisme de s\u00e9curit\u00e9 sociale\u00a0<\/strong><\/h4>\n<p>Nos conventions avec les diff\u00e9rents organismes de s\u00e9curit\u00e9 sociale vous facilitent la proc\u00e9dure d\u2019acquisition de nos produits pour votre b\u00e9n\u00e9fice ou celui des personnes \u00e0 votre charge et ce, apr\u00e8s orientation (prescription m\u00e9dicale) de votre m\u00e9decin traitant.<\/p>\n<ol>\n<li>Sur la base de la prescription m\u00e9dicale du m\u00e9decin traitant, le choix de votre appareillage sera d\u00e9fini par le m\u00e9decin de l\u2019ONAAPH\u00a0;<\/li>\n<li>L\u2019ONAAPH vous remettra un devis\u00a0;<\/li>\n<li>Votre organisme d\u2019affiliation (caisses) vous \u00e9tablira une prise en charge, apr\u00e8s d\u00e9p\u00f4t du dossier suivant\u00a0:\n<ul>\n<li>Carte chifa<\/li>\n<li>Prescription m\u00e9dicale du m\u00e9decin traitant<\/li>\n<li>Devis<\/li>\n<\/ul>\n<\/li>\n<li>Se pr\u00e9senter \u00e0 l\u2019ONAAPH muni de la prise en charge pour :<\/li>\n<li style=\"list-style-type: none;\">\n<ul>\n<li>Le lancement de la fabrication et la livraison de votre appareillage orthop\u00e9dique\u00a0;<\/li>\n<li>La livraison de votre moyen d\u2019aide technique \u00e0 la marche\u00a0;<\/li>\n<li>Le lancement de la fabrication et la livraison de votre aide auditive\u00a0;<\/li>\n<li>La livraison de votre moyen d\u2019aide technique sanitaire.<\/li>\n<\/ul>\n<\/li>\n<\/ol>\n<h4><strong>Si vous n\u2019\u00eates pas affili\u00e9s \u00e0 un organisme de s\u00e9curit\u00e9 sociale<\/strong><\/h4>\n<p>Un dossier m\u00e9dical doit \u00eatre \u00e9tabli en consultant un m\u00e9decin sp\u00e9cialiste qui vous fournira un certificat m\u00e9dical \u00e9valuant votre handicap.<\/p>\n<p>Muni de votre dossier m\u00e9dical, se pr\u00e9senter au service social de votre commune (APC) ou de la direction de l\u2019action sociale (DAS) de votre lieu de r\u00e9sidence qui se chargera de vous \u00e9tablir une carte attestant de votre handicap qui vous permettra de vous affilier \u00e0 un organisme de s\u00e9curit\u00e9 sociale.<\/p>\n<p>Une fois muni de la carte d\u2019assurance, il vous suffit de suivre les \u00e9tapes 1 \u00e0 4 cit\u00e9es ci-dessus<\/p>\n<h4><strong>Sans prise en charge<\/strong><\/h4>\n<p>Le paiement du montant du produit, d\u2019appareillage et\/ou aides techniques, est enti\u00e8rement \u00e0 la charge du patient, et le processus d\u2019acquisition de nos produits se fait selon les phases suivantes (phases 1,2 et 4).La pr\u00e9sentation de la prescription m\u00e9dicale du m\u00e9decin traitant (\u00e0 titre externe) reste indispensable.<\/p>\n","protected":false},"excerpt":{"rendered":"<p>Si vous \u00eates d\u00e9j\u00e0 affili\u00e9s \u00e0 un organisme de s\u00e9curit\u00e9 sociale\u00a0 Nos conventions avec les diff\u00e9rents organismes de s\u00e9curit\u00e9 sociale vous facilitent la proc\u00e9dure d\u2019acquisition de nos produits pour votre b\u00e9n\u00e9fice ou celui des personnes \u00e0 votre charge et ce, apr\u00e8s orientation (prescription m\u00e9dicale) de votre m\u00e9decin traitant. Sur la base de la prescription m\u00e9dicale &hellip;<\/p>\n","protected":false},"author":1,"featured_media":0,"parent":0,"menu_order":0,"comment_status":"closed","ping_status":"closed","template":"","meta":{"inline_featured_image":false,"footnotes":""},"class_list":["post-727","page","type-page","status-publish",""],"yoast_head":"<!-- This site is optimized with the Yoast SEO plugin v27.2 - https:\/\/yoast.com\/product\/yoast-seo-wordpress\/ -->\n<title>Comment B\u00e9n\u00e9ficier de nos Produits - ONAAPH<\/title>\n<meta name=\"robots\" content=\"index, follow, max-snippet:-1, max-image-preview:large, max-video-preview:-1\" \/>\n<link rel=\"canonical\" href=\"https:\/\/onaaph.dz\/fr_fr\/comment-beneficier-de-nos-produits\/\" \/>\n<meta property=\"og:locale\" content=\"fr_FR\" \/>\n<meta property=\"og:type\" content=\"article\" \/>\n<meta property=\"og:title\" content=\"Comment B\u00e9n\u00e9ficier de nos Produits - ONAAPH\" \/>\n<meta property=\"og:description\" content=\"Si vous \u00eates d\u00e9j\u00e0 affili\u00e9s \u00e0 un organisme de s\u00e9curit\u00e9 sociale\u00a0 Nos conventions avec les diff\u00e9rents organismes de s\u00e9curit\u00e9 sociale vous facilitent la proc\u00e9dure d\u2019acquisition de nos produits pour votre b\u00e9n\u00e9fice ou celui des personnes \u00e0 votre charge et ce, apr\u00e8s orientation (prescription m\u00e9dicale) de votre m\u00e9decin traitant. Sur la base de la prescription m\u00e9dicale &hellip;\" \/>\n<meta property=\"og:url\" content=\"https:\/\/onaaph.dz\/fr_fr\/comment-beneficier-de-nos-produits\/\" \/>\n<meta property=\"og:site_name\" content=\"ONAAPH\" \/>\n<meta property=\"article:modified_time\" content=\"2026-03-25T08:40:28+00:00\" \/>\n<meta property=\"og:image\" content=\"https:\/\/onaaph.dz\/wp-content\/uploads\/2018\/12\/chifa-540x300.jpg\" \/>\n\t<meta property=\"og:image:width\" content=\"540\" \/>\n\t<meta property=\"og:image:height\" content=\"300\" \/>\n\t<meta property=\"og:image:type\" content=\"image\/jpeg\" \/>\n<meta name=\"twitter:card\" content=\"summary_large_image\" \/>\n<meta name=\"twitter:label1\" content=\"Dur\u00e9e de lecture estim\u00e9e\" \/>\n\t<meta name=\"twitter:data1\" content=\"2 minutes\" \/>\n<script type=\"application\/ld+json\" class=\"yoast-schema-graph\">{\"@context\":\"https:\/\/schema.org\",\"@graph\":[{\"@type\":\"WebPage\",\"@id\":\"https:\/\/onaaph.dz\/comment-beneficier-de-nos-produits\/\",\"url\":\"https:\/\/onaaph.dz\/comment-beneficier-de-nos-produits\/\",\"name\":\"Comment B\u00e9n\u00e9ficier de nos Produits - ONAAPH\",\"isPartOf\":{\"@id\":\"https:\/\/onaaph-staging.myndall.com\/#website\"},\"primaryImageOfPage\":{\"@id\":\"https:\/\/onaaph.dz\/comment-beneficier-de-nos-produits\/#primaryimage\"},\"image\":{\"@id\":\"https:\/\/onaaph.dz\/comment-beneficier-de-nos-produits\/#primaryimage\"},\"thumbnailUrl\":\"http:\/\/entreprises-dz.com\/mysite\/wp-content\/uploads\/2018\/12\/chifa-540x300.jpg\",\"datePublished\":\"2018-10-30T14:45:13+00:00\",\"dateModified\":\"2026-03-25T08:40:28+00:00\",\"breadcrumb\":{\"@id\":\"https:\/\/onaaph.dz\/comment-beneficier-de-nos-produits\/#breadcrumb\"},\"inLanguage\":\"fr-FR\",\"potentialAction\":[{\"@type\":\"ReadAction\",\"target\":[\"https:\/\/onaaph.dz\/comment-beneficier-de-nos-produits\/\"]}]},{\"@type\":\"ImageObject\",\"inLanguage\":\"fr-FR\",\"@id\":\"https:\/\/onaaph.dz\/comment-beneficier-de-nos-produits\/#primaryimage\",\"url\":\"http:\/\/entreprises-dz.com\/mysite\/wp-content\/uploads\/2018\/12\/chifa-540x300.jpg\",\"contentUrl\":\"http:\/\/entreprises-dz.com\/mysite\/wp-content\/uploads\/2018\/12\/chifa-540x300.jpg\"},{\"@type\":\"BreadcrumbList\",\"@id\":\"https:\/\/onaaph.dz\/comment-beneficier-de-nos-produits\/#breadcrumb\",\"itemListElement\":[{\"@type\":\"ListItem\",\"position\":1,\"name\":\"Accueil\",\"item\":\"https:\/\/onaaph.dz\/\"},{\"@type\":\"ListItem\",\"position\":2,\"name\":\"Comment B\u00e9n\u00e9ficier de nos Produits\"}]},{\"@type\":\"WebSite\",\"@id\":\"https:\/\/onaaph-staging.myndall.com\/#website\",\"url\":\"https:\/\/onaaph-staging.myndall.com\/\",\"name\":\"ONAAPH\",\"description\":\"onaaph\",\"potentialAction\":[{\"@type\":\"SearchAction\",\"target\":{\"@type\":\"EntryPoint\",\"urlTemplate\":\"https:\/\/onaaph-staging.myndall.com\/?s={search_term_string}\"},\"query-input\":{\"@type\":\"PropertyValueSpecification\",\"valueRequired\":true,\"valueName\":\"search_term_string\"}}],\"inLanguage\":\"fr-FR\"}]}<\/script>\n<!-- \/ Yoast SEO plugin. -->","yoast_head_json":{"title":"Comment B\u00e9n\u00e9ficier de nos Produits - ONAAPH","robots":{"index":"index","follow":"follow","max-snippet":"max-snippet:-1","max-image-preview":"max-image-preview:large","max-video-preview":"max-video-preview:-1"},"canonical":"https:\/\/onaaph.dz\/fr_fr\/comment-beneficier-de-nos-produits\/","og_locale":"fr_FR","og_type":"article","og_title":"Comment B\u00e9n\u00e9ficier de nos Produits - ONAAPH","og_description":"Si vous \u00eates d\u00e9j\u00e0 affili\u00e9s \u00e0 un organisme de s\u00e9curit\u00e9 sociale\u00a0 Nos conventions avec les diff\u00e9rents organismes de s\u00e9curit\u00e9 sociale vous facilitent la proc\u00e9dure d\u2019acquisition de nos produits pour votre b\u00e9n\u00e9fice ou celui des personnes \u00e0 votre charge et ce, apr\u00e8s orientation (prescription m\u00e9dicale) de votre m\u00e9decin traitant. Sur la base de la prescription m\u00e9dicale &hellip;","og_url":"https:\/\/onaaph.dz\/fr_fr\/comment-beneficier-de-nos-produits\/","og_site_name":"ONAAPH","article_modified_time":"2026-03-25T08:40:28+00:00","og_image":[{"width":540,"height":300,"url":"https:\/\/onaaph.dz\/wp-content\/uploads\/2018\/12\/chifa-540x300.jpg","type":"image\/jpeg"}],"twitter_card":"summary_large_image","twitter_misc":{"Dur\u00e9e de lecture estim\u00e9e":"2 minutes"},"schema":{"@context":"https:\/\/schema.org","@graph":[{"@type":"WebPage","@id":"https:\/\/onaaph.dz\/comment-beneficier-de-nos-produits\/","url":"https:\/\/onaaph.dz\/comment-beneficier-de-nos-produits\/","name":"Comment B\u00e9n\u00e9ficier de nos Produits - ONAAPH","isPartOf":{"@id":"https:\/\/onaaph-staging.myndall.com\/#website"},"primaryImageOfPage":{"@id":"https:\/\/onaaph.dz\/comment-beneficier-de-nos-produits\/#primaryimage"},"image":{"@id":"https:\/\/onaaph.dz\/comment-beneficier-de-nos-produits\/#primaryimage"},"thumbnailUrl":"http:\/\/entreprises-dz.com\/mysite\/wp-content\/uploads\/2018\/12\/chifa-540x300.jpg","datePublished":"2018-10-30T14:45:13+00:00","dateModified":"2026-03-25T08:40:28+00:00","breadcrumb":{"@id":"https:\/\/onaaph.dz\/comment-beneficier-de-nos-produits\/#breadcrumb"},"inLanguage":"fr-FR","potentialAction":[{"@type":"ReadAction","target":["https:\/\/onaaph.dz\/comment-beneficier-de-nos-produits\/"]}]},{"@type":"ImageObject","inLanguage":"fr-FR","@id":"https:\/\/onaaph.dz\/comment-beneficier-de-nos-produits\/#primaryimage","url":"http:\/\/entreprises-dz.com\/mysite\/wp-content\/uploads\/2018\/12\/chifa-540x300.jpg","contentUrl":"http:\/\/entreprises-dz.com\/mysite\/wp-content\/uploads\/2018\/12\/chifa-540x300.jpg"},{"@type":"BreadcrumbList","@id":"https:\/\/onaaph.dz\/comment-beneficier-de-nos-produits\/#breadcrumb","itemListElement":[{"@type":"ListItem","position":1,"name":"Accueil","item":"https:\/\/onaaph.dz\/"},{"@type":"ListItem","position":2,"name":"Comment B\u00e9n\u00e9ficier de nos Produits"}]},{"@type":"WebSite","@id":"https:\/\/onaaph-staging.myndall.com\/#website","url":"https:\/\/onaaph-staging.myndall.com\/","name":"ONAAPH","description":"onaaph","potentialAction":[{"@type":"SearchAction","target":{"@type":"EntryPoint","urlTemplate":"https:\/\/onaaph-staging.myndall.com\/?s={search_term_string}"},"query-input":{"@type":"PropertyValueSpecification","valueRequired":true,"valueName":"search_term_string"}}],"inLanguage":"fr-FR"}]}},"_links":{"self":[{"href":"https:\/\/onaaph.dz\/fr_fr\/wp-json\/wp\/v2\/pages\/727","targetHints":{"allow":["GET"]}}],"collection":[{"href":"https:\/\/onaaph.dz\/fr_fr\/wp-json\/wp\/v2\/pages"}],"about":[{"href":"https:\/\/onaaph.dz\/fr_fr\/wp-json\/wp\/v2\/types\/page"}],"author":[{"embeddable":true,"href":"https:\/\/onaaph.dz\/fr_fr\/wp-json\/wp\/v2\/users\/1"}],"replies":[{"embeddable":true,"href":"https:\/\/onaaph.dz\/fr_fr\/wp-json\/wp\/v2\/comments?post=727"}],"version-history":[{"count":20,"href":"https:\/\/onaaph.dz\/fr_fr\/wp-json\/wp\/v2\/pages\/727\/revisions"}],"predecessor-version":[{"id":4539,"href":"https:\/\/onaaph.dz\/fr_fr\/wp-json\/wp\/v2\/pages\/727\/revisions\/4539"}],"wp:attachment":[{"href":"https:\/\/onaaph.dz\/fr_fr\/wp-json\/wp\/v2\/media?parent=727"}],"curies":[{"name":"wp","href":"https:\/\/api.w.org\/{rel}","templated":true}]}}