{"id":4184,"date":"2026-02-17T14:30:21","date_gmt":"2026-02-17T13:30:21","guid":{"rendered":"https:\/\/onaaph.dz\/?page_id=4184"},"modified":"2026-03-31T15:51:19","modified_gmt":"2026-03-31T14:51:19","slug":"4184-2","status":"publish","type":"page","link":"https:\/\/onaaph.dz\/fr_fr\/4184-2\/","title":{"rendered":"Catalogue d\u2019appareillage orthop\u00e9dique"},"content":{"rendered":"<p><a class=\"catalogue-btn cat-fr\" href=\"https:\/\/onaaph.dz\/wp-content\/uploads\/2026\/02\/aop-new.pdf\" target=\"_blank\" rel=\"noopener\"><br \/>\nT\u00e9l\u00e9charger le Catalogue<br \/>\n<\/a><\/p>\n<p><a class=\"catalogue-btn cat-ar\" href=\"https:\/\/onaaph.dz\/wp-content\/uploads\/2026\/03\/\u0627\u0644\u0627\u0639\u0636\u0627\u0621-\u0627\u0644\u0627\u0635\u0637\u0646\u0627\u0639\u064a\u0629.pdf\" target=\"_blank\" rel=\"noopener\"><br \/>\n\u062a\u062d\u0645\u064a\u0644 \u0627\u0644\u062f\u0644\u064a\u0644<br \/>\n<\/a><\/p>\n","protected":false},"excerpt":{"rendered":"<p>T\u00e9l\u00e9charger le Catalogue \u062a\u062d\u0645\u064a\u0644 \u0627\u0644\u062f\u0644\u064a\u0644<\/p>\n","protected":false},"author":3,"featured_media":0,"parent":0,"menu_order":0,"comment_status":"closed","ping_status":"closed","template":"","meta":{"inline_featured_image":false,"footnotes":""},"class_list":["post-4184","page","type-page","status-publish",""],"yoast_head":"<!-- This site is optimized with the Yoast SEO plugin v27.2 - https:\/\/yoast.com\/product\/yoast-seo-wordpress\/ -->\n<title>Catalogue d\u2019appareillage orthop\u00e9dique - ONAAPH<\/title>\n<meta name=\"robots\" content=\"index, follow, max-snippet:-1, max-image-preview:large, max-video-preview:-1\" \/>\n<link rel=\"canonical\" href=\"https:\/\/onaaph.dz\/fr_fr\/4184-2\/\" \/>\n<meta property=\"og:locale\" content=\"fr_FR\" \/>\n<meta property=\"og:type\" content=\"article\" \/>\n<meta property=\"og:title\" content=\"Catalogue d\u2019appareillage orthop\u00e9dique - ONAAPH\" \/>\n<meta property=\"og:description\" content=\"T\u00e9l\u00e9charger le Catalogue \u062a\u062d\u0645\u064a\u0644 \u0627\u0644\u062f\u0644\u064a\u0644\" \/>\n<meta property=\"og:url\" content=\"https:\/\/onaaph.dz\/fr_fr\/4184-2\/\" \/>\n<meta property=\"og:site_name\" content=\"ONAAPH\" \/>\n<meta property=\"article:modified_time\" content=\"2026-03-31T14:51:19+00:00\" \/>\n<meta name=\"twitter:card\" content=\"summary_large_image\" \/>\n<meta name=\"twitter:label1\" content=\"Dur\u00e9e de lecture estim\u00e9e\" \/>\n\t<meta name=\"twitter:data1\" content=\"1 minute\" \/>\n<script type=\"application\/ld+json\" class=\"yoast-schema-graph\">{\"@context\":\"https:\/\/schema.org\",\"@graph\":[{\"@type\":\"WebPage\",\"@id\":\"https:\/\/onaaph.dz\/4184-2\/\",\"url\":\"https:\/\/onaaph.dz\/4184-2\/\",\"name\":\"Catalogue d\u2019appareillage orthop\u00e9dique - ONAAPH\",\"isPartOf\":{\"@id\":\"https:\/\/onaaph-staging.myndall.com\/#website\"},\"datePublished\":\"2026-02-17T13:30:21+00:00\",\"dateModified\":\"2026-03-31T14:51:19+00:00\",\"breadcrumb\":{\"@id\":\"https:\/\/onaaph.dz\/4184-2\/#breadcrumb\"},\"inLanguage\":\"fr-FR\",\"potentialAction\":[{\"@type\":\"ReadAction\",\"target\":[\"https:\/\/onaaph.dz\/4184-2\/\"]}]},{\"@type\":\"BreadcrumbList\",\"@id\":\"https:\/\/onaaph.dz\/4184-2\/#breadcrumb\",\"itemListElement\":[{\"@type\":\"ListItem\",\"position\":1,\"name\":\"Accueil\",\"item\":\"https:\/\/onaaph.dz\/\"},{\"@type\":\"ListItem\",\"position\":2,\"name\":\"Catalogue d\u2019appareillage orthop\u00e9dique\"}]},{\"@type\":\"WebSite\",\"@id\":\"https:\/\/onaaph-staging.myndall.com\/#website\",\"url\":\"https:\/\/onaaph-staging.myndall.com\/\",\"name\":\"ONAAPH\",\"description\":\"onaaph\",\"potentialAction\":[{\"@type\":\"SearchAction\",\"target\":{\"@type\":\"EntryPoint\",\"urlTemplate\":\"https:\/\/onaaph-staging.myndall.com\/?s={search_term_string}\"},\"query-input\":{\"@type\":\"PropertyValueSpecification\",\"valueRequired\":true,\"valueName\":\"search_term_string\"}}],\"inLanguage\":\"fr-FR\"}]}<\/script>\n<!-- \/ Yoast SEO plugin. -->","yoast_head_json":{"title":"Catalogue d\u2019appareillage orthop\u00e9dique - ONAAPH","robots":{"index":"index","follow":"follow","max-snippet":"max-snippet:-1","max-image-preview":"max-image-preview:large","max-video-preview":"max-video-preview:-1"},"canonical":"https:\/\/onaaph.dz\/fr_fr\/4184-2\/","og_locale":"fr_FR","og_type":"article","og_title":"Catalogue d\u2019appareillage orthop\u00e9dique - ONAAPH","og_description":"T\u00e9l\u00e9charger le Catalogue \u062a\u062d\u0645\u064a\u0644 \u0627\u0644\u062f\u0644\u064a\u0644","og_url":"https:\/\/onaaph.dz\/fr_fr\/4184-2\/","og_site_name":"ONAAPH","article_modified_time":"2026-03-31T14:51:19+00:00","twitter_card":"summary_large_image","twitter_misc":{"Dur\u00e9e de lecture estim\u00e9e":"1 minute"},"schema":{"@context":"https:\/\/schema.org","@graph":[{"@type":"WebPage","@id":"https:\/\/onaaph.dz\/4184-2\/","url":"https:\/\/onaaph.dz\/4184-2\/","name":"Catalogue d\u2019appareillage orthop\u00e9dique - ONAAPH","isPartOf":{"@id":"https:\/\/onaaph-staging.myndall.com\/#website"},"datePublished":"2026-02-17T13:30:21+00:00","dateModified":"2026-03-31T14:51:19+00:00","breadcrumb":{"@id":"https:\/\/onaaph.dz\/4184-2\/#breadcrumb"},"inLanguage":"fr-FR","potentialAction":[{"@type":"ReadAction","target":["https:\/\/onaaph.dz\/4184-2\/"]}]},{"@type":"BreadcrumbList","@id":"https:\/\/onaaph.dz\/4184-2\/#breadcrumb","itemListElement":[{"@type":"ListItem","position":1,"name":"Accueil","item":"https:\/\/onaaph.dz\/"},{"@type":"ListItem","position":2,"name":"Catalogue d\u2019appareillage orthop\u00e9dique"}]},{"@type":"WebSite","@id":"https:\/\/onaaph-staging.myndall.com\/#website","url":"https:\/\/onaaph-staging.myndall.com\/","name":"ONAAPH","description":"onaaph","potentialAction":[{"@type":"SearchAction","target":{"@type":"EntryPoint","urlTemplate":"https:\/\/onaaph-staging.myndall.com\/?s={search_term_string}"},"query-input":{"@type":"PropertyValueSpecification","valueRequired":true,"valueName":"search_term_string"}}],"inLanguage":"fr-FR"}]}},"_links":{"self":[{"href":"https:\/\/onaaph.dz\/fr_fr\/wp-json\/wp\/v2\/pages\/4184","targetHints":{"allow":["GET"]}}],"collection":[{"href":"https:\/\/onaaph.dz\/fr_fr\/wp-json\/wp\/v2\/pages"}],"about":[{"href":"https:\/\/onaaph.dz\/fr_fr\/wp-json\/wp\/v2\/types\/page"}],"author":[{"embeddable":true,"href":"https:\/\/onaaph.dz\/fr_fr\/wp-json\/wp\/v2\/users\/3"}],"replies":[{"embeddable":true,"href":"https:\/\/onaaph.dz\/fr_fr\/wp-json\/wp\/v2\/comments?post=4184"}],"version-history":[{"count":22,"href":"https:\/\/onaaph.dz\/fr_fr\/wp-json\/wp\/v2\/pages\/4184\/revisions"}],"predecessor-version":[{"id":4697,"href":"https:\/\/onaaph.dz\/fr_fr\/wp-json\/wp\/v2\/pages\/4184\/revisions\/4697"}],"wp:attachment":[{"href":"https:\/\/onaaph.dz\/fr_fr\/wp-json\/wp\/v2\/media?parent=4184"}],"curies":[{"name":"wp","href":"https:\/\/api.w.org\/{rel}","templated":true}]}}