{"id":2780,"date":"2024-03-17T14:36:28","date_gmt":"2024-03-17T13:36:28","guid":{"rendered":"https:\/\/www.onaaph.dz\/?page_id=2780"},"modified":"2024-03-17T15:22:30","modified_gmt":"2024-03-17T14:22:30","slug":"instruction-n01-du-26-octobre-2023-relative-aux-obligations-des-entreprises-et-professions-non-financieres-designees-en-matiere-de-lutte-contre-le-blanchissement-dargent-et-le-financ","status":"publish","type":"page","link":"https:\/\/onaaph.dz\/fr_fr\/instruction-n01-du-26-octobre-2023-relative-aux-obligations-des-entreprises-et-professions-non-financieres-designees-en-matiere-de-lutte-contre-le-blanchissement-dargent-et-le-financ\/","title":{"rendered":"Instruction n\u00b001"},"content":{"rendered":"\n<table id=\"tablepress-8\" class=\"tablepress tablepress-id-8\">\n<thead>\n<tr class=\"row-1\">\n\t<th class=\"column-1\"><b> <a href=\"http:\/\/staging.onaaph.dz\/wp-content\/uploads\/2024\/03\/instruction-n\u00b01.pdf\">Instruction n\u00b001 , du 26 octobre 2023 relative  aux obligations des entreprises et professions non financi\u00e8res d\u00e9sign\u00e9es en mati\u00e8re de lutte contre le blanchiment d\u2019argent et le financement du terrorisme<\/a><\/b><\/th>\n<\/tr>\n<\/thead>\n<tbody class=\"row-striping row-hover\">\n<tr class=\"row-2\">\n\t<td class=\"column-1\"><b> <a href=\"http:\/\/staging.onaaph.dz\/wp-content\/uploads\/2024\/03\/\u062a\u0639\u0644\u064a\u0645\u0629-\u0631\u0642\u0645-1.pdf\">\u062a\u0639\u0644\u064a\u0645\u0629 \u0631\u0642\u0645 01 \u0627\u0644\u0645\u0624\u0631\u062e\u0629 \u0641\u064a 26 \u0623\u0643\u062a\u0648\u0628\u0631 2023 \u0627\u0644\u0645\u062a\u0639\u0644\u0642\u0629 \u0628\u0625\u0644\u062a\u0632\u0627\u0645\u0627\u062a \u0645\u0643\u0627\u0641\u062d\u0629 \u062a\u0628\u064a\u064a\u0636 \u0627\u0644\u0623\u0645\u0648\u0627\u0644 \u0648\u062a\u0645\u0648\u064a\u0644 \u0627\u0644\u0625\u0631\u0647\u0627\u0628 \u0627\u0644\u062e\u0627\u0635\u0629 \u0628\u0627\u0644\u0645\u0624\u0633\u0633\u0627\u062a \u0648\u0627\u0644\u0645\u0647\u0646 \u063a\u064a\u0631 \u0627\u0644\u0645\u0627\u0644\u064a\u0629 \u0627\u0644\u0645\u062d\u062f\u062f\u0629<\/a><\/b><\/td>\n<\/tr>\n<\/tbody>\n<\/table>\n<!-- #tablepress-8 from cache -->\n","protected":false},"excerpt":{"rendered":"Instruction n\u00b001 , du 26 octobre 2023 relative aux obligations des entreprises et professions non financi\u00e8res d\u00e9sign\u00e9es en mati\u00e8re de lutte contre le blanchiment d\u2019argent et le financement du terrorisme \u062a\u0639\u0644\u064a\u0645\u0629 \u0631\u0642\u0645 01 \u0627\u0644\u0645\u0624\u0631\u062e\u0629 \u0641\u064a 26 \u0623\u0643\u062a\u0648\u0628\u0631 2023 \u0627\u0644\u0645\u062a\u0639\u0644\u0642\u0629 \u0628\u0625\u0644\u062a\u0632\u0627\u0645\u0627\u062a \u0645\u0643\u0627\u0641\u062d\u0629 \u062a\u0628\u064a\u064a\u0636 \u0627\u0644\u0623\u0645\u0648\u0627\u0644 \u0648\u062a\u0645\u0648\u064a\u0644 \u0627\u0644\u0625\u0631\u0647\u0627\u0628 \u0627\u0644\u062e\u0627\u0635\u0629 \u0628\u0627\u0644\u0645\u0624\u0633\u0633\u0627\u062a \u0648\u0627\u0644\u0645\u0647\u0646 \u063a\u064a\u0631 \u0627\u0644\u0645\u0627\u0644\u064a\u0629 \u0627\u0644\u0645\u062d\u062f\u062f\u0629","protected":false},"author":1,"featured_media":0,"parent":0,"menu_order":0,"comment_status":"closed","ping_status":"closed","template":"","meta":{"inline_featured_image":false,"footnotes":""},"class_list":["post-2780","page","type-page","status-publish",""],"yoast_head":"<!-- This site is optimized with the Yoast SEO plugin v27.2 - https:\/\/yoast.com\/product\/yoast-seo-wordpress\/ -->\n<title>Instruction n\u00b001 - ONAAPH<\/title>\n<meta name=\"robots\" content=\"index, follow, max-snippet:-1, max-image-preview:large, max-video-preview:-1\" \/>\n<link rel=\"canonical\" href=\"http:\/\/staging.onaaph.dz\/ar_ar\/instruction-n01-du-26-octobre-2023-relative-aux-obligations-des-entreprises-et-professions-non-financieres-designees-en-matiere-de-lutte-contre-le-blanchissement-dargent-et-le-financ\/\" \/>\n<meta property=\"og:locale\" content=\"fr_FR\" \/>\n<meta property=\"og:type\" content=\"article\" \/>\n<meta property=\"og:title\" content=\"Instruction n\u00b001 - ONAAPH\" \/>\n<meta property=\"og:url\" content=\"http:\/\/staging.onaaph.dz\/ar_ar\/instruction-n01-du-26-octobre-2023-relative-aux-obligations-des-entreprises-et-professions-non-financieres-designees-en-matiere-de-lutte-contre-le-blanchissement-dargent-et-le-financ\/\" \/>\n<meta property=\"og:site_name\" content=\"ONAAPH\" \/>\n<meta property=\"article:modified_time\" content=\"2024-03-17T14:22:30+00:00\" \/>\n<meta name=\"twitter:card\" content=\"summary_large_image\" \/>\n<script type=\"application\/ld+json\" class=\"yoast-schema-graph\">{\"@context\":\"https:\/\/schema.org\",\"@graph\":[{\"@type\":\"WebPage\",\"@id\":\"http:\/\/staging.onaaph.dz\/ar_ar\/instruction-n01-du-26-octobre-2023-relative-aux-obligations-des-entreprises-et-professions-non-financieres-designees-en-matiere-de-lutte-contre-le-blanchissement-dargent-et-le-financ\/\",\"url\":\"http:\/\/staging.onaaph.dz\/ar_ar\/instruction-n01-du-26-octobre-2023-relative-aux-obligations-des-entreprises-et-professions-non-financieres-designees-en-matiere-de-lutte-contre-le-blanchissement-dargent-et-le-financ\/\",\"name\":\"Instruction n\u00b001 - ONAAPH\",\"isPartOf\":{\"@id\":\"https:\/\/onaaph-staging.myndall.com\/#website\"},\"datePublished\":\"2024-03-17T13:36:28+00:00\",\"dateModified\":\"2024-03-17T14:22:30+00:00\",\"breadcrumb\":{\"@id\":\"http:\/\/staging.onaaph.dz\/ar_ar\/instruction-n01-du-26-octobre-2023-relative-aux-obligations-des-entreprises-et-professions-non-financieres-designees-en-matiere-de-lutte-contre-le-blanchissement-dargent-et-le-financ\/#breadcrumb\"},\"inLanguage\":\"fr-FR\",\"potentialAction\":[{\"@type\":\"ReadAction\",\"target\":[\"http:\/\/staging.onaaph.dz\/ar_ar\/instruction-n01-du-26-octobre-2023-relative-aux-obligations-des-entreprises-et-professions-non-financieres-designees-en-matiere-de-lutte-contre-le-blanchissement-dargent-et-le-financ\/\"]}]},{\"@type\":\"BreadcrumbList\",\"@id\":\"http:\/\/staging.onaaph.dz\/ar_ar\/instruction-n01-du-26-octobre-2023-relative-aux-obligations-des-entreprises-et-professions-non-financieres-designees-en-matiere-de-lutte-contre-le-blanchissement-dargent-et-le-financ\/#breadcrumb\",\"itemListElement\":[{\"@type\":\"ListItem\",\"position\":1,\"name\":\"Accueil\",\"item\":\"https:\/\/onaaph.dz\/\"},{\"@type\":\"ListItem\",\"position\":2,\"name\":\"Instruction n\u00b001\"}]},{\"@type\":\"WebSite\",\"@id\":\"https:\/\/onaaph-staging.myndall.com\/#website\",\"url\":\"https:\/\/onaaph-staging.myndall.com\/\",\"name\":\"ONAAPH\",\"description\":\"onaaph\",\"potentialAction\":[{\"@type\":\"SearchAction\",\"target\":{\"@type\":\"EntryPoint\",\"urlTemplate\":\"https:\/\/onaaph-staging.myndall.com\/?s={search_term_string}\"},\"query-input\":{\"@type\":\"PropertyValueSpecification\",\"valueRequired\":true,\"valueName\":\"search_term_string\"}}],\"inLanguage\":\"fr-FR\"}]}<\/script>\n<!-- \/ Yoast SEO plugin. -->","yoast_head_json":{"title":"Instruction n\u00b001 - ONAAPH","robots":{"index":"index","follow":"follow","max-snippet":"max-snippet:-1","max-image-preview":"max-image-preview:large","max-video-preview":"max-video-preview:-1"},"canonical":"http:\/\/staging.onaaph.dz\/ar_ar\/instruction-n01-du-26-octobre-2023-relative-aux-obligations-des-entreprises-et-professions-non-financieres-designees-en-matiere-de-lutte-contre-le-blanchissement-dargent-et-le-financ\/","og_locale":"fr_FR","og_type":"article","og_title":"Instruction n\u00b001 - ONAAPH","og_url":"http:\/\/staging.onaaph.dz\/ar_ar\/instruction-n01-du-26-octobre-2023-relative-aux-obligations-des-entreprises-et-professions-non-financieres-designees-en-matiere-de-lutte-contre-le-blanchissement-dargent-et-le-financ\/","og_site_name":"ONAAPH","article_modified_time":"2024-03-17T14:22:30+00:00","twitter_card":"summary_large_image","schema":{"@context":"https:\/\/schema.org","@graph":[{"@type":"WebPage","@id":"http:\/\/staging.onaaph.dz\/ar_ar\/instruction-n01-du-26-octobre-2023-relative-aux-obligations-des-entreprises-et-professions-non-financieres-designees-en-matiere-de-lutte-contre-le-blanchissement-dargent-et-le-financ\/","url":"http:\/\/staging.onaaph.dz\/ar_ar\/instruction-n01-du-26-octobre-2023-relative-aux-obligations-des-entreprises-et-professions-non-financieres-designees-en-matiere-de-lutte-contre-le-blanchissement-dargent-et-le-financ\/","name":"Instruction n\u00b001 - ONAAPH","isPartOf":{"@id":"https:\/\/onaaph-staging.myndall.com\/#website"},"datePublished":"2024-03-17T13:36:28+00:00","dateModified":"2024-03-17T14:22:30+00:00","breadcrumb":{"@id":"http:\/\/staging.onaaph.dz\/ar_ar\/instruction-n01-du-26-octobre-2023-relative-aux-obligations-des-entreprises-et-professions-non-financieres-designees-en-matiere-de-lutte-contre-le-blanchissement-dargent-et-le-financ\/#breadcrumb"},"inLanguage":"fr-FR","potentialAction":[{"@type":"ReadAction","target":["http:\/\/staging.onaaph.dz\/ar_ar\/instruction-n01-du-26-octobre-2023-relative-aux-obligations-des-entreprises-et-professions-non-financieres-designees-en-matiere-de-lutte-contre-le-blanchissement-dargent-et-le-financ\/"]}]},{"@type":"BreadcrumbList","@id":"http:\/\/staging.onaaph.dz\/ar_ar\/instruction-n01-du-26-octobre-2023-relative-aux-obligations-des-entreprises-et-professions-non-financieres-designees-en-matiere-de-lutte-contre-le-blanchissement-dargent-et-le-financ\/#breadcrumb","itemListElement":[{"@type":"ListItem","position":1,"name":"Accueil","item":"https:\/\/onaaph.dz\/"},{"@type":"ListItem","position":2,"name":"Instruction n\u00b001"}]},{"@type":"WebSite","@id":"https:\/\/onaaph-staging.myndall.com\/#website","url":"https:\/\/onaaph-staging.myndall.com\/","name":"ONAAPH","description":"onaaph","potentialAction":[{"@type":"SearchAction","target":{"@type":"EntryPoint","urlTemplate":"https:\/\/onaaph-staging.myndall.com\/?s={search_term_string}"},"query-input":{"@type":"PropertyValueSpecification","valueRequired":true,"valueName":"search_term_string"}}],"inLanguage":"fr-FR"}]}},"_links":{"self":[{"href":"https:\/\/onaaph.dz\/fr_fr\/wp-json\/wp\/v2\/pages\/2780","targetHints":{"allow":["GET"]}}],"collection":[{"href":"https:\/\/onaaph.dz\/fr_fr\/wp-json\/wp\/v2\/pages"}],"about":[{"href":"https:\/\/onaaph.dz\/fr_fr\/wp-json\/wp\/v2\/types\/page"}],"author":[{"embeddable":true,"href":"https:\/\/onaaph.dz\/fr_fr\/wp-json\/wp\/v2\/users\/1"}],"replies":[{"embeddable":true,"href":"https:\/\/onaaph.dz\/fr_fr\/wp-json\/wp\/v2\/comments?post=2780"}],"version-history":[{"count":7,"href":"https:\/\/onaaph.dz\/fr_fr\/wp-json\/wp\/v2\/pages\/2780\/revisions"}],"predecessor-version":[{"id":2815,"href":"https:\/\/onaaph.dz\/fr_fr\/wp-json\/wp\/v2\/pages\/2780\/revisions\/2815"}],"wp:attachment":[{"href":"https:\/\/onaaph.dz\/fr_fr\/wp-json\/wp\/v2\/media?parent=2780"}],"curies":[{"name":"wp","href":"https:\/\/api.w.org\/{rel}","templated":true}]}}