{"id":2020,"date":"2018-11-04T13:05:36","date_gmt":"2018-11-04T12:05:36","guid":{"rendered":"http:\/\/edjazair.com\/mysite\/?page_id=811"},"modified":"2025-11-12T17:18:01","modified_gmt":"2025-11-12T16:18:01","slug":"cellule-decoute-2","status":"publish","type":"page","link":"https:\/\/onaaph.dz\/fr_fr\/cellule-decoute-2\/","title":{"rendered":"Cellule d&rsquo;\u00c9coute"},"content":{"rendered":"\n<div class=\"wpcf7 no-js\" id=\"wpcf7-f4017-o1\" lang=\"fr-FR\" dir=\"ltr\" data-wpcf7-id=\"4017\">\n<div class=\"screen-reader-response\"><p role=\"status\" aria-live=\"polite\" aria-atomic=\"true\"><\/p> <ul><\/ul><\/div>\n<form action=\"\/fr_fr\/wp-json\/wp\/v2\/pages\/2020#wpcf7-f4017-o1\" method=\"post\" class=\"wpcf7-form init\" aria-label=\"Formulaire de contact\" novalidate=\"novalidate\" data-status=\"init\">\n<fieldset class=\"hidden-fields-container\"><input type=\"hidden\" name=\"_wpcf7\" value=\"4017\" \/><input type=\"hidden\" name=\"_wpcf7_version\" value=\"6.1.5\" \/><input type=\"hidden\" name=\"_wpcf7_locale\" value=\"fr_FR\" \/><input type=\"hidden\" name=\"_wpcf7_unit_tag\" value=\"wpcf7-f4017-o1\" \/><input type=\"hidden\" name=\"_wpcf7_container_post\" value=\"0\" \/><input type=\"hidden\" name=\"_wpcf7_posted_data_hash\" value=\"\" \/>\n<\/fieldset>\n<div class=\"cf7-onaaph-form\">\n\t<div class=\"cf7-field\">\n\t\t<p><label>Wilaya<\/label><br \/>\n<span class=\"wpcf7-form-control-wrap\" data-name=\"wilaya\"><select class=\"wpcf7-form-control wpcf7-select wpcf7-validates-as-required\" aria-required=\"true\" aria-invalid=\"false\" name=\"wilaya\"><option value=\"\">S\u00e9lectionnez votre wilaya<\/option><option value=\"Adrar\">Adrar<\/option><option value=\"Chlef\">Chlef<\/option><option value=\"Laghouat\">Laghouat<\/option><option value=\"Oum El Bouaghi\">Oum El Bouaghi<\/option><option value=\"Batna\">Batna<\/option><option value=\"B\u00e9ja\u00efa\">B\u00e9ja\u00efa<\/option><option value=\"Biskra\">Biskra<\/option><option value=\"B\u00e9char\">B\u00e9char<\/option><option value=\"Blida\">Blida<\/option><option value=\"Bouira\">Bouira<\/option><option value=\"Tamanrasset\">Tamanrasset<\/option><option value=\"T\u00e9bessa\">T\u00e9bessa<\/option><option value=\"Tlemcen\">Tlemcen<\/option><option value=\"Tiaret\">Tiaret<\/option><option value=\"Tizi Ouzou\">Tizi Ouzou<\/option><option value=\"Alger\">Alger<\/option><option value=\"Djelfa\">Djelfa<\/option><option value=\"Jijel\">Jijel<\/option><option value=\"S\u00e9tif\">S\u00e9tif<\/option><option value=\"Sa\u00efda\">Sa\u00efda<\/option><option value=\"Skikda\">Skikda<\/option><option value=\"Sidi Bel Abb\u00e8s\">Sidi Bel Abb\u00e8s<\/option><option value=\"Annaba\">Annaba<\/option><option value=\"Guelma\">Guelma<\/option><option value=\"Constantine\">Constantine<\/option><option value=\"M\u00e9d\u00e9a\">M\u00e9d\u00e9a<\/option><option value=\"Mostaganem\">Mostaganem<\/option><option value=\"M&#039;Sila\">M&#039;Sila<\/option><option value=\"Mascara\">Mascara<\/option><option value=\"Ouargla\">Ouargla<\/option><option value=\"Oran\">Oran<\/option><option value=\"El Bayadh\">El Bayadh<\/option><option value=\"Illizi\">Illizi<\/option><option value=\"Bordj Bou Arr\u00e9ridj\">Bordj Bou Arr\u00e9ridj<\/option><option value=\"Boumerd\u00e8s\">Boumerd\u00e8s<\/option><option value=\"El Tarf\">El Tarf<\/option><option value=\"Tindouf\">Tindouf<\/option><option value=\"Tissemsilt\">Tissemsilt<\/option><option value=\"El Oued\">El Oued<\/option><option value=\"Khenchela\">Khenchela<\/option><option value=\"Souk Ahras\">Souk Ahras<\/option><option value=\"Tipaza\">Tipaza<\/option><option value=\"Mila\">Mila<\/option><option value=\"A\u00efn Defla\">A\u00efn Defla<\/option><option value=\"Na\u00e2ma\">Na\u00e2ma<\/option><option value=\"A\u00efn T\u00e9mouchent\">A\u00efn T\u00e9mouchent<\/option><option value=\"Gharda\u00efa\">Gharda\u00efa<\/option><option value=\"Relizane\">Relizane<\/option><option value=\"Timimoun\">Timimoun<\/option><option value=\"Bordj Badji Mokhtar\">Bordj Badji Mokhtar<\/option><option value=\"Ouled Djellal\">Ouled Djellal<\/option><option value=\"B\u00e9ni Abb\u00e8s\">B\u00e9ni Abb\u00e8s<\/option><option value=\"In Salah\">In Salah<\/option><option value=\"In Guezzam\">In Guezzam<\/option><option value=\"Touggourt\">Touggourt<\/option><option value=\"Djanet\">Djanet<\/option><option value=\"El M\u2019Ghair\">El M\u2019Ghair<\/option><option value=\"El Meniaa\">El Meniaa<\/option><option value=\"Aflou\">Aflou<\/option><option value=\"A\u00efn Oussera\">A\u00efn Oussera<\/option><option value=\"Barika\">Barika<\/option><option value=\"Bir el-Ater\">Bir el-Ater<\/option><option value=\"Bou Sa\u00e2da\">Bou Sa\u00e2da<\/option><option value=\"El Abiodh Sidi Cheikh\">El Abiodh Sidi Cheikh<\/option><option value=\"El Aricha\">El Aricha<\/option><option value=\"El Kantara\">El Kantara<\/option><option value=\"Ksar Chellala\">Ksar Chellala<\/option><option value=\"Ksar El Boukhari\">Ksar El Boukhari<\/option><option value=\"Messaad\">Messaad<\/option><\/select><\/span>\n\t\t<\/p>\n\t<\/div>\n\t<div class=\"cf7-field\">\n\t\t<p><label>Type de demande<\/label><br \/>\n<span class=\"wpcf7-form-control-wrap\" data-name=\"type_demande\"><select class=\"wpcf7-form-control wpcf7-select wpcf7-validates-as-required\" aria-required=\"true\" aria-invalid=\"false\" name=\"type_demande\"><option value=\"\">S\u00e9lectionnez le type de demande<\/option><option value=\"Plainte\">Plainte<\/option><option value=\"Suggestion\">Suggestion<\/option><option value=\"Demande d&#039;information\">Demande d&#039;information<\/option><option value=\"F\u00e9licitation\">F\u00e9licitation<\/option><\/select><\/span>\n\t\t<\/p>\n\t<\/div>\n\t<div class=\"cf7-field\">\n\t\t<p><label>Structure concern\u00e9e<\/label><br \/>\n<span class=\"wpcf7-form-control-wrap\" data-name=\"structure\"><select class=\"wpcf7-form-control wpcf7-select\" aria-invalid=\"false\" name=\"structure\"><option value=\"\">S\u00e9lectionnez la structure concern\u00e9e<\/option><option value=\"Direction G\u00e9n\u00e9rale\">Direction G\u00e9n\u00e9rale<\/option><option value=\"UP Ben Aknoun\">UP Ben Aknoun<\/option><option value=\"UP Khroub\">UP Khroub<\/option><option value=\"UP Oran\">UP Oran<\/option><option value=\"UP Laghouat\">UP Laghouat<\/option><option value=\"Autre\">Autre<\/option><\/select><\/span>\n\t\t<\/p>\n\t<\/div>\n\t<div class=\"cf7-field\">\n\t\t<p><label>Nom<\/label><br \/>\n<span class=\"wpcf7-form-control-wrap\" data-name=\"nom\"><input size=\"40\" maxlength=\"400\" class=\"wpcf7-form-control wpcf7-text wpcf7-validates-as-required\" aria-required=\"true\" aria-invalid=\"false\" placeholder=\"Entrez votre nom\" value=\"\" type=\"text\" name=\"nom\" \/><\/span>\n\t\t<\/p>\n\t<\/div>\n\t<div class=\"cf7-field\">\n\t\t<p><label>Pr\u00e9nom<\/label><br \/>\n<span class=\"wpcf7-form-control-wrap\" data-name=\"prenom\"><input size=\"40\" maxlength=\"400\" class=\"wpcf7-form-control wpcf7-text wpcf7-validates-as-required\" aria-required=\"true\" aria-invalid=\"false\" placeholder=\"Entrez votre pr\u00e9nom\" value=\"\" type=\"text\" name=\"prenom\" \/><\/span>\n\t\t<\/p>\n\t<\/div>\n\t<div class=\"cf7-field\">\n\t\t<p><label>Email<\/label><br \/>\n<span class=\"wpcf7-form-control-wrap\" data-name=\"email\"><input size=\"40\" maxlength=\"400\" class=\"wpcf7-form-control wpcf7-email wpcf7-validates-as-required wpcf7-text wpcf7-validates-as-email\" aria-required=\"true\" aria-invalid=\"false\" placeholder=\"Entrez votre adresse e-mail\" value=\"\" type=\"email\" name=\"email\" \/><\/span>\n\t\t<\/p>\n\t<\/div>\n\t<div class=\"cf7-field\">\n\t\t<p><label>T\u00e9l\u00e9phone<\/label><br \/>\n<span class=\"wpcf7-form-control-wrap\" data-name=\"telephone\"><input size=\"40\" maxlength=\"400\" class=\"wpcf7-form-control wpcf7-tel wpcf7-text wpcf7-validates-as-tel\" aria-invalid=\"false\" placeholder=\"Entrez votre num\u00e9ro de t\u00e9l\u00e9phone\" value=\"\" type=\"tel\" name=\"telephone\" \/><\/span>\n\t\t<\/p>\n\t<\/div>\n\t<div class=\"cf7-field\">\n\t\t<p><label>Message<\/label><br \/>\n<span class=\"wpcf7-form-control-wrap\" data-name=\"message\"><textarea cols=\"40\" rows=\"10\" maxlength=\"2000\" class=\"wpcf7-form-control wpcf7-textarea wpcf7-validates-as-required\" aria-required=\"true\" aria-invalid=\"false\" placeholder=\"D\u00e9crivez votre demande...\" name=\"message\"><\/textarea><\/span>\n\t\t<\/p>\n\t<\/div>\n\t<div class=\"cf7-consent\">\n\t\t<p><span class=\"wpcf7-form-control-wrap\" data-name=\"rgpd\"><span class=\"wpcf7-form-control wpcf7-acceptance\"><span class=\"wpcf7-list-item\"><label><input type=\"checkbox\" name=\"rgpd\" value=\"1\" aria-invalid=\"false\" \/><span class=\"wpcf7-list-item-label\">J\u2019accepte que mes donn\u00e9es soient utilis\u00e9es uniquement pour le traitement de ma demande par la Cellule d\u2019\u00c9coute de l\u2019ONAAPH.<\/span><\/label><\/span><\/span><\/span>\n\t\t<\/p>\n\t<\/div>\n\t<div class=\"cf7-submit\">\n\t\t<p><input class=\"wpcf7-form-control wpcf7-submit has-spinner\" type=\"submit\" value=\"Envoyer\" \/>\n\t\t<\/p>\n\t<\/div>\n<\/div><div class=\"wpcf7-response-output\" aria-hidden=\"true\"><\/div>\n<\/form>\n<\/div>\n\n","protected":false},"excerpt":{"rendered":"Wilaya S\u00e9lectionnez votre wilayaAdrarChlefLaghouatOum El BouaghiBatnaB\u00e9ja\u00efaBiskraB\u00e9charBlidaBouiraTamanrassetT\u00e9bessaTlemcenTiaretTizi OuzouAlgerDjelfaJijelS\u00e9tifSa\u00efdaSkikdaSidi Bel Abb\u00e8sAnnabaGuelmaConstantineM\u00e9d\u00e9aMostaganemM&#039;SilaMascaraOuarglaOranEl BayadhIlliziBordj Bou Arr\u00e9ridjBoumerd\u00e8sEl TarfTindoufTissemsiltEl OuedKhenchelaSouk AhrasTipazaMilaA\u00efn DeflaNa\u00e2maA\u00efn T\u00e9mouchentGharda\u00efaRelizaneTimimounBordj Badji MokhtarOuled DjellalB\u00e9ni Abb\u00e8sIn SalahIn GuezzamTouggourtDjanetEl M\u2019GhairEl MeniaaAflouA\u00efn OusseraBarikaBir el-AterBou Sa\u00e2daEl Abiodh Sidi CheikhEl ArichaEl KantaraKsar ChellalaKsar El BoukhariMessaad Type de demande S\u00e9lectionnez le type de demandePlainteSuggestionDemande d&#039;informationF\u00e9licitation Structure concern\u00e9e S\u00e9lectionnez la structure concern\u00e9eDirection G\u00e9n\u00e9raleUP Ben AknounUP KhroubUP &hellip;","protected":false},"author":1,"featured_media":0,"parent":0,"menu_order":0,"comment_status":"closed","ping_status":"closed","template":"","meta":{"inline_featured_image":false,"footnotes":""},"class_list":["post-2020","page","type-page","status-publish",""],"yoast_head":"<!-- This site is optimized with the Yoast SEO plugin v27.2 - https:\/\/yoast.com\/product\/yoast-seo-wordpress\/ -->\n<title>Cellule d&#039;\u00c9coute - ONAAPH<\/title>\n<meta name=\"robots\" content=\"index, follow, max-snippet:-1, max-image-preview:large, max-video-preview:-1\" \/>\n<link rel=\"canonical\" href=\"http:\/\/staging.onaaph.dz\/cellule-decoute-2\/\" \/>\n<meta property=\"og:locale\" content=\"fr_FR\" \/>\n<meta property=\"og:type\" content=\"article\" \/>\n<meta property=\"og:title\" content=\"Cellule d&#039;\u00c9coute - ONAAPH\" \/>\n<meta property=\"og:url\" content=\"http:\/\/staging.onaaph.dz\/cellule-decoute-2\/\" \/>\n<meta property=\"og:site_name\" content=\"ONAAPH\" \/>\n<meta property=\"article:modified_time\" content=\"2025-11-12T16:18:01+00:00\" \/>\n<meta name=\"twitter:card\" content=\"summary_large_image\" \/>\n<script type=\"application\/ld+json\" class=\"yoast-schema-graph\">{\"@context\":\"https:\/\/schema.org\",\"@graph\":[{\"@type\":\"WebPage\",\"@id\":\"http:\/\/staging.onaaph.dz\/cellule-decoute-2\/\",\"url\":\"http:\/\/staging.onaaph.dz\/cellule-decoute-2\/\",\"name\":\"Cellule d'\u00c9coute - ONAAPH\",\"isPartOf\":{\"@id\":\"https:\/\/onaaph-staging.myndall.com\/#website\"},\"datePublished\":\"2018-11-04T12:05:36+00:00\",\"dateModified\":\"2025-11-12T16:18:01+00:00\",\"breadcrumb\":{\"@id\":\"http:\/\/staging.onaaph.dz\/cellule-decoute-2\/#breadcrumb\"},\"inLanguage\":\"fr-FR\",\"potentialAction\":[{\"@type\":\"ReadAction\",\"target\":[\"http:\/\/staging.onaaph.dz\/cellule-decoute-2\/\"]}]},{\"@type\":\"BreadcrumbList\",\"@id\":\"http:\/\/staging.onaaph.dz\/cellule-decoute-2\/#breadcrumb\",\"itemListElement\":[{\"@type\":\"ListItem\",\"position\":1,\"name\":\"Accueil\",\"item\":\"https:\/\/onaaph.dz\/\"},{\"@type\":\"ListItem\",\"position\":2,\"name\":\"Cellule d&rsquo;\u00c9coute\"}]},{\"@type\":\"WebSite\",\"@id\":\"https:\/\/onaaph-staging.myndall.com\/#website\",\"url\":\"https:\/\/onaaph-staging.myndall.com\/\",\"name\":\"ONAAPH\",\"description\":\"onaaph\",\"potentialAction\":[{\"@type\":\"SearchAction\",\"target\":{\"@type\":\"EntryPoint\",\"urlTemplate\":\"https:\/\/onaaph-staging.myndall.com\/?s={search_term_string}\"},\"query-input\":{\"@type\":\"PropertyValueSpecification\",\"valueRequired\":true,\"valueName\":\"search_term_string\"}}],\"inLanguage\":\"fr-FR\"}]}<\/script>\n<!-- \/ Yoast SEO plugin. -->","yoast_head_json":{"title":"Cellule d'\u00c9coute - ONAAPH","robots":{"index":"index","follow":"follow","max-snippet":"max-snippet:-1","max-image-preview":"max-image-preview:large","max-video-preview":"max-video-preview:-1"},"canonical":"http:\/\/staging.onaaph.dz\/cellule-decoute-2\/","og_locale":"fr_FR","og_type":"article","og_title":"Cellule d'\u00c9coute - ONAAPH","og_url":"http:\/\/staging.onaaph.dz\/cellule-decoute-2\/","og_site_name":"ONAAPH","article_modified_time":"2025-11-12T16:18:01+00:00","twitter_card":"summary_large_image","schema":{"@context":"https:\/\/schema.org","@graph":[{"@type":"WebPage","@id":"http:\/\/staging.onaaph.dz\/cellule-decoute-2\/","url":"http:\/\/staging.onaaph.dz\/cellule-decoute-2\/","name":"Cellule d'\u00c9coute - ONAAPH","isPartOf":{"@id":"https:\/\/onaaph-staging.myndall.com\/#website"},"datePublished":"2018-11-04T12:05:36+00:00","dateModified":"2025-11-12T16:18:01+00:00","breadcrumb":{"@id":"http:\/\/staging.onaaph.dz\/cellule-decoute-2\/#breadcrumb"},"inLanguage":"fr-FR","potentialAction":[{"@type":"ReadAction","target":["http:\/\/staging.onaaph.dz\/cellule-decoute-2\/"]}]},{"@type":"BreadcrumbList","@id":"http:\/\/staging.onaaph.dz\/cellule-decoute-2\/#breadcrumb","itemListElement":[{"@type":"ListItem","position":1,"name":"Accueil","item":"https:\/\/onaaph.dz\/"},{"@type":"ListItem","position":2,"name":"Cellule d&rsquo;\u00c9coute"}]},{"@type":"WebSite","@id":"https:\/\/onaaph-staging.myndall.com\/#website","url":"https:\/\/onaaph-staging.myndall.com\/","name":"ONAAPH","description":"onaaph","potentialAction":[{"@type":"SearchAction","target":{"@type":"EntryPoint","urlTemplate":"https:\/\/onaaph-staging.myndall.com\/?s={search_term_string}"},"query-input":{"@type":"PropertyValueSpecification","valueRequired":true,"valueName":"search_term_string"}}],"inLanguage":"fr-FR"}]}},"_links":{"self":[{"href":"https:\/\/onaaph.dz\/fr_fr\/wp-json\/wp\/v2\/pages\/2020","targetHints":{"allow":["GET"]}}],"collection":[{"href":"https:\/\/onaaph.dz\/fr_fr\/wp-json\/wp\/v2\/pages"}],"about":[{"href":"https:\/\/onaaph.dz\/fr_fr\/wp-json\/wp\/v2\/types\/page"}],"author":[{"embeddable":true,"href":"https:\/\/onaaph.dz\/fr_fr\/wp-json\/wp\/v2\/users\/1"}],"replies":[{"embeddable":true,"href":"https:\/\/onaaph.dz\/fr_fr\/wp-json\/wp\/v2\/comments?post=2020"}],"version-history":[{"count":1,"href":"https:\/\/onaaph.dz\/fr_fr\/wp-json\/wp\/v2\/pages\/2020\/revisions"}],"predecessor-version":[{"id":4018,"href":"https:\/\/onaaph.dz\/fr_fr\/wp-json\/wp\/v2\/pages\/2020\/revisions\/4018"}],"wp:attachment":[{"href":"https:\/\/onaaph.dz\/fr_fr\/wp-json\/wp\/v2\/media?parent=2020"}],"curies":[{"name":"wp","href":"https:\/\/api.w.org\/{rel}","templated":true}]}}