{"id":4491,"date":"2026-03-10T10:43:10","date_gmt":"2026-03-10T09:43:10","guid":{"rendered":"https:\/\/onaaph.dz\/?post_type=product&#038;p=4491"},"modified":"2026-03-10T10:46:25","modified_gmt":"2026-03-10T09:46:25","slug":"poches-colostomie","status":"publish","type":"product","link":"https:\/\/onaaph.dz\/en\/product\/poches-colostomie\/","title":{"rendered":"POCHES COLOSTOMIE\u00a0"},"content":{"rendered":"<p><strong>POCHES COLOSTOMIE<\/strong>\u00a0:<\/p>\n<p>Utilis\u00e9 pour recueillir les selles apr\u00e8s une colostomie.<\/p>\n<p>Elle est con\u00e7ue pour \u00eatre fix\u00e9e \u00e0 la peau autour de l&rsquo;ouverture chirurgicale (stomie) et permet une gestion hygi\u00e9nique des d\u00e9chets corporels.<\/p>","protected":false},"excerpt":{"rendered":"<p>POCHES COLOSTOMIE\u00a0: Utilis\u00e9 pour recueillir les selles apr\u00e8s une colostomie. Elle est con\u00e7ue pour \u00eatre fix\u00e9e \u00e0 la peau autour de l&rsquo;ouverture chirurgicale (stomie) et permet une gestion hygi\u00e9nique des d\u00e9chets corporels.<\/p>","protected":false},"featured_media":4496,"template":"","meta":{"inline_featured_image":false},"product_brand":[],"product_cat":[56],"product_tag":[],"class_list":{"0":"post-4491","1":"product","2":"type-product","3":"status-publish","4":"has-post-thumbnail","5":"","6":"product_cat-aides-sanitaires","8":"first","9":"instock","10":"shipping-taxable","11":"product-type-simple"},"yoast_head":"<!-- This site is optimized with the Yoast SEO plugin v27.2 - https:\/\/yoast.com\/product\/yoast-seo-wordpress\/ -->\n<title>POCHES COLOSTOMIE\u00a0 - ONAAPH<\/title>\n<meta name=\"robots\" content=\"index, follow, max-snippet:-1, max-image-preview:large, max-video-preview:-1\" \/>\n<link rel=\"canonical\" href=\"https:\/\/onaaph.dz\/en\/product\/poches-colostomie\/\" \/>\n<meta property=\"og:locale\" content=\"en_US\" \/>\n<meta property=\"og:type\" content=\"article\" \/>\n<meta property=\"og:title\" content=\"POCHES COLOSTOMIE\u00a0 - ONAAPH\" \/>\n<meta property=\"og:description\" content=\"POCHES COLOSTOMIE\u00a0: Utilis\u00e9 pour recueillir les selles apr\u00e8s une colostomie. Elle est con\u00e7ue pour \u00eatre fix\u00e9e \u00e0 la peau autour de l&rsquo;ouverture chirurgicale (stomie) et permet une gestion hygi\u00e9nique des d\u00e9chets corporels.\" \/>\n<meta property=\"og:url\" content=\"https:\/\/onaaph.dz\/en\/product\/poches-colostomie\/\" \/>\n<meta property=\"og:site_name\" content=\"ONAAPH\" \/>\n<meta property=\"article:modified_time\" content=\"2026-03-10T09:46:25+00:00\" \/>\n<meta property=\"og:image\" content=\"https:\/\/onaaph.dz\/wp-content\/uploads\/2026\/03\/POCHES-COLOSTOMIE-724x1024.png\" \/>\n\t<meta property=\"og:image:width\" content=\"724\" \/>\n\t<meta property=\"og:image:height\" content=\"1024\" \/>\n\t<meta property=\"og:image:type\" content=\"image\/png\" \/>\n<meta name=\"twitter:card\" content=\"summary_large_image\" \/>\n<meta name=\"twitter:label1\" content=\"Est. reading time\" \/>\n\t<meta name=\"twitter:data1\" content=\"1 minute\" \/>\n<script type=\"application\/ld+json\" class=\"yoast-schema-graph\">{\"@context\":\"https:\/\/schema.org\",\"@graph\":[{\"@type\":\"WebPage\",\"@id\":\"https:\/\/onaaph.dz\/en\/product\/poches-colostomie\/\",\"url\":\"https:\/\/onaaph.dz\/en\/product\/poches-colostomie\/\",\"name\":\"POCHES COLOSTOMIE\u00a0 - ONAAPH\",\"isPartOf\":{\"@id\":\"https:\/\/onaaph-staging.myndall.com\/#website\"},\"primaryImageOfPage\":{\"@id\":\"https:\/\/onaaph.dz\/en\/product\/poches-colostomie\/#primaryimage\"},\"image\":{\"@id\":\"https:\/\/onaaph.dz\/en\/product\/poches-colostomie\/#primaryimage\"},\"thumbnailUrl\":\"https:\/\/onaaph.dz\/wp-content\/uploads\/2026\/03\/POCHES-COLOSTOMIE-scaled.png\",\"datePublished\":\"2026-03-10T09:43:10+00:00\",\"dateModified\":\"2026-03-10T09:46:25+00:00\",\"breadcrumb\":{\"@id\":\"https:\/\/onaaph.dz\/en\/product\/poches-colostomie\/#breadcrumb\"},\"inLanguage\":\"en-US\",\"potentialAction\":[{\"@type\":\"ReadAction\",\"target\":[\"https:\/\/onaaph.dz\/en\/product\/poches-colostomie\/\"]}]},{\"@type\":\"ImageObject\",\"inLanguage\":\"en-US\",\"@id\":\"https:\/\/onaaph.dz\/en\/product\/poches-colostomie\/#primaryimage\",\"url\":\"https:\/\/onaaph.dz\/wp-content\/uploads\/2026\/03\/POCHES-COLOSTOMIE-scaled.png\",\"contentUrl\":\"https:\/\/onaaph.dz\/wp-content\/uploads\/2026\/03\/POCHES-COLOSTOMIE-scaled.png\",\"width\":1810,\"height\":2560},{\"@type\":\"BreadcrumbList\",\"@id\":\"https:\/\/onaaph.dz\/en\/product\/poches-colostomie\/#breadcrumb\",\"itemListElement\":[{\"@type\":\"ListItem\",\"position\":1,\"name\":\"Home\",\"item\":\"https:\/\/onaaph.dz\/\"},{\"@type\":\"ListItem\",\"position\":2,\"name\":\"Produits\",\"item\":\"http:\/\/staging.onaaph.dz\/shop\/\"},{\"@type\":\"ListItem\",\"position\":3,\"name\":\"POCHES COLOSTOMIE\u00a0\"}]},{\"@type\":\"WebSite\",\"@id\":\"https:\/\/onaaph-staging.myndall.com\/#website\",\"url\":\"https:\/\/onaaph-staging.myndall.com\/\",\"name\":\"ONAAPH\",\"description\":\"onaaph\",\"potentialAction\":[{\"@type\":\"SearchAction\",\"target\":{\"@type\":\"EntryPoint\",\"urlTemplate\":\"https:\/\/onaaph-staging.myndall.com\/?s={search_term_string}\"},\"query-input\":{\"@type\":\"PropertyValueSpecification\",\"valueRequired\":true,\"valueName\":\"search_term_string\"}}],\"inLanguage\":\"en-US\"}]}<\/script>\n<!-- \/ Yoast SEO plugin. -->","yoast_head_json":{"title":"POCHES COLOSTOMIE\u00a0 - ONAAPH","robots":{"index":"index","follow":"follow","max-snippet":"max-snippet:-1","max-image-preview":"max-image-preview:large","max-video-preview":"max-video-preview:-1"},"canonical":"https:\/\/onaaph.dz\/en\/product\/poches-colostomie\/","og_locale":"en_US","og_type":"article","og_title":"POCHES COLOSTOMIE\u00a0 - ONAAPH","og_description":"POCHES COLOSTOMIE\u00a0: Utilis\u00e9 pour recueillir les selles apr\u00e8s une colostomie. Elle est con\u00e7ue pour \u00eatre fix\u00e9e \u00e0 la peau autour de l&rsquo;ouverture chirurgicale (stomie) et permet une gestion hygi\u00e9nique des d\u00e9chets corporels.","og_url":"https:\/\/onaaph.dz\/en\/product\/poches-colostomie\/","og_site_name":"ONAAPH","article_modified_time":"2026-03-10T09:46:25+00:00","og_image":[{"width":724,"height":1024,"url":"https:\/\/onaaph.dz\/wp-content\/uploads\/2026\/03\/POCHES-COLOSTOMIE-724x1024.png","type":"image\/png"}],"twitter_card":"summary_large_image","twitter_misc":{"Est. reading time":"1 minute"},"schema":{"@context":"https:\/\/schema.org","@graph":[{"@type":"WebPage","@id":"https:\/\/onaaph.dz\/en\/product\/poches-colostomie\/","url":"https:\/\/onaaph.dz\/en\/product\/poches-colostomie\/","name":"POCHES COLOSTOMIE\u00a0 - ONAAPH","isPartOf":{"@id":"https:\/\/onaaph-staging.myndall.com\/#website"},"primaryImageOfPage":{"@id":"https:\/\/onaaph.dz\/en\/product\/poches-colostomie\/#primaryimage"},"image":{"@id":"https:\/\/onaaph.dz\/en\/product\/poches-colostomie\/#primaryimage"},"thumbnailUrl":"https:\/\/onaaph.dz\/wp-content\/uploads\/2026\/03\/POCHES-COLOSTOMIE-scaled.png","datePublished":"2026-03-10T09:43:10+00:00","dateModified":"2026-03-10T09:46:25+00:00","breadcrumb":{"@id":"https:\/\/onaaph.dz\/en\/product\/poches-colostomie\/#breadcrumb"},"inLanguage":"en-US","potentialAction":[{"@type":"ReadAction","target":["https:\/\/onaaph.dz\/en\/product\/poches-colostomie\/"]}]},{"@type":"ImageObject","inLanguage":"en-US","@id":"https:\/\/onaaph.dz\/en\/product\/poches-colostomie\/#primaryimage","url":"https:\/\/onaaph.dz\/wp-content\/uploads\/2026\/03\/POCHES-COLOSTOMIE-scaled.png","contentUrl":"https:\/\/onaaph.dz\/wp-content\/uploads\/2026\/03\/POCHES-COLOSTOMIE-scaled.png","width":1810,"height":2560},{"@type":"BreadcrumbList","@id":"https:\/\/onaaph.dz\/en\/product\/poches-colostomie\/#breadcrumb","itemListElement":[{"@type":"ListItem","position":1,"name":"Home","item":"https:\/\/onaaph.dz\/"},{"@type":"ListItem","position":2,"name":"Produits","item":"http:\/\/staging.onaaph.dz\/shop\/"},{"@type":"ListItem","position":3,"name":"POCHES COLOSTOMIE\u00a0"}]},{"@type":"WebSite","@id":"https:\/\/onaaph-staging.myndall.com\/#website","url":"https:\/\/onaaph-staging.myndall.com\/","name":"ONAAPH","description":"onaaph","potentialAction":[{"@type":"SearchAction","target":{"@type":"EntryPoint","urlTemplate":"https:\/\/onaaph-staging.myndall.com\/?s={search_term_string}"},"query-input":{"@type":"PropertyValueSpecification","valueRequired":true,"valueName":"search_term_string"}}],"inLanguage":"en-US"}]}},"_links":{"self":[{"href":"https:\/\/onaaph.dz\/en\/wp-json\/wp\/v2\/product\/4491","targetHints":{"allow":["GET"]}}],"collection":[{"href":"https:\/\/onaaph.dz\/en\/wp-json\/wp\/v2\/product"}],"about":[{"href":"https:\/\/onaaph.dz\/en\/wp-json\/wp\/v2\/types\/product"}],"wp:featuredmedia":[{"embeddable":true,"href":"https:\/\/onaaph.dz\/en\/wp-json\/wp\/v2\/media\/4496"}],"wp:attachment":[{"href":"https:\/\/onaaph.dz\/en\/wp-json\/wp\/v2\/media?parent=4491"}],"wp:term":[{"taxonomy":"product_brand","embeddable":true,"href":"https:\/\/onaaph.dz\/en\/wp-json\/wp\/v2\/product_brand?post=4491"},{"taxonomy":"product_cat","embeddable":true,"href":"https:\/\/onaaph.dz\/en\/wp-json\/wp\/v2\/product_cat?post=4491"},{"taxonomy":"product_tag","embeddable":true,"href":"https:\/\/onaaph.dz\/en\/wp-json\/wp\/v2\/product_tag?post=4491"}],"curies":[{"name":"wp","href":"https:\/\/api.w.org\/{rel}","templated":true}]}}