{"id":4448,"date":"2026-03-10T10:06:04","date_gmt":"2026-03-10T09:06:04","guid":{"rendered":"https:\/\/onaaph.dz\/?post_type=product&#038;p=4448"},"modified":"2026-03-10T10:06:54","modified_gmt":"2026-03-10T09:06:54","slug":"les-cannes-en-c","status":"publish","type":"product","link":"https:\/\/onaaph.dz\/en\/product\/les-cannes-en-c\/","title":{"rendered":"Les cannes en C"},"content":{"rendered":"<p><strong>Les cannes en C\u00a0:<\/strong> ont une poign\u00e9e courb\u00e9e pour un soutien l\u00e9ger.<\/p>","protected":false},"excerpt":{"rendered":"<p>Les cannes en C\u00a0: ont une poign\u00e9e courb\u00e9e pour un soutien l\u00e9ger.<\/p>","protected":false},"featured_media":4456,"template":"","meta":{"inline_featured_image":false},"product_brand":[],"product_cat":[58],"product_tag":[],"class_list":{"0":"post-4448","1":"product","2":"type-product","3":"status-publish","4":"has-post-thumbnail","5":"","6":"product_cat-aides-techniques-a-la-marche","8":"first","9":"instock","10":"shipping-taxable","11":"product-type-simple"},"yoast_head":"<!-- This site is optimized with the Yoast SEO plugin v27.2 - https:\/\/yoast.com\/product\/yoast-seo-wordpress\/ -->\n<title>Les cannes en C - ONAAPH<\/title>\n<meta name=\"robots\" content=\"index, follow, max-snippet:-1, max-image-preview:large, max-video-preview:-1\" \/>\n<link rel=\"canonical\" href=\"https:\/\/onaaph.dz\/en\/product\/les-cannes-en-c\/\" \/>\n<meta property=\"og:locale\" content=\"en_US\" \/>\n<meta property=\"og:type\" content=\"article\" \/>\n<meta property=\"og:title\" content=\"Les cannes en C - ONAAPH\" \/>\n<meta property=\"og:description\" content=\"Les cannes en C\u00a0: ont une poign\u00e9e courb\u00e9e pour un soutien l\u00e9ger.\" \/>\n<meta property=\"og:url\" content=\"https:\/\/onaaph.dz\/en\/product\/les-cannes-en-c\/\" \/>\n<meta property=\"og:site_name\" content=\"ONAAPH\" \/>\n<meta property=\"article:modified_time\" content=\"2026-03-10T09:06:54+00:00\" \/>\n<meta property=\"og:image\" content=\"https:\/\/onaaph.dz\/wp-content\/uploads\/2026\/03\/Canne-en-C.jpeg\" \/>\n\t<meta property=\"og:image:width\" content=\"411\" \/>\n\t<meta property=\"og:image:height\" content=\"300\" \/>\n\t<meta property=\"og:image:type\" content=\"image\/jpeg\" \/>\n<meta name=\"twitter:card\" content=\"summary_large_image\" \/>\n<meta name=\"twitter:label1\" content=\"Est. reading time\" \/>\n\t<meta name=\"twitter:data1\" content=\"1 minute\" \/>\n<script type=\"application\/ld+json\" class=\"yoast-schema-graph\">{\"@context\":\"https:\/\/schema.org\",\"@graph\":[{\"@type\":\"WebPage\",\"@id\":\"https:\/\/onaaph.dz\/fr_fr\/produit\/les-cannes-en-c\/\",\"url\":\"https:\/\/onaaph.dz\/fr_fr\/produit\/les-cannes-en-c\/\",\"name\":\"Les cannes en C - ONAAPH\",\"isPartOf\":{\"@id\":\"https:\/\/onaaph-staging.myndall.com\/#website\"},\"primaryImageOfPage\":{\"@id\":\"https:\/\/onaaph.dz\/fr_fr\/produit\/les-cannes-en-c\/#primaryimage\"},\"image\":{\"@id\":\"https:\/\/onaaph.dz\/fr_fr\/produit\/les-cannes-en-c\/#primaryimage\"},\"thumbnailUrl\":\"https:\/\/onaaph.dz\/wp-content\/uploads\/2026\/03\/Canne-en-C.jpeg\",\"datePublished\":\"2026-03-10T09:06:04+00:00\",\"dateModified\":\"2026-03-10T09:06:54+00:00\",\"breadcrumb\":{\"@id\":\"https:\/\/onaaph.dz\/fr_fr\/produit\/les-cannes-en-c\/#breadcrumb\"},\"inLanguage\":\"en-US\",\"potentialAction\":[{\"@type\":\"ReadAction\",\"target\":[\"https:\/\/onaaph.dz\/fr_fr\/produit\/les-cannes-en-c\/\"]}]},{\"@type\":\"ImageObject\",\"inLanguage\":\"en-US\",\"@id\":\"https:\/\/onaaph.dz\/fr_fr\/produit\/les-cannes-en-c\/#primaryimage\",\"url\":\"https:\/\/onaaph.dz\/wp-content\/uploads\/2026\/03\/Canne-en-C.jpeg\",\"contentUrl\":\"https:\/\/onaaph.dz\/wp-content\/uploads\/2026\/03\/Canne-en-C.jpeg\",\"width\":411,\"height\":300},{\"@type\":\"BreadcrumbList\",\"@id\":\"https:\/\/onaaph.dz\/fr_fr\/produit\/les-cannes-en-c\/#breadcrumb\",\"itemListElement\":[{\"@type\":\"ListItem\",\"position\":1,\"name\":\"Home\",\"item\":\"https:\/\/onaaph.dz\/\"},{\"@type\":\"ListItem\",\"position\":2,\"name\":\"Produits\",\"item\":\"http:\/\/staging.onaaph.dz\/shop\/\"},{\"@type\":\"ListItem\",\"position\":3,\"name\":\"Les cannes en C\"}]},{\"@type\":\"WebSite\",\"@id\":\"https:\/\/onaaph-staging.myndall.com\/#website\",\"url\":\"https:\/\/onaaph-staging.myndall.com\/\",\"name\":\"ONAAPH\",\"description\":\"onaaph\",\"potentialAction\":[{\"@type\":\"SearchAction\",\"target\":{\"@type\":\"EntryPoint\",\"urlTemplate\":\"https:\/\/onaaph-staging.myndall.com\/?s={search_term_string}\"},\"query-input\":{\"@type\":\"PropertyValueSpecification\",\"valueRequired\":true,\"valueName\":\"search_term_string\"}}],\"inLanguage\":\"en-US\"}]}<\/script>\n<!-- \/ Yoast SEO plugin. -->","yoast_head_json":{"title":"Les cannes en C - ONAAPH","robots":{"index":"index","follow":"follow","max-snippet":"max-snippet:-1","max-image-preview":"max-image-preview:large","max-video-preview":"max-video-preview:-1"},"canonical":"https:\/\/onaaph.dz\/en\/product\/les-cannes-en-c\/","og_locale":"en_US","og_type":"article","og_title":"Les cannes en C - ONAAPH","og_description":"Les cannes en C\u00a0: ont une poign\u00e9e courb\u00e9e pour un soutien l\u00e9ger.","og_url":"https:\/\/onaaph.dz\/en\/product\/les-cannes-en-c\/","og_site_name":"ONAAPH","article_modified_time":"2026-03-10T09:06:54+00:00","og_image":[{"width":411,"height":300,"url":"https:\/\/onaaph.dz\/wp-content\/uploads\/2026\/03\/Canne-en-C.jpeg","type":"image\/jpeg"}],"twitter_card":"summary_large_image","twitter_misc":{"Est. reading time":"1 minute"},"schema":{"@context":"https:\/\/schema.org","@graph":[{"@type":"WebPage","@id":"https:\/\/onaaph.dz\/fr_fr\/produit\/les-cannes-en-c\/","url":"https:\/\/onaaph.dz\/fr_fr\/produit\/les-cannes-en-c\/","name":"Les cannes en C - ONAAPH","isPartOf":{"@id":"https:\/\/onaaph-staging.myndall.com\/#website"},"primaryImageOfPage":{"@id":"https:\/\/onaaph.dz\/fr_fr\/produit\/les-cannes-en-c\/#primaryimage"},"image":{"@id":"https:\/\/onaaph.dz\/fr_fr\/produit\/les-cannes-en-c\/#primaryimage"},"thumbnailUrl":"https:\/\/onaaph.dz\/wp-content\/uploads\/2026\/03\/Canne-en-C.jpeg","datePublished":"2026-03-10T09:06:04+00:00","dateModified":"2026-03-10T09:06:54+00:00","breadcrumb":{"@id":"https:\/\/onaaph.dz\/fr_fr\/produit\/les-cannes-en-c\/#breadcrumb"},"inLanguage":"en-US","potentialAction":[{"@type":"ReadAction","target":["https:\/\/onaaph.dz\/fr_fr\/produit\/les-cannes-en-c\/"]}]},{"@type":"ImageObject","inLanguage":"en-US","@id":"https:\/\/onaaph.dz\/fr_fr\/produit\/les-cannes-en-c\/#primaryimage","url":"https:\/\/onaaph.dz\/wp-content\/uploads\/2026\/03\/Canne-en-C.jpeg","contentUrl":"https:\/\/onaaph.dz\/wp-content\/uploads\/2026\/03\/Canne-en-C.jpeg","width":411,"height":300},{"@type":"BreadcrumbList","@id":"https:\/\/onaaph.dz\/fr_fr\/produit\/les-cannes-en-c\/#breadcrumb","itemListElement":[{"@type":"ListItem","position":1,"name":"Home","item":"https:\/\/onaaph.dz\/"},{"@type":"ListItem","position":2,"name":"Produits","item":"http:\/\/staging.onaaph.dz\/shop\/"},{"@type":"ListItem","position":3,"name":"Les cannes en C"}]},{"@type":"WebSite","@id":"https:\/\/onaaph-staging.myndall.com\/#website","url":"https:\/\/onaaph-staging.myndall.com\/","name":"ONAAPH","description":"onaaph","potentialAction":[{"@type":"SearchAction","target":{"@type":"EntryPoint","urlTemplate":"https:\/\/onaaph-staging.myndall.com\/?s={search_term_string}"},"query-input":{"@type":"PropertyValueSpecification","valueRequired":true,"valueName":"search_term_string"}}],"inLanguage":"en-US"}]}},"_links":{"self":[{"href":"https:\/\/onaaph.dz\/en\/wp-json\/wp\/v2\/product\/4448","targetHints":{"allow":["GET"]}}],"collection":[{"href":"https:\/\/onaaph.dz\/en\/wp-json\/wp\/v2\/product"}],"about":[{"href":"https:\/\/onaaph.dz\/en\/wp-json\/wp\/v2\/types\/product"}],"wp:featuredmedia":[{"embeddable":true,"href":"https:\/\/onaaph.dz\/en\/wp-json\/wp\/v2\/media\/4456"}],"wp:attachment":[{"href":"https:\/\/onaaph.dz\/en\/wp-json\/wp\/v2\/media?parent=4448"}],"wp:term":[{"taxonomy":"product_brand","embeddable":true,"href":"https:\/\/onaaph.dz\/en\/wp-json\/wp\/v2\/product_brand?post=4448"},{"taxonomy":"product_cat","embeddable":true,"href":"https:\/\/onaaph.dz\/en\/wp-json\/wp\/v2\/product_cat?post=4448"},{"taxonomy":"product_tag","embeddable":true,"href":"https:\/\/onaaph.dz\/en\/wp-json\/wp\/v2\/product_tag?post=4448"}],"curies":[{"name":"wp","href":"https:\/\/api.w.org\/{rel}","templated":true}]}}