{"id":4431,"date":"2026-03-10T09:28:15","date_gmt":"2026-03-10T08:28:15","guid":{"rendered":"https:\/\/onaaph.dz\/?post_type=product&#038;p=4431"},"modified":"2026-03-10T14:03:39","modified_gmt":"2026-03-10T13:03:39","slug":"semelle-orthopedique","status":"publish","type":"product","link":"https:\/\/onaaph.dz\/en\/product\/semelle-orthopedique\/","title":{"rendered":"Semelle orthop\u00e9dique"},"content":{"rendered":"<p><strong>Semelle orthop\u00e9dique\u00a0:<\/strong><\/p>\n<p>Utilis\u00e9e pour corriger des pathologies du pied telles que le plat valgus, bot varus \u00e9quin et varus.<\/p>\n<p>Elle offre un soutien adapt\u00e9 am\u00e9liorer l&rsquo;alignement la fonction pied.<\/p>","protected":false},"excerpt":{"rendered":"<p>Semelle orthop\u00e9dique\u00a0: Utilis\u00e9e pour corriger des pathologies du pied telles que le plat valgus, bot varus \u00e9quin et varus. Elle offre un soutien adapt\u00e9 am\u00e9liorer l&rsquo;alignement la fonction pied.<\/p>","protected":false},"featured_media":4432,"template":"","meta":{"inline_featured_image":false},"product_brand":[],"product_cat":[57],"product_tag":[],"class_list":{"0":"post-4431","1":"product","2":"type-product","3":"status-publish","4":"has-post-thumbnail","5":"","6":"product_cat-appareillage-orthopedique","8":"first","9":"instock","10":"shipping-taxable","11":"product-type-simple"},"yoast_head":"<!-- This site is optimized with the Yoast SEO plugin v27.2 - https:\/\/yoast.com\/product\/yoast-seo-wordpress\/ -->\n<title>Semelle orthop\u00e9dique - ONAAPH<\/title>\n<meta name=\"robots\" content=\"index, follow, max-snippet:-1, max-image-preview:large, max-video-preview:-1\" \/>\n<link rel=\"canonical\" href=\"https:\/\/onaaph.dz\/en\/product\/semelle-orthopedique\/\" \/>\n<meta property=\"og:locale\" content=\"en_US\" \/>\n<meta property=\"og:type\" content=\"article\" \/>\n<meta property=\"og:title\" content=\"Semelle orthop\u00e9dique - ONAAPH\" \/>\n<meta property=\"og:description\" content=\"Semelle orthop\u00e9dique\u00a0: Utilis\u00e9e pour corriger des pathologies du pied telles que le plat valgus, bot varus \u00e9quin et varus. Elle offre un soutien adapt\u00e9 am\u00e9liorer l&rsquo;alignement la fonction pied.\" \/>\n<meta property=\"og:url\" content=\"https:\/\/onaaph.dz\/en\/product\/semelle-orthopedique\/\" \/>\n<meta property=\"og:site_name\" content=\"ONAAPH\" \/>\n<meta property=\"article:modified_time\" content=\"2026-03-10T13:03:39+00:00\" \/>\n<meta property=\"og:image\" content=\"https:\/\/onaaph.dz\/wp-content\/uploads\/2026\/03\/Semelle-orthopedique.png\" \/>\n\t<meta property=\"og:image:width\" content=\"1280\" \/>\n\t<meta property=\"og:image:height\" content=\"1280\" \/>\n\t<meta property=\"og:image:type\" content=\"image\/png\" \/>\n<meta name=\"twitter:card\" content=\"summary_large_image\" \/>\n<meta name=\"twitter:label1\" content=\"Est. reading time\" \/>\n\t<meta name=\"twitter:data1\" content=\"1 minute\" \/>\n<script type=\"application\/ld+json\" class=\"yoast-schema-graph\">{\"@context\":\"https:\/\/schema.org\",\"@graph\":[{\"@type\":\"WebPage\",\"@id\":\"https:\/\/onaaph.dz\/produit\/semelle-orthopedique\/\",\"url\":\"https:\/\/onaaph.dz\/produit\/semelle-orthopedique\/\",\"name\":\"Semelle orthop\u00e9dique - ONAAPH\",\"isPartOf\":{\"@id\":\"https:\/\/onaaph-staging.myndall.com\/#website\"},\"primaryImageOfPage\":{\"@id\":\"https:\/\/onaaph.dz\/produit\/semelle-orthopedique\/#primaryimage\"},\"image\":{\"@id\":\"https:\/\/onaaph.dz\/produit\/semelle-orthopedique\/#primaryimage\"},\"thumbnailUrl\":\"https:\/\/onaaph.dz\/wp-content\/uploads\/2026\/03\/Semelle-orthopedique.png\",\"datePublished\":\"2026-03-10T08:28:15+00:00\",\"dateModified\":\"2026-03-10T13:03:39+00:00\",\"breadcrumb\":{\"@id\":\"https:\/\/onaaph.dz\/produit\/semelle-orthopedique\/#breadcrumb\"},\"inLanguage\":\"en-US\",\"potentialAction\":[{\"@type\":\"ReadAction\",\"target\":[\"https:\/\/onaaph.dz\/produit\/semelle-orthopedique\/\"]}]},{\"@type\":\"ImageObject\",\"inLanguage\":\"en-US\",\"@id\":\"https:\/\/onaaph.dz\/produit\/semelle-orthopedique\/#primaryimage\",\"url\":\"https:\/\/onaaph.dz\/wp-content\/uploads\/2026\/03\/Semelle-orthopedique.png\",\"contentUrl\":\"https:\/\/onaaph.dz\/wp-content\/uploads\/2026\/03\/Semelle-orthopedique.png\",\"width\":1280,\"height\":1280},{\"@type\":\"BreadcrumbList\",\"@id\":\"https:\/\/onaaph.dz\/produit\/semelle-orthopedique\/#breadcrumb\",\"itemListElement\":[{\"@type\":\"ListItem\",\"position\":1,\"name\":\"Home\",\"item\":\"https:\/\/onaaph.dz\/\"},{\"@type\":\"ListItem\",\"position\":2,\"name\":\"Produits\",\"item\":\"http:\/\/staging.onaaph.dz\/shop\/\"},{\"@type\":\"ListItem\",\"position\":3,\"name\":\"Semelle orthop\u00e9dique\"}]},{\"@type\":\"WebSite\",\"@id\":\"https:\/\/onaaph-staging.myndall.com\/#website\",\"url\":\"https:\/\/onaaph-staging.myndall.com\/\",\"name\":\"ONAAPH\",\"description\":\"onaaph\",\"potentialAction\":[{\"@type\":\"SearchAction\",\"target\":{\"@type\":\"EntryPoint\",\"urlTemplate\":\"https:\/\/onaaph-staging.myndall.com\/?s={search_term_string}\"},\"query-input\":{\"@type\":\"PropertyValueSpecification\",\"valueRequired\":true,\"valueName\":\"search_term_string\"}}],\"inLanguage\":\"en-US\"}]}<\/script>\n<!-- \/ Yoast SEO plugin. -->","yoast_head_json":{"title":"Semelle orthop\u00e9dique - ONAAPH","robots":{"index":"index","follow":"follow","max-snippet":"max-snippet:-1","max-image-preview":"max-image-preview:large","max-video-preview":"max-video-preview:-1"},"canonical":"https:\/\/onaaph.dz\/en\/product\/semelle-orthopedique\/","og_locale":"en_US","og_type":"article","og_title":"Semelle orthop\u00e9dique - ONAAPH","og_description":"Semelle orthop\u00e9dique\u00a0: Utilis\u00e9e pour corriger des pathologies du pied telles que le plat valgus, bot varus \u00e9quin et varus. Elle offre un soutien adapt\u00e9 am\u00e9liorer l&rsquo;alignement la fonction pied.","og_url":"https:\/\/onaaph.dz\/en\/product\/semelle-orthopedique\/","og_site_name":"ONAAPH","article_modified_time":"2026-03-10T13:03:39+00:00","og_image":[{"width":1280,"height":1280,"url":"https:\/\/onaaph.dz\/wp-content\/uploads\/2026\/03\/Semelle-orthopedique.png","type":"image\/png"}],"twitter_card":"summary_large_image","twitter_misc":{"Est. reading time":"1 minute"},"schema":{"@context":"https:\/\/schema.org","@graph":[{"@type":"WebPage","@id":"https:\/\/onaaph.dz\/produit\/semelle-orthopedique\/","url":"https:\/\/onaaph.dz\/produit\/semelle-orthopedique\/","name":"Semelle orthop\u00e9dique - ONAAPH","isPartOf":{"@id":"https:\/\/onaaph-staging.myndall.com\/#website"},"primaryImageOfPage":{"@id":"https:\/\/onaaph.dz\/produit\/semelle-orthopedique\/#primaryimage"},"image":{"@id":"https:\/\/onaaph.dz\/produit\/semelle-orthopedique\/#primaryimage"},"thumbnailUrl":"https:\/\/onaaph.dz\/wp-content\/uploads\/2026\/03\/Semelle-orthopedique.png","datePublished":"2026-03-10T08:28:15+00:00","dateModified":"2026-03-10T13:03:39+00:00","breadcrumb":{"@id":"https:\/\/onaaph.dz\/produit\/semelle-orthopedique\/#breadcrumb"},"inLanguage":"en-US","potentialAction":[{"@type":"ReadAction","target":["https:\/\/onaaph.dz\/produit\/semelle-orthopedique\/"]}]},{"@type":"ImageObject","inLanguage":"en-US","@id":"https:\/\/onaaph.dz\/produit\/semelle-orthopedique\/#primaryimage","url":"https:\/\/onaaph.dz\/wp-content\/uploads\/2026\/03\/Semelle-orthopedique.png","contentUrl":"https:\/\/onaaph.dz\/wp-content\/uploads\/2026\/03\/Semelle-orthopedique.png","width":1280,"height":1280},{"@type":"BreadcrumbList","@id":"https:\/\/onaaph.dz\/produit\/semelle-orthopedique\/#breadcrumb","itemListElement":[{"@type":"ListItem","position":1,"name":"Home","item":"https:\/\/onaaph.dz\/"},{"@type":"ListItem","position":2,"name":"Produits","item":"http:\/\/staging.onaaph.dz\/shop\/"},{"@type":"ListItem","position":3,"name":"Semelle orthop\u00e9dique"}]},{"@type":"WebSite","@id":"https:\/\/onaaph-staging.myndall.com\/#website","url":"https:\/\/onaaph-staging.myndall.com\/","name":"ONAAPH","description":"onaaph","potentialAction":[{"@type":"SearchAction","target":{"@type":"EntryPoint","urlTemplate":"https:\/\/onaaph-staging.myndall.com\/?s={search_term_string}"},"query-input":{"@type":"PropertyValueSpecification","valueRequired":true,"valueName":"search_term_string"}}],"inLanguage":"en-US"}]}},"_links":{"self":[{"href":"https:\/\/onaaph.dz\/en\/wp-json\/wp\/v2\/product\/4431","targetHints":{"allow":["GET"]}}],"collection":[{"href":"https:\/\/onaaph.dz\/en\/wp-json\/wp\/v2\/product"}],"about":[{"href":"https:\/\/onaaph.dz\/en\/wp-json\/wp\/v2\/types\/product"}],"wp:featuredmedia":[{"embeddable":true,"href":"https:\/\/onaaph.dz\/en\/wp-json\/wp\/v2\/media\/4432"}],"wp:attachment":[{"href":"https:\/\/onaaph.dz\/en\/wp-json\/wp\/v2\/media?parent=4431"}],"wp:term":[{"taxonomy":"product_brand","embeddable":true,"href":"https:\/\/onaaph.dz\/en\/wp-json\/wp\/v2\/product_brand?post=4431"},{"taxonomy":"product_cat","embeddable":true,"href":"https:\/\/onaaph.dz\/en\/wp-json\/wp\/v2\/product_cat?post=4431"},{"taxonomy":"product_tag","embeddable":true,"href":"https:\/\/onaaph.dz\/en\/wp-json\/wp\/v2\/product_tag?post=4431"}],"curies":[{"name":"wp","href":"https:\/\/api.w.org\/{rel}","templated":true}]}}