{"id":4415,"date":"2026-03-10T09:20:29","date_gmt":"2026-03-10T08:20:29","guid":{"rendered":"https:\/\/onaaph.dz\/?post_type=product&#038;p=4415"},"modified":"2026-03-10T09:21:41","modified_gmt":"2026-03-10T08:21:41","slug":"casque-de-protection","status":"publish","type":"product","link":"https:\/\/onaaph.dz\/en\/product\/casque-de-protection\/","title":{"rendered":"CASQUE DE PROTECTION"},"content":{"rendered":"<p><strong>CASQUE DE PROTECTION\u00a0:<\/strong><\/p>\n<p>Le casque en poly\u00e9thyl\u00e8ne offre une protection renforc\u00e9e avec un int\u00e9rieur mati\u00e8re cellulaire pour absorber les chocs et garnissage peau le confort.<\/p>\n<p>Ce casque est utilis\u00e9 pour prot\u00e9ger la t\u00eate des chocs et impacts tout en assurant un confort optimal.<\/p>","protected":false},"excerpt":{"rendered":"<p>CASQUE DE PROTECTION\u00a0: Le casque en poly\u00e9thyl\u00e8ne offre une protection renforc\u00e9e avec un int\u00e9rieur mati\u00e8re cellulaire pour absorber les chocs et garnissage peau le confort. Ce casque est utilis\u00e9 pour prot\u00e9ger la t\u00eate des chocs et impacts tout en assurant un confort optimal.<\/p>","protected":false},"featured_media":4425,"template":"","meta":{"inline_featured_image":false},"product_brand":[],"product_cat":[57],"product_tag":[],"class_list":{"0":"post-4415","1":"product","2":"type-product","3":"status-publish","4":"has-post-thumbnail","5":"","6":"product_cat-appareillage-orthopedique","8":"first","9":"instock","10":"shipping-taxable","11":"product-type-simple"},"yoast_head":"<!-- This site is optimized with the Yoast SEO plugin v27.2 - https:\/\/yoast.com\/product\/yoast-seo-wordpress\/ -->\n<title>CASQUE DE PROTECTION - ONAAPH<\/title>\n<meta name=\"robots\" content=\"index, follow, max-snippet:-1, max-image-preview:large, max-video-preview:-1\" \/>\n<link rel=\"canonical\" href=\"https:\/\/onaaph.dz\/en\/product\/casque-de-protection\/\" \/>\n<meta property=\"og:locale\" content=\"en_US\" \/>\n<meta property=\"og:type\" content=\"article\" \/>\n<meta property=\"og:title\" content=\"CASQUE DE PROTECTION - ONAAPH\" \/>\n<meta property=\"og:description\" content=\"CASQUE DE PROTECTION\u00a0: Le casque en poly\u00e9thyl\u00e8ne offre une protection renforc\u00e9e avec un int\u00e9rieur mati\u00e8re cellulaire pour absorber les chocs et garnissage peau le confort. Ce casque est utilis\u00e9 pour prot\u00e9ger la t\u00eate des chocs et impacts tout en assurant un confort optimal.\" \/>\n<meta property=\"og:url\" content=\"https:\/\/onaaph.dz\/en\/product\/casque-de-protection\/\" \/>\n<meta property=\"og:site_name\" content=\"ONAAPH\" \/>\n<meta property=\"article:modified_time\" content=\"2026-03-10T08:21:41+00:00\" \/>\n<meta property=\"og:image\" content=\"https:\/\/onaaph.dz\/wp-content\/uploads\/2026\/03\/CASQUE-DE-PROTECTION.png\" \/>\n\t<meta property=\"og:image:width\" content=\"868\" \/>\n\t<meta property=\"og:image:height\" content=\"868\" \/>\n\t<meta property=\"og:image:type\" content=\"image\/png\" \/>\n<meta name=\"twitter:card\" content=\"summary_large_image\" \/>\n<meta name=\"twitter:label1\" content=\"Est. reading time\" \/>\n\t<meta name=\"twitter:data1\" content=\"1 minute\" \/>\n<script type=\"application\/ld+json\" class=\"yoast-schema-graph\">{\"@context\":\"https:\/\/schema.org\",\"@graph\":[{\"@type\":\"WebPage\",\"@id\":\"https:\/\/onaaph.dz\/fr_fr\/produit\/casque-de-protection\/\",\"url\":\"https:\/\/onaaph.dz\/fr_fr\/produit\/casque-de-protection\/\",\"name\":\"CASQUE DE PROTECTION - ONAAPH\",\"isPartOf\":{\"@id\":\"https:\/\/onaaph-staging.myndall.com\/#website\"},\"primaryImageOfPage\":{\"@id\":\"https:\/\/onaaph.dz\/fr_fr\/produit\/casque-de-protection\/#primaryimage\"},\"image\":{\"@id\":\"https:\/\/onaaph.dz\/fr_fr\/produit\/casque-de-protection\/#primaryimage\"},\"thumbnailUrl\":\"https:\/\/onaaph.dz\/wp-content\/uploads\/2026\/03\/CASQUE-DE-PROTECTION.png\",\"datePublished\":\"2026-03-10T08:20:29+00:00\",\"dateModified\":\"2026-03-10T08:21:41+00:00\",\"breadcrumb\":{\"@id\":\"https:\/\/onaaph.dz\/fr_fr\/produit\/casque-de-protection\/#breadcrumb\"},\"inLanguage\":\"en-US\",\"potentialAction\":[{\"@type\":\"ReadAction\",\"target\":[\"https:\/\/onaaph.dz\/fr_fr\/produit\/casque-de-protection\/\"]}]},{\"@type\":\"ImageObject\",\"inLanguage\":\"en-US\",\"@id\":\"https:\/\/onaaph.dz\/fr_fr\/produit\/casque-de-protection\/#primaryimage\",\"url\":\"https:\/\/onaaph.dz\/wp-content\/uploads\/2026\/03\/CASQUE-DE-PROTECTION.png\",\"contentUrl\":\"https:\/\/onaaph.dz\/wp-content\/uploads\/2026\/03\/CASQUE-DE-PROTECTION.png\",\"width\":868,\"height\":868},{\"@type\":\"BreadcrumbList\",\"@id\":\"https:\/\/onaaph.dz\/fr_fr\/produit\/casque-de-protection\/#breadcrumb\",\"itemListElement\":[{\"@type\":\"ListItem\",\"position\":1,\"name\":\"Home\",\"item\":\"https:\/\/onaaph.dz\/\"},{\"@type\":\"ListItem\",\"position\":2,\"name\":\"Produits\",\"item\":\"http:\/\/staging.onaaph.dz\/shop\/\"},{\"@type\":\"ListItem\",\"position\":3,\"name\":\"CASQUE DE PROTECTION\"}]},{\"@type\":\"WebSite\",\"@id\":\"https:\/\/onaaph-staging.myndall.com\/#website\",\"url\":\"https:\/\/onaaph-staging.myndall.com\/\",\"name\":\"ONAAPH\",\"description\":\"onaaph\",\"potentialAction\":[{\"@type\":\"SearchAction\",\"target\":{\"@type\":\"EntryPoint\",\"urlTemplate\":\"https:\/\/onaaph-staging.myndall.com\/?s={search_term_string}\"},\"query-input\":{\"@type\":\"PropertyValueSpecification\",\"valueRequired\":true,\"valueName\":\"search_term_string\"}}],\"inLanguage\":\"en-US\"}]}<\/script>\n<!-- \/ Yoast SEO plugin. -->","yoast_head_json":{"title":"CASQUE DE PROTECTION - ONAAPH","robots":{"index":"index","follow":"follow","max-snippet":"max-snippet:-1","max-image-preview":"max-image-preview:large","max-video-preview":"max-video-preview:-1"},"canonical":"https:\/\/onaaph.dz\/en\/product\/casque-de-protection\/","og_locale":"en_US","og_type":"article","og_title":"CASQUE DE PROTECTION - ONAAPH","og_description":"CASQUE DE PROTECTION\u00a0: Le casque en poly\u00e9thyl\u00e8ne offre une protection renforc\u00e9e avec un int\u00e9rieur mati\u00e8re cellulaire pour absorber les chocs et garnissage peau le confort. Ce casque est utilis\u00e9 pour prot\u00e9ger la t\u00eate des chocs et impacts tout en assurant un confort optimal.","og_url":"https:\/\/onaaph.dz\/en\/product\/casque-de-protection\/","og_site_name":"ONAAPH","article_modified_time":"2026-03-10T08:21:41+00:00","og_image":[{"width":868,"height":868,"url":"https:\/\/onaaph.dz\/wp-content\/uploads\/2026\/03\/CASQUE-DE-PROTECTION.png","type":"image\/png"}],"twitter_card":"summary_large_image","twitter_misc":{"Est. reading time":"1 minute"},"schema":{"@context":"https:\/\/schema.org","@graph":[{"@type":"WebPage","@id":"https:\/\/onaaph.dz\/fr_fr\/produit\/casque-de-protection\/","url":"https:\/\/onaaph.dz\/fr_fr\/produit\/casque-de-protection\/","name":"CASQUE DE PROTECTION - ONAAPH","isPartOf":{"@id":"https:\/\/onaaph-staging.myndall.com\/#website"},"primaryImageOfPage":{"@id":"https:\/\/onaaph.dz\/fr_fr\/produit\/casque-de-protection\/#primaryimage"},"image":{"@id":"https:\/\/onaaph.dz\/fr_fr\/produit\/casque-de-protection\/#primaryimage"},"thumbnailUrl":"https:\/\/onaaph.dz\/wp-content\/uploads\/2026\/03\/CASQUE-DE-PROTECTION.png","datePublished":"2026-03-10T08:20:29+00:00","dateModified":"2026-03-10T08:21:41+00:00","breadcrumb":{"@id":"https:\/\/onaaph.dz\/fr_fr\/produit\/casque-de-protection\/#breadcrumb"},"inLanguage":"en-US","potentialAction":[{"@type":"ReadAction","target":["https:\/\/onaaph.dz\/fr_fr\/produit\/casque-de-protection\/"]}]},{"@type":"ImageObject","inLanguage":"en-US","@id":"https:\/\/onaaph.dz\/fr_fr\/produit\/casque-de-protection\/#primaryimage","url":"https:\/\/onaaph.dz\/wp-content\/uploads\/2026\/03\/CASQUE-DE-PROTECTION.png","contentUrl":"https:\/\/onaaph.dz\/wp-content\/uploads\/2026\/03\/CASQUE-DE-PROTECTION.png","width":868,"height":868},{"@type":"BreadcrumbList","@id":"https:\/\/onaaph.dz\/fr_fr\/produit\/casque-de-protection\/#breadcrumb","itemListElement":[{"@type":"ListItem","position":1,"name":"Home","item":"https:\/\/onaaph.dz\/"},{"@type":"ListItem","position":2,"name":"Produits","item":"http:\/\/staging.onaaph.dz\/shop\/"},{"@type":"ListItem","position":3,"name":"CASQUE DE PROTECTION"}]},{"@type":"WebSite","@id":"https:\/\/onaaph-staging.myndall.com\/#website","url":"https:\/\/onaaph-staging.myndall.com\/","name":"ONAAPH","description":"onaaph","potentialAction":[{"@type":"SearchAction","target":{"@type":"EntryPoint","urlTemplate":"https:\/\/onaaph-staging.myndall.com\/?s={search_term_string}"},"query-input":{"@type":"PropertyValueSpecification","valueRequired":true,"valueName":"search_term_string"}}],"inLanguage":"en-US"}]}},"_links":{"self":[{"href":"https:\/\/onaaph.dz\/en\/wp-json\/wp\/v2\/product\/4415","targetHints":{"allow":["GET"]}}],"collection":[{"href":"https:\/\/onaaph.dz\/en\/wp-json\/wp\/v2\/product"}],"about":[{"href":"https:\/\/onaaph.dz\/en\/wp-json\/wp\/v2\/types\/product"}],"wp:featuredmedia":[{"embeddable":true,"href":"https:\/\/onaaph.dz\/en\/wp-json\/wp\/v2\/media\/4425"}],"wp:attachment":[{"href":"https:\/\/onaaph.dz\/en\/wp-json\/wp\/v2\/media?parent=4415"}],"wp:term":[{"taxonomy":"product_brand","embeddable":true,"href":"https:\/\/onaaph.dz\/en\/wp-json\/wp\/v2\/product_brand?post=4415"},{"taxonomy":"product_cat","embeddable":true,"href":"https:\/\/onaaph.dz\/en\/wp-json\/wp\/v2\/product_cat?post=4415"},{"taxonomy":"product_tag","embeddable":true,"href":"https:\/\/onaaph.dz\/en\/wp-json\/wp\/v2\/product_tag?post=4415"}],"curies":[{"name":"wp","href":"https:\/\/api.w.org\/{rel}","templated":true}]}}