{"id":4395,"date":"2026-03-10T09:03:04","date_gmt":"2026-03-10T08:03:04","guid":{"rendered":"https:\/\/onaaph.dz\/?post_type=product&#038;p=4395"},"modified":"2026-03-11T13:27:22","modified_gmt":"2026-03-11T12:27:22","slug":"releveur-en-acier","status":"publish","type":"product","link":"https:\/\/onaaph.dz\/en\/product\/releveur-en-acier\/","title":{"rendered":"Releveur en acier"},"content":{"rendered":"<p><strong>Releveur en acier<\/strong>\u00a0:<\/p>\n<p>Con\u00e7u pour soutenir le pied tombant, en aidant \u00e0 relever le pied lors de la marche. Il permet de stabiliser la cheville et de faciliter la marche en \u00e9vitant que le pied ne tra\u00eene.<\/p>","protected":false},"excerpt":{"rendered":"<p>Releveur en acier\u00a0: Con\u00e7u pour soutenir le pied tombant, en aidant \u00e0 relever le pied lors de la marche. Il permet de stabiliser la cheville et de faciliter la marche en \u00e9vitant que le pied ne tra\u00eene.<\/p>","protected":false},"featured_media":4502,"template":"","meta":{"inline_featured_image":false},"product_brand":[],"product_cat":[57],"product_tag":[],"class_list":{"0":"post-4395","1":"product","2":"type-product","3":"status-publish","4":"has-post-thumbnail","5":"","6":"product_cat-appareillage-orthopedique","8":"first","9":"instock","10":"shipping-taxable","11":"product-type-simple"},"yoast_head":"<!-- This site is optimized with the Yoast SEO plugin v27.2 - https:\/\/yoast.com\/product\/yoast-seo-wordpress\/ -->\n<title>Releveur en acier - ONAAPH<\/title>\n<meta name=\"robots\" content=\"index, follow, max-snippet:-1, max-image-preview:large, max-video-preview:-1\" \/>\n<link rel=\"canonical\" href=\"https:\/\/onaaph.dz\/en\/product\/releveur-en-acier\/\" \/>\n<meta property=\"og:locale\" content=\"en_US\" \/>\n<meta property=\"og:type\" content=\"article\" \/>\n<meta property=\"og:title\" content=\"Releveur en acier - ONAAPH\" \/>\n<meta property=\"og:description\" content=\"Releveur en acier\u00a0: Con\u00e7u pour soutenir le pied tombant, en aidant \u00e0 relever le pied lors de la marche. Il permet de stabiliser la cheville et de faciliter la marche en \u00e9vitant que le pied ne tra\u00eene.\" \/>\n<meta property=\"og:url\" content=\"https:\/\/onaaph.dz\/en\/product\/releveur-en-acier\/\" \/>\n<meta property=\"og:site_name\" content=\"ONAAPH\" \/>\n<meta property=\"article:modified_time\" content=\"2026-03-11T12:27:22+00:00\" \/>\n<meta property=\"og:image\" content=\"https:\/\/onaaph.dz\/wp-content\/uploads\/2026\/03\/WhatsApp-Image-2026-03-11-at-09.02.25.jpeg\" \/>\n\t<meta property=\"og:image:width\" content=\"411\" \/>\n\t<meta property=\"og:image:height\" content=\"300\" \/>\n\t<meta property=\"og:image:type\" content=\"image\/jpeg\" \/>\n<meta name=\"twitter:card\" content=\"summary_large_image\" \/>\n<meta name=\"twitter:label1\" content=\"Est. reading time\" \/>\n\t<meta name=\"twitter:data1\" content=\"1 minute\" \/>\n<script type=\"application\/ld+json\" class=\"yoast-schema-graph\">{\"@context\":\"https:\/\/schema.org\",\"@graph\":[{\"@type\":\"WebPage\",\"@id\":\"https:\/\/onaaph.dz\/fr_fr\/produit\/releveur-en-acier\/\",\"url\":\"https:\/\/onaaph.dz\/fr_fr\/produit\/releveur-en-acier\/\",\"name\":\"Releveur en acier - ONAAPH\",\"isPartOf\":{\"@id\":\"https:\/\/onaaph-staging.myndall.com\/#website\"},\"primaryImageOfPage\":{\"@id\":\"https:\/\/onaaph.dz\/fr_fr\/produit\/releveur-en-acier\/#primaryimage\"},\"image\":{\"@id\":\"https:\/\/onaaph.dz\/fr_fr\/produit\/releveur-en-acier\/#primaryimage\"},\"thumbnailUrl\":\"https:\/\/onaaph.dz\/wp-content\/uploads\/2026\/03\/WhatsApp-Image-2026-03-11-at-09.02.25.jpeg\",\"datePublished\":\"2026-03-10T08:03:04+00:00\",\"dateModified\":\"2026-03-11T12:27:22+00:00\",\"breadcrumb\":{\"@id\":\"https:\/\/onaaph.dz\/fr_fr\/produit\/releveur-en-acier\/#breadcrumb\"},\"inLanguage\":\"en-US\",\"potentialAction\":[{\"@type\":\"ReadAction\",\"target\":[\"https:\/\/onaaph.dz\/fr_fr\/produit\/releveur-en-acier\/\"]}]},{\"@type\":\"ImageObject\",\"inLanguage\":\"en-US\",\"@id\":\"https:\/\/onaaph.dz\/fr_fr\/produit\/releveur-en-acier\/#primaryimage\",\"url\":\"https:\/\/onaaph.dz\/wp-content\/uploads\/2026\/03\/WhatsApp-Image-2026-03-11-at-09.02.25.jpeg\",\"contentUrl\":\"https:\/\/onaaph.dz\/wp-content\/uploads\/2026\/03\/WhatsApp-Image-2026-03-11-at-09.02.25.jpeg\",\"width\":411,\"height\":300},{\"@type\":\"BreadcrumbList\",\"@id\":\"https:\/\/onaaph.dz\/fr_fr\/produit\/releveur-en-acier\/#breadcrumb\",\"itemListElement\":[{\"@type\":\"ListItem\",\"position\":1,\"name\":\"Home\",\"item\":\"https:\/\/onaaph.dz\/\"},{\"@type\":\"ListItem\",\"position\":2,\"name\":\"Produits\",\"item\":\"http:\/\/staging.onaaph.dz\/shop\/\"},{\"@type\":\"ListItem\",\"position\":3,\"name\":\"Releveur en acier\"}]},{\"@type\":\"WebSite\",\"@id\":\"https:\/\/onaaph-staging.myndall.com\/#website\",\"url\":\"https:\/\/onaaph-staging.myndall.com\/\",\"name\":\"ONAAPH\",\"description\":\"onaaph\",\"potentialAction\":[{\"@type\":\"SearchAction\",\"target\":{\"@type\":\"EntryPoint\",\"urlTemplate\":\"https:\/\/onaaph-staging.myndall.com\/?s={search_term_string}\"},\"query-input\":{\"@type\":\"PropertyValueSpecification\",\"valueRequired\":true,\"valueName\":\"search_term_string\"}}],\"inLanguage\":\"en-US\"}]}<\/script>\n<!-- \/ Yoast SEO plugin. -->","yoast_head_json":{"title":"Releveur en acier - ONAAPH","robots":{"index":"index","follow":"follow","max-snippet":"max-snippet:-1","max-image-preview":"max-image-preview:large","max-video-preview":"max-video-preview:-1"},"canonical":"https:\/\/onaaph.dz\/en\/product\/releveur-en-acier\/","og_locale":"en_US","og_type":"article","og_title":"Releveur en acier - ONAAPH","og_description":"Releveur en acier\u00a0: Con\u00e7u pour soutenir le pied tombant, en aidant \u00e0 relever le pied lors de la marche. Il permet de stabiliser la cheville et de faciliter la marche en \u00e9vitant que le pied ne tra\u00eene.","og_url":"https:\/\/onaaph.dz\/en\/product\/releveur-en-acier\/","og_site_name":"ONAAPH","article_modified_time":"2026-03-11T12:27:22+00:00","og_image":[{"width":411,"height":300,"url":"https:\/\/onaaph.dz\/wp-content\/uploads\/2026\/03\/WhatsApp-Image-2026-03-11-at-09.02.25.jpeg","type":"image\/jpeg"}],"twitter_card":"summary_large_image","twitter_misc":{"Est. reading time":"1 minute"},"schema":{"@context":"https:\/\/schema.org","@graph":[{"@type":"WebPage","@id":"https:\/\/onaaph.dz\/fr_fr\/produit\/releveur-en-acier\/","url":"https:\/\/onaaph.dz\/fr_fr\/produit\/releveur-en-acier\/","name":"Releveur en acier - ONAAPH","isPartOf":{"@id":"https:\/\/onaaph-staging.myndall.com\/#website"},"primaryImageOfPage":{"@id":"https:\/\/onaaph.dz\/fr_fr\/produit\/releveur-en-acier\/#primaryimage"},"image":{"@id":"https:\/\/onaaph.dz\/fr_fr\/produit\/releveur-en-acier\/#primaryimage"},"thumbnailUrl":"https:\/\/onaaph.dz\/wp-content\/uploads\/2026\/03\/WhatsApp-Image-2026-03-11-at-09.02.25.jpeg","datePublished":"2026-03-10T08:03:04+00:00","dateModified":"2026-03-11T12:27:22+00:00","breadcrumb":{"@id":"https:\/\/onaaph.dz\/fr_fr\/produit\/releveur-en-acier\/#breadcrumb"},"inLanguage":"en-US","potentialAction":[{"@type":"ReadAction","target":["https:\/\/onaaph.dz\/fr_fr\/produit\/releveur-en-acier\/"]}]},{"@type":"ImageObject","inLanguage":"en-US","@id":"https:\/\/onaaph.dz\/fr_fr\/produit\/releveur-en-acier\/#primaryimage","url":"https:\/\/onaaph.dz\/wp-content\/uploads\/2026\/03\/WhatsApp-Image-2026-03-11-at-09.02.25.jpeg","contentUrl":"https:\/\/onaaph.dz\/wp-content\/uploads\/2026\/03\/WhatsApp-Image-2026-03-11-at-09.02.25.jpeg","width":411,"height":300},{"@type":"BreadcrumbList","@id":"https:\/\/onaaph.dz\/fr_fr\/produit\/releveur-en-acier\/#breadcrumb","itemListElement":[{"@type":"ListItem","position":1,"name":"Home","item":"https:\/\/onaaph.dz\/"},{"@type":"ListItem","position":2,"name":"Produits","item":"http:\/\/staging.onaaph.dz\/shop\/"},{"@type":"ListItem","position":3,"name":"Releveur en acier"}]},{"@type":"WebSite","@id":"https:\/\/onaaph-staging.myndall.com\/#website","url":"https:\/\/onaaph-staging.myndall.com\/","name":"ONAAPH","description":"onaaph","potentialAction":[{"@type":"SearchAction","target":{"@type":"EntryPoint","urlTemplate":"https:\/\/onaaph-staging.myndall.com\/?s={search_term_string}"},"query-input":{"@type":"PropertyValueSpecification","valueRequired":true,"valueName":"search_term_string"}}],"inLanguage":"en-US"}]}},"_links":{"self":[{"href":"https:\/\/onaaph.dz\/en\/wp-json\/wp\/v2\/product\/4395","targetHints":{"allow":["GET"]}}],"collection":[{"href":"https:\/\/onaaph.dz\/en\/wp-json\/wp\/v2\/product"}],"about":[{"href":"https:\/\/onaaph.dz\/en\/wp-json\/wp\/v2\/types\/product"}],"wp:featuredmedia":[{"embeddable":true,"href":"https:\/\/onaaph.dz\/en\/wp-json\/wp\/v2\/media\/4502"}],"wp:attachment":[{"href":"https:\/\/onaaph.dz\/en\/wp-json\/wp\/v2\/media?parent=4395"}],"wp:term":[{"taxonomy":"product_brand","embeddable":true,"href":"https:\/\/onaaph.dz\/en\/wp-json\/wp\/v2\/product_brand?post=4395"},{"taxonomy":"product_cat","embeddable":true,"href":"https:\/\/onaaph.dz\/en\/wp-json\/wp\/v2\/product_cat?post=4395"},{"taxonomy":"product_tag","embeddable":true,"href":"https:\/\/onaaph.dz\/en\/wp-json\/wp\/v2\/product_tag?post=4395"}],"curies":[{"name":"wp","href":"https:\/\/api.w.org\/{rel}","templated":true}]}}