{"id":4394,"date":"2026-03-10T09:02:57","date_gmt":"2026-03-10T08:02:57","guid":{"rendered":"https:\/\/onaaph.dz\/?post_type=product&#038;p=4394"},"modified":"2026-03-10T09:31:46","modified_gmt":"2026-03-10T08:31:46","slug":"decharge-chicago","status":"publish","type":"product","link":"https:\/\/onaaph.dz\/en\/product\/decharge-chicago\/","title":{"rendered":"DECHARGE \u2013 Chicago"},"content":{"rendered":"<p><strong>DECHARGE \u2013 Chicago\u00a0:<\/strong><\/p>\n<p>Utilis\u00e9e pour corriger et stabiliser la colonne vert\u00e9brale chez les enfants atteints de scoliose. Elle exerce une pression cibl\u00e9e sur certaines zones et est souvent port\u00e9e pendant la croissance pour limiter la progression de la d\u00e9formation.<\/p>","protected":false},"excerpt":{"rendered":"<p>DECHARGE \u2013 Chicago\u00a0: Utilis\u00e9e pour corriger et stabiliser la colonne vert\u00e9brale chez les enfants atteints de scoliose. Elle exerce une pression cibl\u00e9e sur certaines zones et est souvent port\u00e9e pendant la croissance pour limiter la progression de la d\u00e9formation.<\/p>","protected":false},"featured_media":4435,"template":"","meta":{"inline_featured_image":false},"product_brand":[],"product_cat":[57],"product_tag":[],"class_list":{"0":"post-4394","1":"product","2":"type-product","3":"status-publish","4":"has-post-thumbnail","5":"","6":"product_cat-appareillage-orthopedique","8":"first","9":"instock","10":"shipping-taxable","11":"product-type-simple"},"yoast_head":"<!-- This site is optimized with the Yoast SEO plugin v27.2 - https:\/\/yoast.com\/product\/yoast-seo-wordpress\/ -->\n<title>DECHARGE \u2013 Chicago - ONAAPH<\/title>\n<meta name=\"robots\" content=\"index, follow, max-snippet:-1, max-image-preview:large, max-video-preview:-1\" \/>\n<link rel=\"canonical\" href=\"https:\/\/onaaph.dz\/en\/product\/decharge-chicago\/\" \/>\n<meta property=\"og:locale\" content=\"en_US\" \/>\n<meta property=\"og:type\" content=\"article\" \/>\n<meta property=\"og:title\" content=\"DECHARGE \u2013 Chicago - ONAAPH\" \/>\n<meta property=\"og:description\" content=\"DECHARGE \u2013 Chicago\u00a0: Utilis\u00e9e pour corriger et stabiliser la colonne vert\u00e9brale chez les enfants atteints de scoliose. Elle exerce une pression cibl\u00e9e sur certaines zones et est souvent port\u00e9e pendant la croissance pour limiter la progression de la d\u00e9formation.\" \/>\n<meta property=\"og:url\" content=\"https:\/\/onaaph.dz\/en\/product\/decharge-chicago\/\" \/>\n<meta property=\"og:site_name\" content=\"ONAAPH\" \/>\n<meta property=\"article:modified_time\" content=\"2026-03-10T08:31:46+00:00\" \/>\n<meta property=\"og:image\" content=\"https:\/\/onaaph.dz\/wp-content\/uploads\/2026\/03\/DECHARGE-Chicago.png\" \/>\n\t<meta property=\"og:image:width\" content=\"600\" \/>\n\t<meta property=\"og:image:height\" content=\"600\" \/>\n\t<meta property=\"og:image:type\" content=\"image\/png\" \/>\n<meta name=\"twitter:card\" content=\"summary_large_image\" \/>\n<meta name=\"twitter:label1\" content=\"Est. reading time\" \/>\n\t<meta name=\"twitter:data1\" content=\"1 minute\" \/>\n<script type=\"application\/ld+json\" class=\"yoast-schema-graph\">{\"@context\":\"https:\/\/schema.org\",\"@graph\":[{\"@type\":\"WebPage\",\"@id\":\"https:\/\/onaaph.dz\/produit\/decharge-chicago\/\",\"url\":\"https:\/\/onaaph.dz\/produit\/decharge-chicago\/\",\"name\":\"DECHARGE \u2013 Chicago - ONAAPH\",\"isPartOf\":{\"@id\":\"https:\/\/onaaph-staging.myndall.com\/#website\"},\"primaryImageOfPage\":{\"@id\":\"https:\/\/onaaph.dz\/produit\/decharge-chicago\/#primaryimage\"},\"image\":{\"@id\":\"https:\/\/onaaph.dz\/produit\/decharge-chicago\/#primaryimage\"},\"thumbnailUrl\":\"https:\/\/onaaph.dz\/wp-content\/uploads\/2026\/03\/DECHARGE-Chicago.png\",\"datePublished\":\"2026-03-10T08:02:57+00:00\",\"dateModified\":\"2026-03-10T08:31:46+00:00\",\"breadcrumb\":{\"@id\":\"https:\/\/onaaph.dz\/produit\/decharge-chicago\/#breadcrumb\"},\"inLanguage\":\"en-US\",\"potentialAction\":[{\"@type\":\"ReadAction\",\"target\":[\"https:\/\/onaaph.dz\/produit\/decharge-chicago\/\"]}]},{\"@type\":\"ImageObject\",\"inLanguage\":\"en-US\",\"@id\":\"https:\/\/onaaph.dz\/produit\/decharge-chicago\/#primaryimage\",\"url\":\"https:\/\/onaaph.dz\/wp-content\/uploads\/2026\/03\/DECHARGE-Chicago.png\",\"contentUrl\":\"https:\/\/onaaph.dz\/wp-content\/uploads\/2026\/03\/DECHARGE-Chicago.png\",\"width\":600,\"height\":600},{\"@type\":\"BreadcrumbList\",\"@id\":\"https:\/\/onaaph.dz\/produit\/decharge-chicago\/#breadcrumb\",\"itemListElement\":[{\"@type\":\"ListItem\",\"position\":1,\"name\":\"Home\",\"item\":\"https:\/\/onaaph.dz\/\"},{\"@type\":\"ListItem\",\"position\":2,\"name\":\"Produits\",\"item\":\"http:\/\/staging.onaaph.dz\/shop\/\"},{\"@type\":\"ListItem\",\"position\":3,\"name\":\"DECHARGE \u2013 Chicago\"}]},{\"@type\":\"WebSite\",\"@id\":\"https:\/\/onaaph-staging.myndall.com\/#website\",\"url\":\"https:\/\/onaaph-staging.myndall.com\/\",\"name\":\"ONAAPH\",\"description\":\"onaaph\",\"potentialAction\":[{\"@type\":\"SearchAction\",\"target\":{\"@type\":\"EntryPoint\",\"urlTemplate\":\"https:\/\/onaaph-staging.myndall.com\/?s={search_term_string}\"},\"query-input\":{\"@type\":\"PropertyValueSpecification\",\"valueRequired\":true,\"valueName\":\"search_term_string\"}}],\"inLanguage\":\"en-US\"}]}<\/script>\n<!-- \/ Yoast SEO plugin. -->","yoast_head_json":{"title":"DECHARGE \u2013 Chicago - ONAAPH","robots":{"index":"index","follow":"follow","max-snippet":"max-snippet:-1","max-image-preview":"max-image-preview:large","max-video-preview":"max-video-preview:-1"},"canonical":"https:\/\/onaaph.dz\/en\/product\/decharge-chicago\/","og_locale":"en_US","og_type":"article","og_title":"DECHARGE \u2013 Chicago - ONAAPH","og_description":"DECHARGE \u2013 Chicago\u00a0: Utilis\u00e9e pour corriger et stabiliser la colonne vert\u00e9brale chez les enfants atteints de scoliose. Elle exerce une pression cibl\u00e9e sur certaines zones et est souvent port\u00e9e pendant la croissance pour limiter la progression de la d\u00e9formation.","og_url":"https:\/\/onaaph.dz\/en\/product\/decharge-chicago\/","og_site_name":"ONAAPH","article_modified_time":"2026-03-10T08:31:46+00:00","og_image":[{"width":600,"height":600,"url":"https:\/\/onaaph.dz\/wp-content\/uploads\/2026\/03\/DECHARGE-Chicago.png","type":"image\/png"}],"twitter_card":"summary_large_image","twitter_misc":{"Est. reading time":"1 minute"},"schema":{"@context":"https:\/\/schema.org","@graph":[{"@type":"WebPage","@id":"https:\/\/onaaph.dz\/produit\/decharge-chicago\/","url":"https:\/\/onaaph.dz\/produit\/decharge-chicago\/","name":"DECHARGE \u2013 Chicago - ONAAPH","isPartOf":{"@id":"https:\/\/onaaph-staging.myndall.com\/#website"},"primaryImageOfPage":{"@id":"https:\/\/onaaph.dz\/produit\/decharge-chicago\/#primaryimage"},"image":{"@id":"https:\/\/onaaph.dz\/produit\/decharge-chicago\/#primaryimage"},"thumbnailUrl":"https:\/\/onaaph.dz\/wp-content\/uploads\/2026\/03\/DECHARGE-Chicago.png","datePublished":"2026-03-10T08:02:57+00:00","dateModified":"2026-03-10T08:31:46+00:00","breadcrumb":{"@id":"https:\/\/onaaph.dz\/produit\/decharge-chicago\/#breadcrumb"},"inLanguage":"en-US","potentialAction":[{"@type":"ReadAction","target":["https:\/\/onaaph.dz\/produit\/decharge-chicago\/"]}]},{"@type":"ImageObject","inLanguage":"en-US","@id":"https:\/\/onaaph.dz\/produit\/decharge-chicago\/#primaryimage","url":"https:\/\/onaaph.dz\/wp-content\/uploads\/2026\/03\/DECHARGE-Chicago.png","contentUrl":"https:\/\/onaaph.dz\/wp-content\/uploads\/2026\/03\/DECHARGE-Chicago.png","width":600,"height":600},{"@type":"BreadcrumbList","@id":"https:\/\/onaaph.dz\/produit\/decharge-chicago\/#breadcrumb","itemListElement":[{"@type":"ListItem","position":1,"name":"Home","item":"https:\/\/onaaph.dz\/"},{"@type":"ListItem","position":2,"name":"Produits","item":"http:\/\/staging.onaaph.dz\/shop\/"},{"@type":"ListItem","position":3,"name":"DECHARGE \u2013 Chicago"}]},{"@type":"WebSite","@id":"https:\/\/onaaph-staging.myndall.com\/#website","url":"https:\/\/onaaph-staging.myndall.com\/","name":"ONAAPH","description":"onaaph","potentialAction":[{"@type":"SearchAction","target":{"@type":"EntryPoint","urlTemplate":"https:\/\/onaaph-staging.myndall.com\/?s={search_term_string}"},"query-input":{"@type":"PropertyValueSpecification","valueRequired":true,"valueName":"search_term_string"}}],"inLanguage":"en-US"}]}},"_links":{"self":[{"href":"https:\/\/onaaph.dz\/en\/wp-json\/wp\/v2\/product\/4394","targetHints":{"allow":["GET"]}}],"collection":[{"href":"https:\/\/onaaph.dz\/en\/wp-json\/wp\/v2\/product"}],"about":[{"href":"https:\/\/onaaph.dz\/en\/wp-json\/wp\/v2\/types\/product"}],"wp:featuredmedia":[{"embeddable":true,"href":"https:\/\/onaaph.dz\/en\/wp-json\/wp\/v2\/media\/4435"}],"wp:attachment":[{"href":"https:\/\/onaaph.dz\/en\/wp-json\/wp\/v2\/media?parent=4394"}],"wp:term":[{"taxonomy":"product_brand","embeddable":true,"href":"https:\/\/onaaph.dz\/en\/wp-json\/wp\/v2\/product_brand?post=4394"},{"taxonomy":"product_cat","embeddable":true,"href":"https:\/\/onaaph.dz\/en\/wp-json\/wp\/v2\/product_cat?post=4394"},{"taxonomy":"product_tag","embeddable":true,"href":"https:\/\/onaaph.dz\/en\/wp-json\/wp\/v2\/product_tag?post=4394"}],"curies":[{"name":"wp","href":"https:\/\/api.w.org\/{rel}","templated":true}]}}