{"id":4392,"date":"2026-03-10T09:02:53","date_gmt":"2026-03-10T08:02:53","guid":{"rendered":"https:\/\/onaaph.dz\/?post_type=product&#038;p=4392"},"modified":"2026-03-10T09:05:17","modified_gmt":"2026-03-10T08:05:17","slug":"denis-brown","status":"publish","type":"product","link":"https:\/\/onaaph.dz\/en\/product\/denis-brown\/","title":{"rendered":"Denis Brown"},"content":{"rendered":"<p><strong>Denis Brown\u00a0:<\/strong><\/p>\n<p>Utilis\u00e9e pour traiter le pied bot chez les nourrissons, en maintenant les pieds en position d&rsquo;abduction \u00e0 l&rsquo;aide de deux chaussures fix\u00e9es \u00e0 une barre.<\/p>\n<p>&nbsp;<\/p>","protected":false},"excerpt":{"rendered":"<p>Denis Brown\u00a0: Utilis\u00e9e pour traiter le pied bot chez les nourrissons, en maintenant les pieds en position d&rsquo;abduction \u00e0 l&rsquo;aide de deux chaussures fix\u00e9es \u00e0 une barre. &nbsp;<\/p>","protected":false},"featured_media":4399,"template":"","meta":{"inline_featured_image":false},"product_brand":[],"product_cat":[57],"product_tag":[],"class_list":{"0":"post-4392","1":"product","2":"type-product","3":"status-publish","4":"has-post-thumbnail","5":"","6":"product_cat-appareillage-orthopedique","8":"first","9":"instock","10":"shipping-taxable","11":"product-type-simple"},"yoast_head":"<!-- This site is optimized with the Yoast SEO plugin v27.2 - https:\/\/yoast.com\/product\/yoast-seo-wordpress\/ -->\n<title>Denis Brown - ONAAPH<\/title>\n<meta name=\"robots\" content=\"index, follow, max-snippet:-1, max-image-preview:large, max-video-preview:-1\" \/>\n<link rel=\"canonical\" href=\"https:\/\/onaaph.dz\/en\/product\/denis-brown\/\" \/>\n<meta property=\"og:locale\" content=\"en_US\" \/>\n<meta property=\"og:type\" content=\"article\" \/>\n<meta property=\"og:title\" content=\"Denis Brown - ONAAPH\" \/>\n<meta property=\"og:description\" content=\"Denis Brown\u00a0: Utilis\u00e9e pour traiter le pied bot chez les nourrissons, en maintenant les pieds en position d&rsquo;abduction \u00e0 l&rsquo;aide de deux chaussures fix\u00e9es \u00e0 une barre. &nbsp;\" \/>\n<meta property=\"og:url\" content=\"https:\/\/onaaph.dz\/en\/product\/denis-brown\/\" \/>\n<meta property=\"og:site_name\" content=\"ONAAPH\" \/>\n<meta property=\"article:modified_time\" content=\"2026-03-10T08:05:17+00:00\" \/>\n<meta property=\"og:image\" content=\"https:\/\/onaaph.dz\/wp-content\/uploads\/2026\/03\/Denis-Brown.png\" \/>\n\t<meta property=\"og:image:width\" content=\"600\" \/>\n\t<meta property=\"og:image:height\" content=\"600\" \/>\n\t<meta property=\"og:image:type\" content=\"image\/png\" \/>\n<meta name=\"twitter:card\" content=\"summary_large_image\" \/>\n<meta name=\"twitter:label1\" content=\"Est. reading time\" \/>\n\t<meta name=\"twitter:data1\" content=\"1 minute\" \/>\n<script type=\"application\/ld+json\" class=\"yoast-schema-graph\">{\"@context\":\"https:\/\/schema.org\",\"@graph\":[{\"@type\":\"WebPage\",\"@id\":\"https:\/\/onaaph.dz\/produit\/denis-brown\/\",\"url\":\"https:\/\/onaaph.dz\/produit\/denis-brown\/\",\"name\":\"Denis Brown - ONAAPH\",\"isPartOf\":{\"@id\":\"https:\/\/onaaph-staging.myndall.com\/#website\"},\"primaryImageOfPage\":{\"@id\":\"https:\/\/onaaph.dz\/produit\/denis-brown\/#primaryimage\"},\"image\":{\"@id\":\"https:\/\/onaaph.dz\/produit\/denis-brown\/#primaryimage\"},\"thumbnailUrl\":\"https:\/\/onaaph.dz\/wp-content\/uploads\/2026\/03\/Denis-Brown.png\",\"datePublished\":\"2026-03-10T08:02:53+00:00\",\"dateModified\":\"2026-03-10T08:05:17+00:00\",\"breadcrumb\":{\"@id\":\"https:\/\/onaaph.dz\/produit\/denis-brown\/#breadcrumb\"},\"inLanguage\":\"en-US\",\"potentialAction\":[{\"@type\":\"ReadAction\",\"target\":[\"https:\/\/onaaph.dz\/produit\/denis-brown\/\"]}]},{\"@type\":\"ImageObject\",\"inLanguage\":\"en-US\",\"@id\":\"https:\/\/onaaph.dz\/produit\/denis-brown\/#primaryimage\",\"url\":\"https:\/\/onaaph.dz\/wp-content\/uploads\/2026\/03\/Denis-Brown.png\",\"contentUrl\":\"https:\/\/onaaph.dz\/wp-content\/uploads\/2026\/03\/Denis-Brown.png\",\"width\":600,\"height\":600},{\"@type\":\"BreadcrumbList\",\"@id\":\"https:\/\/onaaph.dz\/produit\/denis-brown\/#breadcrumb\",\"itemListElement\":[{\"@type\":\"ListItem\",\"position\":1,\"name\":\"Home\",\"item\":\"https:\/\/onaaph.dz\/\"},{\"@type\":\"ListItem\",\"position\":2,\"name\":\"Produits\",\"item\":\"http:\/\/staging.onaaph.dz\/shop\/\"},{\"@type\":\"ListItem\",\"position\":3,\"name\":\"Denis Brown\"}]},{\"@type\":\"WebSite\",\"@id\":\"https:\/\/onaaph-staging.myndall.com\/#website\",\"url\":\"https:\/\/onaaph-staging.myndall.com\/\",\"name\":\"ONAAPH\",\"description\":\"onaaph\",\"potentialAction\":[{\"@type\":\"SearchAction\",\"target\":{\"@type\":\"EntryPoint\",\"urlTemplate\":\"https:\/\/onaaph-staging.myndall.com\/?s={search_term_string}\"},\"query-input\":{\"@type\":\"PropertyValueSpecification\",\"valueRequired\":true,\"valueName\":\"search_term_string\"}}],\"inLanguage\":\"en-US\"}]}<\/script>\n<!-- \/ Yoast SEO plugin. -->","yoast_head_json":{"title":"Denis Brown - ONAAPH","robots":{"index":"index","follow":"follow","max-snippet":"max-snippet:-1","max-image-preview":"max-image-preview:large","max-video-preview":"max-video-preview:-1"},"canonical":"https:\/\/onaaph.dz\/en\/product\/denis-brown\/","og_locale":"en_US","og_type":"article","og_title":"Denis Brown - ONAAPH","og_description":"Denis Brown\u00a0: Utilis\u00e9e pour traiter le pied bot chez les nourrissons, en maintenant les pieds en position d&rsquo;abduction \u00e0 l&rsquo;aide de deux chaussures fix\u00e9es \u00e0 une barre. &nbsp;","og_url":"https:\/\/onaaph.dz\/en\/product\/denis-brown\/","og_site_name":"ONAAPH","article_modified_time":"2026-03-10T08:05:17+00:00","og_image":[{"width":600,"height":600,"url":"https:\/\/onaaph.dz\/wp-content\/uploads\/2026\/03\/Denis-Brown.png","type":"image\/png"}],"twitter_card":"summary_large_image","twitter_misc":{"Est. reading time":"1 minute"},"schema":{"@context":"https:\/\/schema.org","@graph":[{"@type":"WebPage","@id":"https:\/\/onaaph.dz\/produit\/denis-brown\/","url":"https:\/\/onaaph.dz\/produit\/denis-brown\/","name":"Denis Brown - ONAAPH","isPartOf":{"@id":"https:\/\/onaaph-staging.myndall.com\/#website"},"primaryImageOfPage":{"@id":"https:\/\/onaaph.dz\/produit\/denis-brown\/#primaryimage"},"image":{"@id":"https:\/\/onaaph.dz\/produit\/denis-brown\/#primaryimage"},"thumbnailUrl":"https:\/\/onaaph.dz\/wp-content\/uploads\/2026\/03\/Denis-Brown.png","datePublished":"2026-03-10T08:02:53+00:00","dateModified":"2026-03-10T08:05:17+00:00","breadcrumb":{"@id":"https:\/\/onaaph.dz\/produit\/denis-brown\/#breadcrumb"},"inLanguage":"en-US","potentialAction":[{"@type":"ReadAction","target":["https:\/\/onaaph.dz\/produit\/denis-brown\/"]}]},{"@type":"ImageObject","inLanguage":"en-US","@id":"https:\/\/onaaph.dz\/produit\/denis-brown\/#primaryimage","url":"https:\/\/onaaph.dz\/wp-content\/uploads\/2026\/03\/Denis-Brown.png","contentUrl":"https:\/\/onaaph.dz\/wp-content\/uploads\/2026\/03\/Denis-Brown.png","width":600,"height":600},{"@type":"BreadcrumbList","@id":"https:\/\/onaaph.dz\/produit\/denis-brown\/#breadcrumb","itemListElement":[{"@type":"ListItem","position":1,"name":"Home","item":"https:\/\/onaaph.dz\/"},{"@type":"ListItem","position":2,"name":"Produits","item":"http:\/\/staging.onaaph.dz\/shop\/"},{"@type":"ListItem","position":3,"name":"Denis Brown"}]},{"@type":"WebSite","@id":"https:\/\/onaaph-staging.myndall.com\/#website","url":"https:\/\/onaaph-staging.myndall.com\/","name":"ONAAPH","description":"onaaph","potentialAction":[{"@type":"SearchAction","target":{"@type":"EntryPoint","urlTemplate":"https:\/\/onaaph-staging.myndall.com\/?s={search_term_string}"},"query-input":{"@type":"PropertyValueSpecification","valueRequired":true,"valueName":"search_term_string"}}],"inLanguage":"en-US"}]}},"_links":{"self":[{"href":"https:\/\/onaaph.dz\/en\/wp-json\/wp\/v2\/product\/4392","targetHints":{"allow":["GET"]}}],"collection":[{"href":"https:\/\/onaaph.dz\/en\/wp-json\/wp\/v2\/product"}],"about":[{"href":"https:\/\/onaaph.dz\/en\/wp-json\/wp\/v2\/types\/product"}],"wp:featuredmedia":[{"embeddable":true,"href":"https:\/\/onaaph.dz\/en\/wp-json\/wp\/v2\/media\/4399"}],"wp:attachment":[{"href":"https:\/\/onaaph.dz\/en\/wp-json\/wp\/v2\/media?parent=4392"}],"wp:term":[{"taxonomy":"product_brand","embeddable":true,"href":"https:\/\/onaaph.dz\/en\/wp-json\/wp\/v2\/product_brand?post=4392"},{"taxonomy":"product_cat","embeddable":true,"href":"https:\/\/onaaph.dz\/en\/wp-json\/wp\/v2\/product_cat?post=4392"},{"taxonomy":"product_tag","embeddable":true,"href":"https:\/\/onaaph.dz\/en\/wp-json\/wp\/v2\/product_tag?post=4392"}],"curies":[{"name":"wp","href":"https:\/\/api.w.org\/{rel}","templated":true}]}}