{"id":981,"date":"2018-11-15T11:52:19","date_gmt":"2018-11-15T10:52:19","guid":{"rendered":"http:\/\/edjazair.com\/mysite\/?page_id=981"},"modified":"2026-03-25T09:34:26","modified_gmt":"2026-03-25T08:34:26","slug":"nos-missions","status":"publish","type":"page","link":"https:\/\/onaaph.dz\/en\/nos-missions\/","title":{"rendered":"Our Missions"},"content":{"rendered":"<audio class=\"wp-audio-shortcode\" id=\"audio-981-1\" preload=\"none\" style=\"width: 100%;\" controls=\"controls\"><source type=\"audio\/mpeg\" src=\"https:\/\/onaaph.dz\/wp-content\/uploads\/2026\/03\/our-Missions-1.mp3?_=1\" \/><a href=\"https:\/\/onaaph.dz\/wp-content\/uploads\/2026\/03\/our-Missions-1.mp3\">https:\/\/onaaph.dz\/wp-content\/uploads\/2026\/03\/our-Missions-1.mp3<\/a><\/audio>\n\nIn accordance with current legislation and regulations, ONAAPH is responsible for promoting the manufacture, import, and distribution of, and for ensuring the maintenance of, orthopedic equipment, walking aids, hearing aids, and sanitation aids, as well as all specific products and their accessories intended for persons with disabilities.<\/p>\n<p>&nbsp;<\/p>","protected":false},"excerpt":{"rendered":"<p>In accordance with current legislation and regulations, ONAAPH is responsible for promoting the manufacture, import, and distribution of, and for ensuring the maintenance of, orthopedic equipment, walking aids, hearing aids, and sanitation aids, as well as all specific products and their accessories intended for persons with disabilities. &nbsp;<\/p>","protected":false},"author":1,"featured_media":0,"parent":0,"menu_order":0,"comment_status":"closed","ping_status":"closed","template":"","meta":{"inline_featured_image":false,"footnotes":""},"class_list":["post-981","page","type-page","status-publish",""],"yoast_head":"<!-- This site is optimized with the Yoast SEO plugin v27.2 - https:\/\/yoast.com\/product\/yoast-seo-wordpress\/ -->\n<title>Nos Missions - ONAAPH<\/title>\n<meta name=\"robots\" content=\"index, follow, max-snippet:-1, max-image-preview:large, max-video-preview:-1\" \/>\n<link rel=\"canonical\" href=\"https:\/\/onaaph.dz\/en\/nos-missions\/\" \/>\n<meta property=\"og:locale\" content=\"en_US\" \/>\n<meta property=\"og:type\" content=\"article\" \/>\n<meta property=\"og:title\" content=\"Nos Missions - ONAAPH\" \/>\n<meta property=\"og:description\" content=\"L\u2019ONAAPH est charg\u00e9, conform\u00e9ment \u00e0 la l\u00e9gislation et la r\u00e9glementation en vigueur, de promouvoir la fabrication, l\u2019importation, la distribution et d\u2019assurer la maintenance des appareillages orthop\u00e9diques, les aides techniques \u00e0 la marche, les aides auditives et les aides techniques sanitaires, ainsi que tous les produits sp\u00e9cifiques et leurs accessoires destin\u00e9s aux personnes handicap\u00e9es. &nbsp;\" \/>\n<meta property=\"og:url\" content=\"https:\/\/onaaph.dz\/en\/nos-missions\/\" \/>\n<meta property=\"og:site_name\" content=\"ONAAPH\" \/>\n<meta property=\"article:modified_time\" content=\"2026-03-25T08:34:26+00:00\" \/>\n<meta name=\"twitter:card\" content=\"summary_large_image\" \/>\n<meta name=\"twitter:label1\" content=\"Est. reading time\" \/>\n\t<meta name=\"twitter:data1\" content=\"1 minute\" \/>\n<script type=\"application\/ld+json\" class=\"yoast-schema-graph\">{\"@context\":\"https:\/\/schema.org\",\"@graph\":[{\"@type\":\"WebPage\",\"@id\":\"https:\/\/onaaph.dz\/nos-missions\/\",\"url\":\"https:\/\/onaaph.dz\/nos-missions\/\",\"name\":\"Nos Missions - ONAAPH\",\"isPartOf\":{\"@id\":\"https:\/\/onaaph-staging.myndall.com\/#website\"},\"datePublished\":\"2018-11-15T10:52:19+00:00\",\"dateModified\":\"2026-03-25T08:34:26+00:00\",\"breadcrumb\":{\"@id\":\"https:\/\/onaaph.dz\/nos-missions\/#breadcrumb\"},\"inLanguage\":\"en-US\",\"potentialAction\":[{\"@type\":\"ReadAction\",\"target\":[\"https:\/\/onaaph.dz\/nos-missions\/\"]}]},{\"@type\":\"BreadcrumbList\",\"@id\":\"https:\/\/onaaph.dz\/nos-missions\/#breadcrumb\",\"itemListElement\":[{\"@type\":\"ListItem\",\"position\":1,\"name\":\"Home\",\"item\":\"https:\/\/onaaph.dz\/\"},{\"@type\":\"ListItem\",\"position\":2,\"name\":\"Nos Missions\"}]},{\"@type\":\"WebSite\",\"@id\":\"https:\/\/onaaph-staging.myndall.com\/#website\",\"url\":\"https:\/\/onaaph-staging.myndall.com\/\",\"name\":\"ONAAPH\",\"description\":\"onaaph\",\"potentialAction\":[{\"@type\":\"SearchAction\",\"target\":{\"@type\":\"EntryPoint\",\"urlTemplate\":\"https:\/\/onaaph-staging.myndall.com\/?s={search_term_string}\"},\"query-input\":{\"@type\":\"PropertyValueSpecification\",\"valueRequired\":true,\"valueName\":\"search_term_string\"}}],\"inLanguage\":\"en-US\"}]}<\/script>\n<!-- \/ Yoast SEO plugin. -->","yoast_head_json":{"title":"Nos Missions - ONAAPH","robots":{"index":"index","follow":"follow","max-snippet":"max-snippet:-1","max-image-preview":"max-image-preview:large","max-video-preview":"max-video-preview:-1"},"canonical":"https:\/\/onaaph.dz\/en\/nos-missions\/","og_locale":"en_US","og_type":"article","og_title":"Nos Missions - ONAAPH","og_description":"L\u2019ONAAPH est charg\u00e9, conform\u00e9ment \u00e0 la l\u00e9gislation et la r\u00e9glementation en vigueur, de promouvoir la fabrication, l\u2019importation, la distribution et d\u2019assurer la maintenance des appareillages orthop\u00e9diques, les aides techniques \u00e0 la marche, les aides auditives et les aides techniques sanitaires, ainsi que tous les produits sp\u00e9cifiques et leurs accessoires destin\u00e9s aux personnes handicap\u00e9es. &nbsp;","og_url":"https:\/\/onaaph.dz\/en\/nos-missions\/","og_site_name":"ONAAPH","article_modified_time":"2026-03-25T08:34:26+00:00","twitter_card":"summary_large_image","twitter_misc":{"Est. reading time":"1 minute"},"schema":{"@context":"https:\/\/schema.org","@graph":[{"@type":"WebPage","@id":"https:\/\/onaaph.dz\/nos-missions\/","url":"https:\/\/onaaph.dz\/nos-missions\/","name":"Nos Missions - ONAAPH","isPartOf":{"@id":"https:\/\/onaaph-staging.myndall.com\/#website"},"datePublished":"2018-11-15T10:52:19+00:00","dateModified":"2026-03-25T08:34:26+00:00","breadcrumb":{"@id":"https:\/\/onaaph.dz\/nos-missions\/#breadcrumb"},"inLanguage":"en-US","potentialAction":[{"@type":"ReadAction","target":["https:\/\/onaaph.dz\/nos-missions\/"]}]},{"@type":"BreadcrumbList","@id":"https:\/\/onaaph.dz\/nos-missions\/#breadcrumb","itemListElement":[{"@type":"ListItem","position":1,"name":"Home","item":"https:\/\/onaaph.dz\/"},{"@type":"ListItem","position":2,"name":"Nos Missions"}]},{"@type":"WebSite","@id":"https:\/\/onaaph-staging.myndall.com\/#website","url":"https:\/\/onaaph-staging.myndall.com\/","name":"ONAAPH","description":"onaaph","potentialAction":[{"@type":"SearchAction","target":{"@type":"EntryPoint","urlTemplate":"https:\/\/onaaph-staging.myndall.com\/?s={search_term_string}"},"query-input":{"@type":"PropertyValueSpecification","valueRequired":true,"valueName":"search_term_string"}}],"inLanguage":"en-US"}]}},"_links":{"self":[{"href":"https:\/\/onaaph.dz\/en\/wp-json\/wp\/v2\/pages\/981","targetHints":{"allow":["GET"]}}],"collection":[{"href":"https:\/\/onaaph.dz\/en\/wp-json\/wp\/v2\/pages"}],"about":[{"href":"https:\/\/onaaph.dz\/en\/wp-json\/wp\/v2\/types\/page"}],"author":[{"embeddable":true,"href":"https:\/\/onaaph.dz\/en\/wp-json\/wp\/v2\/users\/1"}],"replies":[{"embeddable":true,"href":"https:\/\/onaaph.dz\/en\/wp-json\/wp\/v2\/comments?post=981"}],"version-history":[{"count":14,"href":"https:\/\/onaaph.dz\/en\/wp-json\/wp\/v2\/pages\/981\/revisions"}],"predecessor-version":[{"id":4537,"href":"https:\/\/onaaph.dz\/en\/wp-json\/wp\/v2\/pages\/981\/revisions\/4537"}],"wp:attachment":[{"href":"https:\/\/onaaph.dz\/en\/wp-json\/wp\/v2\/media?parent=981"}],"curies":[{"name":"wp","href":"https:\/\/api.w.org\/{rel}","templated":true}]}}