{"id":978,"date":"2018-11-15T11:51:48","date_gmt":"2018-11-15T10:51:48","guid":{"rendered":"http:\/\/edjazair.com\/mysite\/?page_id=978"},"modified":"2026-03-25T09:33:50","modified_gmt":"2026-03-25T08:33:50","slug":"qui-sommes-nous","status":"publish","type":"page","link":"https:\/\/onaaph.dz\/en\/qui-sommes-nous\/","title":{"rendered":"About us"},"content":{"rendered":"<audio class=\"wp-audio-shortcode\" id=\"audio-978-1\" preload=\"none\" style=\"width: 100%;\" controls=\"controls\"><source type=\"audio\/mpeg\" src=\"https:\/\/onaaph.dz\/wp-content\/uploads\/2026\/03\/about-us-1.mp3?_=1\" \/><a href=\"https:\/\/onaaph.dz\/wp-content\/uploads\/2026\/03\/about-us-1.mp3\">https:\/\/onaaph.dz\/wp-content\/uploads\/2026\/03\/about-us-1.mp3<\/a><\/audio>\n\nThe ONAAPH was established by Decree <span style=\"font-size: 11.5pt; font-family: 'Arial','sans-serif'; color: #070707;\">No. 88-27 of February 9, 1988.<\/span>It operates under the supervision of the Ministry of Labour, Employment and Social Security.\nThe Office is a Public Industrial and Commercial Establishment (EPIC), mandated with a public service mission.<\/p>","protected":false},"excerpt":{"rendered":"<p>L\u2019ONAAPH est cr\u00e9\u00e9 par d\u00e9cret n\u00b0 88-27 du 09 F\u00e9vrier 1988, Il est plac\u00e9 sous la tutelle du Minist\u00e8re du Travail, de l\u2019Emploi et de la S\u00e9curit\u00e9 sociale.L\u2019Office est un Etablissement Public \u00e0 caract\u00e8re Industriel et Commercial (EPIC),\u00a0 investi de la mission du service public.<\/p>","protected":false},"author":1,"featured_media":0,"parent":0,"menu_order":0,"comment_status":"closed","ping_status":"closed","template":"","meta":{"inline_featured_image":false,"footnotes":""},"class_list":["post-978","page","type-page","status-publish",""],"yoast_head":"<!-- This site is optimized with the Yoast SEO plugin v27.2 - https:\/\/yoast.com\/product\/yoast-seo-wordpress\/ -->\n<title>Qui Sommes Nous - ONAAPH<\/title>\n<meta name=\"robots\" content=\"index, follow, max-snippet:-1, max-image-preview:large, max-video-preview:-1\" \/>\n<link rel=\"canonical\" href=\"https:\/\/onaaph.dz\/en\/qui-sommes-nous\/\" \/>\n<meta property=\"og:locale\" content=\"en_US\" \/>\n<meta property=\"og:type\" content=\"article\" \/>\n<meta property=\"og:title\" content=\"Qui Sommes Nous - ONAAPH\" \/>\n<meta property=\"og:description\" content=\"L\u2019ONAAPH est cr\u00e9\u00e9 par d\u00e9cret n\u00b0 88-27 du 09 F\u00e9vrier 1988, Il est plac\u00e9 sous la tutelle du Minist\u00e8re du Travail, de l\u2019Emploi et de la S\u00e9curit\u00e9 sociale.L\u2019Office est un Etablissement Public \u00e0 caract\u00e8re Industriel et Commercial (EPIC),\u00a0 investi de la mission du service public.\" \/>\n<meta property=\"og:url\" content=\"https:\/\/onaaph.dz\/en\/qui-sommes-nous\/\" \/>\n<meta property=\"og:site_name\" content=\"ONAAPH\" \/>\n<meta property=\"article:modified_time\" content=\"2026-03-25T08:33:50+00:00\" \/>\n<meta name=\"twitter:card\" content=\"summary_large_image\" \/>\n<meta name=\"twitter:label1\" content=\"Est. reading time\" \/>\n\t<meta name=\"twitter:data1\" content=\"1 minute\" \/>\n<script type=\"application\/ld+json\" class=\"yoast-schema-graph\">{\"@context\":\"https:\/\/schema.org\",\"@graph\":[{\"@type\":\"WebPage\",\"@id\":\"https:\/\/onaaph.dz\/qui-sommes-nous\/\",\"url\":\"https:\/\/onaaph.dz\/qui-sommes-nous\/\",\"name\":\"Qui Sommes Nous - ONAAPH\",\"isPartOf\":{\"@id\":\"https:\/\/onaaph-staging.myndall.com\/#website\"},\"datePublished\":\"2018-11-15T10:51:48+00:00\",\"dateModified\":\"2026-03-25T08:33:50+00:00\",\"breadcrumb\":{\"@id\":\"https:\/\/onaaph.dz\/qui-sommes-nous\/#breadcrumb\"},\"inLanguage\":\"en-US\",\"potentialAction\":[{\"@type\":\"ReadAction\",\"target\":[\"https:\/\/onaaph.dz\/qui-sommes-nous\/\"]}]},{\"@type\":\"BreadcrumbList\",\"@id\":\"https:\/\/onaaph.dz\/qui-sommes-nous\/#breadcrumb\",\"itemListElement\":[{\"@type\":\"ListItem\",\"position\":1,\"name\":\"Home\",\"item\":\"https:\/\/onaaph.dz\/\"},{\"@type\":\"ListItem\",\"position\":2,\"name\":\"Qui Sommes Nous\"}]},{\"@type\":\"WebSite\",\"@id\":\"https:\/\/onaaph-staging.myndall.com\/#website\",\"url\":\"https:\/\/onaaph-staging.myndall.com\/\",\"name\":\"ONAAPH\",\"description\":\"onaaph\",\"potentialAction\":[{\"@type\":\"SearchAction\",\"target\":{\"@type\":\"EntryPoint\",\"urlTemplate\":\"https:\/\/onaaph-staging.myndall.com\/?s={search_term_string}\"},\"query-input\":{\"@type\":\"PropertyValueSpecification\",\"valueRequired\":true,\"valueName\":\"search_term_string\"}}],\"inLanguage\":\"en-US\"}]}<\/script>\n<!-- \/ Yoast SEO plugin. -->","yoast_head_json":{"title":"Qui Sommes Nous - ONAAPH","robots":{"index":"index","follow":"follow","max-snippet":"max-snippet:-1","max-image-preview":"max-image-preview:large","max-video-preview":"max-video-preview:-1"},"canonical":"https:\/\/onaaph.dz\/en\/qui-sommes-nous\/","og_locale":"en_US","og_type":"article","og_title":"Qui Sommes Nous - ONAAPH","og_description":"L\u2019ONAAPH est cr\u00e9\u00e9 par d\u00e9cret n\u00b0 88-27 du 09 F\u00e9vrier 1988, Il est plac\u00e9 sous la tutelle du Minist\u00e8re du Travail, de l\u2019Emploi et de la S\u00e9curit\u00e9 sociale.L\u2019Office est un Etablissement Public \u00e0 caract\u00e8re Industriel et Commercial (EPIC),\u00a0 investi de la mission du service public.","og_url":"https:\/\/onaaph.dz\/en\/qui-sommes-nous\/","og_site_name":"ONAAPH","article_modified_time":"2026-03-25T08:33:50+00:00","twitter_card":"summary_large_image","twitter_misc":{"Est. reading time":"1 minute"},"schema":{"@context":"https:\/\/schema.org","@graph":[{"@type":"WebPage","@id":"https:\/\/onaaph.dz\/qui-sommes-nous\/","url":"https:\/\/onaaph.dz\/qui-sommes-nous\/","name":"Qui Sommes Nous - ONAAPH","isPartOf":{"@id":"https:\/\/onaaph-staging.myndall.com\/#website"},"datePublished":"2018-11-15T10:51:48+00:00","dateModified":"2026-03-25T08:33:50+00:00","breadcrumb":{"@id":"https:\/\/onaaph.dz\/qui-sommes-nous\/#breadcrumb"},"inLanguage":"en-US","potentialAction":[{"@type":"ReadAction","target":["https:\/\/onaaph.dz\/qui-sommes-nous\/"]}]},{"@type":"BreadcrumbList","@id":"https:\/\/onaaph.dz\/qui-sommes-nous\/#breadcrumb","itemListElement":[{"@type":"ListItem","position":1,"name":"Home","item":"https:\/\/onaaph.dz\/"},{"@type":"ListItem","position":2,"name":"Qui Sommes Nous"}]},{"@type":"WebSite","@id":"https:\/\/onaaph-staging.myndall.com\/#website","url":"https:\/\/onaaph-staging.myndall.com\/","name":"ONAAPH","description":"onaaph","potentialAction":[{"@type":"SearchAction","target":{"@type":"EntryPoint","urlTemplate":"https:\/\/onaaph-staging.myndall.com\/?s={search_term_string}"},"query-input":{"@type":"PropertyValueSpecification","valueRequired":true,"valueName":"search_term_string"}}],"inLanguage":"en-US"}]}},"_links":{"self":[{"href":"https:\/\/onaaph.dz\/en\/wp-json\/wp\/v2\/pages\/978","targetHints":{"allow":["GET"]}}],"collection":[{"href":"https:\/\/onaaph.dz\/en\/wp-json\/wp\/v2\/pages"}],"about":[{"href":"https:\/\/onaaph.dz\/en\/wp-json\/wp\/v2\/types\/page"}],"author":[{"embeddable":true,"href":"https:\/\/onaaph.dz\/en\/wp-json\/wp\/v2\/users\/1"}],"replies":[{"embeddable":true,"href":"https:\/\/onaaph.dz\/en\/wp-json\/wp\/v2\/comments?post=978"}],"version-history":[{"count":13,"href":"https:\/\/onaaph.dz\/en\/wp-json\/wp\/v2\/pages\/978\/revisions"}],"predecessor-version":[{"id":4536,"href":"https:\/\/onaaph.dz\/en\/wp-json\/wp\/v2\/pages\/978\/revisions\/4536"}],"wp:attachment":[{"href":"https:\/\/onaaph.dz\/en\/wp-json\/wp\/v2\/media?parent=978"}],"curies":[{"name":"wp","href":"https:\/\/api.w.org\/{rel}","templated":true}]}}