{"id":727,"date":"2018-10-30T15:45:13","date_gmt":"2018-10-30T14:45:13","guid":{"rendered":"http:\/\/edjazair.com\/mysite\/?page_id=727"},"modified":"2026-03-25T09:40:28","modified_gmt":"2026-03-25T08:40:28","slug":"comment-beneficier-de-nos-produits","status":"publish","type":"page","link":"https:\/\/onaaph.dz\/en\/comment-beneficier-de-nos-produits\/","title":{"rendered":"How to Benefit from Our Products"},"content":{"rendered":"<audio class=\"wp-audio-shortcode\" id=\"audio-727-1\" preload=\"none\" style=\"width: 100%;\" controls=\"controls\"><source type=\"audio\/mpeg\" src=\"https:\/\/onaaph.dz\/wp-content\/uploads\/2026\/03\/How-to-Benefit-from-Our-Products-1.mp3?_=1\" \/><a href=\"https:\/\/onaaph.dz\/wp-content\/uploads\/2026\/03\/How-to-Benefit-from-Our-Products-1.mp3\">https:\/\/onaaph.dz\/wp-content\/uploads\/2026\/03\/How-to-Benefit-from-Our-Products-1.mp3<\/a><\/audio>\n\n<h4><img loading=\"lazy\" decoding=\"async\" class=\"alignnone size-full wp-image-1240\" src=\"http:\/\/entreprises-dz.com\/mysite\/wp-content\/uploads\/2018\/12\/chifa-540x300.jpg\" alt=\"\" width=\"540\" height=\"300\" srcset=\"https:\/\/onaaph.dz\/wp-content\/uploads\/2018\/12\/chifa-540x300.jpg 540w, https:\/\/onaaph.dz\/wp-content\/uploads\/2018\/12\/chifa-540x300-300x167.jpg 300w, https:\/\/onaaph.dz\/wp-content\/uploads\/2018\/12\/chifa-540x300-18x10.jpg 18w\" sizes=\"auto, (max-width: 540px) 100vw, 540px\" \/><\/h4>\n<h4><strong>If you are already affiliated with a social security organization\u00a0<\/strong><\/h4>\n<p>Our agreements with the various social security organizations simplify the procedure for acquiring our products, either for yourself or for your dependents, following a medical prescription issued by your attending physician(doctor).\nBased on your doctor\u2019s prescription:<\/p>\n<ol>\n<li>The selection of your device will be determined by an ONAAPH physician(doctor).<\/li>\n<li>ONAAPH will provide you with a quotation.<\/li>\n<li>Your affiliated organization (social security fund) will issue a coverage authorization(prise en charge) upon submission of the following documents:\n<ul>\n<li>Chifa card<\/li>\n<li>Medical prescription from your attending physician<\/li>\n<li>Quotation<\/li>\n<\/ul>\n<\/li>\n<li>Once the coverage authorization is obtained, please visit ONAAPH to:<\/li>\n<li style=\"list-style-type: none;\">\n<ul>\n<li>Begin the manufacture and delivery of your orthopedic device;<\/li>\n<li>Receive your mobility aid;<\/li>\n<li>Begin the manufacture and delivery of your hearing aid;<\/li>\n<li>Receive your sanitary technical aid. health care aids<\/li>\n<\/ul>\n<\/li>\n<\/ol>\n<h4><strong>If you are not affiliated with a social security organization<\/strong><\/h4>\n<p>A medical file must first be prepared by consulting a specialist physician who will issue a medical certificate assessing your disability.<\/p>\n<p>With this medical file, visit the social service office of your municipality (APC) or the Social Action Directorate (DAS) of your place of residence. They will issue you a disability certificate, allowing you to register with a social security organization.<\/p>\n<p>Once you have your social insurance card, simply follow steps 1 to 4 mentioned above.<\/p>\n<h4><strong>Without social security coverage<\/strong><\/h4>\n<p>In this case, the full cost of the product, orthopedic device, and\/or assistive equipment is borne entirely by the patient.\nThe acquisition process follows steps 1, 2, and 4 described above.\nPlease note that submission of a medical prescription from your attending physician (as an external document) remains essential.<\/p>","protected":false},"excerpt":{"rendered":"<p>Si vous \u00eates d\u00e9j\u00e0 affili\u00e9s \u00e0 un organisme de s\u00e9curit\u00e9 sociale\u00a0 Nos conventions avec les diff\u00e9rents organismes de s\u00e9curit\u00e9 sociale vous facilitent la proc\u00e9dure d\u2019acquisition de nos produits pour votre b\u00e9n\u00e9fice ou celui des personnes \u00e0 votre charge et ce, apr\u00e8s orientation (prescription m\u00e9dicale) de votre m\u00e9decin traitant. Sur la base de la prescription m\u00e9dicale &hellip;<\/p>","protected":false},"author":1,"featured_media":0,"parent":0,"menu_order":0,"comment_status":"closed","ping_status":"closed","template":"","meta":{"inline_featured_image":false,"footnotes":""},"class_list":["post-727","page","type-page","status-publish",""],"yoast_head":"<!-- This site is optimized with the Yoast SEO plugin v27.2 - https:\/\/yoast.com\/product\/yoast-seo-wordpress\/ -->\n<title>Comment B\u00e9n\u00e9ficier de nos Produits - ONAAPH<\/title>\n<meta name=\"robots\" content=\"index, follow, max-snippet:-1, max-image-preview:large, max-video-preview:-1\" \/>\n<link rel=\"canonical\" href=\"https:\/\/onaaph.dz\/en\/comment-beneficier-de-nos-produits\/\" \/>\n<meta property=\"og:locale\" content=\"en_US\" \/>\n<meta property=\"og:type\" content=\"article\" \/>\n<meta property=\"og:title\" content=\"Comment B\u00e9n\u00e9ficier de nos Produits - ONAAPH\" \/>\n<meta property=\"og:description\" content=\"Si vous \u00eates d\u00e9j\u00e0 affili\u00e9s \u00e0 un organisme de s\u00e9curit\u00e9 sociale\u00a0 Nos conventions avec les diff\u00e9rents organismes de s\u00e9curit\u00e9 sociale vous facilitent la proc\u00e9dure d\u2019acquisition de nos produits pour votre b\u00e9n\u00e9fice ou celui des personnes \u00e0 votre charge et ce, apr\u00e8s orientation (prescription m\u00e9dicale) de votre m\u00e9decin traitant. Sur la base de la prescription m\u00e9dicale &hellip;\" \/>\n<meta property=\"og:url\" content=\"https:\/\/onaaph.dz\/en\/comment-beneficier-de-nos-produits\/\" \/>\n<meta property=\"og:site_name\" content=\"ONAAPH\" \/>\n<meta property=\"article:modified_time\" content=\"2026-03-25T08:40:28+00:00\" \/>\n<meta property=\"og:image\" content=\"https:\/\/onaaph.dz\/wp-content\/uploads\/2018\/12\/chifa-540x300.jpg\" \/>\n\t<meta property=\"og:image:width\" content=\"540\" \/>\n\t<meta property=\"og:image:height\" content=\"300\" \/>\n\t<meta property=\"og:image:type\" content=\"image\/jpeg\" \/>\n<meta name=\"twitter:card\" content=\"summary_large_image\" \/>\n<meta name=\"twitter:label1\" content=\"Est. reading time\" \/>\n\t<meta name=\"twitter:data1\" content=\"2 minutes\" \/>\n<script type=\"application\/ld+json\" class=\"yoast-schema-graph\">{\"@context\":\"https:\/\/schema.org\",\"@graph\":[{\"@type\":\"WebPage\",\"@id\":\"https:\/\/onaaph.dz\/comment-beneficier-de-nos-produits\/\",\"url\":\"https:\/\/onaaph.dz\/comment-beneficier-de-nos-produits\/\",\"name\":\"Comment B\u00e9n\u00e9ficier de nos Produits - ONAAPH\",\"isPartOf\":{\"@id\":\"https:\/\/onaaph-staging.myndall.com\/#website\"},\"primaryImageOfPage\":{\"@id\":\"https:\/\/onaaph.dz\/comment-beneficier-de-nos-produits\/#primaryimage\"},\"image\":{\"@id\":\"https:\/\/onaaph.dz\/comment-beneficier-de-nos-produits\/#primaryimage\"},\"thumbnailUrl\":\"http:\/\/entreprises-dz.com\/mysite\/wp-content\/uploads\/2018\/12\/chifa-540x300.jpg\",\"datePublished\":\"2018-10-30T14:45:13+00:00\",\"dateModified\":\"2026-03-25T08:40:28+00:00\",\"breadcrumb\":{\"@id\":\"https:\/\/onaaph.dz\/comment-beneficier-de-nos-produits\/#breadcrumb\"},\"inLanguage\":\"en-US\",\"potentialAction\":[{\"@type\":\"ReadAction\",\"target\":[\"https:\/\/onaaph.dz\/comment-beneficier-de-nos-produits\/\"]}]},{\"@type\":\"ImageObject\",\"inLanguage\":\"en-US\",\"@id\":\"https:\/\/onaaph.dz\/comment-beneficier-de-nos-produits\/#primaryimage\",\"url\":\"http:\/\/entreprises-dz.com\/mysite\/wp-content\/uploads\/2018\/12\/chifa-540x300.jpg\",\"contentUrl\":\"http:\/\/entreprises-dz.com\/mysite\/wp-content\/uploads\/2018\/12\/chifa-540x300.jpg\"},{\"@type\":\"BreadcrumbList\",\"@id\":\"https:\/\/onaaph.dz\/comment-beneficier-de-nos-produits\/#breadcrumb\",\"itemListElement\":[{\"@type\":\"ListItem\",\"position\":1,\"name\":\"Home\",\"item\":\"https:\/\/onaaph.dz\/\"},{\"@type\":\"ListItem\",\"position\":2,\"name\":\"Comment B\u00e9n\u00e9ficier de nos Produits\"}]},{\"@type\":\"WebSite\",\"@id\":\"https:\/\/onaaph-staging.myndall.com\/#website\",\"url\":\"https:\/\/onaaph-staging.myndall.com\/\",\"name\":\"ONAAPH\",\"description\":\"onaaph\",\"potentialAction\":[{\"@type\":\"SearchAction\",\"target\":{\"@type\":\"EntryPoint\",\"urlTemplate\":\"https:\/\/onaaph-staging.myndall.com\/?s={search_term_string}\"},\"query-input\":{\"@type\":\"PropertyValueSpecification\",\"valueRequired\":true,\"valueName\":\"search_term_string\"}}],\"inLanguage\":\"en-US\"}]}<\/script>\n<!-- \/ Yoast SEO plugin. -->","yoast_head_json":{"title":"Comment B\u00e9n\u00e9ficier de nos Produits - ONAAPH","robots":{"index":"index","follow":"follow","max-snippet":"max-snippet:-1","max-image-preview":"max-image-preview:large","max-video-preview":"max-video-preview:-1"},"canonical":"https:\/\/onaaph.dz\/en\/comment-beneficier-de-nos-produits\/","og_locale":"en_US","og_type":"article","og_title":"Comment B\u00e9n\u00e9ficier de nos Produits - ONAAPH","og_description":"Si vous \u00eates d\u00e9j\u00e0 affili\u00e9s \u00e0 un organisme de s\u00e9curit\u00e9 sociale\u00a0 Nos conventions avec les diff\u00e9rents organismes de s\u00e9curit\u00e9 sociale vous facilitent la proc\u00e9dure d\u2019acquisition de nos produits pour votre b\u00e9n\u00e9fice ou celui des personnes \u00e0 votre charge et ce, apr\u00e8s orientation (prescription m\u00e9dicale) de votre m\u00e9decin traitant. Sur la base de la prescription m\u00e9dicale &hellip;","og_url":"https:\/\/onaaph.dz\/en\/comment-beneficier-de-nos-produits\/","og_site_name":"ONAAPH","article_modified_time":"2026-03-25T08:40:28+00:00","og_image":[{"width":540,"height":300,"url":"https:\/\/onaaph.dz\/wp-content\/uploads\/2018\/12\/chifa-540x300.jpg","type":"image\/jpeg"}],"twitter_card":"summary_large_image","twitter_misc":{"Est. reading time":"2 minutes"},"schema":{"@context":"https:\/\/schema.org","@graph":[{"@type":"WebPage","@id":"https:\/\/onaaph.dz\/comment-beneficier-de-nos-produits\/","url":"https:\/\/onaaph.dz\/comment-beneficier-de-nos-produits\/","name":"Comment B\u00e9n\u00e9ficier de nos Produits - ONAAPH","isPartOf":{"@id":"https:\/\/onaaph-staging.myndall.com\/#website"},"primaryImageOfPage":{"@id":"https:\/\/onaaph.dz\/comment-beneficier-de-nos-produits\/#primaryimage"},"image":{"@id":"https:\/\/onaaph.dz\/comment-beneficier-de-nos-produits\/#primaryimage"},"thumbnailUrl":"http:\/\/entreprises-dz.com\/mysite\/wp-content\/uploads\/2018\/12\/chifa-540x300.jpg","datePublished":"2018-10-30T14:45:13+00:00","dateModified":"2026-03-25T08:40:28+00:00","breadcrumb":{"@id":"https:\/\/onaaph.dz\/comment-beneficier-de-nos-produits\/#breadcrumb"},"inLanguage":"en-US","potentialAction":[{"@type":"ReadAction","target":["https:\/\/onaaph.dz\/comment-beneficier-de-nos-produits\/"]}]},{"@type":"ImageObject","inLanguage":"en-US","@id":"https:\/\/onaaph.dz\/comment-beneficier-de-nos-produits\/#primaryimage","url":"http:\/\/entreprises-dz.com\/mysite\/wp-content\/uploads\/2018\/12\/chifa-540x300.jpg","contentUrl":"http:\/\/entreprises-dz.com\/mysite\/wp-content\/uploads\/2018\/12\/chifa-540x300.jpg"},{"@type":"BreadcrumbList","@id":"https:\/\/onaaph.dz\/comment-beneficier-de-nos-produits\/#breadcrumb","itemListElement":[{"@type":"ListItem","position":1,"name":"Home","item":"https:\/\/onaaph.dz\/"},{"@type":"ListItem","position":2,"name":"Comment B\u00e9n\u00e9ficier de nos Produits"}]},{"@type":"WebSite","@id":"https:\/\/onaaph-staging.myndall.com\/#website","url":"https:\/\/onaaph-staging.myndall.com\/","name":"ONAAPH","description":"onaaph","potentialAction":[{"@type":"SearchAction","target":{"@type":"EntryPoint","urlTemplate":"https:\/\/onaaph-staging.myndall.com\/?s={search_term_string}"},"query-input":{"@type":"PropertyValueSpecification","valueRequired":true,"valueName":"search_term_string"}}],"inLanguage":"en-US"}]}},"_links":{"self":[{"href":"https:\/\/onaaph.dz\/en\/wp-json\/wp\/v2\/pages\/727","targetHints":{"allow":["GET"]}}],"collection":[{"href":"https:\/\/onaaph.dz\/en\/wp-json\/wp\/v2\/pages"}],"about":[{"href":"https:\/\/onaaph.dz\/en\/wp-json\/wp\/v2\/types\/page"}],"author":[{"embeddable":true,"href":"https:\/\/onaaph.dz\/en\/wp-json\/wp\/v2\/users\/1"}],"replies":[{"embeddable":true,"href":"https:\/\/onaaph.dz\/en\/wp-json\/wp\/v2\/comments?post=727"}],"version-history":[{"count":20,"href":"https:\/\/onaaph.dz\/en\/wp-json\/wp\/v2\/pages\/727\/revisions"}],"predecessor-version":[{"id":4539,"href":"https:\/\/onaaph.dz\/en\/wp-json\/wp\/v2\/pages\/727\/revisions\/4539"}],"wp:attachment":[{"href":"https:\/\/onaaph.dz\/en\/wp-json\/wp\/v2\/media?parent=727"}],"curies":[{"name":"wp","href":"https:\/\/api.w.org\/{rel}","templated":true}]}}