{"id":4495,"date":"2026-03-10T10:43:28","date_gmt":"2026-03-10T09:43:28","guid":{"rendered":"https:\/\/onaaph.dz\/?post_type=product&#038;p=4495"},"modified":"2026-03-12T10:35:13","modified_gmt":"2026-03-12T09:35:13","slug":"matelas-anti-escarres","status":"publish","type":"product","link":"https:\/\/onaaph.dz\/ar_ar\/product\/matelas-anti-escarres\/","title":{"rendered":"\u0641\u0631\u0627\u0634 \u0645\u0636\u0627\u062f \u0644\u0644\u062a\u0642\u0631\u062d\u0627\u062a"},"content":{"rendered":"<p><strong>\u00a0\u0641\u0631\u0627\u0634 \u0645\u0636\u0627\u062f \u0644\u0644\u062a\u0642\u0631\u062d\u0627\u062a<\/strong><\/p>\n<p>\u0645\u064f\u0640\u0635\u0645\u0645 \u0644\u0640\u0645\u0646\u0640\u0639 \u062a\u0642\u0631\u062d\u0640\u0640\u0627\u062a \u0627\u0644\u0636\u063a\u0640\u0637 \u0645\u0646 \u062e\u0650\u0640\u0640\u0644\u0627\u0644 \u062a\u063a\u064a\u064a\u0640\u0631 \u0627\u0644\u0636\u063a\u0640\u0637 \u0627\u0644\u0640\u0645\u0645\u0640\u0627\u0631\u0633 \u0639\u0644\u0640\u0649 \u0627\u0644\u062c\u0640\u0640\u0644\u062f.<\/p>\n<p>\u064a\u0633\u062a\u062e\u062f\u0645 \u0646\u0638\u0627\u0645\u064b\u0627 \u0622\u0644\u064a\u064b\u0627 \u0644\u0636\u0628\u0637 \u0645\u0646\u0627\u0637\u0642 \u0627\u0644\u062f\u0639\u0645 \u0628\u0634\u0643\u0644 \u062a\u0644\u0642\u0627\u0626\u064a \u060c \u0645\u0645\u0627 \u064a\u064f\u0639\u0640\u0632\u0632 \u0627\u0644\u0640\u062f\u0648\u0631\u0629 \u0627\u0644\u062f\u0645\u0648\u064a\u0629 \u0648 \u064a\u0642\u0640\u0644\u0644 \u0645\u0646 \u062e\u0640\u0637\u0631 \u0627\u0644\u0625\u0635\u0640\u0627\u0628\u0640\u0629 \u0628\u0642\u0640\u0640\u0631\u062d  \u0627\u0644\u0636\u063a\u0640\u0637.<\/p>\n<p>&nbsp;<\/p>","protected":false},"excerpt":{"rendered":"<p>\u00a0\u0645\u064f\u0640\u0635\u0645\u0645 \u0644\u0640\u0645\u0646\u0640\u0639 \u062a\u0642\u0631\u062d\u0640\u0640\u0627\u062a \u0627\u0644\u0636\u063a\u0640\u0637 \u0645\u0646 \u062e\u0650\u0640\u0640\u0644\u0627\u0644 \u062a\u063a\u064a\u064a\u0640\u0631 \u0627\u0644\u0636\u063a\u0640\u0637 \u0627\u0644\u0640\u0645\u0645\u0640\u0627\u0631\u0633 \u0639\u0644\u0640\u0649 \u0627\u0644\u062c\u0640\u0640\u0644\u062f.\n\u064a\u0633\u062a\u062e\u062f\u0645 \u0646\u0638\u0627\u0645\u064b\u0627 \u0622\u0644\u064a\u064b\u0627 \u0644\u0636\u0628\u0637 \u0645\u0646\u0627\u0637\u0642 \u0627\u0644\u062f\u0639\u0645 \u0628\u0634\u0643\u0644 \u062a\u0644\u0642\u0627\u0626\u064a \u060c \u0645\u0645\u0627 \u064a\u064f\u0639\u0640\u0632\u0632 \u0627\u0644\u0640\u062f\u0648\u0631\u0629 \u0627\u0644\u062f\u0645\u0648\u064a\u0629 \u0648 \u064a\u0642\u0640\u0644\u0644 \u0645\u0646 \u062e\u0640\u0637\u0631 \u0627\u0644\u0625\u0635\u0640\u0627\u0628\u0640\u0629 \u0628\u0642\u0640\u0640\u0631\u062d  \u0627\u0644\u0636\u063a\u0640\u0637. &nbsp;<\/p>","protected":false},"featured_media":4523,"template":"","meta":{"inline_featured_image":false},"product_brand":[],"product_cat":[56],"product_tag":[],"class_list":{"0":"post-4495","1":"product","2":"type-product","3":"status-publish","4":"has-post-thumbnail","5":"","6":"product_cat-aides-sanitaires","8":"first","9":"instock","10":"shipping-taxable","11":"product-type-simple"},"yoast_head":"<!-- This site is optimized with the Yoast SEO plugin v27.2 - https:\/\/yoast.com\/product\/yoast-seo-wordpress\/ -->\n<title>MATELAS ANTI-ESCARRES - ONAAPH<\/title>\n<meta name=\"robots\" content=\"index, follow, max-snippet:-1, max-image-preview:large, max-video-preview:-1\" \/>\n<link rel=\"canonical\" href=\"https:\/\/onaaph.dz\/ar_ar\/product\/matelas-anti-escarres\/\" \/>\n<meta property=\"og:locale\" content=\"ar_AR\" \/>\n<meta property=\"og:type\" content=\"article\" \/>\n<meta property=\"og:title\" content=\"MATELAS ANTI-ESCARRES - ONAAPH\" \/>\n<meta property=\"og:description\" content=\"\u00a0MATELAS ANTI-ESCARRES : Con\u00e7u pour pr\u00e9venir les escarres en alternant la pression exerc\u00e9e sur peau. Il utilise un syst\u00e8me motoris\u00e9 ajuster automatiquement zones de soutien, am\u00e9liorant circulation sanguine et r\u00e9duisant le risque d&rsquo;ulc\u00e8res pression. &nbsp;\" \/>\n<meta property=\"og:url\" content=\"https:\/\/onaaph.dz\/ar_ar\/product\/matelas-anti-escarres\/\" \/>\n<meta property=\"og:site_name\" content=\"ONAAPH\" \/>\n<meta property=\"article:modified_time\" content=\"2026-03-12T09:35:13+00:00\" \/>\n<meta property=\"og:image\" content=\"https:\/\/onaaph.dz\/wp-content\/uploads\/2026\/03\/WhatsApp-Image-2026-03-12-at-10.22.30.jpeg\" \/>\n\t<meta property=\"og:image:width\" content=\"411\" \/>\n\t<meta property=\"og:image:height\" content=\"300\" \/>\n\t<meta property=\"og:image:type\" content=\"image\/jpeg\" \/>\n<meta name=\"twitter:card\" content=\"summary_large_image\" \/>\n<meta name=\"twitter:label1\" content=\"\u0648\u0642\u062a \u0627\u0644\u0642\u0631\u0627\u0621\u0629 \u0627\u0644\u0645\u064f\u0642\u062f\u0651\u0631\" \/>\n\t<meta name=\"twitter:data1\" content=\"\u062f\u0642\u064a\u0642\u0629 \u0648\u0627\u062d\u062f\u0629\" \/>\n<script type=\"application\/ld+json\" class=\"yoast-schema-graph\">{\"@context\":\"https:\/\/schema.org\",\"@graph\":[{\"@type\":\"WebPage\",\"@id\":\"https:\/\/onaaph.dz\/fr_fr\/produit\/matelas-anti-escarres\/\",\"url\":\"https:\/\/onaaph.dz\/fr_fr\/produit\/matelas-anti-escarres\/\",\"name\":\"MATELAS ANTI-ESCARRES - ONAAPH\",\"isPartOf\":{\"@id\":\"https:\/\/onaaph-staging.myndall.com\/#website\"},\"primaryImageOfPage\":{\"@id\":\"https:\/\/onaaph.dz\/fr_fr\/produit\/matelas-anti-escarres\/#primaryimage\"},\"image\":{\"@id\":\"https:\/\/onaaph.dz\/fr_fr\/produit\/matelas-anti-escarres\/#primaryimage\"},\"thumbnailUrl\":\"https:\/\/onaaph.dz\/wp-content\/uploads\/2026\/03\/WhatsApp-Image-2026-03-12-at-10.22.30.jpeg\",\"datePublished\":\"2026-03-10T09:43:28+00:00\",\"dateModified\":\"2026-03-12T09:35:13+00:00\",\"breadcrumb\":{\"@id\":\"https:\/\/onaaph.dz\/fr_fr\/produit\/matelas-anti-escarres\/#breadcrumb\"},\"inLanguage\":\"ar\",\"potentialAction\":[{\"@type\":\"ReadAction\",\"target\":[\"https:\/\/onaaph.dz\/fr_fr\/produit\/matelas-anti-escarres\/\"]}]},{\"@type\":\"ImageObject\",\"inLanguage\":\"ar\",\"@id\":\"https:\/\/onaaph.dz\/fr_fr\/produit\/matelas-anti-escarres\/#primaryimage\",\"url\":\"https:\/\/onaaph.dz\/wp-content\/uploads\/2026\/03\/WhatsApp-Image-2026-03-12-at-10.22.30.jpeg\",\"contentUrl\":\"https:\/\/onaaph.dz\/wp-content\/uploads\/2026\/03\/WhatsApp-Image-2026-03-12-at-10.22.30.jpeg\",\"width\":411,\"height\":300},{\"@type\":\"BreadcrumbList\",\"@id\":\"https:\/\/onaaph.dz\/fr_fr\/produit\/matelas-anti-escarres\/#breadcrumb\",\"itemListElement\":[{\"@type\":\"ListItem\",\"position\":1,\"name\":\"\u0627\u0644\u0631\u0626\u064a\u0633\u064a\u0629\",\"item\":\"https:\/\/onaaph.dz\/\"},{\"@type\":\"ListItem\",\"position\":2,\"name\":\"Produits\",\"item\":\"http:\/\/staging.onaaph.dz\/shop\/\"},{\"@type\":\"ListItem\",\"position\":3,\"name\":\"MATELAS ANTI-ESCARRES\"}]},{\"@type\":\"WebSite\",\"@id\":\"https:\/\/onaaph-staging.myndall.com\/#website\",\"url\":\"https:\/\/onaaph-staging.myndall.com\/\",\"name\":\"ONAAPH\",\"description\":\"onaaph\",\"potentialAction\":[{\"@type\":\"SearchAction\",\"target\":{\"@type\":\"EntryPoint\",\"urlTemplate\":\"https:\/\/onaaph-staging.myndall.com\/?s={search_term_string}\"},\"query-input\":{\"@type\":\"PropertyValueSpecification\",\"valueRequired\":true,\"valueName\":\"search_term_string\"}}],\"inLanguage\":\"ar\"}]}<\/script>\n<!-- \/ Yoast SEO plugin. -->","yoast_head_json":{"title":"MATELAS ANTI-ESCARRES - ONAAPH","robots":{"index":"index","follow":"follow","max-snippet":"max-snippet:-1","max-image-preview":"max-image-preview:large","max-video-preview":"max-video-preview:-1"},"canonical":"https:\/\/onaaph.dz\/ar_ar\/product\/matelas-anti-escarres\/","og_locale":"ar_AR","og_type":"article","og_title":"MATELAS ANTI-ESCARRES - ONAAPH","og_description":"\u00a0MATELAS ANTI-ESCARRES : Con\u00e7u pour pr\u00e9venir les escarres en alternant la pression exerc\u00e9e sur peau. Il utilise un syst\u00e8me motoris\u00e9 ajuster automatiquement zones de soutien, am\u00e9liorant circulation sanguine et r\u00e9duisant le risque d&rsquo;ulc\u00e8res pression. &nbsp;","og_url":"https:\/\/onaaph.dz\/ar_ar\/product\/matelas-anti-escarres\/","og_site_name":"ONAAPH","article_modified_time":"2026-03-12T09:35:13+00:00","og_image":[{"width":411,"height":300,"url":"https:\/\/onaaph.dz\/wp-content\/uploads\/2026\/03\/WhatsApp-Image-2026-03-12-at-10.22.30.jpeg","type":"image\/jpeg"}],"twitter_card":"summary_large_image","twitter_misc":{"\u0648\u0642\u062a \u0627\u0644\u0642\u0631\u0627\u0621\u0629 \u0627\u0644\u0645\u064f\u0642\u062f\u0651\u0631":"\u062f\u0642\u064a\u0642\u0629 \u0648\u0627\u062d\u062f\u0629"},"schema":{"@context":"https:\/\/schema.org","@graph":[{"@type":"WebPage","@id":"https:\/\/onaaph.dz\/fr_fr\/produit\/matelas-anti-escarres\/","url":"https:\/\/onaaph.dz\/fr_fr\/produit\/matelas-anti-escarres\/","name":"MATELAS ANTI-ESCARRES - ONAAPH","isPartOf":{"@id":"https:\/\/onaaph-staging.myndall.com\/#website"},"primaryImageOfPage":{"@id":"https:\/\/onaaph.dz\/fr_fr\/produit\/matelas-anti-escarres\/#primaryimage"},"image":{"@id":"https:\/\/onaaph.dz\/fr_fr\/produit\/matelas-anti-escarres\/#primaryimage"},"thumbnailUrl":"https:\/\/onaaph.dz\/wp-content\/uploads\/2026\/03\/WhatsApp-Image-2026-03-12-at-10.22.30.jpeg","datePublished":"2026-03-10T09:43:28+00:00","dateModified":"2026-03-12T09:35:13+00:00","breadcrumb":{"@id":"https:\/\/onaaph.dz\/fr_fr\/produit\/matelas-anti-escarres\/#breadcrumb"},"inLanguage":"ar","potentialAction":[{"@type":"ReadAction","target":["https:\/\/onaaph.dz\/fr_fr\/produit\/matelas-anti-escarres\/"]}]},{"@type":"ImageObject","inLanguage":"ar","@id":"https:\/\/onaaph.dz\/fr_fr\/produit\/matelas-anti-escarres\/#primaryimage","url":"https:\/\/onaaph.dz\/wp-content\/uploads\/2026\/03\/WhatsApp-Image-2026-03-12-at-10.22.30.jpeg","contentUrl":"https:\/\/onaaph.dz\/wp-content\/uploads\/2026\/03\/WhatsApp-Image-2026-03-12-at-10.22.30.jpeg","width":411,"height":300},{"@type":"BreadcrumbList","@id":"https:\/\/onaaph.dz\/fr_fr\/produit\/matelas-anti-escarres\/#breadcrumb","itemListElement":[{"@type":"ListItem","position":1,"name":"\u0627\u0644\u0631\u0626\u064a\u0633\u064a\u0629","item":"https:\/\/onaaph.dz\/"},{"@type":"ListItem","position":2,"name":"Produits","item":"http:\/\/staging.onaaph.dz\/shop\/"},{"@type":"ListItem","position":3,"name":"MATELAS ANTI-ESCARRES"}]},{"@type":"WebSite","@id":"https:\/\/onaaph-staging.myndall.com\/#website","url":"https:\/\/onaaph-staging.myndall.com\/","name":"ONAAPH","description":"onaaph","potentialAction":[{"@type":"SearchAction","target":{"@type":"EntryPoint","urlTemplate":"https:\/\/onaaph-staging.myndall.com\/?s={search_term_string}"},"query-input":{"@type":"PropertyValueSpecification","valueRequired":true,"valueName":"search_term_string"}}],"inLanguage":"ar"}]}},"_links":{"self":[{"href":"https:\/\/onaaph.dz\/ar_ar\/wp-json\/wp\/v2\/product\/4495","targetHints":{"allow":["GET"]}}],"collection":[{"href":"https:\/\/onaaph.dz\/ar_ar\/wp-json\/wp\/v2\/product"}],"about":[{"href":"https:\/\/onaaph.dz\/ar_ar\/wp-json\/wp\/v2\/types\/product"}],"wp:featuredmedia":[{"embeddable":true,"href":"https:\/\/onaaph.dz\/ar_ar\/wp-json\/wp\/v2\/media\/4523"}],"wp:attachment":[{"href":"https:\/\/onaaph.dz\/ar_ar\/wp-json\/wp\/v2\/media?parent=4495"}],"wp:term":[{"taxonomy":"product_brand","embeddable":true,"href":"https:\/\/onaaph.dz\/ar_ar\/wp-json\/wp\/v2\/product_brand?post=4495"},{"taxonomy":"product_cat","embeddable":true,"href":"https:\/\/onaaph.dz\/ar_ar\/wp-json\/wp\/v2\/product_cat?post=4495"},{"taxonomy":"product_tag","embeddable":true,"href":"https:\/\/onaaph.dz\/ar_ar\/wp-json\/wp\/v2\/product_tag?post=4495"}],"curies":[{"name":"wp","href":"https:\/\/api.w.org\/{rel}","templated":true}]}}