{"id":4475,"date":"2026-03-10T10:27:26","date_gmt":"2026-03-10T09:27:26","guid":{"rendered":"https:\/\/onaaph.dz\/?post_type=product&#038;p=4475"},"modified":"2026-03-10T10:27:27","modified_gmt":"2026-03-10T09:27:27","slug":"in-the-canal-itc","status":"publish","type":"product","link":"https:\/\/onaaph.dz\/ar_ar\/product\/in-the-canal-itc\/","title":{"rendered":"ITC _ \u0641\u064a \u0627\u0644\u0642\u0646\u0627\u0629:\u00a0"},"content":{"rendered":"<p><strong>In The canal \u2013 ITC\u00a0:<\/strong><\/p>\n<p>Partiellement visible dans le canal auditif, offrant un \u00e9quilibre entre discr\u00e9tion et amplification. Il est con\u00e7u pour les surdit\u00e9s s\u00e9v\u00e8res \u00e0 profondes, tout en offrant un confort et une fonctionnalit\u00e9 am\u00e9lior\u00e9s.<\/p>","protected":false},"excerpt":{"rendered":"<p>\u0645\u0631\u0626\u064a\u0640\u0640\u0629 \u062c\u0632\u0626\u064a\u0640\u0640\u064b\u0627 \u0641\u064a \u0642\u0646\u0640\u0627\u0629 \u0627\u0644\u0623\u0630\u0646 \u060c \u0645\u0645\u0627 \u064a\u062d\u0642\u0642 \u062a\u0648\u0627\u0632\u0646\u0640\u0640\u064b\u0627   \u0628\u064a\u0646 \u0627\u0644\u062a\u0642\u062f\u064a\u0631 \u0648\u0627\u0644\u062a\u0636\u062e\u064a\u0645. \n      \u062a\u0645\u0651 \u062a\u0635\u0645\u064a\u0645\u0647 \u0644\u0641\u0642\u062f\u0627\u0646 \u0627\u0644\u0633\u0645\u0639 \u0627\u0644\u0634\u062f\u064a\u062f \u0625\u0644\u0649 \u0627\u0644\u0639\u0645\u064a\u0642 \u0645\u0639 \u062a\u0648\u0641\u064a\u0631 \u0631\u0627\u062d\u0629 \u0648\u0623\u062f\u0627\u0621 \u0645\u062d\u0633\u0651\u0646.<\/p>","protected":false},"featured_media":4483,"template":"","meta":{"inline_featured_image":false},"product_brand":[],"product_cat":[55],"product_tag":[],"class_list":{"0":"post-4475","1":"product","2":"type-product","3":"status-publish","4":"has-post-thumbnail","5":"","6":"product_cat-aides-auditives","8":"first","9":"instock","10":"shipping-taxable","11":"product-type-simple"},"yoast_head":"<!-- This site is optimized with the Yoast SEO plugin v27.2 - https:\/\/yoast.com\/product\/yoast-seo-wordpress\/ -->\n<title>In The canal \u2013 ITC\u00a0 - ONAAPH<\/title>\n<meta name=\"robots\" content=\"index, follow, max-snippet:-1, max-image-preview:large, max-video-preview:-1\" \/>\n<link rel=\"canonical\" href=\"https:\/\/onaaph.dz\/ar_ar\/product\/in-the-canal-itc\/\" \/>\n<meta property=\"og:locale\" content=\"ar_AR\" \/>\n<meta property=\"og:type\" content=\"article\" \/>\n<meta property=\"og:title\" content=\"In The canal \u2013 ITC\u00a0 - ONAAPH\" \/>\n<meta property=\"og:description\" content=\"In The canal \u2013 ITC\u00a0: Partiellement visible dans le canal auditif, offrant un \u00e9quilibre entre discr\u00e9tion et amplification. Il est con\u00e7u pour les surdit\u00e9s s\u00e9v\u00e8res \u00e0 profondes, tout en offrant un confort et une fonctionnalit\u00e9 am\u00e9lior\u00e9s.\" \/>\n<meta property=\"og:url\" content=\"https:\/\/onaaph.dz\/ar_ar\/product\/in-the-canal-itc\/\" \/>\n<meta property=\"og:site_name\" content=\"ONAAPH\" \/>\n<meta property=\"article:modified_time\" content=\"2026-03-10T09:27:27+00:00\" \/>\n<meta property=\"og:image\" content=\"https:\/\/onaaph.dz\/wp-content\/uploads\/2026\/03\/In-The-canal-ITC.png\" \/>\n\t<meta property=\"og:image:width\" content=\"665\" \/>\n\t<meta property=\"og:image:height\" content=\"625\" \/>\n\t<meta property=\"og:image:type\" content=\"image\/png\" \/>\n<meta name=\"twitter:card\" content=\"summary_large_image\" \/>\n<meta name=\"twitter:label1\" content=\"\u0648\u0642\u062a \u0627\u0644\u0642\u0631\u0627\u0621\u0629 \u0627\u0644\u0645\u064f\u0642\u062f\u0651\u0631\" \/>\n\t<meta name=\"twitter:data1\" content=\"\u062f\u0642\u064a\u0642\u0629 \u0648\u0627\u062d\u062f\u0629\" \/>\n<script type=\"application\/ld+json\" class=\"yoast-schema-graph\">{\"@context\":\"https:\/\/schema.org\",\"@graph\":[{\"@type\":\"WebPage\",\"@id\":\"https:\/\/onaaph.dz\/fr_fr\/produit\/in-the-canal-itc\/\",\"url\":\"https:\/\/onaaph.dz\/fr_fr\/produit\/in-the-canal-itc\/\",\"name\":\"In The canal \u2013 ITC\u00a0 - ONAAPH\",\"isPartOf\":{\"@id\":\"https:\/\/onaaph-staging.myndall.com\/#website\"},\"primaryImageOfPage\":{\"@id\":\"https:\/\/onaaph.dz\/fr_fr\/produit\/in-the-canal-itc\/#primaryimage\"},\"image\":{\"@id\":\"https:\/\/onaaph.dz\/fr_fr\/produit\/in-the-canal-itc\/#primaryimage\"},\"thumbnailUrl\":\"https:\/\/onaaph.dz\/wp-content\/uploads\/2026\/03\/In-The-canal-ITC.png\",\"datePublished\":\"2026-03-10T09:27:26+00:00\",\"dateModified\":\"2026-03-10T09:27:27+00:00\",\"breadcrumb\":{\"@id\":\"https:\/\/onaaph.dz\/fr_fr\/produit\/in-the-canal-itc\/#breadcrumb\"},\"inLanguage\":\"ar\",\"potentialAction\":[{\"@type\":\"ReadAction\",\"target\":[\"https:\/\/onaaph.dz\/fr_fr\/produit\/in-the-canal-itc\/\"]}]},{\"@type\":\"ImageObject\",\"inLanguage\":\"ar\",\"@id\":\"https:\/\/onaaph.dz\/fr_fr\/produit\/in-the-canal-itc\/#primaryimage\",\"url\":\"https:\/\/onaaph.dz\/wp-content\/uploads\/2026\/03\/In-The-canal-ITC.png\",\"contentUrl\":\"https:\/\/onaaph.dz\/wp-content\/uploads\/2026\/03\/In-The-canal-ITC.png\",\"width\":665,\"height\":625},{\"@type\":\"BreadcrumbList\",\"@id\":\"https:\/\/onaaph.dz\/fr_fr\/produit\/in-the-canal-itc\/#breadcrumb\",\"itemListElement\":[{\"@type\":\"ListItem\",\"position\":1,\"name\":\"\u0627\u0644\u0631\u0626\u064a\u0633\u064a\u0629\",\"item\":\"https:\/\/onaaph.dz\/\"},{\"@type\":\"ListItem\",\"position\":2,\"name\":\"Produits\",\"item\":\"http:\/\/staging.onaaph.dz\/shop\/\"},{\"@type\":\"ListItem\",\"position\":3,\"name\":\"In The canal \u2013 ITC\u00a0\"}]},{\"@type\":\"WebSite\",\"@id\":\"https:\/\/onaaph-staging.myndall.com\/#website\",\"url\":\"https:\/\/onaaph-staging.myndall.com\/\",\"name\":\"ONAAPH\",\"description\":\"onaaph\",\"potentialAction\":[{\"@type\":\"SearchAction\",\"target\":{\"@type\":\"EntryPoint\",\"urlTemplate\":\"https:\/\/onaaph-staging.myndall.com\/?s={search_term_string}\"},\"query-input\":{\"@type\":\"PropertyValueSpecification\",\"valueRequired\":true,\"valueName\":\"search_term_string\"}}],\"inLanguage\":\"ar\"}]}<\/script>\n<!-- \/ Yoast SEO plugin. -->","yoast_head_json":{"title":"In The canal \u2013 ITC\u00a0 - ONAAPH","robots":{"index":"index","follow":"follow","max-snippet":"max-snippet:-1","max-image-preview":"max-image-preview:large","max-video-preview":"max-video-preview:-1"},"canonical":"https:\/\/onaaph.dz\/ar_ar\/product\/in-the-canal-itc\/","og_locale":"ar_AR","og_type":"article","og_title":"In The canal \u2013 ITC\u00a0 - ONAAPH","og_description":"In The canal \u2013 ITC\u00a0: Partiellement visible dans le canal auditif, offrant un \u00e9quilibre entre discr\u00e9tion et amplification. Il est con\u00e7u pour les surdit\u00e9s s\u00e9v\u00e8res \u00e0 profondes, tout en offrant un confort et une fonctionnalit\u00e9 am\u00e9lior\u00e9s.","og_url":"https:\/\/onaaph.dz\/ar_ar\/product\/in-the-canal-itc\/","og_site_name":"ONAAPH","article_modified_time":"2026-03-10T09:27:27+00:00","og_image":[{"width":665,"height":625,"url":"https:\/\/onaaph.dz\/wp-content\/uploads\/2026\/03\/In-The-canal-ITC.png","type":"image\/png"}],"twitter_card":"summary_large_image","twitter_misc":{"\u0648\u0642\u062a \u0627\u0644\u0642\u0631\u0627\u0621\u0629 \u0627\u0644\u0645\u064f\u0642\u062f\u0651\u0631":"\u062f\u0642\u064a\u0642\u0629 \u0648\u0627\u062d\u062f\u0629"},"schema":{"@context":"https:\/\/schema.org","@graph":[{"@type":"WebPage","@id":"https:\/\/onaaph.dz\/fr_fr\/produit\/in-the-canal-itc\/","url":"https:\/\/onaaph.dz\/fr_fr\/produit\/in-the-canal-itc\/","name":"In The canal \u2013 ITC\u00a0 - ONAAPH","isPartOf":{"@id":"https:\/\/onaaph-staging.myndall.com\/#website"},"primaryImageOfPage":{"@id":"https:\/\/onaaph.dz\/fr_fr\/produit\/in-the-canal-itc\/#primaryimage"},"image":{"@id":"https:\/\/onaaph.dz\/fr_fr\/produit\/in-the-canal-itc\/#primaryimage"},"thumbnailUrl":"https:\/\/onaaph.dz\/wp-content\/uploads\/2026\/03\/In-The-canal-ITC.png","datePublished":"2026-03-10T09:27:26+00:00","dateModified":"2026-03-10T09:27:27+00:00","breadcrumb":{"@id":"https:\/\/onaaph.dz\/fr_fr\/produit\/in-the-canal-itc\/#breadcrumb"},"inLanguage":"ar","potentialAction":[{"@type":"ReadAction","target":["https:\/\/onaaph.dz\/fr_fr\/produit\/in-the-canal-itc\/"]}]},{"@type":"ImageObject","inLanguage":"ar","@id":"https:\/\/onaaph.dz\/fr_fr\/produit\/in-the-canal-itc\/#primaryimage","url":"https:\/\/onaaph.dz\/wp-content\/uploads\/2026\/03\/In-The-canal-ITC.png","contentUrl":"https:\/\/onaaph.dz\/wp-content\/uploads\/2026\/03\/In-The-canal-ITC.png","width":665,"height":625},{"@type":"BreadcrumbList","@id":"https:\/\/onaaph.dz\/fr_fr\/produit\/in-the-canal-itc\/#breadcrumb","itemListElement":[{"@type":"ListItem","position":1,"name":"\u0627\u0644\u0631\u0626\u064a\u0633\u064a\u0629","item":"https:\/\/onaaph.dz\/"},{"@type":"ListItem","position":2,"name":"Produits","item":"http:\/\/staging.onaaph.dz\/shop\/"},{"@type":"ListItem","position":3,"name":"In The canal \u2013 ITC\u00a0"}]},{"@type":"WebSite","@id":"https:\/\/onaaph-staging.myndall.com\/#website","url":"https:\/\/onaaph-staging.myndall.com\/","name":"ONAAPH","description":"onaaph","potentialAction":[{"@type":"SearchAction","target":{"@type":"EntryPoint","urlTemplate":"https:\/\/onaaph-staging.myndall.com\/?s={search_term_string}"},"query-input":{"@type":"PropertyValueSpecification","valueRequired":true,"valueName":"search_term_string"}}],"inLanguage":"ar"}]}},"_links":{"self":[{"href":"https:\/\/onaaph.dz\/ar_ar\/wp-json\/wp\/v2\/product\/4475","targetHints":{"allow":["GET"]}}],"collection":[{"href":"https:\/\/onaaph.dz\/ar_ar\/wp-json\/wp\/v2\/product"}],"about":[{"href":"https:\/\/onaaph.dz\/ar_ar\/wp-json\/wp\/v2\/types\/product"}],"wp:featuredmedia":[{"embeddable":true,"href":"https:\/\/onaaph.dz\/ar_ar\/wp-json\/wp\/v2\/media\/4483"}],"wp:attachment":[{"href":"https:\/\/onaaph.dz\/ar_ar\/wp-json\/wp\/v2\/media?parent=4475"}],"wp:term":[{"taxonomy":"product_brand","embeddable":true,"href":"https:\/\/onaaph.dz\/ar_ar\/wp-json\/wp\/v2\/product_brand?post=4475"},{"taxonomy":"product_cat","embeddable":true,"href":"https:\/\/onaaph.dz\/ar_ar\/wp-json\/wp\/v2\/product_cat?post=4475"},{"taxonomy":"product_tag","embeddable":true,"href":"https:\/\/onaaph.dz\/ar_ar\/wp-json\/wp\/v2\/product_tag?post=4475"}],"curies":[{"name":"wp","href":"https:\/\/api.w.org\/{rel}","templated":true}]}}