{"id":4463,"date":"2026-03-10T10:10:29","date_gmt":"2026-03-10T09:10:29","guid":{"rendered":"https:\/\/onaaph.dz\/?post_type=product&#038;p=4463"},"modified":"2026-03-10T10:10:29","modified_gmt":"2026-03-10T09:10:29","slug":"cadre-de-marche","status":"publish","type":"product","link":"https:\/\/onaaph.dz\/ar_ar\/product\/cadre-de-marche\/","title":{"rendered":"\u0625\u0637\u0627\u0631 \u0627\u0644\u0645\u0634\u064a"},"content":{"rendered":"<p><strong>\u0625\u0637\u0627\u0631 \u0627\u0644\u0645\u0634\u064a<\/strong><\/p>\n<p>\u0647\u0648 \u062c\u0647\u0627\u0632 \u062f\u0639\u0645 \u0645\u0632\u0648\u062f \u0628\u0623\u0631\u0628\u0639\u0629 \u0623\u0631\u062c\u0644 \u0648\u0642\u0627\u0628\u0644 \u0644\u0644\u0637\u064a \u0644\u062a\u0633\u0647\u064a\u0644 \u0627\u0644\u062a\u062e\u0632\u064a\u0646 \u0648\u0627\u0644\u0646\u0642\u0644. \u064a\u0648\u0641\u0631 \u0627\u0633\u062a\u0642\u0631\u0627\u0631\u0627 \u0648\u062f\u0639\u0645\u0627 \u0625\u0636\u0627\u0641\u064a\u0627 \u0623\u062b\u0646\u0640\u0627\u0621 \u0627\u0644\u0645\u0634\u0640\u064a\u060c \u0645\u0639 \u0627\u0644\u062d\u0641\u0640\u0627\u0638 \u0639\u0644\u0649 \u0633\u0647\u0640\u0648\u0644\u0629 \u0627\u0644\u062d\u0645\u0640\u0644 \u0648 \u0627\u0644\u0631\u0627\u062d\u0640\u0629 \u0641\u064a \u0627\u0644\u0627\u0633\u062a\u062e\u0640\u0640\u062f\u0627\u0645.<\/p>\n<p>&nbsp;<\/p>","protected":false},"excerpt":{"rendered":"<p>\u0647\u0648 \u062c\u0647\u0627\u0632 \u062f\u0639\u0645 \u0645\u0632\u0648\u062f \u0628\u0623\u0631\u0628\u0639\u0629 \u0623\u0631\u062c\u0644 \u0648\u0642\u0627\u0628\u0644 \u0644\u0644\u0637\u064a \u0644\u062a\u0633\u0647\u064a\u0644 \u0627\u0644\u062a\u062e\u0632\u064a\u0646 \u0648\u0627\u0644\u0646\u0642\u0644. \u064a\u0648\u0641\u0631 \u0627\u0633\u062a\u0642\u0631\u0627\u0631\u0627 \u0648\u062f\u0639\u0645\u0627 \u0625\u0636\u0627\u0641\u064a\u0627 \u0623\u062b\u0646\u0640\u0627\u0621 \u0627\u0644\u0645\u0634\u0640\u064a\u060c \u0645\u0639 \u0627\u0644\u062d\u0641\u0640\u0627\u0638 \u0639\u0644\u0649 \u0633\u0647\u0640\u0648\u0644\u0629 \u0627\u0644\u062d\u0645\u0640\u0644 \u0648 \u0627\u0644\u0631\u0627\u062d\u0640\u0629 \u0641\u064a \u0627\u0644\u0627\u0633\u062a\u062e\u0640\u0640\u062f\u0627\u0645. &nbsp;<\/p>","protected":false},"featured_media":4465,"template":"","meta":{"inline_featured_image":false},"product_brand":[],"product_cat":[58],"product_tag":[],"class_list":{"0":"post-4463","1":"product","2":"type-product","3":"status-publish","4":"has-post-thumbnail","5":"","6":"product_cat-aides-techniques-a-la-marche","8":"first","9":"instock","10":"shipping-taxable","11":"product-type-simple"},"yoast_head":"<!-- This site is optimized with the Yoast SEO plugin v27.2 - https:\/\/yoast.com\/product\/yoast-seo-wordpress\/ -->\n<title>CADRE DE MARCHE - ONAAPH<\/title>\n<meta name=\"robots\" content=\"index, follow, max-snippet:-1, max-image-preview:large, max-video-preview:-1\" \/>\n<link rel=\"canonical\" href=\"https:\/\/onaaph.dz\/ar_ar\/product\/cadre-de-marche\/\" \/>\n<meta property=\"og:locale\" content=\"ar_AR\" \/>\n<meta property=\"og:type\" content=\"article\" \/>\n<meta property=\"og:title\" content=\"CADRE DE MARCHE - ONAAPH\" \/>\n<meta property=\"og:description\" content=\"CADRE DE MARCHE\u00a0: Un dispositif de soutien \u00e0 quatre pieds qui se plie pour faciliter le rangement et transport. Il offre une stabilit\u00e9 un appui suppl\u00e9mentaires tout en \u00e9tant pratique transporter. &nbsp;\" \/>\n<meta property=\"og:url\" content=\"https:\/\/onaaph.dz\/ar_ar\/product\/cadre-de-marche\/\" \/>\n<meta property=\"og:site_name\" content=\"ONAAPH\" \/>\n<meta property=\"og:image\" content=\"https:\/\/onaaph.dz\/wp-content\/uploads\/2026\/03\/CADRE-DE-MARCHE.jpeg\" \/>\n\t<meta property=\"og:image:width\" content=\"411\" \/>\n\t<meta property=\"og:image:height\" content=\"300\" \/>\n\t<meta property=\"og:image:type\" content=\"image\/jpeg\" \/>\n<meta name=\"twitter:card\" content=\"summary_large_image\" \/>\n<meta name=\"twitter:label1\" content=\"\u0648\u0642\u062a \u0627\u0644\u0642\u0631\u0627\u0621\u0629 \u0627\u0644\u0645\u064f\u0642\u062f\u0651\u0631\" \/>\n\t<meta name=\"twitter:data1\" content=\"\u062f\u0642\u064a\u0642\u0629 \u0648\u0627\u062d\u062f\u0629\" \/>\n<script type=\"application\/ld+json\" class=\"yoast-schema-graph\">{\"@context\":\"https:\/\/schema.org\",\"@graph\":[{\"@type\":\"WebPage\",\"@id\":\"https:\/\/onaaph.dz\/fr_fr\/produit\/cadre-de-marche\/\",\"url\":\"https:\/\/onaaph.dz\/fr_fr\/produit\/cadre-de-marche\/\",\"name\":\"CADRE DE MARCHE - ONAAPH\",\"isPartOf\":{\"@id\":\"https:\/\/onaaph-staging.myndall.com\/#website\"},\"primaryImageOfPage\":{\"@id\":\"https:\/\/onaaph.dz\/fr_fr\/produit\/cadre-de-marche\/#primaryimage\"},\"image\":{\"@id\":\"https:\/\/onaaph.dz\/fr_fr\/produit\/cadre-de-marche\/#primaryimage\"},\"thumbnailUrl\":\"https:\/\/onaaph.dz\/wp-content\/uploads\/2026\/03\/CADRE-DE-MARCHE.jpeg\",\"datePublished\":\"2026-03-10T09:10:29+00:00\",\"breadcrumb\":{\"@id\":\"https:\/\/onaaph.dz\/fr_fr\/produit\/cadre-de-marche\/#breadcrumb\"},\"inLanguage\":\"ar\",\"potentialAction\":[{\"@type\":\"ReadAction\",\"target\":[\"https:\/\/onaaph.dz\/fr_fr\/produit\/cadre-de-marche\/\"]}]},{\"@type\":\"ImageObject\",\"inLanguage\":\"ar\",\"@id\":\"https:\/\/onaaph.dz\/fr_fr\/produit\/cadre-de-marche\/#primaryimage\",\"url\":\"https:\/\/onaaph.dz\/wp-content\/uploads\/2026\/03\/CADRE-DE-MARCHE.jpeg\",\"contentUrl\":\"https:\/\/onaaph.dz\/wp-content\/uploads\/2026\/03\/CADRE-DE-MARCHE.jpeg\",\"width\":411,\"height\":300},{\"@type\":\"BreadcrumbList\",\"@id\":\"https:\/\/onaaph.dz\/fr_fr\/produit\/cadre-de-marche\/#breadcrumb\",\"itemListElement\":[{\"@type\":\"ListItem\",\"position\":1,\"name\":\"\u0627\u0644\u0631\u0626\u064a\u0633\u064a\u0629\",\"item\":\"https:\/\/onaaph.dz\/\"},{\"@type\":\"ListItem\",\"position\":2,\"name\":\"Produits\",\"item\":\"http:\/\/staging.onaaph.dz\/shop\/\"},{\"@type\":\"ListItem\",\"position\":3,\"name\":\"CADRE DE MARCHE\"}]},{\"@type\":\"WebSite\",\"@id\":\"https:\/\/onaaph-staging.myndall.com\/#website\",\"url\":\"https:\/\/onaaph-staging.myndall.com\/\",\"name\":\"ONAAPH\",\"description\":\"onaaph\",\"potentialAction\":[{\"@type\":\"SearchAction\",\"target\":{\"@type\":\"EntryPoint\",\"urlTemplate\":\"https:\/\/onaaph-staging.myndall.com\/?s={search_term_string}\"},\"query-input\":{\"@type\":\"PropertyValueSpecification\",\"valueRequired\":true,\"valueName\":\"search_term_string\"}}],\"inLanguage\":\"ar\"}]}<\/script>\n<!-- \/ Yoast SEO plugin. -->","yoast_head_json":{"title":"CADRE DE MARCHE - ONAAPH","robots":{"index":"index","follow":"follow","max-snippet":"max-snippet:-1","max-image-preview":"max-image-preview:large","max-video-preview":"max-video-preview:-1"},"canonical":"https:\/\/onaaph.dz\/ar_ar\/product\/cadre-de-marche\/","og_locale":"ar_AR","og_type":"article","og_title":"CADRE DE MARCHE - ONAAPH","og_description":"CADRE DE MARCHE\u00a0: Un dispositif de soutien \u00e0 quatre pieds qui se plie pour faciliter le rangement et transport. Il offre une stabilit\u00e9 un appui suppl\u00e9mentaires tout en \u00e9tant pratique transporter. &nbsp;","og_url":"https:\/\/onaaph.dz\/ar_ar\/product\/cadre-de-marche\/","og_site_name":"ONAAPH","og_image":[{"width":411,"height":300,"url":"https:\/\/onaaph.dz\/wp-content\/uploads\/2026\/03\/CADRE-DE-MARCHE.jpeg","type":"image\/jpeg"}],"twitter_card":"summary_large_image","twitter_misc":{"\u0648\u0642\u062a \u0627\u0644\u0642\u0631\u0627\u0621\u0629 \u0627\u0644\u0645\u064f\u0642\u062f\u0651\u0631":"\u062f\u0642\u064a\u0642\u0629 \u0648\u0627\u062d\u062f\u0629"},"schema":{"@context":"https:\/\/schema.org","@graph":[{"@type":"WebPage","@id":"https:\/\/onaaph.dz\/fr_fr\/produit\/cadre-de-marche\/","url":"https:\/\/onaaph.dz\/fr_fr\/produit\/cadre-de-marche\/","name":"CADRE DE MARCHE - ONAAPH","isPartOf":{"@id":"https:\/\/onaaph-staging.myndall.com\/#website"},"primaryImageOfPage":{"@id":"https:\/\/onaaph.dz\/fr_fr\/produit\/cadre-de-marche\/#primaryimage"},"image":{"@id":"https:\/\/onaaph.dz\/fr_fr\/produit\/cadre-de-marche\/#primaryimage"},"thumbnailUrl":"https:\/\/onaaph.dz\/wp-content\/uploads\/2026\/03\/CADRE-DE-MARCHE.jpeg","datePublished":"2026-03-10T09:10:29+00:00","breadcrumb":{"@id":"https:\/\/onaaph.dz\/fr_fr\/produit\/cadre-de-marche\/#breadcrumb"},"inLanguage":"ar","potentialAction":[{"@type":"ReadAction","target":["https:\/\/onaaph.dz\/fr_fr\/produit\/cadre-de-marche\/"]}]},{"@type":"ImageObject","inLanguage":"ar","@id":"https:\/\/onaaph.dz\/fr_fr\/produit\/cadre-de-marche\/#primaryimage","url":"https:\/\/onaaph.dz\/wp-content\/uploads\/2026\/03\/CADRE-DE-MARCHE.jpeg","contentUrl":"https:\/\/onaaph.dz\/wp-content\/uploads\/2026\/03\/CADRE-DE-MARCHE.jpeg","width":411,"height":300},{"@type":"BreadcrumbList","@id":"https:\/\/onaaph.dz\/fr_fr\/produit\/cadre-de-marche\/#breadcrumb","itemListElement":[{"@type":"ListItem","position":1,"name":"\u0627\u0644\u0631\u0626\u064a\u0633\u064a\u0629","item":"https:\/\/onaaph.dz\/"},{"@type":"ListItem","position":2,"name":"Produits","item":"http:\/\/staging.onaaph.dz\/shop\/"},{"@type":"ListItem","position":3,"name":"CADRE DE MARCHE"}]},{"@type":"WebSite","@id":"https:\/\/onaaph-staging.myndall.com\/#website","url":"https:\/\/onaaph-staging.myndall.com\/","name":"ONAAPH","description":"onaaph","potentialAction":[{"@type":"SearchAction","target":{"@type":"EntryPoint","urlTemplate":"https:\/\/onaaph-staging.myndall.com\/?s={search_term_string}"},"query-input":{"@type":"PropertyValueSpecification","valueRequired":true,"valueName":"search_term_string"}}],"inLanguage":"ar"}]}},"_links":{"self":[{"href":"https:\/\/onaaph.dz\/ar_ar\/wp-json\/wp\/v2\/product\/4463","targetHints":{"allow":["GET"]}}],"collection":[{"href":"https:\/\/onaaph.dz\/ar_ar\/wp-json\/wp\/v2\/product"}],"about":[{"href":"https:\/\/onaaph.dz\/ar_ar\/wp-json\/wp\/v2\/types\/product"}],"wp:featuredmedia":[{"embeddable":true,"href":"https:\/\/onaaph.dz\/ar_ar\/wp-json\/wp\/v2\/media\/4465"}],"wp:attachment":[{"href":"https:\/\/onaaph.dz\/ar_ar\/wp-json\/wp\/v2\/media?parent=4463"}],"wp:term":[{"taxonomy":"product_brand","embeddable":true,"href":"https:\/\/onaaph.dz\/ar_ar\/wp-json\/wp\/v2\/product_brand?post=4463"},{"taxonomy":"product_cat","embeddable":true,"href":"https:\/\/onaaph.dz\/ar_ar\/wp-json\/wp\/v2\/product_cat?post=4463"},{"taxonomy":"product_tag","embeddable":true,"href":"https:\/\/onaaph.dz\/ar_ar\/wp-json\/wp\/v2\/product_tag?post=4463"}],"curies":[{"name":"wp","href":"https:\/\/api.w.org\/{rel}","templated":true}]}}