{"id":4462,"date":"2026-03-10T10:10:50","date_gmt":"2026-03-10T09:10:50","guid":{"rendered":"https:\/\/onaaph.dz\/?post_type=product&#038;p=4462"},"modified":"2026-03-10T10:18:40","modified_gmt":"2026-03-10T09:18:40","slug":"4462","status":"publish","type":"product","link":"https:\/\/onaaph.dz\/ar_ar\/product\/4462\/","title":{"rendered":"\u0625\u0637\u0627\u0631 \u0645\u0634\u064a \u0628\u0639\u062c\u0644\u0627\u062a\u00a0"},"content":{"rendered":"<p><strong>\u0625\u0637\u0627\u0631 \u0645\u0634\u064a \u0628\u0639\u062c\u0644\u0627\u062a<\/strong><\/p>\n<p>\u064a\u062a\u0643\u0648\u0646 \u0645\u0646 \u0625\u0637\u0627\u0631 \u0645\u0639\u062f\u0646\u064a \u0645\u0632\u0648\u062f \u0628\u0623\u0631\u0628\u0639 \u0623\u0631\u062c\u0644 \u0623\u0648 \u0639\u062c\u0644\u0627\u062a\u060c \u0648\u064a\u0648\u0641\u0631 \u0627\u0644\u062f\u0639\u0645 \u0627\u0644\u0644\u0627\u0632\u0645 \u0644\u062a\u062d\u0633\u064a\u0646 \u0627\u0644\u0627\u0633\u062a\u0642\u0631\u0627\u0631 \u0648\u0627\u0644\u0642\u062f\u0631\u0629 \u0639\u0644\u0649 \u0627\u0644\u062a\u0646\u0642\u0644 \u0628\u0623\u0645\u0627\u0646.\n\u064a\u0633\u062a\u062e\u062f\u0645\u0640\u0647 \u0627\u0644\u0623\u0634\u062e\u0627\u0635 \u0627\u0644\u0630\u064a\u0640\u0646 \u064a\u0639\u0627\u0646\u0648\u0646 \u0645\u0640\u0646 \u0635\u0639\u0648\u0628\u0640\u0629 \u0641\u064a \u0627\u0644\u0645\u0640\u0634\u064a \u0623\u0648 \u064a\u062d\u062a\u0627\u062c\u0640\u0648\u0646 \u0625\u0644\u0649 \u062f\u0639\u0645 \u0625\u0636\u0627\u0641\u064a \u0644\u0644\u062a\u0648\u0627\u0632\u0646 \u0623\u062b\u0646\u0627\u0621 \u0627\u0644\u062d\u0631\u0643\u0640\u0629.<\/p>","protected":false},"excerpt":{"rendered":"<p>\u064a\u062a\u0643\u0648\u0646 \u0645\u0646 \u0625\u0637\u0627\u0631 \u0645\u0639\u062f\u0646\u064a \u0645\u0632\u0648\u062f \u0628\u0623\u0631\u0628\u0639 \u0623\u0631\u062c\u0644 \u0623\u0648 \u0639\u062c\u0644\u0627\u062a\u060c \u0648\u064a\u0648\u0641\u0631 \u0627\u0644\u062f\u0639\u0645 \u0627\u0644\u0644\u0627\u0632\u0645 \u0644\u062a\u062d\u0633\u064a\u0646 \u0627\u0644\u0627\u0633\u062a\u0642\u0631\u0627\u0631 \u0648\u0627\u0644\u0642\u062f\u0631\u0629 \u0639\u0644\u0649 \u0627\u0644\u062a\u0646\u0642\u0644 \u0628\u0623\u0645\u0627\u0646.\n\u064a\u0633\u062a\u062e\u062f\u0645\u0640\u0647 \u0627\u0644\u0623\u0634\u062e\u0627\u0635 \u0627\u0644\u0630\u064a\u0640\u0646 \u064a\u0639\u0627\u0646\u0648\u0646 \u0645\u0640\u0646 \u0635\u0639\u0648\u0628\u0640\u0629 \u0641\u064a \u0627\u0644\u0645\u0640\u0634\u064a \u0623\u0648 \u064a\u062d\u062a\u0627\u062c\u0640\u0648\u0646 \u0625\u0644\u0649 \u062f\u0639\u0645 \u0625\u0636\u0627\u0641\u064a \u0644\u0644\u062a\u0648\u0627\u0632\u0646 \u0623\u062b\u0646\u0627\u0621 \u0627\u0644\u062d\u0631\u0643\u0640\u0629.<\/p>","protected":false},"featured_media":4467,"template":"","meta":{"inline_featured_image":false},"product_brand":[],"product_cat":[58],"product_tag":[],"class_list":{"0":"post-4462","1":"product","2":"type-product","3":"status-publish","4":"has-post-thumbnail","5":"","6":"product_cat-aides-techniques-a-la-marche","8":"first","9":"instock","10":"shipping-taxable","11":"product-type-simple"},"yoast_head":"<!-- This site is optimized with the Yoast SEO plugin v27.2 - https:\/\/yoast.com\/product\/yoast-seo-wordpress\/ -->\n<title>DEAMBULATEUR\u00a0 - ONAAPH<\/title>\n<meta name=\"robots\" content=\"index, follow, max-snippet:-1, max-image-preview:large, max-video-preview:-1\" \/>\n<link rel=\"canonical\" href=\"https:\/\/onaaph.dz\/ar_ar\/product\/4462\/\" \/>\n<meta property=\"og:locale\" content=\"ar_AR\" \/>\n<meta property=\"og:type\" content=\"article\" \/>\n<meta property=\"og:title\" content=\"DEAMBULATEUR\u00a0 - ONAAPH\" \/>\n<meta property=\"og:description\" content=\"DEAMBULATEUR\u00a0: Equip\u00e9 de roues sur les pieds avant, facilitant la progression et r\u00e9duisant l&rsquo;effort n\u00e9cessaire pour se d\u00e9placer. Il offre un soutien stable tout en permettant une meilleure maniabilit\u00e9.\" \/>\n<meta property=\"og:url\" content=\"https:\/\/onaaph.dz\/ar_ar\/product\/4462\/\" \/>\n<meta property=\"og:site_name\" content=\"ONAAPH\" \/>\n<meta property=\"article:modified_time\" content=\"2026-03-10T09:18:40+00:00\" \/>\n<meta property=\"og:image\" content=\"https:\/\/onaaph.dz\/wp-content\/uploads\/2026\/03\/DEAMBULATEUR.jpeg\" \/>\n\t<meta property=\"og:image:width\" content=\"411\" \/>\n\t<meta property=\"og:image:height\" content=\"300\" \/>\n\t<meta property=\"og:image:type\" content=\"image\/jpeg\" \/>\n<meta name=\"twitter:card\" content=\"summary_large_image\" \/>\n<meta name=\"twitter:label1\" content=\"\u0648\u0642\u062a \u0627\u0644\u0642\u0631\u0627\u0621\u0629 \u0627\u0644\u0645\u064f\u0642\u062f\u0651\u0631\" \/>\n\t<meta name=\"twitter:data1\" content=\"\u062f\u0642\u064a\u0642\u0629 \u0648\u0627\u062d\u062f\u0629\" \/>\n<script type=\"application\/ld+json\" class=\"yoast-schema-graph\">{\"@context\":\"https:\/\/schema.org\",\"@graph\":[{\"@type\":\"WebPage\",\"@id\":\"https:\/\/onaaph.dz\/fr_fr\/produit\/4462\/\",\"url\":\"https:\/\/onaaph.dz\/fr_fr\/produit\/4462\/\",\"name\":\"DEAMBULATEUR\u00a0 - ONAAPH\",\"isPartOf\":{\"@id\":\"https:\/\/onaaph-staging.myndall.com\/#website\"},\"primaryImageOfPage\":{\"@id\":\"https:\/\/onaaph.dz\/fr_fr\/produit\/4462\/#primaryimage\"},\"image\":{\"@id\":\"https:\/\/onaaph.dz\/fr_fr\/produit\/4462\/#primaryimage\"},\"thumbnailUrl\":\"https:\/\/onaaph.dz\/wp-content\/uploads\/2026\/03\/DEAMBULATEUR.jpeg\",\"datePublished\":\"2026-03-10T09:10:50+00:00\",\"dateModified\":\"2026-03-10T09:18:40+00:00\",\"breadcrumb\":{\"@id\":\"https:\/\/onaaph.dz\/fr_fr\/produit\/4462\/#breadcrumb\"},\"inLanguage\":\"ar\",\"potentialAction\":[{\"@type\":\"ReadAction\",\"target\":[\"https:\/\/onaaph.dz\/fr_fr\/produit\/4462\/\"]}]},{\"@type\":\"ImageObject\",\"inLanguage\":\"ar\",\"@id\":\"https:\/\/onaaph.dz\/fr_fr\/produit\/4462\/#primaryimage\",\"url\":\"https:\/\/onaaph.dz\/wp-content\/uploads\/2026\/03\/DEAMBULATEUR.jpeg\",\"contentUrl\":\"https:\/\/onaaph.dz\/wp-content\/uploads\/2026\/03\/DEAMBULATEUR.jpeg\",\"width\":411,\"height\":300},{\"@type\":\"BreadcrumbList\",\"@id\":\"https:\/\/onaaph.dz\/fr_fr\/produit\/4462\/#breadcrumb\",\"itemListElement\":[{\"@type\":\"ListItem\",\"position\":1,\"name\":\"\u0627\u0644\u0631\u0626\u064a\u0633\u064a\u0629\",\"item\":\"https:\/\/onaaph.dz\/\"},{\"@type\":\"ListItem\",\"position\":2,\"name\":\"Produits\",\"item\":\"http:\/\/staging.onaaph.dz\/shop\/\"},{\"@type\":\"ListItem\",\"position\":3,\"name\":\"DEAMBULATEUR\u00a0\"}]},{\"@type\":\"WebSite\",\"@id\":\"https:\/\/onaaph-staging.myndall.com\/#website\",\"url\":\"https:\/\/onaaph-staging.myndall.com\/\",\"name\":\"ONAAPH\",\"description\":\"onaaph\",\"potentialAction\":[{\"@type\":\"SearchAction\",\"target\":{\"@type\":\"EntryPoint\",\"urlTemplate\":\"https:\/\/onaaph-staging.myndall.com\/?s={search_term_string}\"},\"query-input\":{\"@type\":\"PropertyValueSpecification\",\"valueRequired\":true,\"valueName\":\"search_term_string\"}}],\"inLanguage\":\"ar\"}]}<\/script>\n<!-- \/ Yoast SEO plugin. -->","yoast_head_json":{"title":"DEAMBULATEUR\u00a0 - ONAAPH","robots":{"index":"index","follow":"follow","max-snippet":"max-snippet:-1","max-image-preview":"max-image-preview:large","max-video-preview":"max-video-preview:-1"},"canonical":"https:\/\/onaaph.dz\/ar_ar\/product\/4462\/","og_locale":"ar_AR","og_type":"article","og_title":"DEAMBULATEUR\u00a0 - ONAAPH","og_description":"DEAMBULATEUR\u00a0: Equip\u00e9 de roues sur les pieds avant, facilitant la progression et r\u00e9duisant l&rsquo;effort n\u00e9cessaire pour se d\u00e9placer. Il offre un soutien stable tout en permettant une meilleure maniabilit\u00e9.","og_url":"https:\/\/onaaph.dz\/ar_ar\/product\/4462\/","og_site_name":"ONAAPH","article_modified_time":"2026-03-10T09:18:40+00:00","og_image":[{"width":411,"height":300,"url":"https:\/\/onaaph.dz\/wp-content\/uploads\/2026\/03\/DEAMBULATEUR.jpeg","type":"image\/jpeg"}],"twitter_card":"summary_large_image","twitter_misc":{"\u0648\u0642\u062a \u0627\u0644\u0642\u0631\u0627\u0621\u0629 \u0627\u0644\u0645\u064f\u0642\u062f\u0651\u0631":"\u062f\u0642\u064a\u0642\u0629 \u0648\u0627\u062d\u062f\u0629"},"schema":{"@context":"https:\/\/schema.org","@graph":[{"@type":"WebPage","@id":"https:\/\/onaaph.dz\/fr_fr\/produit\/4462\/","url":"https:\/\/onaaph.dz\/fr_fr\/produit\/4462\/","name":"DEAMBULATEUR\u00a0 - ONAAPH","isPartOf":{"@id":"https:\/\/onaaph-staging.myndall.com\/#website"},"primaryImageOfPage":{"@id":"https:\/\/onaaph.dz\/fr_fr\/produit\/4462\/#primaryimage"},"image":{"@id":"https:\/\/onaaph.dz\/fr_fr\/produit\/4462\/#primaryimage"},"thumbnailUrl":"https:\/\/onaaph.dz\/wp-content\/uploads\/2026\/03\/DEAMBULATEUR.jpeg","datePublished":"2026-03-10T09:10:50+00:00","dateModified":"2026-03-10T09:18:40+00:00","breadcrumb":{"@id":"https:\/\/onaaph.dz\/fr_fr\/produit\/4462\/#breadcrumb"},"inLanguage":"ar","potentialAction":[{"@type":"ReadAction","target":["https:\/\/onaaph.dz\/fr_fr\/produit\/4462\/"]}]},{"@type":"ImageObject","inLanguage":"ar","@id":"https:\/\/onaaph.dz\/fr_fr\/produit\/4462\/#primaryimage","url":"https:\/\/onaaph.dz\/wp-content\/uploads\/2026\/03\/DEAMBULATEUR.jpeg","contentUrl":"https:\/\/onaaph.dz\/wp-content\/uploads\/2026\/03\/DEAMBULATEUR.jpeg","width":411,"height":300},{"@type":"BreadcrumbList","@id":"https:\/\/onaaph.dz\/fr_fr\/produit\/4462\/#breadcrumb","itemListElement":[{"@type":"ListItem","position":1,"name":"\u0627\u0644\u0631\u0626\u064a\u0633\u064a\u0629","item":"https:\/\/onaaph.dz\/"},{"@type":"ListItem","position":2,"name":"Produits","item":"http:\/\/staging.onaaph.dz\/shop\/"},{"@type":"ListItem","position":3,"name":"DEAMBULATEUR\u00a0"}]},{"@type":"WebSite","@id":"https:\/\/onaaph-staging.myndall.com\/#website","url":"https:\/\/onaaph-staging.myndall.com\/","name":"ONAAPH","description":"onaaph","potentialAction":[{"@type":"SearchAction","target":{"@type":"EntryPoint","urlTemplate":"https:\/\/onaaph-staging.myndall.com\/?s={search_term_string}"},"query-input":{"@type":"PropertyValueSpecification","valueRequired":true,"valueName":"search_term_string"}}],"inLanguage":"ar"}]}},"_links":{"self":[{"href":"https:\/\/onaaph.dz\/ar_ar\/wp-json\/wp\/v2\/product\/4462","targetHints":{"allow":["GET"]}}],"collection":[{"href":"https:\/\/onaaph.dz\/ar_ar\/wp-json\/wp\/v2\/product"}],"about":[{"href":"https:\/\/onaaph.dz\/ar_ar\/wp-json\/wp\/v2\/types\/product"}],"wp:featuredmedia":[{"embeddable":true,"href":"https:\/\/onaaph.dz\/ar_ar\/wp-json\/wp\/v2\/media\/4467"}],"wp:attachment":[{"href":"https:\/\/onaaph.dz\/ar_ar\/wp-json\/wp\/v2\/media?parent=4462"}],"wp:term":[{"taxonomy":"product_brand","embeddable":true,"href":"https:\/\/onaaph.dz\/ar_ar\/wp-json\/wp\/v2\/product_brand?post=4462"},{"taxonomy":"product_cat","embeddable":true,"href":"https:\/\/onaaph.dz\/ar_ar\/wp-json\/wp\/v2\/product_cat?post=4462"},{"taxonomy":"product_tag","embeddable":true,"href":"https:\/\/onaaph.dz\/ar_ar\/wp-json\/wp\/v2\/product_tag?post=4462"}],"curies":[{"name":"wp","href":"https:\/\/api.w.org\/{rel}","templated":true}]}}