{"id":4406,"date":"2026-03-10T09:18:31","date_gmt":"2026-03-10T08:18:31","guid":{"rendered":"https:\/\/onaaph.dz\/?post_type=product&#038;p=4406"},"modified":"2026-03-10T09:18:32","modified_gmt":"2026-03-10T08:18:32","slug":"collier-cervical","status":"publish","type":"product","link":"https:\/\/onaaph.dz\/ar_ar\/product\/collier-cervical\/","title":{"rendered":"\u0627\u0644\u0637\u0648\u0642 \u0627\u0644\u0639\u0646\u0642\u064a"},"content":{"rendered":"<p><strong>\u0627\u0644\u0637\u0648\u0642 \u0627\u0644\u0639\u0646\u0642\u064a<\/strong><\/p>\n<p>\u062a\u0645\u0651 \u062a\u0635\u0645\u064a\u0645\u0647 \u0644\u062f\u0639\u0645 \u0648\u062a\u062b\u0628\u064a\u062a \u0645\u0646\u0637\u0642\u0629 \u0627\u0644\u0631\u0642\u0628\u0629 \u0628\u0640\u0639\u062f \u0627\u0644\u0625\u0635\u0640\u0627\u0628\u0629 \u0623\u0648 \u0627\u0644\u062a\u0648\u0627\u0621 \u0623\u0648 \u0639\u0645\u0644\u064a\u0629 \u062c\u0631\u0627\u062d\u064a\u0629\u060c \u0648\u064a\u0633\u0627\u0639\u062f \u0641\u064a \u0627\u0633\u062a\u0642\u0631\u0627\u0631 \u0627\u0644\u0641\u0642\u0631\u0627\u062a\n\u0627\u0644\u0639\u0646\u0642\u064a\u0629 \u0648\u062a\u0642\u0644\u064a\u0644 \u0627\u0644\u0623\u0644\u0645 \u0639\u0646 \u0637\u0631\u064a\u0642 \u0627\u0644\u062d\u062f \u0645\u0646 \u062d\u0631\u0643\u0627\u062a \u0627\u0644\u0631\u0642\u0628\u0629.<\/p>","protected":false},"excerpt":{"rendered":"<p>\u062a\u0645\u0651 \u062a\u0635\u0645\u064a\u0645\u0647 \u0644\u062f\u0639\u0645 \u0648\u062a\u062b\u0628\u064a\u062a \u0645\u0646\u0637\u0642\u0629 \u0627\u0644\u0631\u0642\u0628\u0629 \u0628\u0640\u0639\u062f \u0627\u0644\u0625\u0635\u0640\u0627\u0628\u0629 \u0623\u0648 \u0627\u0644\u062a\u0648\u0627\u0621 \u0623\u0648 \u0639\u0645\u0644\u064a\u0629 \u062c\u0631\u0627\u062d\u064a\u0629\u060c \u0648\u064a\u0633\u0627\u0639\u062f \u0641\u064a \u0627\u0633\u062a\u0642\u0631\u0627\u0631 \u0627\u0644\u0641\u0642\u0631\u0627\u062a\n\u0627\u0644\u0639\u0646\u0642\u064a\u0629 \u0648\u062a\u0642\u0644\u064a\u0644 \u0627\u0644\u0623\u0644\u0645 \u0639\u0646 \u0637\u0631\u064a\u0642 \u0627\u0644\u062d\u062f \u0645\u0646 \u062d\u0631\u0643\u0627\u062a \u0627\u0644\u0631\u0642\u0628\u0629.<\/p>","protected":false},"featured_media":4417,"template":"","meta":{"inline_featured_image":false},"product_brand":[],"product_cat":[57],"product_tag":[],"class_list":{"0":"post-4406","1":"product","2":"type-product","3":"status-publish","4":"has-post-thumbnail","5":"","6":"product_cat-appareillage-orthopedique","8":"first","9":"instock","10":"shipping-taxable","11":"product-type-simple"},"yoast_head":"<!-- This site is optimized with the Yoast SEO plugin v27.2 - https:\/\/yoast.com\/product\/yoast-seo-wordpress\/ -->\n<title>COLLIER CERVICAL - ONAAPH<\/title>\n<meta name=\"robots\" content=\"index, follow, max-snippet:-1, max-image-preview:large, max-video-preview:-1\" \/>\n<link rel=\"canonical\" href=\"https:\/\/onaaph.dz\/ar_ar\/product\/collier-cervical\/\" \/>\n<meta property=\"og:locale\" content=\"ar_AR\" \/>\n<meta property=\"og:type\" content=\"article\" \/>\n<meta property=\"og:title\" content=\"COLLIER CERVICAL - ONAAPH\" \/>\n<meta property=\"og:description\" content=\"COLLIER CERVICAL\u00a0: Con\u00e7u pour soutenir et immobiliser la r\u00e9gion du cou apr\u00e8s une blessure, une entorse ou une intervention chirurgicale et aide \u00e0 stabiliser les vert\u00e8bres cervicales et \u00e0 r\u00e9duire la douleur en limitant les mouvements du cou.\" \/>\n<meta property=\"og:url\" content=\"https:\/\/onaaph.dz\/ar_ar\/product\/collier-cervical\/\" \/>\n<meta property=\"og:site_name\" content=\"ONAAPH\" \/>\n<meta property=\"article:modified_time\" content=\"2026-03-10T08:18:32+00:00\" \/>\n<meta property=\"og:image\" content=\"https:\/\/onaaph.dz\/wp-content\/uploads\/2026\/03\/COLLIER-CERVICAL-scaled.png\" \/>\n\t<meta property=\"og:image:width\" content=\"1810\" \/>\n\t<meta property=\"og:image:height\" content=\"2560\" \/>\n\t<meta property=\"og:image:type\" content=\"image\/png\" \/>\n<meta name=\"twitter:card\" content=\"summary_large_image\" \/>\n<meta name=\"twitter:label1\" content=\"\u0648\u0642\u062a \u0627\u0644\u0642\u0631\u0627\u0621\u0629 \u0627\u0644\u0645\u064f\u0642\u062f\u0651\u0631\" \/>\n\t<meta name=\"twitter:data1\" content=\"\u062f\u0642\u064a\u0642\u0629 \u0648\u0627\u062d\u062f\u0629\" \/>\n<script type=\"application\/ld+json\" class=\"yoast-schema-graph\">{\"@context\":\"https:\/\/schema.org\",\"@graph\":[{\"@type\":\"WebPage\",\"@id\":\"https:\/\/onaaph.dz\/fr_fr\/produit\/collier-cervical\/\",\"url\":\"https:\/\/onaaph.dz\/fr_fr\/produit\/collier-cervical\/\",\"name\":\"COLLIER CERVICAL - ONAAPH\",\"isPartOf\":{\"@id\":\"https:\/\/onaaph-staging.myndall.com\/#website\"},\"primaryImageOfPage\":{\"@id\":\"https:\/\/onaaph.dz\/fr_fr\/produit\/collier-cervical\/#primaryimage\"},\"image\":{\"@id\":\"https:\/\/onaaph.dz\/fr_fr\/produit\/collier-cervical\/#primaryimage\"},\"thumbnailUrl\":\"https:\/\/onaaph.dz\/wp-content\/uploads\/2026\/03\/COLLIER-CERVICAL-scaled.png\",\"datePublished\":\"2026-03-10T08:18:31+00:00\",\"dateModified\":\"2026-03-10T08:18:32+00:00\",\"breadcrumb\":{\"@id\":\"https:\/\/onaaph.dz\/fr_fr\/produit\/collier-cervical\/#breadcrumb\"},\"inLanguage\":\"ar\",\"potentialAction\":[{\"@type\":\"ReadAction\",\"target\":[\"https:\/\/onaaph.dz\/fr_fr\/produit\/collier-cervical\/\"]}]},{\"@type\":\"ImageObject\",\"inLanguage\":\"ar\",\"@id\":\"https:\/\/onaaph.dz\/fr_fr\/produit\/collier-cervical\/#primaryimage\",\"url\":\"https:\/\/onaaph.dz\/wp-content\/uploads\/2026\/03\/COLLIER-CERVICAL-scaled.png\",\"contentUrl\":\"https:\/\/onaaph.dz\/wp-content\/uploads\/2026\/03\/COLLIER-CERVICAL-scaled.png\",\"width\":1810,\"height\":2560},{\"@type\":\"BreadcrumbList\",\"@id\":\"https:\/\/onaaph.dz\/fr_fr\/produit\/collier-cervical\/#breadcrumb\",\"itemListElement\":[{\"@type\":\"ListItem\",\"position\":1,\"name\":\"\u0627\u0644\u0631\u0626\u064a\u0633\u064a\u0629\",\"item\":\"https:\/\/onaaph.dz\/\"},{\"@type\":\"ListItem\",\"position\":2,\"name\":\"Produits\",\"item\":\"http:\/\/staging.onaaph.dz\/shop\/\"},{\"@type\":\"ListItem\",\"position\":3,\"name\":\"COLLIER CERVICAL\"}]},{\"@type\":\"WebSite\",\"@id\":\"https:\/\/onaaph-staging.myndall.com\/#website\",\"url\":\"https:\/\/onaaph-staging.myndall.com\/\",\"name\":\"ONAAPH\",\"description\":\"onaaph\",\"potentialAction\":[{\"@type\":\"SearchAction\",\"target\":{\"@type\":\"EntryPoint\",\"urlTemplate\":\"https:\/\/onaaph-staging.myndall.com\/?s={search_term_string}\"},\"query-input\":{\"@type\":\"PropertyValueSpecification\",\"valueRequired\":true,\"valueName\":\"search_term_string\"}}],\"inLanguage\":\"ar\"}]}<\/script>\n<!-- \/ Yoast SEO plugin. -->","yoast_head_json":{"title":"COLLIER CERVICAL - ONAAPH","robots":{"index":"index","follow":"follow","max-snippet":"max-snippet:-1","max-image-preview":"max-image-preview:large","max-video-preview":"max-video-preview:-1"},"canonical":"https:\/\/onaaph.dz\/ar_ar\/product\/collier-cervical\/","og_locale":"ar_AR","og_type":"article","og_title":"COLLIER CERVICAL - ONAAPH","og_description":"COLLIER CERVICAL\u00a0: Con\u00e7u pour soutenir et immobiliser la r\u00e9gion du cou apr\u00e8s une blessure, une entorse ou une intervention chirurgicale et aide \u00e0 stabiliser les vert\u00e8bres cervicales et \u00e0 r\u00e9duire la douleur en limitant les mouvements du cou.","og_url":"https:\/\/onaaph.dz\/ar_ar\/product\/collier-cervical\/","og_site_name":"ONAAPH","article_modified_time":"2026-03-10T08:18:32+00:00","og_image":[{"width":1810,"height":2560,"url":"https:\/\/onaaph.dz\/wp-content\/uploads\/2026\/03\/COLLIER-CERVICAL-scaled.png","type":"image\/png"}],"twitter_card":"summary_large_image","twitter_misc":{"\u0648\u0642\u062a \u0627\u0644\u0642\u0631\u0627\u0621\u0629 \u0627\u0644\u0645\u064f\u0642\u062f\u0651\u0631":"\u062f\u0642\u064a\u0642\u0629 \u0648\u0627\u062d\u062f\u0629"},"schema":{"@context":"https:\/\/schema.org","@graph":[{"@type":"WebPage","@id":"https:\/\/onaaph.dz\/fr_fr\/produit\/collier-cervical\/","url":"https:\/\/onaaph.dz\/fr_fr\/produit\/collier-cervical\/","name":"COLLIER CERVICAL - ONAAPH","isPartOf":{"@id":"https:\/\/onaaph-staging.myndall.com\/#website"},"primaryImageOfPage":{"@id":"https:\/\/onaaph.dz\/fr_fr\/produit\/collier-cervical\/#primaryimage"},"image":{"@id":"https:\/\/onaaph.dz\/fr_fr\/produit\/collier-cervical\/#primaryimage"},"thumbnailUrl":"https:\/\/onaaph.dz\/wp-content\/uploads\/2026\/03\/COLLIER-CERVICAL-scaled.png","datePublished":"2026-03-10T08:18:31+00:00","dateModified":"2026-03-10T08:18:32+00:00","breadcrumb":{"@id":"https:\/\/onaaph.dz\/fr_fr\/produit\/collier-cervical\/#breadcrumb"},"inLanguage":"ar","potentialAction":[{"@type":"ReadAction","target":["https:\/\/onaaph.dz\/fr_fr\/produit\/collier-cervical\/"]}]},{"@type":"ImageObject","inLanguage":"ar","@id":"https:\/\/onaaph.dz\/fr_fr\/produit\/collier-cervical\/#primaryimage","url":"https:\/\/onaaph.dz\/wp-content\/uploads\/2026\/03\/COLLIER-CERVICAL-scaled.png","contentUrl":"https:\/\/onaaph.dz\/wp-content\/uploads\/2026\/03\/COLLIER-CERVICAL-scaled.png","width":1810,"height":2560},{"@type":"BreadcrumbList","@id":"https:\/\/onaaph.dz\/fr_fr\/produit\/collier-cervical\/#breadcrumb","itemListElement":[{"@type":"ListItem","position":1,"name":"\u0627\u0644\u0631\u0626\u064a\u0633\u064a\u0629","item":"https:\/\/onaaph.dz\/"},{"@type":"ListItem","position":2,"name":"Produits","item":"http:\/\/staging.onaaph.dz\/shop\/"},{"@type":"ListItem","position":3,"name":"COLLIER CERVICAL"}]},{"@type":"WebSite","@id":"https:\/\/onaaph-staging.myndall.com\/#website","url":"https:\/\/onaaph-staging.myndall.com\/","name":"ONAAPH","description":"onaaph","potentialAction":[{"@type":"SearchAction","target":{"@type":"EntryPoint","urlTemplate":"https:\/\/onaaph-staging.myndall.com\/?s={search_term_string}"},"query-input":{"@type":"PropertyValueSpecification","valueRequired":true,"valueName":"search_term_string"}}],"inLanguage":"ar"}]}},"_links":{"self":[{"href":"https:\/\/onaaph.dz\/ar_ar\/wp-json\/wp\/v2\/product\/4406","targetHints":{"allow":["GET"]}}],"collection":[{"href":"https:\/\/onaaph.dz\/ar_ar\/wp-json\/wp\/v2\/product"}],"about":[{"href":"https:\/\/onaaph.dz\/ar_ar\/wp-json\/wp\/v2\/types\/product"}],"wp:featuredmedia":[{"embeddable":true,"href":"https:\/\/onaaph.dz\/ar_ar\/wp-json\/wp\/v2\/media\/4417"}],"wp:attachment":[{"href":"https:\/\/onaaph.dz\/ar_ar\/wp-json\/wp\/v2\/media?parent=4406"}],"wp:term":[{"taxonomy":"product_brand","embeddable":true,"href":"https:\/\/onaaph.dz\/ar_ar\/wp-json\/wp\/v2\/product_brand?post=4406"},{"taxonomy":"product_cat","embeddable":true,"href":"https:\/\/onaaph.dz\/ar_ar\/wp-json\/wp\/v2\/product_cat?post=4406"},{"taxonomy":"product_tag","embeddable":true,"href":"https:\/\/onaaph.dz\/ar_ar\/wp-json\/wp\/v2\/product_tag?post=4406"}],"curies":[{"name":"wp","href":"https:\/\/api.w.org\/{rel}","templated":true}]}}