{"id":4394,"date":"2026-03-10T09:02:57","date_gmt":"2026-03-10T08:02:57","guid":{"rendered":"https:\/\/onaaph.dz\/?post_type=product&#038;p=4394"},"modified":"2026-03-10T09:31:46","modified_gmt":"2026-03-10T08:31:46","slug":"decharge-chicago","status":"publish","type":"product","link":"https:\/\/onaaph.dz\/ar_ar\/product\/decharge-chicago\/","title":{"rendered":"\u062a\u0642\u0648\u064a\u0645 (\u0634\u064a\u0643\u0627\u063a\u0648)"},"content":{"rendered":"<p><strong>\u062a\u0642\u0648\u064a\u0645 (\u0634\u064a\u0643\u0627\u063a\u0648)<\/strong><\/p>\n<p>\u064a\u0633\u062a\u062e\u062f\u0645 \u0644\u062a\u0635\u062d\u064a\u0640\u062d \u0648 \u062a\u062b\u0628\u0640\u0640\u064a\u062a \u0627\u0644\u0639\u0645\u0640\u0648\u062f \u0627\u0644\u0641\u0642\u0631\u064a \u0644\u062f\u0649 \u0627\u0644\u0623\u0637\u0641\u0627\u0644 \u0627\u0644\u0645\u0635\u0627\u0628\u064a\u0646 \u0628\u0627\u0644\u062c\u0646\u0641. \n\u064a\u0645\u0627\u0631\u0633 \u0636\u063a\u0637\u064b\u0627 \u0645\u0633\u0640\u062a\u0647\u062f\u0641\u064b\u0627 \u0639\u0644\u0649 \u0645\u0646\u0640\u0627\u0637\u0642 \u0645\u062d\u062f\u062f\u0629 \u0648 \u063a\u0640\u0627\u0644\u0628\u064b\u0627 \u0645\u0640\u0627 \u064a\u062a\u0640\u0645 \u0627\u0631\u062a\u0640\u062f\u0627\u0624\u0647 \u062e\u0640\u0644\u0627\u0644 \u0641\u062a\u0640\u0631\u0629 \u0627\u0644\u0646\u0640\u0645\u0648 \u0644\u0644\u0640\u062d\u062f \u0645\u0646 \u062a\u0640\u0640\u0637\u0648\u0631 \u0627\u0644\u062a\u0634\u0640\u0640\u0648\u0647<\/p>","protected":false},"excerpt":{"rendered":"<p>\u064a\u0633\u062a\u062e\u062f\u0645 \u0644\u062a\u0635\u062d\u064a\u0640\u062d \u0648 \u062a\u062b\u0628\u0640\u0640\u064a\u062a \u0627\u0644\u0639\u0645\u0640\u0648\u062f \u0627\u0644\u0641\u0642\u0631\u064a \u0644\u062f\u0649 \u0627\u0644\u0623\u0637\u0641\u0627\u0644 \u0627\u0644\u0645\u0635\u0627\u0628\u064a\u0646 \u0628\u0627\u0644\u062c\u0646\u0641. \n\u064a\u0645\u0627\u0631\u0633 \u0636\u063a\u0637\u064b\u0627 \u0645\u0633\u0640\u062a\u0647\u062f\u0641\u064b\u0627 \u0639\u0644\u0649 \u0645\u0646\u0640\u0627\u0637\u0642 \u0645\u062d\u062f\u062f\u0629 \u0648 \u063a\u0640\u0627\u0644\u0628\u064b\u0627 \u0645\u0640\u0627 \u064a\u062a\u0640\u0645 \u0627\u0631\u062a\u0640\u062f\u0627\u0624\u0647 \u062e\u0640\u0644\u0627\u0644 \u0641\u062a\u0640\u0631\u0629 \u0627\u0644\u0646\u0640\u0645\u0648 \u0644\u0644\u0640\u062d\u062f \u0645\u0646 \u062a\u0640\u0640\u0637\u0648\u0631 \u0627\u0644\u062a\u0634\u0640\u0640\u0648\u0647<\/p>","protected":false},"featured_media":4435,"template":"","meta":{"inline_featured_image":false},"product_brand":[],"product_cat":[57],"product_tag":[],"class_list":{"0":"post-4394","1":"product","2":"type-product","3":"status-publish","4":"has-post-thumbnail","5":"","6":"product_cat-appareillage-orthopedique","8":"first","9":"instock","10":"shipping-taxable","11":"product-type-simple"},"yoast_head":"<!-- This site is optimized with the Yoast SEO plugin v27.2 - https:\/\/yoast.com\/product\/yoast-seo-wordpress\/ -->\n<title>DECHARGE \u2013 Chicago - ONAAPH<\/title>\n<meta name=\"robots\" content=\"index, follow, max-snippet:-1, max-image-preview:large, max-video-preview:-1\" \/>\n<link rel=\"canonical\" href=\"https:\/\/onaaph.dz\/ar_ar\/product\/decharge-chicago\/\" \/>\n<meta property=\"og:locale\" content=\"ar_AR\" \/>\n<meta property=\"og:type\" content=\"article\" \/>\n<meta property=\"og:title\" content=\"DECHARGE \u2013 Chicago - ONAAPH\" \/>\n<meta property=\"og:description\" content=\"DECHARGE \u2013 Chicago\u00a0: Utilis\u00e9e pour corriger et stabiliser la colonne vert\u00e9brale chez les enfants atteints de scoliose. Elle exerce une pression cibl\u00e9e sur certaines zones et est souvent port\u00e9e pendant la croissance pour limiter la progression de la d\u00e9formation.\" \/>\n<meta property=\"og:url\" content=\"https:\/\/onaaph.dz\/ar_ar\/product\/decharge-chicago\/\" \/>\n<meta property=\"og:site_name\" content=\"ONAAPH\" \/>\n<meta property=\"article:modified_time\" content=\"2026-03-10T08:31:46+00:00\" \/>\n<meta property=\"og:image\" content=\"https:\/\/onaaph.dz\/wp-content\/uploads\/2026\/03\/DECHARGE-Chicago.png\" \/>\n\t<meta property=\"og:image:width\" content=\"600\" \/>\n\t<meta property=\"og:image:height\" content=\"600\" \/>\n\t<meta property=\"og:image:type\" content=\"image\/png\" \/>\n<meta name=\"twitter:card\" content=\"summary_large_image\" \/>\n<meta name=\"twitter:label1\" content=\"\u0648\u0642\u062a \u0627\u0644\u0642\u0631\u0627\u0621\u0629 \u0627\u0644\u0645\u064f\u0642\u062f\u0651\u0631\" \/>\n\t<meta name=\"twitter:data1\" content=\"\u062f\u0642\u064a\u0642\u0629 \u0648\u0627\u062d\u062f\u0629\" \/>\n<script type=\"application\/ld+json\" class=\"yoast-schema-graph\">{\"@context\":\"https:\/\/schema.org\",\"@graph\":[{\"@type\":\"WebPage\",\"@id\":\"https:\/\/onaaph.dz\/produit\/decharge-chicago\/\",\"url\":\"https:\/\/onaaph.dz\/produit\/decharge-chicago\/\",\"name\":\"DECHARGE \u2013 Chicago - ONAAPH\",\"isPartOf\":{\"@id\":\"https:\/\/onaaph-staging.myndall.com\/#website\"},\"primaryImageOfPage\":{\"@id\":\"https:\/\/onaaph.dz\/produit\/decharge-chicago\/#primaryimage\"},\"image\":{\"@id\":\"https:\/\/onaaph.dz\/produit\/decharge-chicago\/#primaryimage\"},\"thumbnailUrl\":\"https:\/\/onaaph.dz\/wp-content\/uploads\/2026\/03\/DECHARGE-Chicago.png\",\"datePublished\":\"2026-03-10T08:02:57+00:00\",\"dateModified\":\"2026-03-10T08:31:46+00:00\",\"breadcrumb\":{\"@id\":\"https:\/\/onaaph.dz\/produit\/decharge-chicago\/#breadcrumb\"},\"inLanguage\":\"ar\",\"potentialAction\":[{\"@type\":\"ReadAction\",\"target\":[\"https:\/\/onaaph.dz\/produit\/decharge-chicago\/\"]}]},{\"@type\":\"ImageObject\",\"inLanguage\":\"ar\",\"@id\":\"https:\/\/onaaph.dz\/produit\/decharge-chicago\/#primaryimage\",\"url\":\"https:\/\/onaaph.dz\/wp-content\/uploads\/2026\/03\/DECHARGE-Chicago.png\",\"contentUrl\":\"https:\/\/onaaph.dz\/wp-content\/uploads\/2026\/03\/DECHARGE-Chicago.png\",\"width\":600,\"height\":600},{\"@type\":\"BreadcrumbList\",\"@id\":\"https:\/\/onaaph.dz\/produit\/decharge-chicago\/#breadcrumb\",\"itemListElement\":[{\"@type\":\"ListItem\",\"position\":1,\"name\":\"\u0627\u0644\u0631\u0626\u064a\u0633\u064a\u0629\",\"item\":\"https:\/\/onaaph.dz\/\"},{\"@type\":\"ListItem\",\"position\":2,\"name\":\"Produits\",\"item\":\"http:\/\/staging.onaaph.dz\/shop\/\"},{\"@type\":\"ListItem\",\"position\":3,\"name\":\"DECHARGE \u2013 Chicago\"}]},{\"@type\":\"WebSite\",\"@id\":\"https:\/\/onaaph-staging.myndall.com\/#website\",\"url\":\"https:\/\/onaaph-staging.myndall.com\/\",\"name\":\"ONAAPH\",\"description\":\"onaaph\",\"potentialAction\":[{\"@type\":\"SearchAction\",\"target\":{\"@type\":\"EntryPoint\",\"urlTemplate\":\"https:\/\/onaaph-staging.myndall.com\/?s={search_term_string}\"},\"query-input\":{\"@type\":\"PropertyValueSpecification\",\"valueRequired\":true,\"valueName\":\"search_term_string\"}}],\"inLanguage\":\"ar\"}]}<\/script>\n<!-- \/ Yoast SEO plugin. -->","yoast_head_json":{"title":"DECHARGE \u2013 Chicago - ONAAPH","robots":{"index":"index","follow":"follow","max-snippet":"max-snippet:-1","max-image-preview":"max-image-preview:large","max-video-preview":"max-video-preview:-1"},"canonical":"https:\/\/onaaph.dz\/ar_ar\/product\/decharge-chicago\/","og_locale":"ar_AR","og_type":"article","og_title":"DECHARGE \u2013 Chicago - ONAAPH","og_description":"DECHARGE \u2013 Chicago\u00a0: Utilis\u00e9e pour corriger et stabiliser la colonne vert\u00e9brale chez les enfants atteints de scoliose. Elle exerce une pression cibl\u00e9e sur certaines zones et est souvent port\u00e9e pendant la croissance pour limiter la progression de la d\u00e9formation.","og_url":"https:\/\/onaaph.dz\/ar_ar\/product\/decharge-chicago\/","og_site_name":"ONAAPH","article_modified_time":"2026-03-10T08:31:46+00:00","og_image":[{"width":600,"height":600,"url":"https:\/\/onaaph.dz\/wp-content\/uploads\/2026\/03\/DECHARGE-Chicago.png","type":"image\/png"}],"twitter_card":"summary_large_image","twitter_misc":{"\u0648\u0642\u062a \u0627\u0644\u0642\u0631\u0627\u0621\u0629 \u0627\u0644\u0645\u064f\u0642\u062f\u0651\u0631":"\u062f\u0642\u064a\u0642\u0629 \u0648\u0627\u062d\u062f\u0629"},"schema":{"@context":"https:\/\/schema.org","@graph":[{"@type":"WebPage","@id":"https:\/\/onaaph.dz\/produit\/decharge-chicago\/","url":"https:\/\/onaaph.dz\/produit\/decharge-chicago\/","name":"DECHARGE \u2013 Chicago - ONAAPH","isPartOf":{"@id":"https:\/\/onaaph-staging.myndall.com\/#website"},"primaryImageOfPage":{"@id":"https:\/\/onaaph.dz\/produit\/decharge-chicago\/#primaryimage"},"image":{"@id":"https:\/\/onaaph.dz\/produit\/decharge-chicago\/#primaryimage"},"thumbnailUrl":"https:\/\/onaaph.dz\/wp-content\/uploads\/2026\/03\/DECHARGE-Chicago.png","datePublished":"2026-03-10T08:02:57+00:00","dateModified":"2026-03-10T08:31:46+00:00","breadcrumb":{"@id":"https:\/\/onaaph.dz\/produit\/decharge-chicago\/#breadcrumb"},"inLanguage":"ar","potentialAction":[{"@type":"ReadAction","target":["https:\/\/onaaph.dz\/produit\/decharge-chicago\/"]}]},{"@type":"ImageObject","inLanguage":"ar","@id":"https:\/\/onaaph.dz\/produit\/decharge-chicago\/#primaryimage","url":"https:\/\/onaaph.dz\/wp-content\/uploads\/2026\/03\/DECHARGE-Chicago.png","contentUrl":"https:\/\/onaaph.dz\/wp-content\/uploads\/2026\/03\/DECHARGE-Chicago.png","width":600,"height":600},{"@type":"BreadcrumbList","@id":"https:\/\/onaaph.dz\/produit\/decharge-chicago\/#breadcrumb","itemListElement":[{"@type":"ListItem","position":1,"name":"\u0627\u0644\u0631\u0626\u064a\u0633\u064a\u0629","item":"https:\/\/onaaph.dz\/"},{"@type":"ListItem","position":2,"name":"Produits","item":"http:\/\/staging.onaaph.dz\/shop\/"},{"@type":"ListItem","position":3,"name":"DECHARGE \u2013 Chicago"}]},{"@type":"WebSite","@id":"https:\/\/onaaph-staging.myndall.com\/#website","url":"https:\/\/onaaph-staging.myndall.com\/","name":"ONAAPH","description":"onaaph","potentialAction":[{"@type":"SearchAction","target":{"@type":"EntryPoint","urlTemplate":"https:\/\/onaaph-staging.myndall.com\/?s={search_term_string}"},"query-input":{"@type":"PropertyValueSpecification","valueRequired":true,"valueName":"search_term_string"}}],"inLanguage":"ar"}]}},"_links":{"self":[{"href":"https:\/\/onaaph.dz\/ar_ar\/wp-json\/wp\/v2\/product\/4394","targetHints":{"allow":["GET"]}}],"collection":[{"href":"https:\/\/onaaph.dz\/ar_ar\/wp-json\/wp\/v2\/product"}],"about":[{"href":"https:\/\/onaaph.dz\/ar_ar\/wp-json\/wp\/v2\/types\/product"}],"wp:featuredmedia":[{"embeddable":true,"href":"https:\/\/onaaph.dz\/ar_ar\/wp-json\/wp\/v2\/media\/4435"}],"wp:attachment":[{"href":"https:\/\/onaaph.dz\/ar_ar\/wp-json\/wp\/v2\/media?parent=4394"}],"wp:term":[{"taxonomy":"product_brand","embeddable":true,"href":"https:\/\/onaaph.dz\/ar_ar\/wp-json\/wp\/v2\/product_brand?post=4394"},{"taxonomy":"product_cat","embeddable":true,"href":"https:\/\/onaaph.dz\/ar_ar\/wp-json\/wp\/v2\/product_cat?post=4394"},{"taxonomy":"product_tag","embeddable":true,"href":"https:\/\/onaaph.dz\/ar_ar\/wp-json\/wp\/v2\/product_tag?post=4394"}],"curies":[{"name":"wp","href":"https:\/\/api.w.org\/{rel}","templated":true}]}}