{"id":4359,"date":"2026-03-09T09:47:00","date_gmt":"2026-03-09T08:47:00","guid":{"rendered":"https:\/\/onaaph.dz\/?post_type=product&#038;p=4359"},"modified":"2026-03-10T08:49:35","modified_gmt":"2026-03-10T07:49:35","slug":"corset-siege-dynamique-2","status":"publish","type":"product","link":"https:\/\/onaaph.dz\/ar_ar\/product\/corset-siege-dynamique-2\/","title":{"rendered":"\u0645\u0634\u062f \u0645\u0642\u0639\u062f \u062f\u064a\u0646\u0627\u0645\u064a\u0643\u064a"},"content":{"rendered":"<p><strong>\u0645\u0634\u062f \u0645\u0642\u0639\u062f \u062f\u064a\u0646\u0627\u0645\u064a\u0643\u064a<\/strong><\/p>\n<p>\u064a\u062a\u064a\u062d \u062a\u062d\u0642\u064a\u0642 \u062a\u0648\u0627\u0632\u0646 \u0628\u064a\u0646 \u0627\u0644\u062d\u0631\u0643\u0629 \u0648\u0627\u0644\u062f\u0639\u0645\u060c \u0645\u0645\u0627 \u064a\u0633\u0627\u0647\u0645 \u0641\u064a \u062a\u062d\u0633\u064a\u0646 \u0648\u0636\u0639\u0640\u064a\u0629 \u0627\u0644\u0640\u0640\u062c\u0644\u0648\u0633 \u0648\u062a\u062e\u0641\u064a\u0641 \u0627\u0644\u0640\u0636\u063a\u0637 \u0639\u0640\u0644\u0640\u0640\u0649 \u0627\u0644\u0639\u0640\u0645\u0640\u0648\u062f \u0627\u0644\u0641\u0642\u0640\u0640\u0631\u064a.\n\u0647\u0630\u0627 \u0627\u0644\u0645\u0646\u062a\u062c \u0645\u0635\u0645\u0640\u0645 \u062e\u0635\u064a\u0635\u064b\u0640\u0640\u0627 \u0644\u062a\u0644\u0628\u064a\u0640\u0629 \u0645\u062a\u0637\u0644\u0640\u0628\u0627\u062a \u0627\u0644\u0640\u0645\u0631\u0636\u0649 \u0627\u0644\u0640\u0630\u064a\u0646 \u064a\u062d\u062a\u0627\u062c\u0648\u0646 \u0625\u0644\u0649 \u062f\u0639\u0645 \u062f\u064a\u0646\u0627\u0645\u064a\u0640\u0640\u0643\u064a \u0623\u062b\u0646\u0627\u0621 \u0627\u0644\u0640\u062c\u0644\u0648\u0633<\/p>","protected":false},"excerpt":{"rendered":"<p>\u064a\u062a\u064a\u062d \u062a\u062d\u0642\u064a\u0642 \u062a\u0648\u0627\u0632\u0646 \u0628\u064a\u0646 \u0627\u0644\u062d\u0631\u0643\u0629 \u0648\u0627\u0644\u062f\u0639\u0645\u060c \u0645\u0645\u0627 \u064a\u0633\u0627\u0647\u0645 \u0641\u064a \u062a\u062d\u0633\u064a\u0646 \u0648\u0636\u0639\u0640\u064a\u0629 \u0627\u0644\u0640\u0640\u062c\u0644\u0648\u0633 \u0648\u062a\u062e\u0641\u064a\u0641 \u0627\u0644\u0640\u0636\u063a\u0637 \u0639\u0640\u0644\u0640\u0640\u0649 \u0627\u0644\u0639\u0640\u0645\u0640\u0648\u062f \u0627\u0644\u0641\u0642\u0640\u0640\u0631\u064a.\n\u0647\u0630\u0627 \u0627\u0644\u0645\u0646\u062a\u062c \u0645\u0635\u0645\u0640\u0645 \u062e\u0635\u064a\u0635\u064b\u0640\u0640\u0627 \u0644\u062a\u0644\u0628\u064a\u0640\u0629 \u0645\u062a\u0637\u0644\u0640\u0628\u0627\u062a \u0627\u0644\u0640\u0645\u0631\u0636\u0649 \u0627\u0644\u0640\u0630\u064a\u0646 \u064a\u062d\u062a\u0627\u062c\u0648\u0646 \u0625\u0644\u0649 \u062f\u0639\u0645 \u062f\u064a\u0646\u0627\u0645\u064a\u0640\u0640\u0643\u064a \u0623\u062b\u0646\u0627\u0621 \u0627\u0644\u0640\u062c\u0644\u0648\u0633<\/p>","protected":false},"featured_media":4388,"template":"","meta":{"inline_featured_image":false},"product_brand":[],"product_cat":[57],"product_tag":[],"class_list":{"0":"post-4359","1":"product","2":"type-product","3":"status-publish","4":"has-post-thumbnail","5":"","6":"product_cat-appareillage-orthopedique","8":"first","9":"instock","10":"shipping-taxable","11":"product-type-simple"},"yoast_head":"<!-- This site is optimized with the Yoast SEO plugin v27.2 - https:\/\/yoast.com\/product\/yoast-seo-wordpress\/ -->\n<title>CORSET SIEGE DYNAMIQUE - ONAAPH<\/title>\n<meta name=\"robots\" content=\"index, follow, max-snippet:-1, max-image-preview:large, max-video-preview:-1\" \/>\n<link rel=\"canonical\" href=\"https:\/\/onaaph.dz\/ar_ar\/product\/corset-siege-dynamique-2\/\" \/>\n<meta property=\"og:locale\" content=\"ar_AR\" \/>\n<meta property=\"og:type\" content=\"article\" \/>\n<meta property=\"og:title\" content=\"CORSET SIEGE DYNAMIQUE - ONAAPH\" \/>\n<meta property=\"og:description\" content=\"CORSET SIEGE DYNAMIQUE\u00a0: Permet la mobilit\u00e9 contr\u00f4l\u00e9e du tronc par rapport au bassin tout en garantissant l\u2019assise orthop\u00e9dique. Possibilit\u00e9 de r\u00e9glage de l\u2019amplitude des mouvements d\u2019extension et de la r\u00e9sistance.\" \/>\n<meta property=\"og:url\" content=\"https:\/\/onaaph.dz\/ar_ar\/product\/corset-siege-dynamique-2\/\" \/>\n<meta property=\"og:site_name\" content=\"ONAAPH\" \/>\n<meta property=\"article:modified_time\" content=\"2026-03-10T07:49:35+00:00\" \/>\n<meta property=\"og:image\" content=\"https:\/\/onaaph.dz\/wp-content\/uploads\/2026\/03\/WhatsApp-Image-2026-03-09-at-12.48.01-2.jpeg\" \/>\n\t<meta property=\"og:image:width\" content=\"411\" \/>\n\t<meta property=\"og:image:height\" content=\"300\" \/>\n\t<meta property=\"og:image:type\" content=\"image\/jpeg\" \/>\n<meta name=\"twitter:card\" content=\"summary_large_image\" \/>\n<meta name=\"twitter:label1\" content=\"\u0648\u0642\u062a \u0627\u0644\u0642\u0631\u0627\u0621\u0629 \u0627\u0644\u0645\u064f\u0642\u062f\u0651\u0631\" \/>\n\t<meta name=\"twitter:data1\" content=\"\u062f\u0642\u064a\u0642\u0629 \u0648\u0627\u062d\u062f\u0629\" \/>\n<script type=\"application\/ld+json\" class=\"yoast-schema-graph\">{\"@context\":\"https:\/\/schema.org\",\"@graph\":[{\"@type\":\"WebPage\",\"@id\":\"https:\/\/onaaph.dz\/produit\/corset-siege-dynamique-2\/\",\"url\":\"https:\/\/onaaph.dz\/produit\/corset-siege-dynamique-2\/\",\"name\":\"CORSET SIEGE DYNAMIQUE - ONAAPH\",\"isPartOf\":{\"@id\":\"https:\/\/onaaph-staging.myndall.com\/#website\"},\"primaryImageOfPage\":{\"@id\":\"https:\/\/onaaph.dz\/produit\/corset-siege-dynamique-2\/#primaryimage\"},\"image\":{\"@id\":\"https:\/\/onaaph.dz\/produit\/corset-siege-dynamique-2\/#primaryimage\"},\"thumbnailUrl\":\"https:\/\/onaaph.dz\/wp-content\/uploads\/2026\/03\/WhatsApp-Image-2026-03-09-at-12.48.01-2.jpeg\",\"datePublished\":\"2026-03-09T08:47:00+00:00\",\"dateModified\":\"2026-03-10T07:49:35+00:00\",\"breadcrumb\":{\"@id\":\"https:\/\/onaaph.dz\/produit\/corset-siege-dynamique-2\/#breadcrumb\"},\"inLanguage\":\"ar\",\"potentialAction\":[{\"@type\":\"ReadAction\",\"target\":[\"https:\/\/onaaph.dz\/produit\/corset-siege-dynamique-2\/\"]}]},{\"@type\":\"ImageObject\",\"inLanguage\":\"ar\",\"@id\":\"https:\/\/onaaph.dz\/produit\/corset-siege-dynamique-2\/#primaryimage\",\"url\":\"https:\/\/onaaph.dz\/wp-content\/uploads\/2026\/03\/WhatsApp-Image-2026-03-09-at-12.48.01-2.jpeg\",\"contentUrl\":\"https:\/\/onaaph.dz\/wp-content\/uploads\/2026\/03\/WhatsApp-Image-2026-03-09-at-12.48.01-2.jpeg\",\"width\":411,\"height\":300},{\"@type\":\"BreadcrumbList\",\"@id\":\"https:\/\/onaaph.dz\/produit\/corset-siege-dynamique-2\/#breadcrumb\",\"itemListElement\":[{\"@type\":\"ListItem\",\"position\":1,\"name\":\"\u0627\u0644\u0631\u0626\u064a\u0633\u064a\u0629\",\"item\":\"https:\/\/onaaph.dz\/\"},{\"@type\":\"ListItem\",\"position\":2,\"name\":\"Produits\",\"item\":\"http:\/\/staging.onaaph.dz\/shop\/\"},{\"@type\":\"ListItem\",\"position\":3,\"name\":\"CORSET SIEGE DYNAMIQUE\"}]},{\"@type\":\"WebSite\",\"@id\":\"https:\/\/onaaph-staging.myndall.com\/#website\",\"url\":\"https:\/\/onaaph-staging.myndall.com\/\",\"name\":\"ONAAPH\",\"description\":\"onaaph\",\"potentialAction\":[{\"@type\":\"SearchAction\",\"target\":{\"@type\":\"EntryPoint\",\"urlTemplate\":\"https:\/\/onaaph-staging.myndall.com\/?s={search_term_string}\"},\"query-input\":{\"@type\":\"PropertyValueSpecification\",\"valueRequired\":true,\"valueName\":\"search_term_string\"}}],\"inLanguage\":\"ar\"}]}<\/script>\n<!-- \/ Yoast SEO plugin. -->","yoast_head_json":{"title":"CORSET SIEGE DYNAMIQUE - ONAAPH","robots":{"index":"index","follow":"follow","max-snippet":"max-snippet:-1","max-image-preview":"max-image-preview:large","max-video-preview":"max-video-preview:-1"},"canonical":"https:\/\/onaaph.dz\/ar_ar\/product\/corset-siege-dynamique-2\/","og_locale":"ar_AR","og_type":"article","og_title":"CORSET SIEGE DYNAMIQUE - ONAAPH","og_description":"CORSET SIEGE DYNAMIQUE\u00a0: Permet la mobilit\u00e9 contr\u00f4l\u00e9e du tronc par rapport au bassin tout en garantissant l\u2019assise orthop\u00e9dique. Possibilit\u00e9 de r\u00e9glage de l\u2019amplitude des mouvements d\u2019extension et de la r\u00e9sistance.","og_url":"https:\/\/onaaph.dz\/ar_ar\/product\/corset-siege-dynamique-2\/","og_site_name":"ONAAPH","article_modified_time":"2026-03-10T07:49:35+00:00","og_image":[{"width":411,"height":300,"url":"https:\/\/onaaph.dz\/wp-content\/uploads\/2026\/03\/WhatsApp-Image-2026-03-09-at-12.48.01-2.jpeg","type":"image\/jpeg"}],"twitter_card":"summary_large_image","twitter_misc":{"\u0648\u0642\u062a \u0627\u0644\u0642\u0631\u0627\u0621\u0629 \u0627\u0644\u0645\u064f\u0642\u062f\u0651\u0631":"\u062f\u0642\u064a\u0642\u0629 \u0648\u0627\u062d\u062f\u0629"},"schema":{"@context":"https:\/\/schema.org","@graph":[{"@type":"WebPage","@id":"https:\/\/onaaph.dz\/produit\/corset-siege-dynamique-2\/","url":"https:\/\/onaaph.dz\/produit\/corset-siege-dynamique-2\/","name":"CORSET SIEGE DYNAMIQUE - ONAAPH","isPartOf":{"@id":"https:\/\/onaaph-staging.myndall.com\/#website"},"primaryImageOfPage":{"@id":"https:\/\/onaaph.dz\/produit\/corset-siege-dynamique-2\/#primaryimage"},"image":{"@id":"https:\/\/onaaph.dz\/produit\/corset-siege-dynamique-2\/#primaryimage"},"thumbnailUrl":"https:\/\/onaaph.dz\/wp-content\/uploads\/2026\/03\/WhatsApp-Image-2026-03-09-at-12.48.01-2.jpeg","datePublished":"2026-03-09T08:47:00+00:00","dateModified":"2026-03-10T07:49:35+00:00","breadcrumb":{"@id":"https:\/\/onaaph.dz\/produit\/corset-siege-dynamique-2\/#breadcrumb"},"inLanguage":"ar","potentialAction":[{"@type":"ReadAction","target":["https:\/\/onaaph.dz\/produit\/corset-siege-dynamique-2\/"]}]},{"@type":"ImageObject","inLanguage":"ar","@id":"https:\/\/onaaph.dz\/produit\/corset-siege-dynamique-2\/#primaryimage","url":"https:\/\/onaaph.dz\/wp-content\/uploads\/2026\/03\/WhatsApp-Image-2026-03-09-at-12.48.01-2.jpeg","contentUrl":"https:\/\/onaaph.dz\/wp-content\/uploads\/2026\/03\/WhatsApp-Image-2026-03-09-at-12.48.01-2.jpeg","width":411,"height":300},{"@type":"BreadcrumbList","@id":"https:\/\/onaaph.dz\/produit\/corset-siege-dynamique-2\/#breadcrumb","itemListElement":[{"@type":"ListItem","position":1,"name":"\u0627\u0644\u0631\u0626\u064a\u0633\u064a\u0629","item":"https:\/\/onaaph.dz\/"},{"@type":"ListItem","position":2,"name":"Produits","item":"http:\/\/staging.onaaph.dz\/shop\/"},{"@type":"ListItem","position":3,"name":"CORSET SIEGE DYNAMIQUE"}]},{"@type":"WebSite","@id":"https:\/\/onaaph-staging.myndall.com\/#website","url":"https:\/\/onaaph-staging.myndall.com\/","name":"ONAAPH","description":"onaaph","potentialAction":[{"@type":"SearchAction","target":{"@type":"EntryPoint","urlTemplate":"https:\/\/onaaph-staging.myndall.com\/?s={search_term_string}"},"query-input":{"@type":"PropertyValueSpecification","valueRequired":true,"valueName":"search_term_string"}}],"inLanguage":"ar"}]}},"_links":{"self":[{"href":"https:\/\/onaaph.dz\/ar_ar\/wp-json\/wp\/v2\/product\/4359","targetHints":{"allow":["GET"]}}],"collection":[{"href":"https:\/\/onaaph.dz\/ar_ar\/wp-json\/wp\/v2\/product"}],"about":[{"href":"https:\/\/onaaph.dz\/ar_ar\/wp-json\/wp\/v2\/types\/product"}],"wp:featuredmedia":[{"embeddable":true,"href":"https:\/\/onaaph.dz\/ar_ar\/wp-json\/wp\/v2\/media\/4388"}],"wp:attachment":[{"href":"https:\/\/onaaph.dz\/ar_ar\/wp-json\/wp\/v2\/media?parent=4359"}],"wp:term":[{"taxonomy":"product_brand","embeddable":true,"href":"https:\/\/onaaph.dz\/ar_ar\/wp-json\/wp\/v2\/product_brand?post=4359"},{"taxonomy":"product_cat","embeddable":true,"href":"https:\/\/onaaph.dz\/ar_ar\/wp-json\/wp\/v2\/product_cat?post=4359"},{"taxonomy":"product_tag","embeddable":true,"href":"https:\/\/onaaph.dz\/ar_ar\/wp-json\/wp\/v2\/product_tag?post=4359"}],"curies":[{"name":"wp","href":"https:\/\/api.w.org\/{rel}","templated":true}]}}