{"id":1091,"date":"2018-11-21T16:07:58","date_gmt":"2018-11-21T15:07:58","guid":{"rendered":"http:\/\/edjazair.com\/mysite\/?post_type=product&#038;p=1091"},"modified":"2026-03-09T10:53:54","modified_gmt":"2026-03-09T09:53:54","slug":"orthese-plantaire-classique","status":"publish","type":"product","link":"https:\/\/onaaph.dz\/ar_ar\/product\/orthese-plantaire-classique\/","title":{"rendered":"\u0637\u0631\u0641 \u0627\u0635\u0637\u0646\u0627\u0639\u064a \u0633\u0641\u0644\u064a \u062e\u0627\u0635 \u0628\u0627\u0644\u0633\u0627\u0642"},"content":{"rendered":"<p><strong>\u0637\u0631\u0641 \u0627\u0635\u0637\u0646\u0627\u0639\u064a \u0633\u0641\u0644\u064a \u062e\u0627\u0635 \u0628\u0627\u0644\u0633\u0627\u0642<\/strong><\/p>\n<p>\u0645\u0646\u0627\u0633\u0628\u0640\u0629 \u0644\u0640\u0639\u0645\u0644\u064a\u0640\u0627\u062a \u0628\u062a\u0640\u0631 \u0627\u0644\u0633\u0640\u0627\u0642\u060c \u0645\u0640\u062b\u0627\u0644\u064a\u0640\u0629 \u0644\u0644\u0645\u0631\u0636\u0640\u0649 \u0630\u0648\u064a \u0627\u0644\u0646\u0634\u0640\u0627\u0637 \u0627\u0644\u0640\u0639\u0627\u0644\u0640\u064a. \u0628\u0641\u0636\u0640\u0644 \u0645\u0642\u0628\u0633 \u0627\u0644\u0643\u0631\u0628\u0648\u0646 \u0627\u0644\u062e\u0641\u064a\u0641 \u0648\u0627\u0644\u0645\u0642\u0627\u0648\u0645\u060c \u064a\u062a\u064a\u062d \u0644\u0643 \u0627\u0644\u062a\u062d\u0631\u0643 \u0628\u0633\u0644\u0627\u0633\u0629 \u062f\u0627\u062e\u0644 \u0627\u0644\u0645\u0646\u0632\u0644 \u0648\u062e\u0627\u0631\u062c\u0647\u060c \u0645\u0639 \u0627\u0644\u0642\u0640\u062f\u0631\u0629 \u0639\u0644\u0649 \u0639\u0628\u0640\u0648\u0631 \u0627\u0644\u0639\u0648\u0627\u0626\u0640\u0642 \u0628\u0633\u0647\u0648\u0644\u0640\u0629.<\/p>","protected":false},"excerpt":{"rendered":"<p>\u0645\u0646\u0627\u0633\u0628\u0640\u0629 \u0644\u0640\u0639\u0645\u0644\u064a\u0640\u0627\u062a \u0628\u062a\u0640\u0631 \u0627\u0644\u0633\u0640\u0627\u0642\u060c \u0645\u0640\u062b\u0627\u0644\u064a\u0640\u0629 \u0644\u0644\u0645\u0631\u0636\u0640\u0649 \u0630\u0648\u064a \u0627\u0644\u0646\u0634\u0640\u0627\u0637 \u0627\u0644\u0640\u0639\u0627\u0644\u0640\u064a. \u0628\u0641\u0636\u0640\u0644 \u0645\u0642\u0628\u0633 \u0627\u0644\u0643\u0631\u0628\u0648\u0646 \u0627\u0644\u062e\u0641\u064a\u0641 \u0648\u0627\u0644\u0645\u0642\u0627\u0648\u0645\u060c \u064a\u062a\u064a\u062d \u0644\u0643 \u0627\u0644\u062a\u062d\u0631\u0643 \u0628\u0633\u0644\u0627\u0633\u0629 \u062f\u0627\u062e\u0644 \u0627\u0644\u0645\u0646\u0632\u0644 \u0648\u062e\u0627\u0631\u062c\u0647\u060c \u0645\u0639 \u0627\u0644\u0642\u0640\u062f\u0631\u0629 \u0639\u0644\u0649 \u0639\u0628\u0640\u0648\u0631 \u0627\u0644\u0639\u0648\u0627\u0626\u0640\u0642 \u0628\u0633\u0647\u0648\u0644\u0640\u0629.<\/p>","protected":false},"featured_media":4366,"template":"","meta":{"inline_featured_image":false},"product_brand":[],"product_cat":[57],"product_tag":[],"class_list":{"0":"post-1091","1":"product","2":"type-product","3":"status-publish","4":"has-post-thumbnail","5":"","6":"product_cat-appareillage-orthopedique","8":"first","9":"instock","10":"shipping-taxable","11":"product-type-simple"},"yoast_head":"<!-- This site is optimized with the Yoast SEO plugin v27.2 - https:\/\/yoast.com\/product\/yoast-seo-wordpress\/ -->\n<title>PROTHESE DEFINITIVE TIBIALE - ONAAPH<\/title>\n<meta name=\"robots\" content=\"index, follow, max-snippet:-1, max-image-preview:large, max-video-preview:-1\" \/>\n<link rel=\"canonical\" href=\"https:\/\/onaaph.dz\/ar_ar\/product\/orthese-plantaire-classique\/\" \/>\n<meta property=\"og:locale\" content=\"ar_AR\" \/>\n<meta property=\"og:type\" content=\"article\" \/>\n<meta property=\"og:title\" content=\"PROTHESE DEFINITIVE TIBIALE - ONAAPH\" \/>\n<meta property=\"og:description\" content=\"PROTHESE DEFINITIVE TIBIALE\u00a0: Adapt\u00e9e aux amputations de jambe, id\u00e9ale pour les patients \u00e0 activit\u00e9 \u00e9lev\u00e9e. Gr\u00e2ce \u00e0 son embo\u00eeture l\u00e9g\u00e8re et r\u00e9sistante en carbone, elle permet de se d\u00e9placer facilement en int\u00e9rieur et en ext\u00e9rieur, tout en franchissant des obstacles avec aisance.\" \/>\n<meta property=\"og:url\" content=\"https:\/\/onaaph.dz\/ar_ar\/product\/orthese-plantaire-classique\/\" \/>\n<meta property=\"og:site_name\" content=\"ONAAPH\" \/>\n<meta property=\"article:modified_time\" content=\"2026-03-09T09:53:54+00:00\" \/>\n<meta property=\"og:image\" content=\"https:\/\/onaaph.dz\/wp-content\/uploads\/2018\/11\/WhatsApp-Image-2026-03-09-at-09.30.22-1.jpeg\" \/>\n\t<meta property=\"og:image:width\" content=\"411\" \/>\n\t<meta property=\"og:image:height\" content=\"300\" \/>\n\t<meta property=\"og:image:type\" content=\"image\/jpeg\" \/>\n<meta name=\"twitter:card\" content=\"summary_large_image\" \/>\n<meta name=\"twitter:label1\" content=\"\u0648\u0642\u062a \u0627\u0644\u0642\u0631\u0627\u0621\u0629 \u0627\u0644\u0645\u064f\u0642\u062f\u0651\u0631\" \/>\n\t<meta name=\"twitter:data1\" content=\"\u062f\u0642\u064a\u0642\u0629 \u0648\u0627\u062d\u062f\u0629\" \/>\n<script type=\"application\/ld+json\" class=\"yoast-schema-graph\">{\"@context\":\"https:\/\/schema.org\",\"@graph\":[{\"@type\":\"WebPage\",\"@id\":\"https:\/\/onaaph.dz\/fr_fr\/produit\/orthese-plantaire-classique\/\",\"url\":\"https:\/\/onaaph.dz\/fr_fr\/produit\/orthese-plantaire-classique\/\",\"name\":\"PROTHESE DEFINITIVE TIBIALE - ONAAPH\",\"isPartOf\":{\"@id\":\"https:\/\/onaaph-staging.myndall.com\/#website\"},\"primaryImageOfPage\":{\"@id\":\"https:\/\/onaaph.dz\/fr_fr\/produit\/orthese-plantaire-classique\/#primaryimage\"},\"image\":{\"@id\":\"https:\/\/onaaph.dz\/fr_fr\/produit\/orthese-plantaire-classique\/#primaryimage\"},\"thumbnailUrl\":\"https:\/\/onaaph.dz\/wp-content\/uploads\/2018\/11\/WhatsApp-Image-2026-03-09-at-09.30.22-1.jpeg\",\"datePublished\":\"2018-11-21T15:07:58+00:00\",\"dateModified\":\"2026-03-09T09:53:54+00:00\",\"breadcrumb\":{\"@id\":\"https:\/\/onaaph.dz\/fr_fr\/produit\/orthese-plantaire-classique\/#breadcrumb\"},\"inLanguage\":\"ar\",\"potentialAction\":[{\"@type\":\"ReadAction\",\"target\":[\"https:\/\/onaaph.dz\/fr_fr\/produit\/orthese-plantaire-classique\/\"]}]},{\"@type\":\"ImageObject\",\"inLanguage\":\"ar\",\"@id\":\"https:\/\/onaaph.dz\/fr_fr\/produit\/orthese-plantaire-classique\/#primaryimage\",\"url\":\"https:\/\/onaaph.dz\/wp-content\/uploads\/2018\/11\/WhatsApp-Image-2026-03-09-at-09.30.22-1.jpeg\",\"contentUrl\":\"https:\/\/onaaph.dz\/wp-content\/uploads\/2018\/11\/WhatsApp-Image-2026-03-09-at-09.30.22-1.jpeg\",\"width\":411,\"height\":300},{\"@type\":\"BreadcrumbList\",\"@id\":\"https:\/\/onaaph.dz\/fr_fr\/produit\/orthese-plantaire-classique\/#breadcrumb\",\"itemListElement\":[{\"@type\":\"ListItem\",\"position\":1,\"name\":\"\u0627\u0644\u0631\u0626\u064a\u0633\u064a\u0629\",\"item\":\"https:\/\/onaaph.dz\/\"},{\"@type\":\"ListItem\",\"position\":2,\"name\":\"Produits\",\"item\":\"http:\/\/staging.onaaph.dz\/shop\/\"},{\"@type\":\"ListItem\",\"position\":3,\"name\":\"PROTHESE DEFINITIVE TIBIALE\"}]},{\"@type\":\"WebSite\",\"@id\":\"https:\/\/onaaph-staging.myndall.com\/#website\",\"url\":\"https:\/\/onaaph-staging.myndall.com\/\",\"name\":\"ONAAPH\",\"description\":\"onaaph\",\"potentialAction\":[{\"@type\":\"SearchAction\",\"target\":{\"@type\":\"EntryPoint\",\"urlTemplate\":\"https:\/\/onaaph-staging.myndall.com\/?s={search_term_string}\"},\"query-input\":{\"@type\":\"PropertyValueSpecification\",\"valueRequired\":true,\"valueName\":\"search_term_string\"}}],\"inLanguage\":\"ar\"}]}<\/script>\n<!-- \/ Yoast SEO plugin. -->","yoast_head_json":{"title":"PROTHESE DEFINITIVE TIBIALE - ONAAPH","robots":{"index":"index","follow":"follow","max-snippet":"max-snippet:-1","max-image-preview":"max-image-preview:large","max-video-preview":"max-video-preview:-1"},"canonical":"https:\/\/onaaph.dz\/ar_ar\/product\/orthese-plantaire-classique\/","og_locale":"ar_AR","og_type":"article","og_title":"PROTHESE DEFINITIVE TIBIALE - ONAAPH","og_description":"PROTHESE DEFINITIVE TIBIALE\u00a0: Adapt\u00e9e aux amputations de jambe, id\u00e9ale pour les patients \u00e0 activit\u00e9 \u00e9lev\u00e9e. Gr\u00e2ce \u00e0 son embo\u00eeture l\u00e9g\u00e8re et r\u00e9sistante en carbone, elle permet de se d\u00e9placer facilement en int\u00e9rieur et en ext\u00e9rieur, tout en franchissant des obstacles avec aisance.","og_url":"https:\/\/onaaph.dz\/ar_ar\/product\/orthese-plantaire-classique\/","og_site_name":"ONAAPH","article_modified_time":"2026-03-09T09:53:54+00:00","og_image":[{"width":411,"height":300,"url":"https:\/\/onaaph.dz\/wp-content\/uploads\/2018\/11\/WhatsApp-Image-2026-03-09-at-09.30.22-1.jpeg","type":"image\/jpeg"}],"twitter_card":"summary_large_image","twitter_misc":{"\u0648\u0642\u062a \u0627\u0644\u0642\u0631\u0627\u0621\u0629 \u0627\u0644\u0645\u064f\u0642\u062f\u0651\u0631":"\u062f\u0642\u064a\u0642\u0629 \u0648\u0627\u062d\u062f\u0629"},"schema":{"@context":"https:\/\/schema.org","@graph":[{"@type":"WebPage","@id":"https:\/\/onaaph.dz\/fr_fr\/produit\/orthese-plantaire-classique\/","url":"https:\/\/onaaph.dz\/fr_fr\/produit\/orthese-plantaire-classique\/","name":"PROTHESE DEFINITIVE TIBIALE - ONAAPH","isPartOf":{"@id":"https:\/\/onaaph-staging.myndall.com\/#website"},"primaryImageOfPage":{"@id":"https:\/\/onaaph.dz\/fr_fr\/produit\/orthese-plantaire-classique\/#primaryimage"},"image":{"@id":"https:\/\/onaaph.dz\/fr_fr\/produit\/orthese-plantaire-classique\/#primaryimage"},"thumbnailUrl":"https:\/\/onaaph.dz\/wp-content\/uploads\/2018\/11\/WhatsApp-Image-2026-03-09-at-09.30.22-1.jpeg","datePublished":"2018-11-21T15:07:58+00:00","dateModified":"2026-03-09T09:53:54+00:00","breadcrumb":{"@id":"https:\/\/onaaph.dz\/fr_fr\/produit\/orthese-plantaire-classique\/#breadcrumb"},"inLanguage":"ar","potentialAction":[{"@type":"ReadAction","target":["https:\/\/onaaph.dz\/fr_fr\/produit\/orthese-plantaire-classique\/"]}]},{"@type":"ImageObject","inLanguage":"ar","@id":"https:\/\/onaaph.dz\/fr_fr\/produit\/orthese-plantaire-classique\/#primaryimage","url":"https:\/\/onaaph.dz\/wp-content\/uploads\/2018\/11\/WhatsApp-Image-2026-03-09-at-09.30.22-1.jpeg","contentUrl":"https:\/\/onaaph.dz\/wp-content\/uploads\/2018\/11\/WhatsApp-Image-2026-03-09-at-09.30.22-1.jpeg","width":411,"height":300},{"@type":"BreadcrumbList","@id":"https:\/\/onaaph.dz\/fr_fr\/produit\/orthese-plantaire-classique\/#breadcrumb","itemListElement":[{"@type":"ListItem","position":1,"name":"\u0627\u0644\u0631\u0626\u064a\u0633\u064a\u0629","item":"https:\/\/onaaph.dz\/"},{"@type":"ListItem","position":2,"name":"Produits","item":"http:\/\/staging.onaaph.dz\/shop\/"},{"@type":"ListItem","position":3,"name":"PROTHESE DEFINITIVE TIBIALE"}]},{"@type":"WebSite","@id":"https:\/\/onaaph-staging.myndall.com\/#website","url":"https:\/\/onaaph-staging.myndall.com\/","name":"ONAAPH","description":"onaaph","potentialAction":[{"@type":"SearchAction","target":{"@type":"EntryPoint","urlTemplate":"https:\/\/onaaph-staging.myndall.com\/?s={search_term_string}"},"query-input":{"@type":"PropertyValueSpecification","valueRequired":true,"valueName":"search_term_string"}}],"inLanguage":"ar"}]}},"_links":{"self":[{"href":"https:\/\/onaaph.dz\/ar_ar\/wp-json\/wp\/v2\/product\/1091","targetHints":{"allow":["GET"]}}],"collection":[{"href":"https:\/\/onaaph.dz\/ar_ar\/wp-json\/wp\/v2\/product"}],"about":[{"href":"https:\/\/onaaph.dz\/ar_ar\/wp-json\/wp\/v2\/types\/product"}],"wp:featuredmedia":[{"embeddable":true,"href":"https:\/\/onaaph.dz\/ar_ar\/wp-json\/wp\/v2\/media\/4366"}],"wp:attachment":[{"href":"https:\/\/onaaph.dz\/ar_ar\/wp-json\/wp\/v2\/media?parent=1091"}],"wp:term":[{"taxonomy":"product_brand","embeddable":true,"href":"https:\/\/onaaph.dz\/ar_ar\/wp-json\/wp\/v2\/product_brand?post=1091"},{"taxonomy":"product_cat","embeddable":true,"href":"https:\/\/onaaph.dz\/ar_ar\/wp-json\/wp\/v2\/product_cat?post=1091"},{"taxonomy":"product_tag","embeddable":true,"href":"https:\/\/onaaph.dz\/ar_ar\/wp-json\/wp\/v2\/product_tag?post=1091"}],"curies":[{"name":"wp","href":"https:\/\/api.w.org\/{rel}","templated":true}]}}