{"id":894,"date":"2018-11-07T11:47:54","date_gmt":"2018-11-07T10:47:54","guid":{"rendered":"http:\/\/edjazair.com\/mysite\/?page_id=894"},"modified":"2020-07-01T10:29:04","modified_gmt":"2020-07-01T09:29:04","slug":"liens-utiles","status":"publish","type":"page","link":"https:\/\/onaaph.dz\/ar_ar\/liens-utiles\/","title":{"rendered":"\u0631\u0648\u0627\u0628\u0637 \u0645\u0647\u0645\u0629"},"content":{"rendered":"<div class=\"wpb-content-wrapper\"><div class=\"vc_row wpb_row vc_row-fluid\"><div class=\"wpb_column vc_column_container vc_col-sm-12\"><div class=\"vc_column-inner\"><div class=\"wpb_wrapper\">\n\t<div class=\"wpb_text_column wpb_content_element wpb_animate_when_almost_visible wpb_fadeInDown fadeInDown\" >\n\t\t<div class=\"wpb_wrapper\">\n\t\t\t<h1>\u0627\u0644\u0648\u0632\u0627\u0631\u0627\u062a<\/h1>\n<h3>\u0648\u0632\u0627\u0631\u0629 \u0627\u0644\u0639\u0645\u0644 \u0648\u0627\u0644\u062a\u0634\u063a\u064a\u0644 \u0648\u0627\u0644\u0636\u0645\u0627\u0646 \u0627\u0644\u0627\u062c\u062a\u0645\u0627\u0639\u064a<\/h3>\n<p><a href=\"https:\/\/www.mtess.gov.dz\/ar\/\">https:\/\/www.mtess.gov.dz\/ar\/<\/a><\/p>\n<p>&nbsp;<\/p>\n<h3>\u0648\u0632\u0627\u0631\u0629 \u0627\u0644\u062a\u0636\u0627\u0645\u0646 \u0627\u0644\u0648\u0637\u0646\u064a \u0648\u0627\u0644\u0623\u0633\u0631\u0629 \u0648\u0642\u0636\u0627\u064a\u0627 \u0627\u0644\u0645\u0631\u0623\u0629<\/h3>\n<p>&nbsp;<\/p>\n<p><a href=\"https:\/\/www.msnfcf.gov.dz\/\">https:\/\/www.msnfcf.gov.dz\/<\/a><\/p>\n<p>&nbsp;<\/p>\n<h1>\u0627\u0644\u0647\u064a\u0626\u0627\u062a \u062a\u062d\u062a \u0627\u0644\u0648\u0635\u0627\u064a\u0629<\/h1>\n<h3>\u0627\u0644\u0635\u0646\u062f\u0648\u0642 \u0627\u0644\u0648\u0637\u0646\u064a \u0644\u0644\u062a\u0623\u0645\u064a\u0646\u0627\u062a \u0627\u0644\u0625\u062c\u062a\u0645\u0627\u0639\u064a\u0629 \u0644\u0644\u0639\u0645\u0627\u0644 \u0627\u0644\u0623\u062c\u0631\u0627\u0621<\/h3>\n<p>&nbsp;<\/p>\n<p><a href=\"http:\/\/www.cnas.dz\/?q=ar\">http:\/\/www.cnas.dz\/?q=ar<\/a><\/p>\n<p>&nbsp;<\/p>\n<h3>\u0627\u0644\u0635\u0646\u062f\u0648\u0642 \u0627\u0644\u0648\u0637\u0646\u064a \u0644\u0644\u062a\u0623\u0645\u064a\u0646\u0627\u062a \u0627\u0644\u0625\u062c\u062a\u0645\u0627\u0639\u064a\u0629 \u0644\u0644\u0639\u0645\u0627\u0644 \u063a\u064a\u0631 \u0627\u0644\u0623\u062c\u0631\u0627\u0621<\/h3>\n<p>&nbsp;<\/p>\n<p><a href=\"https:\/\/casnos.com.dz\/\">https:\/\/casnos.com.dz\/<\/a><\/p>\n<p>&nbsp;<\/p>\n<h3>\u0627\u0644\u0635\u0646\u062f\u0648\u0642 \u0627\u0644\u0648\u0637\u0646\u064a \u0644\u0644\u062a\u0623\u0645\u064a\u0646 \u0636\u062f \u0627\u0644\u0628\u0637\u0627\u0644\u0629<\/h3>\n<p>&nbsp;<\/p>\n<p><a href=\"https:\/\/www.cnac.dz\/\">https:\/\/www.cnac.dz\/<\/a><\/p>\n<p>&nbsp;<\/p>\n<h3>\u0627\u0644\u0635\u0646\u062f\u0648\u0642 \u0627\u0644\u0648\u0637\u0646\u064a \u0644\u0644\u0639\u0637\u0644 \u0627\u0644\u0645\u062f\u0641\u0648\u0639\u0629 \u0627\u0644\u0623\u062c\u0631 \u0648\u0627\u0644\u0628\u0637\u0627\u0644\u0629 \u0627\u0644\u0646\u0627\u062c\u0645\u0629 \u0639\u0646 \u0633\u0648\u0621 \u0627\u0644\u0623\u062d\u0648\u0627\u0644 \u0627\u0644\u062c\u0648\u064a\u0629 \u0644\u0642\u0637\u0627\u0639\u0627\u062a \u0627\u0644\u0628\u0646\u0627\u0621 \u0648\u0627\u0644\u0623\u0634\u063a\u0627\u0644 \u0627\u0644\u0639\u0645\u0648\u0645\u064a\u0629 \u0648\u0627\u0644\u0631\u064a<\/h3>\n<p>&nbsp;<\/p>\n<p><a href=\"http:\/\/www.cacobatph.dz\/\">http:\/\/www.cacobatph.dz\/<\/a><\/p>\n<p>&nbsp;<\/p>\n<h3>\u0647\u064a\u0626\u0629 \u0627\u0644\u0648\u0642\u0627\u064a\u0629 \u0645\u0646 \u0627\u0644\u0623\u062e\u0637\u0627\u0631 \u0627\u0644\u0645\u0647\u0646\u064a\u0629 \u0641\u064a \u0646\u0634\u0627\u0637\u0627\u062a \u0627\u0644\u0628\u0646\u0627\u0621 \u0648\u0627\u0644\u0623\u0634\u063a\u0627\u0644 \u0627\u0644\u0639\u0645\u0648\u0645\u064a\u0629 \u0648\u0627\u0644\u0631\u064a<\/h3>\n<p>&nbsp;<\/p>\n<p><a href=\"http:\/\/www.oprebatph.org\/\">http:\/\/www.oprebatph.org\/<\/a><\/p>\n<p>&nbsp;<\/p>\n<h3>\u0635\u0646\u062f\u0648\u0642 \u0627\u0644\u062a\u0642\u0627\u0639\u062f \u0627\u0644\u0648\u0637\u0646\u064a<\/h3>\n<p>&nbsp;<\/p>\n<p><a href=\"http:\/\/www.cnr-dz.com\/\">http:\/\/www.cnr-dz.com\/<\/a><\/p>\n<p>&nbsp;<\/p>\n<h3>\u0627\u0644\u0635\u0646\u062f\u0648\u0642 \u0627\u0644\u0648\u0637\u0646\u064a \u0644\u0645\u0639\u0627\u062f\u0644\u0629 \u0627\u0644\u062e\u062f\u0645\u0627\u062a \u0627\u0644\u0627\u062c\u062a\u0645\u0627\u0639\u064a\u0629<\/h3>\n<p>&nbsp;<\/p>\n<p><a href=\"http:\/\/www.mtess.gov.dz\/index.php\/fr\/a-propos-du-ministere\/le-ministere\/organismes-sous-tutelles#\">http:\/\/www.mtess.gov.dz\/index.php\/fr\/a-propos-du-ministere\/le-ministere\/organismes-sous-tutelles#<\/a><\/p>\n<p>&nbsp;<\/p>\n<h3>\u0627\u0644\u0648\u0643\u0627\u0644\u0629 \u0627\u0644\u0648\u0637\u0646\u064a\u0629 \u0644\u0644\u062a\u0634\u063a\u064a\u0644<\/h3>\n<p>&nbsp;<\/p>\n<p><a href=\"http:\/\/www.anem.dz\/\">http:\/\/www.anem.dz\/<\/a><\/p>\n<p>&nbsp;<\/p>\n<h3>\u0627\u0644\u0645\u0639\u0647\u062f \u0627\u0644\u0648\u0637\u0646\u064a \u0644\u0644\u0639\u0645\u0644<\/h3>\n<p>&nbsp;<\/p>\n<p><a href=\"http:\/\/www.int.dz\/\">http:\/\/www.int.dz\/<\/a><\/p>\n<p>&nbsp;<\/p>\n<h3>\u0627\u0644\u0645\u0639\u0647\u062f \u0627\u0644\u0648\u0637\u0646\u0640\u064a \u0644\u0644\u0648\u0642\u0640\u0627\u064a\u0629 \u0645\u0646 \u0627\u0644\u0623\u062e\u0637\u0640\u0627\u0631 \u0627\u0644\u0645\u0647\u0646\u064a\u0629<\/h3>\n<p>&nbsp;<\/p>\n<p><a href=\"http:\/\/www.inprp-dz.com\/\">http:\/\/www.inprp-dz.com\/<\/a><\/p>\n<p>&nbsp;<\/p>\n<h3>\u0645\u0646\u0638\u0645\u0629 \u0627\u0644\u0635\u062d\u0629 \u0627\u0644\u0645\u0647\u0646\u064a\u0629<\/h3>\n<p>&nbsp;<\/p>\n<p><a href=\"http:\/\/prestimed.com\/\">http:\/\/prestimed.com\/<\/a><\/p>\n\n\t\t<\/div>\n\t<\/div>\n<\/div><\/div><\/div><\/div>\n<\/div>","protected":false},"excerpt":{"rendered":"Minist\u00e8res Minist\u00e8re du Travail, de l\u2019Emploi et de la S\u00e9curit\u00e9 Sociale http:\/\/www.mtess.gov.dz\/index.php\/fr\/ &nbsp; Minist\u00e8re de la Solidarit\u00e9 Nationale de la Famille et de la Condition de la Femme &nbsp; http:\/\/www.msnfcf.gov.dz\/fr\/ &nbsp; Organismes sous-tutelle Caisse Nationale des Assurances Sociales des Travailleurs Salari\u00e9s &nbsp; http:\/\/www.cnas.dz\/?q=ar &nbsp; Caisse Nationale de s\u00e9curit\u00e9 Sociale des Non Salari\u00e9s &nbsp; https:\/\/casnos.com.dz\/ &nbsp; &hellip;","protected":false},"author":1,"featured_media":0,"parent":0,"menu_order":0,"comment_status":"closed","ping_status":"closed","template":"","meta":{"inline_featured_image":false,"footnotes":""},"class_list":["post-894","page","type-page","status-publish",""],"yoast_head":"<!-- This site is optimized with the Yoast SEO plugin v27.2 - https:\/\/yoast.com\/product\/yoast-seo-wordpress\/ -->\n<title>Liens Utiles - ONAAPH<\/title>\n<meta name=\"robots\" content=\"index, follow, max-snippet:-1, max-image-preview:large, max-video-preview:-1\" \/>\n<link rel=\"canonical\" href=\"http:\/\/staging.onaaph.dz\/liens-utiles\/\" \/>\n<meta property=\"og:locale\" content=\"ar_AR\" \/>\n<meta property=\"og:type\" content=\"article\" \/>\n<meta property=\"og:title\" content=\"Liens Utiles - ONAAPH\" \/>\n<meta property=\"og:url\" content=\"http:\/\/staging.onaaph.dz\/liens-utiles\/\" \/>\n<meta property=\"og:site_name\" content=\"ONAAPH\" \/>\n<meta property=\"article:modified_time\" content=\"2020-07-01T09:29:04+00:00\" \/>\n<meta name=\"twitter:card\" content=\"summary_large_image\" \/>\n<meta name=\"twitter:label1\" content=\"\u0648\u0642\u062a \u0627\u0644\u0642\u0631\u0627\u0621\u0629 \u0627\u0644\u0645\u064f\u0642\u062f\u0651\u0631\" \/>\n\t<meta name=\"twitter:data1\" content=\"\u062f\u0642\u064a\u0642\u0629 \u0648\u0627\u062d\u062f\u0629\" \/>\n<script type=\"application\/ld+json\" class=\"yoast-schema-graph\">{\"@context\":\"https:\/\/schema.org\",\"@graph\":[{\"@type\":\"WebPage\",\"@id\":\"http:\/\/staging.onaaph.dz\/liens-utiles\/\",\"url\":\"http:\/\/staging.onaaph.dz\/liens-utiles\/\",\"name\":\"Liens Utiles - ONAAPH\",\"isPartOf\":{\"@id\":\"https:\/\/onaaph-staging.myndall.com\/#website\"},\"datePublished\":\"2018-11-07T10:47:54+00:00\",\"dateModified\":\"2020-07-01T09:29:04+00:00\",\"breadcrumb\":{\"@id\":\"http:\/\/staging.onaaph.dz\/liens-utiles\/#breadcrumb\"},\"inLanguage\":\"ar\",\"potentialAction\":[{\"@type\":\"ReadAction\",\"target\":[\"http:\/\/staging.onaaph.dz\/liens-utiles\/\"]}]},{\"@type\":\"BreadcrumbList\",\"@id\":\"http:\/\/staging.onaaph.dz\/liens-utiles\/#breadcrumb\",\"itemListElement\":[{\"@type\":\"ListItem\",\"position\":1,\"name\":\"\u0627\u0644\u0631\u0626\u064a\u0633\u064a\u0629\",\"item\":\"https:\/\/onaaph.dz\/\"},{\"@type\":\"ListItem\",\"position\":2,\"name\":\"Liens Utiles\"}]},{\"@type\":\"WebSite\",\"@id\":\"https:\/\/onaaph-staging.myndall.com\/#website\",\"url\":\"https:\/\/onaaph-staging.myndall.com\/\",\"name\":\"ONAAPH\",\"description\":\"onaaph\",\"potentialAction\":[{\"@type\":\"SearchAction\",\"target\":{\"@type\":\"EntryPoint\",\"urlTemplate\":\"https:\/\/onaaph-staging.myndall.com\/?s={search_term_string}\"},\"query-input\":{\"@type\":\"PropertyValueSpecification\",\"valueRequired\":true,\"valueName\":\"search_term_string\"}}],\"inLanguage\":\"ar\"}]}<\/script>\n<!-- \/ Yoast SEO plugin. -->","yoast_head_json":{"title":"Liens Utiles - ONAAPH","robots":{"index":"index","follow":"follow","max-snippet":"max-snippet:-1","max-image-preview":"max-image-preview:large","max-video-preview":"max-video-preview:-1"},"canonical":"http:\/\/staging.onaaph.dz\/liens-utiles\/","og_locale":"ar_AR","og_type":"article","og_title":"Liens Utiles - ONAAPH","og_url":"http:\/\/staging.onaaph.dz\/liens-utiles\/","og_site_name":"ONAAPH","article_modified_time":"2020-07-01T09:29:04+00:00","twitter_card":"summary_large_image","twitter_misc":{"\u0648\u0642\u062a \u0627\u0644\u0642\u0631\u0627\u0621\u0629 \u0627\u0644\u0645\u064f\u0642\u062f\u0651\u0631":"\u062f\u0642\u064a\u0642\u0629 \u0648\u0627\u062d\u062f\u0629"},"schema":{"@context":"https:\/\/schema.org","@graph":[{"@type":"WebPage","@id":"http:\/\/staging.onaaph.dz\/liens-utiles\/","url":"http:\/\/staging.onaaph.dz\/liens-utiles\/","name":"Liens Utiles - ONAAPH","isPartOf":{"@id":"https:\/\/onaaph-staging.myndall.com\/#website"},"datePublished":"2018-11-07T10:47:54+00:00","dateModified":"2020-07-01T09:29:04+00:00","breadcrumb":{"@id":"http:\/\/staging.onaaph.dz\/liens-utiles\/#breadcrumb"},"inLanguage":"ar","potentialAction":[{"@type":"ReadAction","target":["http:\/\/staging.onaaph.dz\/liens-utiles\/"]}]},{"@type":"BreadcrumbList","@id":"http:\/\/staging.onaaph.dz\/liens-utiles\/#breadcrumb","itemListElement":[{"@type":"ListItem","position":1,"name":"\u0627\u0644\u0631\u0626\u064a\u0633\u064a\u0629","item":"https:\/\/onaaph.dz\/"},{"@type":"ListItem","position":2,"name":"Liens Utiles"}]},{"@type":"WebSite","@id":"https:\/\/onaaph-staging.myndall.com\/#website","url":"https:\/\/onaaph-staging.myndall.com\/","name":"ONAAPH","description":"onaaph","potentialAction":[{"@type":"SearchAction","target":{"@type":"EntryPoint","urlTemplate":"https:\/\/onaaph-staging.myndall.com\/?s={search_term_string}"},"query-input":{"@type":"PropertyValueSpecification","valueRequired":true,"valueName":"search_term_string"}}],"inLanguage":"ar"}]}},"_links":{"self":[{"href":"https:\/\/onaaph.dz\/ar_ar\/wp-json\/wp\/v2\/pages\/894","targetHints":{"allow":["GET"]}}],"collection":[{"href":"https:\/\/onaaph.dz\/ar_ar\/wp-json\/wp\/v2\/pages"}],"about":[{"href":"https:\/\/onaaph.dz\/ar_ar\/wp-json\/wp\/v2\/types\/page"}],"author":[{"embeddable":true,"href":"https:\/\/onaaph.dz\/ar_ar\/wp-json\/wp\/v2\/users\/1"}],"replies":[{"embeddable":true,"href":"https:\/\/onaaph.dz\/ar_ar\/wp-json\/wp\/v2\/comments?post=894"}],"version-history":[{"count":5,"href":"https:\/\/onaaph.dz\/ar_ar\/wp-json\/wp\/v2\/pages\/894\/revisions"}],"predecessor-version":[{"id":1707,"href":"https:\/\/onaaph.dz\/ar_ar\/wp-json\/wp\/v2\/pages\/894\/revisions\/1707"}],"wp:attachment":[{"href":"https:\/\/onaaph.dz\/ar_ar\/wp-json\/wp\/v2\/media?parent=894"}],"curies":[{"name":"wp","href":"https:\/\/api.w.org\/{rel}","templated":true}]}}