{"id":801,"date":"2018-11-04T13:01:49","date_gmt":"2018-11-04T12:01:49","guid":{"rendered":"http:\/\/edjazair.com\/mysite\/?page_id=801"},"modified":"2026-03-10T10:36:06","modified_gmt":"2026-03-10T09:36:06","slug":"aides-sanitaires","status":"publish","type":"page","link":"https:\/\/onaaph.dz\/ar_ar\/aides-sanitaires\/","title":{"rendered":"\u0627\u0644\u0645\u0633\u0627\u0639\u062f\u0627\u062a \u0627\u0644\u062a\u0642\u0646\u064a\u0629 \u0627\u0644\u0635\u062d\u064a\u0629"},"content":{"rendered":"<div class=\"wpb-content-wrapper\"><div class=\"vc_row wpb_row vc_row-fluid vc_row-o-content-middle vc_row-flex\"><div data-vc-parallax=\"1.5\" class=\"wpb_column vc_column_container vc_col-sm-12 vc_col-has-fill vc_general vc_parallax vc_parallax-content-moving\"><div class=\"vc_column-inner\"><div class=\"wpb_wrapper\">\n<div class=\"vc_grid-container-wrapper vc_clearfix vc_grid-animation-none\">\n\t<div class=\"vc_grid-container vc_clearfix wpb_content_element vc_basic_grid\" data-initial-loading-animation=\"none\" data-vc-grid-settings=\"{&quot;page_id&quot;:801,&quot;style&quot;:&quot;lazy&quot;,&quot;action&quot;:&quot;vc_get_vc_grid_data&quot;,&quot;shortcode_id&quot;:&quot;1773135424759-7006d214bc515878baa219297dc77374-2&quot;,&quot;items_per_page&quot;:&quot;10&quot;,&quot;tag&quot;:&quot;vc_basic_grid&quot;}\" data-vc-request=\"https:\/\/onaaph.dz\/wp-admin\/admin-ajax.php\" data-vc-post-id=\"801\" data-vc-public-nonce=\"034622d545\">\n\t\t<style data-type=\"vc_shortcodes-custom-css\">.vc_custom_1544002185307{padding-right: 15px !important;padding-left: 15px !important;background-color: #2677bf !important;}<\/style><div class=\"vc_grid vc_row vc_grid-gutter-30px vc_pageable-wrapper vc_hook_hover\" data-vc-pageable-content=\"true\"><div class=\"vc_pageable-slide-wrapper vc_clearfix\" data-vc-grid-content=\"true\"><div class=\"vc_grid-item vc_clearfix vc_col-sm-4\"><div class=\"vc_grid-item-mini vc_clearfix\"><div class=\"vc_gitem-animated-block  vc_gitem-animate vc_gitem-animate-slideTop\"  data-vc-animation=\"slideTop\"><div class=\"vc_gitem-zone vc_gitem-zone-a vc-gitem-zone-height-mode-auto vc-gitem-zone-height-mode-auto-1-1 vc_gitem-is-link\" style=\"background-image: url('https:\/\/onaaph.dz\/wp-content\/uploads\/2026\/03\/POCHES-COLOSTOMIE-724x1024.png') !important;\"><a href=\"https:\/\/onaaph.dz\/ar_ar\/product\/poches-colostomie\/\" title=\"\u0623\u0643\u064a\u0627\u0633 \u0641\u063a\u0631\u0629 \u0627\u0644\u0642\u0648\u0644\u0648\u0646\u00a0\" class=\"vc_gitem-link vc-zone-link\" ><\/a><img decoding=\"async\" class=\"vc_gitem-zone-img\" src=\"https:\/\/onaaph.dz\/wp-content\/uploads\/2026\/03\/POCHES-COLOSTOMIE-724x1024.png\" alt=\"POCHES COLOSTOMIE\u00a0\" loading=\"lazy\"><div class=\"vc_gitem-zone-mini\"><\/div><\/div><div class=\"vc_gitem-zone vc_gitem-zone-b vc_custom_1544002185307 vc-gitem-zone-height-mode-auto\"><div class=\"vc_gitem-zone-mini\"><div class=\"vc_gitem_row vc_row vc_gitem-row-position-middle\"><div class=\"vc_col-sm-12 vc_gitem-col vc_gitem-col-align-\"><div class=\"vc_custom_heading vc_gitem-post-data vc_gitem-post-data-source-post_title\" ><div style=\"font-size: 24px;color: #ffffff;line-height: 1.2;text-align: left;font-family:Montserrat;font-weight:700;font-style:normal\" >\u0623\u0643\u064a\u0627\u0633 \u0641\u063a\u0631\u0629 \u0627\u0644\u0642\u0648\u0644\u0648\u0646\u00a0<\/div><\/div><div class=\"vc_custom_heading vc_gitem-post-data vc_gitem-post-data-source-post_excerpt\" ><div style=\"font-size: 14px;color: #ffffff;line-height: 1.3;text-align: left;font-family:Roboto;font-weight:400;font-style:normal\" ><p>\u0647\u0640\u064a \u0623\u0643\u064a\u0640\u0627\u0633 \u0637\u0628\u064a\u0640\u0629 \u062a\u0633\u062a\u0640\u062e\u062f\u0645 \u0644\u0640\u062c\u0645\u0640\u0639 \u0627\u0644\u0641\u0636\u0644\u0627\u062a \u0645\u0646 \u0627\u0644\u0623\u0634\u062e\u0640\u0627\u0635 \u0627\u0644\u0630\u064a\u0640\u0646 \u062e\u0636\u0639\u0640\u0648\u0627 \u0644\u062c\u0631\u0627\u062d\u0629 \u0627\u0644\u0642\u0648\u0644\u0648\u0646 (\u0627\u0644\u0627\u0633\u062a\u0626\u0635\u0627\u0644 \u0627\u0644\u0643\u0648\u0644\u0648\u0646\u064a) \u062d\u064a\u062b \u064a\u062a\u0645 \u062a\u0635\u0631\u064a\u0641 \u0627\u0644\u0641\u0636\u0644\u0627\u062a \u0639\u0628\u0631 \u0641\u062a\u0640\u062d\u0629 \u062e\u0627\u0635\u0640\u0629 \u0641\u0640\u0640\u064a \u0627\u0644\u0628\u0637\u0640\u0640\u0646. \n\u062a\u0648\u0641\u0640\u0631 \u0647\u0630\u0647 \u0627\u0644\u0623\u0643\u064a\u0627\u0633 \u0627\u0644\u0631\u0627\u062d\u0629 \u0648\u062a\u0633\u0627\u0639\u062f \u0639\u0644\u0649 \u0627\u0644\u062d\u0641\u0627\u0638 \u0639\u0644\u0649 \u0627\u0644\u0646\u0638\u0627\u0641\u0629 \u0627\u0644\u0634\u062e\u0635\u064a\u0629 \u0644\u0644\u0645\u0631\u064a\u0636 \u0628\u0639\u0640\u0640\u062f \u0627\u0644\u0640\u062c\u0640\u0640\u0631\u0627\u062d\u0629.<\/p>\n<\/div><\/div><div class=\"vc_btn3-container vc_btn3-left\"><a class=\"vc_general vc_btn3 vc_btn3-size-md vc_btn3-shape-square vc_btn3-style-outline vc_btn3-color-white\" a href=\"https:\/\/onaaph.dz\/ar_ar\/product\/poches-colostomie\/\" title=\"\u0627\u0642\u0631\u0623 \u0627\u0644\u0645\u0632\u064a\u062f\">\u0627\u0642\u0631\u0623 \u0627\u0644\u0645\u0632\u064a\u062f<\/a><\/div><\/div><\/div><\/div><\/div><\/div><\/div><div class=\"vc_clearfix\"><\/div><\/div><div class=\"vc_grid-item vc_clearfix vc_col-sm-4\"><div class=\"vc_grid-item-mini vc_clearfix\"><div class=\"vc_gitem-animated-block  vc_gitem-animate vc_gitem-animate-slideTop\"  data-vc-animation=\"slideTop\"><div class=\"vc_gitem-zone vc_gitem-zone-a vc-gitem-zone-height-mode-auto vc-gitem-zone-height-mode-auto-1-1 vc_gitem-is-link\" style=\"background-image: url('https:\/\/onaaph.dz\/wp-content\/uploads\/2026\/03\/WhatsApp-Image-2026-03-12-at-10.22.30-1.jpeg') !important;\"><a href=\"https:\/\/onaaph.dz\/ar_ar\/product\/poche-ileostomie\/\" title=\"\u0623\u0643\u064a\u0627\u0633 \u0627\u0644\u0641\u063a\u0631\u0629 \u0627\u0644\u0644\u0641\u0627\u0626\u064a\u0629\" class=\"vc_gitem-link vc-zone-link\" ><\/a><img decoding=\"async\" class=\"vc_gitem-zone-img\" src=\"https:\/\/onaaph.dz\/wp-content\/uploads\/2026\/03\/WhatsApp-Image-2026-03-12-at-10.22.30-1.jpeg\" alt=\"POCHE ILEOSTOMIE\" loading=\"lazy\"><div class=\"vc_gitem-zone-mini\"><\/div><\/div><div class=\"vc_gitem-zone vc_gitem-zone-b vc_custom_1544002185307 vc-gitem-zone-height-mode-auto\"><div class=\"vc_gitem-zone-mini\"><div class=\"vc_gitem_row vc_row vc_gitem-row-position-middle\"><div class=\"vc_col-sm-12 vc_gitem-col vc_gitem-col-align-\"><div class=\"vc_custom_heading vc_gitem-post-data vc_gitem-post-data-source-post_title\" ><div style=\"font-size: 24px;color: #ffffff;line-height: 1.2;text-align: left;font-family:Montserrat;font-weight:700;font-style:normal\" >\u0623\u0643\u064a\u0627\u0633 \u0627\u0644\u0641\u063a\u0631\u0629 \u0627\u0644\u0644\u0641\u0627\u0626\u064a\u0629<\/div><\/div><div class=\"vc_custom_heading vc_gitem-post-data vc_gitem-post-data-source-post_excerpt\" ><div style=\"font-size: 14px;color: #ffffff;line-height: 1.3;text-align: left;font-family:Roboto;font-weight:400;font-style:normal\" ><p>\u064a\u0640\u064f\u0633\u062a\u0640\u0640\u062e\u062f\u0645 \u0644\u0640\u0640\u062c\u0645\u0640\u0639 \u0627\u0644\u0640\u0640\u0640\u0641\u0636\u0640\u0644\u0627\u062a \u0645\u0640\u0646 \u0627\u0644\u0623\u0634\u062e\u0640\u0640\u0627\u0635 \u0627\u0644\u0630\u064a\u0640\u0646 \u062e\u0636\u0640\u0639\u0648\u0627 \u0644\u0640\u062c\u0631\u0627\u062d\u0640\u0640\u0629 \u0625\u064a\u0644\u064a\u0640\u0640\u0648\u0633\u062a\u0648\u0645\u064a \u060c  \u062d\u064a\u0640\u0640\u0640\u062b  \u064a\u062a\u0640\u0645 \u062a\u0648\u062c\u064a\u0640\u0647 \u0627\u0644\u0623\u0645\u0639\u0627\u0621 \u0627\u0644\u062f\u0642\u064a\u0642\u0629 (\u0627\u0644\u0625\u064a\u0644\u064a\u0648\u0645) \u0625\u0644\u0640\u0640\u0649 \u0641\u062a\u062d\u0640\u0629 \u0641\u064a \u0627\u0644\u0628\u0637\u0646. \u064a\u0633\u0627\u0639\u062f \u0627\u0644\u0643\u064a\u0633 \u0639\u0644\u0649 \u062c\u0645\u0639 \u0627\u0644\u0641\u0636\u0644\u0627\u062a \u0628\u0634\u0643\u0644 \u0622\u0645\u0646 \u0648\u0631\u0627\u062d\u0629 \u0644\u0644\u0645\u0631\u064a\u0636.<\/p>\n<\/div><\/div><div class=\"vc_btn3-container vc_btn3-left\"><a class=\"vc_general vc_btn3 vc_btn3-size-md vc_btn3-shape-square vc_btn3-style-outline vc_btn3-color-white\" a href=\"https:\/\/onaaph.dz\/ar_ar\/product\/poche-ileostomie\/\" title=\"\u0627\u0642\u0631\u0623 \u0627\u0644\u0645\u0632\u064a\u062f\">\u0627\u0642\u0631\u0623 \u0627\u0644\u0645\u0632\u064a\u062f<\/a><\/div><\/div><\/div><\/div><\/div><\/div><\/div><div class=\"vc_clearfix\"><\/div><\/div><div class=\"vc_grid-item vc_clearfix vc_col-sm-4\"><div class=\"vc_grid-item-mini vc_clearfix\"><div class=\"vc_gitem-animated-block  vc_gitem-animate vc_gitem-animate-slideTop\"  data-vc-animation=\"slideTop\"><div class=\"vc_gitem-zone vc_gitem-zone-a vc-gitem-zone-height-mode-auto vc-gitem-zone-height-mode-auto-1-1 vc_gitem-is-link\" style=\"background-image: url('https:\/\/onaaph.dz\/wp-content\/uploads\/2026\/03\/WhatsApp-Image-2026-03-12-at-10.22.30-2.jpeg') !important;\"><a href=\"https:\/\/onaaph.dz\/ar_ar\/product\/poche-urostomie\/\" title=\"\u0623\u0643\u064a\u0627\u0633 \u0627\u0644\u0641\u063a\u0631\u0629 \u0627\u0644\u0628\u0648\u0644\u064a\u0629\" class=\"vc_gitem-link vc-zone-link\" ><\/a><img decoding=\"async\" class=\"vc_gitem-zone-img\" src=\"https:\/\/onaaph.dz\/wp-content\/uploads\/2026\/03\/WhatsApp-Image-2026-03-12-at-10.22.30-2.jpeg\" alt=\"POCHE UROSTOMIE\" loading=\"lazy\"><div class=\"vc_gitem-zone-mini\"><\/div><\/div><div class=\"vc_gitem-zone vc_gitem-zone-b vc_custom_1544002185307 vc-gitem-zone-height-mode-auto\"><div class=\"vc_gitem-zone-mini\"><div class=\"vc_gitem_row vc_row vc_gitem-row-position-middle\"><div class=\"vc_col-sm-12 vc_gitem-col vc_gitem-col-align-\"><div class=\"vc_custom_heading vc_gitem-post-data vc_gitem-post-data-source-post_title\" ><div style=\"font-size: 24px;color: #ffffff;line-height: 1.2;text-align: left;font-family:Montserrat;font-weight:700;font-style:normal\" >\u0623\u0643\u064a\u0627\u0633 \u0627\u0644\u0641\u063a\u0631\u0629 \u0627\u0644\u0628\u0648\u0644\u064a\u0629<\/div><\/div><div class=\"vc_custom_heading vc_gitem-post-data vc_gitem-post-data-source-post_excerpt\" ><div style=\"font-size: 14px;color: #ffffff;line-height: 1.3;text-align: left;font-family:Roboto;font-weight:400;font-style:normal\" ><p>\u062a\u0633\u062a\u062e\u062f\u0645 \u0644\u062c\u0645\u0640\u0639 \u0627\u0644\u0628\u0640\u0648\u0644 \u0645\u0640\u0646 \u0627\u0644\u0623\u0634\u062e\u0640\u0627\u0635 \u0627\u0644\u0630\u064a\u0640\u0646  \u062e\u0636\u0640\u0639\u0648\u0627  \u0644\u062c\u0640\u0631\u0627\u062d\u0629  \u0627\u0644\u0623\u0633\u062a\u0648\u0645\u0640\u064a \u0627\u0644\u0628\u0648\u0644\u064a\u0640\u0629\u060c \u062d\u064a\u062b \u064a\u062a\u0640\u0645 \u062a\u0648\u062c\u064a\u0647 \u0627\u0644\u0640\u0645\u0640\u0633\u0627\u0644\u0643 \u0627\u0644\u0628\u0648\u0644\u064a\u0629 \u0625\u0644\u0649 \u0641\u062a\u062d\u0629 \u0641\u0640\u064a \u0627\u0644\u0628\u0637\u0640\u0646. \u064a\u0633\u0627\u0639\u0640\u062f \u0647\u0630\u0627 \u0627\u0644\u0643\u064a\u0633 \u0639\u0644\u0649 \u062c\u0645\u0639 \u0627\u0644\u0628\u0648\u0644 \u0628\u0634\u0643\u0644 \u0622\u0645\u0640\u0640\u0646 \u0648 \u0645\u0640\u0640\u0631\u064a\u062d &nbsp;<\/p>\n<\/div><\/div><div class=\"vc_btn3-container vc_btn3-left\"><a class=\"vc_general vc_btn3 vc_btn3-size-md vc_btn3-shape-square vc_btn3-style-outline vc_btn3-color-white\" a href=\"https:\/\/onaaph.dz\/ar_ar\/product\/poche-urostomie\/\" title=\"\u0627\u0642\u0631\u0623 \u0627\u0644\u0645\u0632\u064a\u062f\">\u0627\u0642\u0631\u0623 \u0627\u0644\u0645\u0632\u064a\u062f<\/a><\/div><\/div><\/div><\/div><\/div><\/div><\/div><div class=\"vc_clearfix\"><\/div><\/div><div class=\"vc_grid-item vc_clearfix vc_col-sm-4\"><div class=\"vc_grid-item-mini vc_clearfix\"><div class=\"vc_gitem-animated-block  vc_gitem-animate vc_gitem-animate-slideTop\"  data-vc-animation=\"slideTop\"><div class=\"vc_gitem-zone vc_gitem-zone-a vc-gitem-zone-height-mode-auto vc-gitem-zone-height-mode-auto-1-1 vc_gitem-is-link\" style=\"background-image: url('https:\/\/onaaph.dz\/wp-content\/uploads\/2026\/03\/PATE-DE-PROTECTION-724x1024.png') !important;\"><a href=\"https:\/\/onaaph.dz\/ar_ar\/product\/pate-de-protection\/\" title=\"\u0645\u0639\u062c\u0648\u0646 \u0648\u0642\u0627\u0626\u064a\" class=\"vc_gitem-link vc-zone-link\" ><\/a><img decoding=\"async\" class=\"vc_gitem-zone-img\" src=\"https:\/\/onaaph.dz\/wp-content\/uploads\/2026\/03\/PATE-DE-PROTECTION-724x1024.png\" alt=\"PATE DE PROTECTION\" loading=\"lazy\"><div class=\"vc_gitem-zone-mini\"><\/div><\/div><div class=\"vc_gitem-zone vc_gitem-zone-b vc_custom_1544002185307 vc-gitem-zone-height-mode-auto\"><div class=\"vc_gitem-zone-mini\"><div class=\"vc_gitem_row vc_row vc_gitem-row-position-middle\"><div class=\"vc_col-sm-12 vc_gitem-col vc_gitem-col-align-\"><div class=\"vc_custom_heading vc_gitem-post-data vc_gitem-post-data-source-post_title\" ><div style=\"font-size: 24px;color: #ffffff;line-height: 1.2;text-align: left;font-family:Montserrat;font-weight:700;font-style:normal\" >\u0645\u0639\u062c\u0648\u0646 \u0648\u0642\u0627\u0626\u064a<\/div><\/div><div class=\"vc_custom_heading vc_gitem-post-data vc_gitem-post-data-source-post_excerpt\" ><div style=\"font-size: 14px;color: #ffffff;line-height: 1.3;text-align: left;font-family:Roboto;font-weight:400;font-style:normal\" ><p>\u064a\u063a\u0644\u0642 \u0627\u0644\u0645\u0633\u0627\u062d\u0627\u062a \u0627\u0644\u0645\u062d\u064a\u0637\u0629 \u0628\u0627\u0644\u0641\u063a\u0631\u0629\u060c \u0648\u064a\u062d\u0645\u064a \u0627\u0644\u062c\u0644\u062f \u0645\u0646 \u0627\u0644\u062a\u0647\u064a\u062c\u060c \u0648\u064a\u0639\u0632\u0632 \u0627\u0644\u062a\u0635\u0627\u0642 \u0623\u062c\u0647\u0632\u0629 \u0627\u0644\u0641\u063a\u0631\u0629.<\/p>\n<\/div><\/div><div class=\"vc_btn3-container vc_btn3-left\"><a class=\"vc_general vc_btn3 vc_btn3-size-md vc_btn3-shape-square vc_btn3-style-outline vc_btn3-color-white\" a href=\"https:\/\/onaaph.dz\/ar_ar\/product\/pate-de-protection\/\" title=\"\u0627\u0642\u0631\u0623 \u0627\u0644\u0645\u0632\u064a\u062f\">\u0627\u0642\u0631\u0623 \u0627\u0644\u0645\u0632\u064a\u062f<\/a><\/div><\/div><\/div><\/div><\/div><\/div><\/div><div class=\"vc_clearfix\"><\/div><\/div><div class=\"vc_grid-item vc_clearfix vc_col-sm-4\"><div class=\"vc_grid-item-mini vc_clearfix\"><div class=\"vc_gitem-animated-block  vc_gitem-animate vc_gitem-animate-slideTop\"  data-vc-animation=\"slideTop\"><div class=\"vc_gitem-zone vc_gitem-zone-a vc-gitem-zone-height-mode-auto vc-gitem-zone-height-mode-auto-1-1 vc_gitem-is-link\" style=\"background-image: url('https:\/\/onaaph.dz\/wp-content\/uploads\/2026\/03\/WhatsApp-Image-2026-03-12-at-10.22.30.jpeg') !important;\"><a href=\"https:\/\/onaaph.dz\/ar_ar\/product\/matelas-anti-escarres\/\" title=\"\u0641\u0631\u0627\u0634 \u0645\u0636\u0627\u062f \u0644\u0644\u062a\u0642\u0631\u062d\u0627\u062a\" class=\"vc_gitem-link vc-zone-link\" ><\/a><img decoding=\"async\" class=\"vc_gitem-zone-img\" src=\"https:\/\/onaaph.dz\/wp-content\/uploads\/2026\/03\/WhatsApp-Image-2026-03-12-at-10.22.30.jpeg\" alt=\"MATELAS ANTI-ESCARRES\" loading=\"lazy\"><div class=\"vc_gitem-zone-mini\"><\/div><\/div><div class=\"vc_gitem-zone vc_gitem-zone-b vc_custom_1544002185307 vc-gitem-zone-height-mode-auto\"><div class=\"vc_gitem-zone-mini\"><div class=\"vc_gitem_row vc_row vc_gitem-row-position-middle\"><div class=\"vc_col-sm-12 vc_gitem-col vc_gitem-col-align-\"><div class=\"vc_custom_heading vc_gitem-post-data vc_gitem-post-data-source-post_title\" ><div style=\"font-size: 24px;color: #ffffff;line-height: 1.2;text-align: left;font-family:Montserrat;font-weight:700;font-style:normal\" >\u0641\u0631\u0627\u0634 \u0645\u0636\u0627\u062f \u0644\u0644\u062a\u0642\u0631\u062d\u0627\u062a<\/div><\/div><div class=\"vc_custom_heading vc_gitem-post-data vc_gitem-post-data-source-post_excerpt\" ><div style=\"font-size: 14px;color: #ffffff;line-height: 1.3;text-align: left;font-family:Roboto;font-weight:400;font-style:normal\" ><p>\u00a0\u0645\u064f\u0640\u0635\u0645\u0645 \u0644\u0640\u0645\u0646\u0640\u0639 \u062a\u0642\u0631\u062d\u0640\u0640\u0627\u062a \u0627\u0644\u0636\u063a\u0640\u0637 \u0645\u0646 \u062e\u0650\u0640\u0640\u0644\u0627\u0644 \u062a\u063a\u064a\u064a\u0640\u0631 \u0627\u0644\u0636\u063a\u0640\u0637 \u0627\u0644\u0640\u0645\u0645\u0640\u0627\u0631\u0633 \u0639\u0644\u0640\u0649 \u0627\u0644\u062c\u0640\u0640\u0644\u062f.\n\u064a\u0633\u062a\u062e\u062f\u0645 \u0646\u0638\u0627\u0645\u064b\u0627 \u0622\u0644\u064a\u064b\u0627 \u0644\u0636\u0628\u0637 \u0645\u0646\u0627\u0637\u0642 \u0627\u0644\u062f\u0639\u0645 \u0628\u0634\u0643\u0644 \u062a\u0644\u0642\u0627\u0626\u064a \u060c \u0645\u0645\u0627 \u064a\u064f\u0639\u0640\u0632\u0632 \u0627\u0644\u0640\u062f\u0648\u0631\u0629 \u0627\u0644\u062f\u0645\u0648\u064a\u0629 \u0648 \u064a\u0642\u0640\u0644\u0644 \u0645\u0646 \u062e\u0640\u0637\u0631 \u0627\u0644\u0625\u0635\u0640\u0627\u0628\u0640\u0629 \u0628\u0642\u0640\u0640\u0631\u062d  \u0627\u0644\u0636\u063a\u0640\u0637. &nbsp;<\/p>\n<\/div><\/div><div class=\"vc_btn3-container vc_btn3-left\"><a class=\"vc_general vc_btn3 vc_btn3-size-md vc_btn3-shape-square vc_btn3-style-outline vc_btn3-color-white\" a href=\"https:\/\/onaaph.dz\/ar_ar\/product\/matelas-anti-escarres\/\" title=\"\u0627\u0642\u0631\u0623 \u0627\u0644\u0645\u0632\u064a\u062f\">\u0627\u0642\u0631\u0623 \u0627\u0644\u0645\u0632\u064a\u062f<\/a><\/div><\/div><\/div><\/div><\/div><\/div><\/div><div class=\"vc_clearfix\"><\/div><\/div><\/div><div data-lazy-loading-btn=\"true\" style=\"display: none;\"><a href=\"https:\/\/onaaph.dz\/ar_ar\/aides-sanitaires\/\"><\/a><\/div><\/div>\n\t<\/div>\n<\/div><\/div><\/div><\/div><\/div>\n<\/div>","protected":false},"excerpt":{"rendered":"<p>\u00a0\u0645\u064f\u0640\u0635\u0645\u0645 \u0644\u0640\u0645\u0646\u0640\u0639 \u062a\u0642\u0631\u062d\u0640\u0640\u0627\u062a \u0627\u0644\u0636\u063a\u0640\u0637 \u0645\u0646 \u062e\u0650\u0640\u0640\u0644\u0627\u0644 \u062a\u063a\u064a\u064a\u0640\u0631 \u0627\u0644\u0636\u063a\u0640\u0637 \u0627\u0644\u0640\u0645\u0645\u0640\u0627\u0631\u0633 \u0639\u0644\u0640\u0649 \u0627\u0644\u062c\u0640\u0640\u0644\u062f.\n\u064a\u0633\u062a\u062e\u062f\u0645 \u0646\u0638\u0627\u0645\u064b\u0627 \u0622\u0644\u064a\u064b\u0627 \u0644\u0636\u0628\u0637 \u0645\u0646\u0627\u0637\u0642 \u0627\u0644\u062f\u0639\u0645 \u0628\u0634\u0643\u0644 \u062a\u0644\u0642\u0627\u0626\u064a \u060c \u0645\u0645\u0627 \u064a\u064f\u0639\u0640\u0632\u0632 \u0627\u0644\u0640\u062f\u0648\u0631\u0629 \u0627\u0644\u062f\u0645\u0648\u064a\u0629 \u0648 \u064a\u0642\u0640\u0644\u0644 \u0645\u0646 \u062e\u0640\u0637\u0631 \u0627\u0644\u0625\u0635\u0640\u0627\u0628\u0640\u0629 \u0628\u0642\u0640\u0640\u0631\u062d  \u0627\u0644\u0636\u063a\u0640\u0637. &nbsp;<\/p>","protected":false},"author":1,"featured_media":0,"parent":0,"menu_order":0,"comment_status":"closed","ping_status":"closed","template":"","meta":{"inline_featured_image":false,"footnotes":""},"class_list":["post-801","page","type-page","status-publish",""],"yoast_head":"<!-- This site is optimized with the Yoast SEO plugin v27.2 - https:\/\/yoast.com\/product\/yoast-seo-wordpress\/ -->\n<title>Aides Sanitaires - ONAAPH<\/title>\n<meta name=\"robots\" content=\"index, follow, max-snippet:-1, max-image-preview:large, max-video-preview:-1\" \/>\n<link rel=\"canonical\" href=\"https:\/\/onaaph.dz\/ar_ar\/aides-sanitaires\/\" \/>\n<meta property=\"og:locale\" content=\"ar_AR\" \/>\n<meta property=\"og:type\" content=\"article\" \/>\n<meta property=\"og:title\" content=\"Aides Sanitaires - ONAAPH\" \/>\n<meta property=\"og:description\" content=\"\u00a0MATELAS ANTI-ESCARRES : Con\u00e7u pour pr\u00e9venir les escarres en alternant la pression exerc\u00e9e sur peau. Il utilise un syst\u00e8me motoris\u00e9 ajuster automatiquement zones de soutien, am\u00e9liorant circulation sanguine et r\u00e9duisant le risque d&rsquo;ulc\u00e8res pression. &nbsp;\" \/>\n<meta property=\"og:url\" content=\"https:\/\/onaaph.dz\/ar_ar\/aides-sanitaires\/\" \/>\n<meta property=\"og:site_name\" content=\"ONAAPH\" \/>\n<meta property=\"article:modified_time\" content=\"2026-03-10T09:36:06+00:00\" \/>\n<meta name=\"twitter:card\" content=\"summary_large_image\" \/>\n<script type=\"application\/ld+json\" class=\"yoast-schema-graph\">{\"@context\":\"https:\/\/schema.org\",\"@graph\":[{\"@type\":\"WebPage\",\"@id\":\"https:\/\/onaaph.dz\/aides-sanitaires\/\",\"url\":\"https:\/\/onaaph.dz\/aides-sanitaires\/\",\"name\":\"Aides Sanitaires - ONAAPH\",\"isPartOf\":{\"@id\":\"https:\/\/onaaph-staging.myndall.com\/#website\"},\"datePublished\":\"2018-11-04T12:01:49+00:00\",\"dateModified\":\"2026-03-10T09:36:06+00:00\",\"breadcrumb\":{\"@id\":\"https:\/\/onaaph.dz\/aides-sanitaires\/#breadcrumb\"},\"inLanguage\":\"ar\",\"potentialAction\":[{\"@type\":\"ReadAction\",\"target\":[\"https:\/\/onaaph.dz\/aides-sanitaires\/\"]}]},{\"@type\":\"BreadcrumbList\",\"@id\":\"https:\/\/onaaph.dz\/aides-sanitaires\/#breadcrumb\",\"itemListElement\":[{\"@type\":\"ListItem\",\"position\":1,\"name\":\"\u0627\u0644\u0631\u0626\u064a\u0633\u064a\u0629\",\"item\":\"https:\/\/onaaph.dz\/\"},{\"@type\":\"ListItem\",\"position\":2,\"name\":\"Aides Sanitaires\"}]},{\"@type\":\"WebSite\",\"@id\":\"https:\/\/onaaph-staging.myndall.com\/#website\",\"url\":\"https:\/\/onaaph-staging.myndall.com\/\",\"name\":\"ONAAPH\",\"description\":\"onaaph\",\"potentialAction\":[{\"@type\":\"SearchAction\",\"target\":{\"@type\":\"EntryPoint\",\"urlTemplate\":\"https:\/\/onaaph-staging.myndall.com\/?s={search_term_string}\"},\"query-input\":{\"@type\":\"PropertyValueSpecification\",\"valueRequired\":true,\"valueName\":\"search_term_string\"}}],\"inLanguage\":\"ar\"}]}<\/script>\n<!-- \/ Yoast SEO plugin. -->","yoast_head_json":{"title":"Aides Sanitaires - ONAAPH","robots":{"index":"index","follow":"follow","max-snippet":"max-snippet:-1","max-image-preview":"max-image-preview:large","max-video-preview":"max-video-preview:-1"},"canonical":"https:\/\/onaaph.dz\/ar_ar\/aides-sanitaires\/","og_locale":"ar_AR","og_type":"article","og_title":"Aides Sanitaires - ONAAPH","og_description":"\u00a0MATELAS ANTI-ESCARRES : Con\u00e7u pour pr\u00e9venir les escarres en alternant la pression exerc\u00e9e sur peau. Il utilise un syst\u00e8me motoris\u00e9 ajuster automatiquement zones de soutien, am\u00e9liorant circulation sanguine et r\u00e9duisant le risque d&rsquo;ulc\u00e8res pression. &nbsp;","og_url":"https:\/\/onaaph.dz\/ar_ar\/aides-sanitaires\/","og_site_name":"ONAAPH","article_modified_time":"2026-03-10T09:36:06+00:00","twitter_card":"summary_large_image","schema":{"@context":"https:\/\/schema.org","@graph":[{"@type":"WebPage","@id":"https:\/\/onaaph.dz\/aides-sanitaires\/","url":"https:\/\/onaaph.dz\/aides-sanitaires\/","name":"Aides Sanitaires - ONAAPH","isPartOf":{"@id":"https:\/\/onaaph-staging.myndall.com\/#website"},"datePublished":"2018-11-04T12:01:49+00:00","dateModified":"2026-03-10T09:36:06+00:00","breadcrumb":{"@id":"https:\/\/onaaph.dz\/aides-sanitaires\/#breadcrumb"},"inLanguage":"ar","potentialAction":[{"@type":"ReadAction","target":["https:\/\/onaaph.dz\/aides-sanitaires\/"]}]},{"@type":"BreadcrumbList","@id":"https:\/\/onaaph.dz\/aides-sanitaires\/#breadcrumb","itemListElement":[{"@type":"ListItem","position":1,"name":"\u0627\u0644\u0631\u0626\u064a\u0633\u064a\u0629","item":"https:\/\/onaaph.dz\/"},{"@type":"ListItem","position":2,"name":"Aides Sanitaires"}]},{"@type":"WebSite","@id":"https:\/\/onaaph-staging.myndall.com\/#website","url":"https:\/\/onaaph-staging.myndall.com\/","name":"ONAAPH","description":"onaaph","potentialAction":[{"@type":"SearchAction","target":{"@type":"EntryPoint","urlTemplate":"https:\/\/onaaph-staging.myndall.com\/?s={search_term_string}"},"query-input":{"@type":"PropertyValueSpecification","valueRequired":true,"valueName":"search_term_string"}}],"inLanguage":"ar"}]}},"_links":{"self":[{"href":"https:\/\/onaaph.dz\/ar_ar\/wp-json\/wp\/v2\/pages\/801","targetHints":{"allow":["GET"]}}],"collection":[{"href":"https:\/\/onaaph.dz\/ar_ar\/wp-json\/wp\/v2\/pages"}],"about":[{"href":"https:\/\/onaaph.dz\/ar_ar\/wp-json\/wp\/v2\/types\/page"}],"author":[{"embeddable":true,"href":"https:\/\/onaaph.dz\/ar_ar\/wp-json\/wp\/v2\/users\/1"}],"replies":[{"embeddable":true,"href":"https:\/\/onaaph.dz\/ar_ar\/wp-json\/wp\/v2\/comments?post=801"}],"version-history":[{"count":14,"href":"https:\/\/onaaph.dz\/ar_ar\/wp-json\/wp\/v2\/pages\/801\/revisions"}],"predecessor-version":[{"id":4490,"href":"https:\/\/onaaph.dz\/ar_ar\/wp-json\/wp\/v2\/pages\/801\/revisions\/4490"}],"wp:attachment":[{"href":"https:\/\/onaaph.dz\/ar_ar\/wp-json\/wp\/v2\/media?parent=801"}],"curies":[{"name":"wp","href":"https:\/\/api.w.org\/{rel}","templated":true}]}}