{"id":4737,"date":"2026-01-05T15:36:39","date_gmt":"2026-01-05T14:36:39","guid":{"rendered":"https:\/\/onaaph.dz\/?page_id=4737"},"modified":"2026-04-05T15:48:10","modified_gmt":"2026-04-05T14:48:10","slug":"plan-du-site","status":"publish","type":"page","link":"https:\/\/onaaph.dz\/ar_ar\/plan-du-site\/","title":{"rendered":"\u062e\u0631\u064a\u0637\u0629 \u0627\u0644\u0645\u0648\u0642\u0639"},"content":{"rendered":"<div class=\"wpb-content-wrapper\"><div class=\"vc_row wpb_row vc_row-fluid\"><div class=\"wpb_column vc_column_container vc_col-sm-12\"><div class=\"vc_column-inner\"><div class=\"wpb_wrapper\">\n\t<div class=\"wpb_text_column wpb_content_element\" >\n\t\t<div class=\"wpb_wrapper\">\n\t\t\t\n\t\t<\/div>\n\t<\/div>\n<\/div><\/div><\/div><\/div><div class=\"vc_row wpb_row vc_row-fluid\"><div class=\"wpb_column vc_column_container vc_col-sm-12\"><div class=\"vc_column-inner\"><div class=\"wpb_wrapper\">\n\t<div class=\"wpb_raw_code wpb_raw_html wpb_content_element\" >\n\t\t<div class=\"wpb_wrapper\">\n\t\t\t<div style=\"max-width:1000px; margin:0 auto; padding:30px 20px; font-family:Arial,sans-serif; color:#1f2937; line-height:1.8;\">\n  <style>\n    .plan-site {\n      background: #ffffff;\n    }\n\n    .plan-site h2 {\n      text-align: center;\n      color: #004b87;\n      font-size: 32px;\n      font-weight: 700;\n      margin-bottom: 10px;\n    }\n\n    .plan-site .intro {\n      text-align: center;\n      color: #6b7280;\n      margin-bottom: 30px;\n      font-size: 16px;\n    }\n\n    .plan-site ul {\n      list-style: none;\n      margin: 0;\n      padding-left: 0;\n    }\n\n    .plan-site > ul > li {\n      background: #f5f7fa;\n      border-left: 6px solid #004b87;\n      padding: 14px 18px;\n      margin-bottom: 16px;\n      border-radius: 10px;\n      font-weight: 700;\n      color: #004b87;\n      box-shadow: 0 2px 8px rgba(0,0,0,0.04);\n    }\n\n    .plan-site > ul > li > a {\n      color: #004b87;\n      font-weight: 700;\n      font-size: 18px;\n      text-decoration: none;\n    }\n\n    .plan-site > ul > li > a:hover {\n      color: #f29400;\n      text-decoration: underline;\n    }\n\n    .plan-site > ul > li > ul {\n      margin-top: 12px;\n      padding-left: 18px;\n    }\n\n    .plan-site > ul > li > ul > li {\n      background: #ffffff;\n      border-left: 4px solid #f29400;\n      padding: 10px 14px;\n      margin-bottom: 10px;\n      border-radius: 8px;\n      font-weight: 600;\n      color: #1f2937;\n    }\n\n    .plan-site > ul > li > ul > li > a {\n      color: #1f2937;\n      font-weight: 600;\n      text-decoration: none;\n    }\n\n    .plan-site > ul > li > ul > li > a:hover {\n      color: #f29400;\n      text-decoration: underline;\n    }\n\n    .plan-site > ul > li > ul > li > ul {\n      margin-top: 10px;\n      padding-left: 18px;\n    }\n\n    .plan-site > ul > li > ul > li > ul > li {\n      background: #fff8ef;\n      border-left: 3px solid #d1d5db;\n      padding: 8px 12px;\n      margin-bottom: 8px;\n      border-radius: 6px;\n      font-weight: 400;\n      color: #374151;\n    }\n\n    .plan-site > ul > li > ul > li > ul > li > a {\n      color: #374151;\n      font-weight: 400;\n      text-decoration: none;\n    }\n\n    .plan-site > ul > li > ul > li > ul > li > a:hover {\n      color: #f29400;\n      text-decoration: underline;\n    }\n  <\/style>\n\n  <div class=\"plan-site\">\n    <h2>\u062e\u0631\u064a\u0637\u0629 \u0627\u0644\u0645\u0648\u0642\u0639<\/h2>\n   \n    <ul>\n      <li><a href=\"https:\/\/onaaph.dz\/\">\u0627\u0644\u0635\u0641\u062d\u0629 \u0627\u0644\u0631\u0626\u064a\u0633\u064a\u0629<\/a><\/li>\n\n      <li>L\u2019ONAAPH\n        <ul>\n          <li><a href=\"https:\/\/onaaph.dz\/qui-sommes-nous\/\">\u0645\u0646 \u0646\u062d\u0646<\/a><\/li>\n          <li><a href=\"https:\/\/onaaph.dz\/nos-missions\/\">\u0645\u0647\u0627\u0645 \u0627\u0644\u062f\u064a\u0648\u0627\u0646<\/a><\/li>\n          <li><a href=\"https:\/\/onaaph.dz\/domaines-dactivites\/\">\u0645\u062c\u0627\u0644 \u0625\u062e\u062a\u0635\u0627\u0635 \u0627\u0644\u062f\u064a\u0648\u0627\u0646<\/a><\/li>\n          <li><a href=\"https:\/\/onaaph.dz\/organigramme\/\">\u0627\u0644\u0647\u064a\u0643\u0644 \u0627\u0644\u062a\u0646\u0638\u064a\u0645\u064a<\/a><\/li>\n        <\/ul>\n      <\/li>\n\n      <li><a href=\"https:\/\/onaaph.dz\/comment-beneficier-de-nos-produits\/\">\u0643\u064a\u0641 \u064a\u062a\u0645 \u0627\u0644\u0625\u0633\u062a\u0641\u0627\u062f\u0629 \u0645\u0646 \u062e\u062f\u0645\u0627\u062a\u0646\u0627 \u0648 \u0645\u0646\u062a\u062c\u0627\u062a\u0646\u0627<\/a><\/li>\n\n      <li>\u0645\u062c\u0627\u0644 \u0625\u062e\u062a\u0635\u0627\u0635\u0646\u0627\n        <ul>\n          <li>\n            <a href=\"https:\/\/onaaph.dz\/orthopedique\/\">\u0627\u0644\u0623\u0639\u0636\u0627\u0621 \u0627\u0644\u0625\u0635\u0637\u0646\u0627\u0639\u064a\u0629<\/a>\n            <ul>\n              <li><a href=\"https:\/\/onaaph.dz\/4184-2\/\">\u062f\u0644\u064a\u0644 \u0645\u0646\u062a\u062c\u0627\u062a \u0627\u0644\u0623\u0639\u0636\u0627\u0621 \u0627\u0644\u0625\u0635\u0637\u0646\u0627\u0639\u064a\u0629<\/a><\/li>\n            <\/ul>\n          <\/li>\n          <li>\n            <a href=\"https:\/\/onaaph.dz\/atm\/\">\u0627\u0644\u0645\u0633\u0627\u0639\u062f\u0627\u062a \u0627\u0644\u062a\u0642\u0646\u064a\u0629 \u0639\u0644\u0649 \u0627\u0644\u0645\u0634\u064a<\/a>\n            <ul>\n              <li><a href=\"https:\/\/onaaph.dz\/catalogue-des-aides-techniques-a-la-marche\/\">\u062f\u0644\u064a\u0644 \u0645\u0646\u062a\u062c\u0627\u062a \u0627\u0644\u0645\u0633\u0627\u0639\u062f\u0627\u062a \u0627\u0644\u062a\u0642\u0646\u064a\u0629 \u0639\u0644\u0649 \u0627\u0644\u0645\u0634\u064a<\/a><\/li>\n            <\/ul>\n          <\/li>\n          <li>\n            <a href=\"https:\/\/onaaph.dz\/aides-auditives\/\">\u0627\u0644\u0645\u0633\u0627\u0639\u062f\u0627\u062a \u0627\u0644\u062a\u0642\u0646\u064a\u0629 \u0627\u0644\u0633\u0645\u0639\u064a\u0629<\/a>\n            <ul>\n              <li><a href=\"https:\/\/onaaph.dz\/catalogue-des-aides-techniques-auditives\/\">\u062f\u0644\u064a\u0644 \u0645\u0646\u062a\u062c\u0627\u062a \u0627\u0644\u0645\u0633\u0627\u0639\u062f\u0627\u062a \u0627\u0644\u0633\u0645\u0639\u064a\u0629<\/a><\/li>\n            <\/ul>\n          <\/li>\n          <li>\n            <a href=\"https:\/\/onaaph.dz\/aides-sanitaires\/\">\u0627\u0644\u0645\u0633\u0627\u0639\u062f\u0627\u062a \u0627\u0644\u0635\u062d\u064a\u0629<\/a>\n            <ul>\n              <li><a href=\"https:\/\/onaaph.dz\/aides-sanitaires-2\/\">\u062f\u0644\u064a\u0644 \u0645\u0646\u062a\u062c\u0627\u062a \u0627\u0644\u0645\u0633\u0627\u0639\u062f\u0627\u062a \u0627\u0644\u062a\u0642\u0646\u064a\u0629 \u0627\u0644\u0635\u062d\u064a\u0629<\/a><\/li>\n            <\/ul>\n          <\/li>\n        <\/ul>\n      <\/li>\n<li><a href=\"https:\/\/onaaph.dz\/actualites\/\">\u0627\u0644\u062d\u062f\u062b<\/a><\/li>\n      <li>\u0627\u0644\u0648\u0633\u0627\u0626\u0637 \u0627\u0644\u0645\u062a\u0639\u062f\u062f\u0629\n        <ul>\n          <li><a href=\"https:\/\/onaaph.dz\/photos\/\">\u0623\u0644\u0628\u0648\u0645 \u0627\u0644\u0635\u0648\u0631<\/a><\/li>\n          <li><a href=\"https:\/\/onaaph.dz\/videos-2\/\">\u0627\u0644\u0641\u064a\u062f\u064a\u0648\u0647\u0627\u062a<\/a><\/li>\n        <\/ul>\n      <\/li>\n\n      <li>\u0625\u0635\u062f\u0627\u0631\u0627\u062a\n        <ul>\n          <li>\n            <a href=\"https:\/\/onaaph.dz\/annonces\/\">\u0627\u0639\u0644\u0627\u0646\u0627\u062a<\/a>\n            <ul>\n              <li><a href=\"https:\/\/onaaph.dz\/instruction-n01-du-26-octobre-2023-relative-aux-obligations-des-entreprises-et-professions-non-financieres-designees-en-matiere-de-lutte-contre-le-blanchissement-dargent-et-le-financ\/\">\u062a\u0639\u0644\u064a\u0645\u0629 \u0631\u0642\u0645 01 \u0627\u0644\u0645\u0624\u0631\u062e\u0629 \u0641\u064a 26 \u0623\u0643\u062a\u0648\u0628\u0631 2023<\/a><\/li>\n              <li><a href=\"https:\/\/onaaph.dz\/instruction-n03-du-05-decembre-2023-relative-aux-obligations-des-assujettis-a-legard-des-personnes-politiquement-exposees\/\">\u062a\u0639\u0644\u064a\u0645\u0629 \u0631\u0642\u0645 03\u060c \u0627\u0644\u0645\u0624\u0631\u062e\u0629 \u0641\u064a 05 \u062f\u064a\u0633\u0645\u0628\u0631 2023<\/a><\/li>\n            <\/ul>\n          <\/li>\n\n          <li>\u0645\u0646\u0627\u0642\u0635\u0627\u062a\n            <ul>\n              <li><a href=\"https:\/\/onaaph.dz\/avis-dappel-doffres\/\">\u0625\u0639\u0644\u0627\u0646 \u0639\u0646 \u0637\u0644\u0628 \u0639\u0631\u0648\u0636<\/a><\/li>\n              <li><a href=\"https:\/\/onaaph.dz\/appel-doffres\/\">\u0645\u0646\u0627\u0642\u0635\u0627\u062a<\/a><\/li>\n              <li><a href=\"https:\/\/onaaph.dz\/avis-dattribution-provisoire-dun-marche\/\">\u0625\u0639\u0644\u0627\u0646 \u0639\u0646 \u0627\u0644\u0645\u0646\u062d \u0627\u0644\u0645\u0624\u0642\u062a \u0644\u0635\u0641\u0642\u0629<\/a><\/li>\n            <\/ul>\n          <\/li>\n\n          <li><a href=\"https:\/\/onaaph.dz\/decret\/\">\u0645\u0631\u0627\u0633\u064a\u0645<\/a><\/li>\n          <li><a href=\"https:\/\/onaaph.dz\/dossier-informatif\/\">\u0648\u062b\u0627\u0626\u0642 \u0625\u0639\u0644\u0627\u0645\u064a\u0629<\/a><\/li>\n          <li><a href=\"https:\/\/onaaph.dz\/bultin\/\">Bulletin d\u2019informations<\/a><\/li>\n        <\/ul>\n      <\/li>\n\n<li>\u062e\u062f\u0645\u0627\u062a\u0646\u0627\n  <ul>\n    <li><a href=\"https:\/\/onaaph.dz\/amelouna\/\">\u0622\u0645\u0627\u0644\u0646\u0627 \u0644\u062d\u062c\u0632 \u0645\u0648\u0627\u0639\u064a\u062f \u0639\u0646 \u0628\u0639\u062f<\/a><\/li>\n  <\/ul>\n<\/li>\n\n      <li>\u0627\u062a\u0635\u0644 \u0628\u0646\u0627\n        <ul>\n          <li><a href=\"https:\/\/onaaph.dz\/cellule-decoute-2\/\">\u062e\u0644\u064a\u0629 \u0627\u0644\u0627\u062a\u0635\u0627\u0644<\/a><\/li>\n          <li><a href=\"https:\/\/onaaph.dz\/contact\/\">\u0627\u062a\u0635\u0644 \u0628\u0646\u0627<\/a><\/li>\n        <\/ul>\n      <\/li>\n    <\/ul>\n  <\/div>\n<\/div>\n\t\t<\/div>\n\t<\/div>\n<\/div><\/div><\/div><\/div>\n<\/div>","protected":false},"excerpt":{"rendered":"Plan du site Accueil L\u2019ONAAPH Qui sommes-nous Nos missions Domaines d\u2019activit\u00e9s Organigramme Comment b\u00e9n\u00e9ficier de nos produits Nos domaines d\u2019activit\u00e9 Appareillage orthop\u00e9dique Catalogue d\u2019appareillage orthop\u00e9dique Aides techniques \u00e0 la marche Catalogue des aides techniques \u00e0 la marche Aides auditives Catalogue des aides techniques auditives Aides sanitaires Catalogue aides sanitaires Actualit\u00e9s Multim\u00e9dia Photos Vid\u00e9os Publications Annonces &hellip;","protected":false},"author":1,"featured_media":0,"parent":0,"menu_order":0,"comment_status":"closed","ping_status":"closed","template":"","meta":{"inline_featured_image":false,"footnotes":""},"class_list":["post-4737","page","type-page","status-publish",""],"yoast_head":"<!-- This site is optimized with the Yoast SEO plugin v27.2 - https:\/\/yoast.com\/product\/yoast-seo-wordpress\/ -->\n<title>Plan du site - ONAAPH<\/title>\n<meta name=\"robots\" content=\"index, follow, max-snippet:-1, max-image-preview:large, max-video-preview:-1\" \/>\n<link rel=\"canonical\" href=\"https:\/\/onaaph.dz\/ar_ar\/plan-du-site\/\" \/>\n<meta property=\"og:locale\" content=\"ar_AR\" \/>\n<meta property=\"og:type\" content=\"article\" \/>\n<meta property=\"og:title\" content=\"Plan du site - ONAAPH\" \/>\n<meta property=\"og:url\" content=\"https:\/\/onaaph.dz\/ar_ar\/plan-du-site\/\" \/>\n<meta property=\"og:site_name\" content=\"ONAAPH\" \/>\n<meta property=\"article:modified_time\" content=\"2026-04-05T14:48:10+00:00\" \/>\n<meta name=\"twitter:card\" content=\"summary_large_image\" \/>\n<meta name=\"twitter:label1\" content=\"\u0648\u0642\u062a \u0627\u0644\u0642\u0631\u0627\u0621\u0629 \u0627\u0644\u0645\u064f\u0642\u062f\u0651\u0631\" \/>\n\t<meta name=\"twitter:data1\" content=\"\u062f\u0642\u064a\u0642\u0629 \u0648\u0627\u062d\u062f\u0629\" \/>\n<script type=\"application\/ld+json\" class=\"yoast-schema-graph\">{\"@context\":\"https:\/\/schema.org\",\"@graph\":[{\"@type\":\"WebPage\",\"@id\":\"https:\/\/onaaph.dz\/plan-du-site\/\",\"url\":\"https:\/\/onaaph.dz\/plan-du-site\/\",\"name\":\"Plan du site - ONAAPH\",\"isPartOf\":{\"@id\":\"https:\/\/onaaph-staging.myndall.com\/#website\"},\"datePublished\":\"2026-01-05T14:36:39+00:00\",\"dateModified\":\"2026-04-05T14:48:10+00:00\",\"breadcrumb\":{\"@id\":\"https:\/\/onaaph.dz\/plan-du-site\/#breadcrumb\"},\"inLanguage\":\"ar\",\"potentialAction\":[{\"@type\":\"ReadAction\",\"target\":[\"https:\/\/onaaph.dz\/plan-du-site\/\"]}]},{\"@type\":\"BreadcrumbList\",\"@id\":\"https:\/\/onaaph.dz\/plan-du-site\/#breadcrumb\",\"itemListElement\":[{\"@type\":\"ListItem\",\"position\":1,\"name\":\"\u0627\u0644\u0631\u0626\u064a\u0633\u064a\u0629\",\"item\":\"https:\/\/onaaph.dz\/\"},{\"@type\":\"ListItem\",\"position\":2,\"name\":\"Plan du site\"}]},{\"@type\":\"WebSite\",\"@id\":\"https:\/\/onaaph-staging.myndall.com\/#website\",\"url\":\"https:\/\/onaaph-staging.myndall.com\/\",\"name\":\"ONAAPH\",\"description\":\"onaaph\",\"potentialAction\":[{\"@type\":\"SearchAction\",\"target\":{\"@type\":\"EntryPoint\",\"urlTemplate\":\"https:\/\/onaaph-staging.myndall.com\/?s={search_term_string}\"},\"query-input\":{\"@type\":\"PropertyValueSpecification\",\"valueRequired\":true,\"valueName\":\"search_term_string\"}}],\"inLanguage\":\"ar\"}]}<\/script>\n<!-- \/ Yoast SEO plugin. -->","yoast_head_json":{"title":"Plan du site - ONAAPH","robots":{"index":"index","follow":"follow","max-snippet":"max-snippet:-1","max-image-preview":"max-image-preview:large","max-video-preview":"max-video-preview:-1"},"canonical":"https:\/\/onaaph.dz\/ar_ar\/plan-du-site\/","og_locale":"ar_AR","og_type":"article","og_title":"Plan du site - ONAAPH","og_url":"https:\/\/onaaph.dz\/ar_ar\/plan-du-site\/","og_site_name":"ONAAPH","article_modified_time":"2026-04-05T14:48:10+00:00","twitter_card":"summary_large_image","twitter_misc":{"\u0648\u0642\u062a \u0627\u0644\u0642\u0631\u0627\u0621\u0629 \u0627\u0644\u0645\u064f\u0642\u062f\u0651\u0631":"\u062f\u0642\u064a\u0642\u0629 \u0648\u0627\u062d\u062f\u0629"},"schema":{"@context":"https:\/\/schema.org","@graph":[{"@type":"WebPage","@id":"https:\/\/onaaph.dz\/plan-du-site\/","url":"https:\/\/onaaph.dz\/plan-du-site\/","name":"Plan du site - ONAAPH","isPartOf":{"@id":"https:\/\/onaaph-staging.myndall.com\/#website"},"datePublished":"2026-01-05T14:36:39+00:00","dateModified":"2026-04-05T14:48:10+00:00","breadcrumb":{"@id":"https:\/\/onaaph.dz\/plan-du-site\/#breadcrumb"},"inLanguage":"ar","potentialAction":[{"@type":"ReadAction","target":["https:\/\/onaaph.dz\/plan-du-site\/"]}]},{"@type":"BreadcrumbList","@id":"https:\/\/onaaph.dz\/plan-du-site\/#breadcrumb","itemListElement":[{"@type":"ListItem","position":1,"name":"\u0627\u0644\u0631\u0626\u064a\u0633\u064a\u0629","item":"https:\/\/onaaph.dz\/"},{"@type":"ListItem","position":2,"name":"Plan du site"}]},{"@type":"WebSite","@id":"https:\/\/onaaph-staging.myndall.com\/#website","url":"https:\/\/onaaph-staging.myndall.com\/","name":"ONAAPH","description":"onaaph","potentialAction":[{"@type":"SearchAction","target":{"@type":"EntryPoint","urlTemplate":"https:\/\/onaaph-staging.myndall.com\/?s={search_term_string}"},"query-input":{"@type":"PropertyValueSpecification","valueRequired":true,"valueName":"search_term_string"}}],"inLanguage":"ar"}]}},"_links":{"self":[{"href":"https:\/\/onaaph.dz\/ar_ar\/wp-json\/wp\/v2\/pages\/4737","targetHints":{"allow":["GET"]}}],"collection":[{"href":"https:\/\/onaaph.dz\/ar_ar\/wp-json\/wp\/v2\/pages"}],"about":[{"href":"https:\/\/onaaph.dz\/ar_ar\/wp-json\/wp\/v2\/types\/page"}],"author":[{"embeddable":true,"href":"https:\/\/onaaph.dz\/ar_ar\/wp-json\/wp\/v2\/users\/1"}],"replies":[{"embeddable":true,"href":"https:\/\/onaaph.dz\/ar_ar\/wp-json\/wp\/v2\/comments?post=4737"}],"version-history":[{"count":12,"href":"https:\/\/onaaph.dz\/ar_ar\/wp-json\/wp\/v2\/pages\/4737\/revisions"}],"predecessor-version":[{"id":4754,"href":"https:\/\/onaaph.dz\/ar_ar\/wp-json\/wp\/v2\/pages\/4737\/revisions\/4754"}],"wp:attachment":[{"href":"https:\/\/onaaph.dz\/ar_ar\/wp-json\/wp\/v2\/media?parent=4737"}],"curies":[{"name":"wp","href":"https:\/\/api.w.org\/{rel}","templated":true}]}}