{"id":1242,"date":"2018-12-19T11:25:02","date_gmt":"2018-12-19T10:25:02","guid":{"rendered":"http:\/\/edjazair.com\/mysite\/?page_id=1242"},"modified":"2026-03-25T09:36:08","modified_gmt":"2026-03-25T08:36:08","slug":"domaines-dactivites","status":"publish","type":"page","link":"https:\/\/onaaph.dz\/ar_ar\/domaines-dactivites\/","title":{"rendered":"\u0645\u062c\u0627\u0644 \u0625\u062e\u062a\u0635\u0627\u0635 \u0627\u0644\u062f\u064a\u0648\u0627\u0646"},"content":{"rendered":"<audio class=\"wp-audio-shortcode\" id=\"audio-1242-1\" preload=\"none\" style=\"width: 100%;\" controls=\"controls\"><source type=\"audio\/mpeg\" src=\"https:\/\/onaaph.dz\/wp-content\/uploads\/2026\/03\/\u0646\u0634\u0627\u0637\u0627\u062a-\u0627\u0644\u062f\u064a\u0648\u0627\u0646.mp3?_=1\" \/><a href=\"https:\/\/onaaph.dz\/wp-content\/uploads\/2026\/03\/\u0646\u0634\u0627\u0637\u0627\u062a-\u0627\u0644\u062f\u064a\u0648\u0627\u0646.mp3\">https:\/\/onaaph.dz\/wp-content\/uploads\/2026\/03\/\u0646\u0634\u0627\u0637\u0627\u062a-\u0627\u0644\u062f\u064a\u0648\u0627\u0646.mp3<\/a><\/audio>\n\n\n\u0646\u0634\u0627\u0637\u0627\u062a \u0627\u0644\u062f\u064a\u0648\u0627\u0646<\/p>\n<ul>\n<li>\u0625\u0646\u062a\u0627\u062c \u0648 \u062a\u0648\u0632\u064a\u0639 \u0627\u0644\u0623\u0639\u0636\u0627\u0621 \u0627\u0644\u0625\u0635\u0637\u0646\u0627\u0639\u064a\u0629.<\/li>\n<li>\u0625\u0646\u062a\u0627\u062c \u0648 \u062a\u0648\u0632\u064a\u0639 \u0627\u0644\u0645\u0633\u0627\u0639\u062f\u0627\u062a \u0627\u0644\u062a\u0642\u0646\u064a\u0629 \u0639\u0644\u0649 \u0627\u0644\u0645\u0634\u064a.<\/li>\n<li>\u062a\u0631\u0643\u064a\u0628 \u0648 \u062a\u0648\u0632\u064a\u0639 \u0627\u0644\u0645\u0633\u0627\u0639\u062f\u0627\u062a \u0627\u0644\u062a\u0642\u0646\u064a\u0629 \u0627\u0644\u0633\u0645\u0639\u064a\u0629.<\/li>\n<li>\u062a\u0648\u0632\u064a\u0639 \u0627\u0644\u0645\u0633\u0627\u0639\u062f\u0627\u062a \u0627\u0644\u062a\u0642\u0646\u064a\u0629 \u0627\u0644\u0635\u062d\u064a\u0629.<\/li>\n<li>\u0636\u0645\u0627\u0646 \u0627\u0644\u062e\u062f\u0645\u0629 \u0645\u0627\u0628\u0639\u062f \u0627\u0644\u0628\u064a\u0639.<\/li>\n<\/ul>","protected":false},"excerpt":{"rendered":"<p>Domaines d\u2019activit\u00e9s: nos prestations Fabrication et distribution des appareillages orthop\u00e9diques . Fabrication et distribution des aides techniques \u00e0 la marche . Montage et distribution des aides auditives . Distribution des aides sanitaires. Maintenance des appareillages et des aides techniques.<\/p>","protected":false},"author":1,"featured_media":0,"parent":0,"menu_order":0,"comment_status":"closed","ping_status":"closed","template":"","meta":{"inline_featured_image":false,"footnotes":""},"class_list":["post-1242","page","type-page","status-publish",""],"yoast_head":"<!-- This site is optimized with the Yoast SEO plugin v27.2 - https:\/\/yoast.com\/product\/yoast-seo-wordpress\/ -->\n<title>Domaines d\u2019activit\u00e9s - ONAAPH<\/title>\n<meta name=\"robots\" content=\"index, follow, max-snippet:-1, max-image-preview:large, max-video-preview:-1\" \/>\n<link rel=\"canonical\" href=\"https:\/\/onaaph.dz\/ar_ar\/domaines-dactivites\/\" \/>\n<meta property=\"og:locale\" content=\"ar_AR\" \/>\n<meta property=\"og:type\" content=\"article\" \/>\n<meta property=\"og:title\" content=\"Domaines d\u2019activit\u00e9s - ONAAPH\" \/>\n<meta property=\"og:description\" content=\"Domaines d\u2019activit\u00e9s: nos prestations Fabrication et distribution des appareillages orthop\u00e9diques . Fabrication et distribution des aides techniques \u00e0 la marche . Montage et distribution des aides auditives . Distribution des aides sanitaires. Maintenance des appareillages et des aides techniques.\" \/>\n<meta property=\"og:url\" content=\"https:\/\/onaaph.dz\/ar_ar\/domaines-dactivites\/\" \/>\n<meta property=\"og:site_name\" content=\"ONAAPH\" \/>\n<meta property=\"article:modified_time\" content=\"2026-03-25T08:36:08+00:00\" \/>\n<meta name=\"twitter:card\" content=\"summary_large_image\" \/>\n<meta name=\"twitter:label1\" content=\"\u0648\u0642\u062a \u0627\u0644\u0642\u0631\u0627\u0621\u0629 \u0627\u0644\u0645\u064f\u0642\u062f\u0651\u0631\" \/>\n\t<meta name=\"twitter:data1\" content=\"\u062f\u0642\u064a\u0642\u0629 \u0648\u0627\u062d\u062f\u0629\" \/>\n<script type=\"application\/ld+json\" class=\"yoast-schema-graph\">{\"@context\":\"https:\/\/schema.org\",\"@graph\":[{\"@type\":\"WebPage\",\"@id\":\"https:\/\/onaaph.dz\/domaines-dactivites\/\",\"url\":\"https:\/\/onaaph.dz\/domaines-dactivites\/\",\"name\":\"Domaines d\u2019activit\u00e9s - ONAAPH\",\"isPartOf\":{\"@id\":\"https:\/\/onaaph-staging.myndall.com\/#website\"},\"datePublished\":\"2018-12-19T10:25:02+00:00\",\"dateModified\":\"2026-03-25T08:36:08+00:00\",\"breadcrumb\":{\"@id\":\"https:\/\/onaaph.dz\/domaines-dactivites\/#breadcrumb\"},\"inLanguage\":\"ar\",\"potentialAction\":[{\"@type\":\"ReadAction\",\"target\":[\"https:\/\/onaaph.dz\/domaines-dactivites\/\"]}]},{\"@type\":\"BreadcrumbList\",\"@id\":\"https:\/\/onaaph.dz\/domaines-dactivites\/#breadcrumb\",\"itemListElement\":[{\"@type\":\"ListItem\",\"position\":1,\"name\":\"\u0627\u0644\u0631\u0626\u064a\u0633\u064a\u0629\",\"item\":\"https:\/\/onaaph.dz\/\"},{\"@type\":\"ListItem\",\"position\":2,\"name\":\"Domaines d\u2019activit\u00e9s\"}]},{\"@type\":\"WebSite\",\"@id\":\"https:\/\/onaaph-staging.myndall.com\/#website\",\"url\":\"https:\/\/onaaph-staging.myndall.com\/\",\"name\":\"ONAAPH\",\"description\":\"onaaph\",\"potentialAction\":[{\"@type\":\"SearchAction\",\"target\":{\"@type\":\"EntryPoint\",\"urlTemplate\":\"https:\/\/onaaph-staging.myndall.com\/?s={search_term_string}\"},\"query-input\":{\"@type\":\"PropertyValueSpecification\",\"valueRequired\":true,\"valueName\":\"search_term_string\"}}],\"inLanguage\":\"ar\"}]}<\/script>\n<!-- \/ Yoast SEO plugin. -->","yoast_head_json":{"title":"Domaines d\u2019activit\u00e9s - ONAAPH","robots":{"index":"index","follow":"follow","max-snippet":"max-snippet:-1","max-image-preview":"max-image-preview:large","max-video-preview":"max-video-preview:-1"},"canonical":"https:\/\/onaaph.dz\/ar_ar\/domaines-dactivites\/","og_locale":"ar_AR","og_type":"article","og_title":"Domaines d\u2019activit\u00e9s - ONAAPH","og_description":"Domaines d\u2019activit\u00e9s: nos prestations Fabrication et distribution des appareillages orthop\u00e9diques . Fabrication et distribution des aides techniques \u00e0 la marche . Montage et distribution des aides auditives . Distribution des aides sanitaires. Maintenance des appareillages et des aides techniques.","og_url":"https:\/\/onaaph.dz\/ar_ar\/domaines-dactivites\/","og_site_name":"ONAAPH","article_modified_time":"2026-03-25T08:36:08+00:00","twitter_card":"summary_large_image","twitter_misc":{"\u0648\u0642\u062a \u0627\u0644\u0642\u0631\u0627\u0621\u0629 \u0627\u0644\u0645\u064f\u0642\u062f\u0651\u0631":"\u062f\u0642\u064a\u0642\u0629 \u0648\u0627\u062d\u062f\u0629"},"schema":{"@context":"https:\/\/schema.org","@graph":[{"@type":"WebPage","@id":"https:\/\/onaaph.dz\/domaines-dactivites\/","url":"https:\/\/onaaph.dz\/domaines-dactivites\/","name":"Domaines d\u2019activit\u00e9s - ONAAPH","isPartOf":{"@id":"https:\/\/onaaph-staging.myndall.com\/#website"},"datePublished":"2018-12-19T10:25:02+00:00","dateModified":"2026-03-25T08:36:08+00:00","breadcrumb":{"@id":"https:\/\/onaaph.dz\/domaines-dactivites\/#breadcrumb"},"inLanguage":"ar","potentialAction":[{"@type":"ReadAction","target":["https:\/\/onaaph.dz\/domaines-dactivites\/"]}]},{"@type":"BreadcrumbList","@id":"https:\/\/onaaph.dz\/domaines-dactivites\/#breadcrumb","itemListElement":[{"@type":"ListItem","position":1,"name":"\u0627\u0644\u0631\u0626\u064a\u0633\u064a\u0629","item":"https:\/\/onaaph.dz\/"},{"@type":"ListItem","position":2,"name":"Domaines d\u2019activit\u00e9s"}]},{"@type":"WebSite","@id":"https:\/\/onaaph-staging.myndall.com\/#website","url":"https:\/\/onaaph-staging.myndall.com\/","name":"ONAAPH","description":"onaaph","potentialAction":[{"@type":"SearchAction","target":{"@type":"EntryPoint","urlTemplate":"https:\/\/onaaph-staging.myndall.com\/?s={search_term_string}"},"query-input":{"@type":"PropertyValueSpecification","valueRequired":true,"valueName":"search_term_string"}}],"inLanguage":"ar"}]}},"_links":{"self":[{"href":"https:\/\/onaaph.dz\/ar_ar\/wp-json\/wp\/v2\/pages\/1242","targetHints":{"allow":["GET"]}}],"collection":[{"href":"https:\/\/onaaph.dz\/ar_ar\/wp-json\/wp\/v2\/pages"}],"about":[{"href":"https:\/\/onaaph.dz\/ar_ar\/wp-json\/wp\/v2\/types\/page"}],"author":[{"embeddable":true,"href":"https:\/\/onaaph.dz\/ar_ar\/wp-json\/wp\/v2\/users\/1"}],"replies":[{"embeddable":true,"href":"https:\/\/onaaph.dz\/ar_ar\/wp-json\/wp\/v2\/comments?post=1242"}],"version-history":[{"count":11,"href":"https:\/\/onaaph.dz\/ar_ar\/wp-json\/wp\/v2\/pages\/1242\/revisions"}],"predecessor-version":[{"id":4538,"href":"https:\/\/onaaph.dz\/ar_ar\/wp-json\/wp\/v2\/pages\/1242\/revisions\/4538"}],"wp:attachment":[{"href":"https:\/\/onaaph.dz\/ar_ar\/wp-json\/wp\/v2\/media?parent=1242"}],"curies":[{"name":"wp","href":"https:\/\/api.w.org\/{rel}","templated":true}]}}